{"id":2642,"date":"2024-02-21T09:45:43","date_gmt":"2024-02-21T09:45:43","guid":{"rendered":"https:\/\/pedrocasiano.es\/?page_id=2642"},"modified":"2024-02-21T09:45:43","modified_gmt":"2024-02-21T09:45:43","slug":"la-camacha","status":"publish","type":"page","link":"https:\/\/pedrocasiano.es\/?page_id=2642","title":{"rendered":"La Camacha"},"content":{"rendered":"\n<div class=\"wp-block-media-text is-stacked-on-mobile is-vertically-aligned-top\"><figure class=\"wp-block-media-text__media\"><img decoding=\"async\" width=\"593\" height=\"419\" data-src=\"https:\/\/pedrocasiano.es\/wp-content\/uploads\/2024\/02\/30.jpg\" alt=\"\" class=\"wp-image-2643 size-full lazyload\" src=\"data:image\/svg+xml;base64,PHN2ZyB3aWR0aD0iMSIgaGVpZ2h0PSIxIiB4bWxucz0iaHR0cDovL3d3dy53My5vcmcvMjAwMC9zdmciPjwvc3ZnPg==\" style=\"--smush-placeholder-width: 593px; --smush-placeholder-aspect-ratio: 593\/419;\" \/><\/figure><div class=\"wp-block-media-text__content\">\n<p>He aqu\u00ed que empezamos con un personaje que a priori no merecer\u00eda estar<br>entre las mujeres cordobesas que dejaron huella, puesto que esta se<br>confes\u00f3 bruja, pero mirando el contexto en el que se produjo, no termina<br>de convencerme, y como yo no hablo de historia, sino de historias,<br>permitidme que haga este relato bas\u00e1ndome en lo que pienso de ello, no<br>en lo que est\u00e1 escrito en anales de los cuales, digamos, que desconf\u00edo.<br>Leonor Rodr\u00edguez \u201cLa Camacha\u201d, naci\u00f3 en montilla, en 1.532, y como es<br>usual aqu\u00ed en las tierras en las que moramos, arrastra el sobrenombre de<br>uno de sus ancestros, Camacho, apodo por el que eran conocidos todos<br>sus descendientes.<br>Se cas\u00f3 con Ant\u00f3n Garc\u00eda de Bonilla, al que achacan su muerte a los<br>conjuros de la Camacha, pues se volvi\u00f3 loco, dijeron que hab\u00eda hecho lo<br>mismo con su padre, volvi\u00e9ndolo demente por obtener cien ducados.<br>Visto lo visto de la \u00e9poca, por supuesto ninguna declaraci\u00f3n autentificada,<br>desapareci\u00f3 cuatro meses para ir a Granada a convivir con una mora, que<br>le ense\u00f1\u00f3, seg\u00fan lo que se rumoreaba, acerca de hierbas y de ung\u00fcentos,<br>pero no queda la cosa aqu\u00ed, sino que tambi\u00e9n comparti\u00f3 lecho con un<br>moro, para que este le ense\u00f1ara de conjuros y de artes diab\u00f3licas.<br>Por un lado unos dec\u00edan que se vanagloriaba de ser hechicera y br<br>para ello, era obra del diablo, as\u00ed que usando las t\u00e9cnicas m\u00e1s moderas en<br>sistemas de interrogatorio, le dieron un trato preferente, ante el cual creo<br>que nadie se resistir\u00eda a confesar aquello de lo que lo acusaban.<br>As\u00ed que reneg\u00f3 del diablo, se comi\u00f3 todo lo que le acusaban, afirm\u00e1ndolo<br>y fue condenada por ello; el d\u00eda de la Inmaculada de 1.572, se realiz\u00f3 un<br>acto de fe, en el cual se la conden\u00f3 a una multa, al destierro durante diez<br>a\u00f1os de Montilla, los dos primeros ten\u00eda que realizarlos en un hospital de<br>C\u00f3rdoba, adem\u00e1s de cien azotes en C\u00f3rdoba, y otros cien en Montilla.<br>Primero fue paseada por C\u00f3rdoba, en carro con sus insignias de Hechicera<br>invocadora de demonios, all\u00ed se ley\u00f3 la sentencia, abjur\u00f3 del diablo, y ante<br>el jolgorio general recibi\u00f3 los cien azotes, el mismo proceso se realiz\u00f3 en<br>Montilla.<br>Terminado el destierro volvi\u00f3 a Montilla donde pas\u00f3 su considerable<br>fortuna a su hijo, descontando por supuesto, los gastos del tiempo que<br>estuvo en las C\u00e1rceles Inquisitoriales.<br>Y ahora yo me pregunto, \u00bfes posible que el hecho de que una viuda, no<br>solo tuviera posibles, sino que adem\u00e1s los incrementara notablemente,<br>motivar\u00eda la envidia y el recelo de sus conciudadanos? \u00bfEs posible que en<br>ese proceso, hubiera hecho enemigos como es normal por tratos<br>beneficiosos para ella? \u00bfSu encarcelaci\u00f3n, no hubiera beneficiado a<br>muchos de los denunciantes?, hay que tener en cuenta que normalmente<br>se expropiaban los bienes de los condenados.<br>Y otra pregunta m\u00e1s \u00bfC\u00f3mo es que siendo una hechicera, experta en<br>conjuros, es obligada a dar sus servicios en un Hospital?<br>Quiz\u00e1s sea verdad todo lo referido en el auto de fe, pero no s\u00e9, me huele<br>mal, imaginemos por un momento que solo fuera una mujer que se<br>encuentra sola tras la muerte de su marido, y como persona inteligente,<br>comienza a hacer negocios con fortuna; la propia fortuna, supone muchas<br>veces el infortunio en la otra parte, con lo cual nace el enemigo, adem\u00e1s<br>\u00bfQui\u00e9n no conoce de plantas en un lugar tan ub\u00e9rrimo como Montilla?, ya<br>tienes todos los intereses formados, pero ten\u00eda que ser tan turbio, que<br>cuando queman a las brujas, a ella solo la destierran, la multan, y la<br>obligan a servir en un hospital.<br>No digo nada, cada uno que se haga su composici\u00f3n mental y que piense<br>lo que crea oportuno, pero solo por la duda, por ser una persona<br>inteligente, negociadora y lista, quiz\u00e1s por el hecho solo de ser mujer,<br>sucedi\u00f3 lo que he contado, quiz\u00e1s, solo eso, quiz\u00e1s.<br>Porque yo realmente, de cualquier confesi\u00f3n obtenida con tortura, pienso<br>que no es v\u00e1lida en absoluto, adem\u00e1s, si era una bruja, \u00bfC\u00f3mo no adivin\u00f3<br>que iban a prenderla?, \u00bfC\u00f3mo no escap\u00f3 volando de la c\u00e1rcel?\u2026<br>\u00a9Pedro Casiano Gonz\u00e1lez Cuevas 2.018<\/p>\n<\/div><\/div>\n","protected":false},"excerpt":{"rendered":"<p>He aqu\u00ed que empezamos con un personaje que a priori no merecer\u00eda estarentre las mujeres cordobesas que dejaron huella, puesto que esta seconfes\u00f3 bruja, pero mirando el contexto en el que se produjo, no terminade convencerme, y como yo no hablo de historia, sino de historias,permitidme que haga este relato bas\u00e1ndome en lo que pienso &hellip; <\/p>\n<p class=\"link-more\"><a href=\"https:\/\/pedrocasiano.es\/?page_id=2642\" class=\"more-link\">Leer m\u00e1s<span class=\"screen-reader-text\"> \u00abLa Camacha\u00bb<\/span><\/a><\/p>\n","protected":false},"author":1,"featured_media":0,"parent":0,"menu_order":0,"comment_status":"closed","ping_status":"closed","template":"","meta":{"inspiro_hide_title":false,"footnotes":""},"class_list":["post-2642","page","type-page","status-publish","hentry"],"featured_media_urls":[],"_links":{"self":[{"href":"https:\/\/pedrocasiano.es\/index.php?rest_route=\/wp\/v2\/pages\/2642","targetHints":{"allow":["GET"]}}],"collection":[{"href":"https:\/\/pedrocasiano.es\/index.php?rest_route=\/wp\/v2\/pages"}],"about":[{"href":"https:\/\/pedrocasiano.es\/index.php?rest_route=\/wp\/v2\/types\/page"}],"author":[{"embeddable":true,"href":"https:\/\/pedrocasiano.es\/index.php?rest_route=\/wp\/v2\/users\/1"}],"replies":[{"embeddable":true,"href":"https:\/\/pedrocasiano.es\/index.php?rest_route=%2Fwp%2Fv2%2Fcomments&post=2642"}],"version-history":[{"count":1,"href":"https:\/\/pedrocasiano.es\/index.php?rest_route=\/wp\/v2\/pages\/2642\/revisions"}],"predecessor-version":[{"id":2644,"href":"https:\/\/pedrocasiano.es\/index.php?rest_route=\/wp\/v2\/pages\/2642\/revisions\/2644"}],"wp:attachment":[{"href":"https:\/\/pedrocasiano.es\/index.php?rest_route=%2Fwp%2Fv2%2Fmedia&parent=2642"}],"curies":[{"name":"wp","href":"https:\/\/api.w.org\/{rel}","templated":true}]}}