{"id":2639,"date":"2024-02-21T09:43:24","date_gmt":"2024-02-21T09:43:24","guid":{"rendered":"https:\/\/pedrocasiano.es\/?page_id=2639"},"modified":"2024-02-21T09:43:25","modified_gmt":"2024-02-21T09:43:25","slug":"de-las-groserias-palabrotas-y-mal-hablar","status":"publish","type":"page","link":"https:\/\/pedrocasiano.es\/?page_id=2639","title":{"rendered":"De las Groser\u00edas, Palabrotas y mal Hablar"},"content":{"rendered":"\n<div class=\"wp-block-media-text is-stacked-on-mobile is-vertically-aligned-top\"><figure class=\"wp-block-media-text__media\"><img decoding=\"async\" width=\"1024\" height=\"917\" data-src=\"https:\/\/pedrocasiano.es\/wp-content\/uploads\/2024\/02\/argument-6912062_1280-1024x917.png\" alt=\"\" class=\"wp-image-2640 size-full lazyload\" src=\"data:image\/svg+xml;base64,PHN2ZyB3aWR0aD0iMSIgaGVpZ2h0PSIxIiB4bWxucz0iaHR0cDovL3d3dy53My5vcmcvMjAwMC9zdmciPjwvc3ZnPg==\" style=\"--smush-placeholder-width: 1024px; --smush-placeholder-aspect-ratio: 1024\/917;\" \/><\/figure><div class=\"wp-block-media-text__content\">\n<p>En C\u00f3rdoba muchos tenemos un problema con el vocabulario, ah\u00ed me<\/p>\n\n\n\n<p>incluyo yo, que no somos capaces de terminar una frase sin decir un taco.<\/p>\n\n\n\n<p>Mea culpa, proclamo a los cuatro vientos, \u00bfpienso cambiar?, y una m\u2026<\/p>\n\n\n\n<p>que me quedo m\u00e1s a gusto que perro que le quitan pulgas.<\/p>\n\n\n\n<p>Porque el lenguaje sin los tacos, algunas, muchas veces, falla en la<\/p>\n\n\n\n<p>indefinici\u00f3n de lo que quieres expresar si le quitas las malsonancias;<\/p>\n\n\n\n<p>pensemos por ejemplo en definir con otra palabra la expresi\u00f3n \u201cser\u00e1 hijo<\/p>\n\n\n\n<p>de la gran pu\u2026?, pensemos, \u201cindividuo de gran maldad\u201d, no me vale, \u201csu<\/p>\n\n\n\n<p>madre se vende por dinero\u201d, tampoco, no s\u00e9\u2026 pero cuando digo esa frase<\/p>\n\n\n\n<p>me quedo descansando, que tiene un poder terap\u00e9utico que solo el que<\/p>\n\n\n\n<p>utiliza la frase lo conoce.<\/p>\n\n\n\n<p>Cuando queremos que desparezca la alusi\u00f3n a los progenitores de aquel al<\/p>\n\n\n\n<p>que se va a ofender, nuestro vocabulario de calle, nos ofrece la panacea,<\/p>\n\n\n\n<p>\u201ctu madre ser\u00e1 una santa, pero t\u00fa, eres un hijo de la gran pu\u2026?, sutilezas<\/p>\n\n\n\n<p>aparte, le hemos dicho que no es gen\u00e9tica lo que lo hace ser tan<\/p>\n\n\n\n<p>despreciable, sino m\u00e9ritos propios, lo que vuelve a hacer una definici\u00f3n<\/p>\n\n\n\n<p>m\u00e1s exacta que la que se puede obtener utilizando una mayor cantidad de<\/p>\n\n\n\n<p>palabras.<\/p>\n\n\n\n<p>Hagamos desaparecer de nuestro lenguaje popular una palabra tan<\/p>\n\n\n\n<p>nuestra como es \u201ccojones\u201d, y ahora completemos las usuales frases por<\/p>\n\n\n\n<p>l\u00e9xico de nuestro inagotable lenguaje.<\/p>\n\n\n\n<p>\u201cPor mis atributos sexuales\u201d, va a ser que no, \u201cpor mis huevos\u201d, casi pero<\/p>\n\n\n\n<p>no, suena a poller\u00eda, \u00bfqu\u00e9 m\u00e1s podemos proponer?, que ahora no caigo\u2026<\/p>\n\n\n\n<p>\u201ceso porque lo digo yo\u201d\u2026 que nada, que no sale, al final me quedo con<\/p>\n\n\n\n<p>\u201cpor mis cojones\u201d, ahora si me entend\u00e9is exactamente, \u00bfo hace falta<\/p>\n\n\n\n<p>a\u00f1adir algo m\u00e1s?<\/p>\n\n\n\n<p>Otra.<\/p>\n\n\n\n<p>\u201cNo tienes valor para realizar la acci\u00f3n propuesta\u201d, no s\u00e9\u2026 \u201cte falta<\/p>\n\n\n\n<p>hombr\u00eda\u201d, de telenovela\u2026. Me sigo quedando con \u201cno hay cojones\u201d,<\/p>\n\n\n\n<p>definitiva, definitoria, no hace falta a\u00f1adir nada m\u00e1s, es redonda, queda<\/p>\n\n\n\n<p>todo claro, di\u00e1fano, despu\u00e9s de eso, el que no lo entienda\u2026 mal asunto.<\/p>\n\n\n\n<p>Otra m\u00e1s, esta num\u00e9rica.<\/p>\n\n\n\n<p>\u201cCon gran dosis de valor\u201d, si, pero de definici\u00f3n literaria, demasiado para<\/p>\n\n\n\n<p>andar por casa, \u201ccon desprecio de su vida\u201d, eso es digno de una epopeya,<\/p>\n\n\n\n<p>no de la conversaci\u00f3n en un bar, adem\u00e1s adolecen de falta de exactitud, a<\/p>\n\n\n\n<p>la vez que se quedan pobres en la definici\u00f3n del amplio espectro de<\/p>\n\n\n\n<p>situaciones en las que se puede aplicar, lo repito, me quedo con la frase<\/p>\n\n\n\n<p>\u201ccon dos cojones\u201d.<\/p>\n\n\n\n<p>En cuanto a las situaciones de odio, de desprecio visceral, hay una<\/p>\n\n\n\n<p>enormidad, el castellano es lenguaje rico en todo, de sobremanera en<\/p>\n\n\n\n<p>palabras, pero la expresi\u00f3n \u201cme cago en sus pu.. muertos\u201d, es cat\u00e1rquica,<\/p>\n\n\n\n<p>que adem\u00e1s el termino hace tambi\u00e9n referencia en ambos casos a la<\/p>\n\n\n\n<p>limpieza del organismo por medio de la defecaci\u00f3n.<\/p>\n\n\n\n<p>La frase \u201cme ha puesto de mala hostia\u201d, desgranada en s\u00ed misma, no tiene<\/p>\n\n\n\n<p>significado ninguna, la sagrada forma o es buena o no es hostia, sin<\/p>\n\n\n\n<p>embargo, define exactamente el sentir de una persona a la perfecci\u00f3n, el<\/p>\n\n\n\n<p>cambio que la aparici\u00f3n o conversaci\u00f3n de otra persona ha provocado en<\/p>\n\n\n\n<p>nuestro esp\u00edritu.<\/p>\n\n\n\n<p>Sigamos con los sin sentido, esta tambi\u00e9n es numeral y utilizando casi los<\/p>\n\n\n\n<p>mismo elementos, sus connotaciones son diametralmente diferentes, \u201cte<\/p>\n\n\n\n<p>voy a dar dos hostias\u201d, no vas a comulgar dos veces, y el que te lo dice no<\/p>\n\n\n\n<p>est\u00e1 ordenado, por lo que dif\u00edcilmente puede hacer que comulgues, \u00bfQu\u00e9<\/p>\n\n\n\n<p>significa?, volvamos al l\u00e9xico \u201cbien hablado\u201d, del castellano, \u201cte golpear\u00e9<\/p>\n\n\n\n<p>dos veces\u201d, \u201cte dar\u00e9 un par de pu\u00f1etazos\u201d, pueden valer, pero les falta<\/p>\n\n\n\n<p>algo de carne en el cocido, bien es cierto que poco tiene que ver la<\/p>\n\n\n\n<p>sagrada forma con un enorme golpe con intenciones homicidas, pero el<\/p>\n\n\n\n<p>que recibe tal frase, sabe que la cosa va en serio, que ha llegado el<\/p>\n\n\n\n<p>momento de retractarse o de enfrentarse, salvo que cambiemos el verbo<\/p>\n\n\n\n<p>\u201cte daba dos hostias\u201d, eso es totalmente diferente, hace alusi\u00f3n a que<\/p>\n\n\n\n<p>duda de tu capacidad intelectual o cognoscitiva, pues has realizado algo<\/p>\n\n\n\n<p>ineficientemente, con lo que te mereces el castigo propuesto, pero a la<\/p>\n\n\n\n<p>vez, indica que no va realizar la amenaza, aunque te afirma que las<\/p>\n\n\n\n<p>mereces.<\/p>\n\n\n\n<p>Si eliminamos gran parte de la frase, dejando solo la sagrada forma, nos<\/p>\n\n\n\n<p>encontramos con que queremos definir algo que nos sorprende de una<\/p>\n\n\n\n<p>forma exagerada, de un acontecimiento sorprendente que nos ha<\/p>\n\n\n\n<p>epatado, y que dif\u00edcilmente se puede expresar de otra forma, hablo de la<\/p>\n\n\n\n<p>expresi\u00f3n \u201cla hostia\u201d, y as\u00ed hasta el infinito.<\/p>\n\n\n\n<p>Dej\u00e9moslo aqu\u00ed, que nos estamos volviendo m\u00e1s groseros de lo necesario,<\/p>\n\n\n\n<p>\u00bfo no?, gustos para todo los hay, aqu\u00ed lo que hay es lo que hay, sino\u2026<\/p>\n\n\n\n<p>Pedro C. Gonz\u00e1lez Cuevas 2.018<\/p>\n<\/div><\/div>\n","protected":false},"excerpt":{"rendered":"<p>En C\u00f3rdoba muchos tenemos un problema con el vocabulario, ah\u00ed me incluyo yo, que no somos capaces de terminar una frase sin decir un taco. Mea culpa, proclamo a los cuatro vientos, \u00bfpienso cambiar?, y una m\u2026 que me quedo m\u00e1s a gusto que perro que le quitan pulgas. Porque el lenguaje sin los tacos, &hellip; <\/p>\n<p class=\"link-more\"><a href=\"https:\/\/pedrocasiano.es\/?page_id=2639\" class=\"more-link\">Leer m\u00e1s<span class=\"screen-reader-text\"> \u00abDe las Groser\u00edas, Palabrotas y mal Hablar\u00bb<\/span><\/a><\/p>\n","protected":false},"author":1,"featured_media":0,"parent":0,"menu_order":0,"comment_status":"closed","ping_status":"closed","template":"","meta":{"inspiro_hide_title":false,"footnotes":""},"class_list":["post-2639","page","type-page","status-publish","hentry"],"featured_media_urls":[],"_links":{"self":[{"href":"https:\/\/pedrocasiano.es\/index.php?rest_route=\/wp\/v2\/pages\/2639","targetHints":{"allow":["GET"]}}],"collection":[{"href":"https:\/\/pedrocasiano.es\/index.php?rest_route=\/wp\/v2\/pages"}],"about":[{"href":"https:\/\/pedrocasiano.es\/index.php?rest_route=\/wp\/v2\/types\/page"}],"author":[{"embeddable":true,"href":"https:\/\/pedrocasiano.es\/index.php?rest_route=\/wp\/v2\/users\/1"}],"replies":[{"embeddable":true,"href":"https:\/\/pedrocasiano.es\/index.php?rest_route=%2Fwp%2Fv2%2Fcomments&post=2639"}],"version-history":[{"count":1,"href":"https:\/\/pedrocasiano.es\/index.php?rest_route=\/wp\/v2\/pages\/2639\/revisions"}],"predecessor-version":[{"id":2641,"href":"https:\/\/pedrocasiano.es\/index.php?rest_route=\/wp\/v2\/pages\/2639\/revisions\/2641"}],"wp:attachment":[{"href":"https:\/\/pedrocasiano.es\/index.php?rest_route=%2Fwp%2Fv2%2Fmedia&parent=2639"}],"curies":[{"name":"wp","href":"https:\/\/api.w.org\/{rel}","templated":true}]}}