{"id":2636,"date":"2024-02-21T09:40:26","date_gmt":"2024-02-21T09:40:26","guid":{"rendered":"https:\/\/pedrocasiano.es\/?page_id=2636"},"modified":"2024-02-21T09:40:27","modified_gmt":"2024-02-21T09:40:27","slug":"cordoba-y-sus-tres-culturas","status":"publish","type":"page","link":"https:\/\/pedrocasiano.es\/?page_id=2636","title":{"rendered":"C\u00f3rdoba y sus Tres Culturas"},"content":{"rendered":"\n<div class=\"wp-block-media-text is-stacked-on-mobile is-vertically-aligned-top\"><figure class=\"wp-block-media-text__media\"><img decoding=\"async\" width=\"1024\" height=\"717\" data-src=\"https:\/\/pedrocasiano.es\/wp-content\/uploads\/2024\/02\/ai-generated-8029389_1280-1024x717.png\" alt=\"\" class=\"wp-image-2637 size-full lazyload\" src=\"data:image\/svg+xml;base64,PHN2ZyB3aWR0aD0iMSIgaGVpZ2h0PSIxIiB4bWxucz0iaHR0cDovL3d3dy53My5vcmcvMjAwMC9zdmciPjwvc3ZnPg==\" style=\"--smush-placeholder-width: 1024px; --smush-placeholder-aspect-ratio: 1024\/717;\" \/><\/figure><div class=\"wp-block-media-text__content\">\n<p>Harto estoy del sonsonete de la perfecta armon\u00eda de las tres culturas,<\/p>\n\n\n\n<p>\u00e1rabe, cristiana y jud\u00eda en los tiempos de la dominaci\u00f3n musulmana de la<\/p>\n\n\n\n<p>pen\u00ednsula, m\u00e1s concretamente en C\u00f3rdoba, la que fue durante mucho<\/p>\n\n\n\n<p>tiempo capital del Emirato y del Califato.<\/p>\n\n\n\n<p>Cualquiera que me medio conozca, sabe que me encanta el patrimonio de<\/p>\n\n\n\n<p>esa \u00e9poca, pero de eso a decir que era un periodo digno de reflejar en<\/p>\n\n\n\n<p>piedra con ribetes dorados, me parece que se le ha ido un poco la olla.<\/p>\n\n\n\n<p>Y hablo concretamente de cuando uno de los presidentes de nuestro<\/p>\n\n\n\n<p>excelso, inteligente, y honrado gobierno, tuvo a bien calificar de esa<\/p>\n\n\n\n<p>manera el referido per\u00edodo.<\/p>\n\n\n\n<p>Todo el mundo sabe que la labor de un pol\u00edtico es recitar las palabras<\/p>\n\n\n\n<p>escritas por un tercero que sigue las instrucciones de un cuarto, siguiendo<\/p>\n\n\n\n<p>las directrices de un quinto elemento, pero si se le puede pedir en<\/p>\n\n\n\n<p>cualquiera de los grados descritos que se informe meridianamente acerca<\/p>\n\n\n\n<p>de lo que venden, bien es cierto, que venden lo que la gente quiere<\/p>\n\n\n\n<p>comprar.<\/p>\n\n\n\n<p>Consideremos por un momento que aplicamos las mismas reglas<\/p>\n\n\n\n<p>existentes en aquel per\u00edodo y las trasladamos a la actualidad, visto que<\/p>\n\n\n\n<p>seg\u00fan este grupo de pensamiento, supuso la mejor de las realidades<\/p>\n\n\n\n<p>existentes, es decir un modelo a seguir.<\/p>\n\n\n\n<p>Veamos c\u00f3mo quedar\u00eda la realidad, viendo que nosotros los cristianos (no<\/p>\n\n\n\n<p>es cachondeo), somos ahora la cultura dominante.<\/p>\n\n\n\n<p>1:- Los cristianos seguir\u00edamos pagando los mismos impuestos, sin embargo<\/p>\n\n\n\n<p>jud\u00edos y musulmanes, pagar\u00edan el doble, y si surge la necesidad hasta<\/p>\n\n\n\n<p>cuatro veces m\u00e1s, en caso de impago este se traslada a los hijos.<\/p>\n\n\n\n<p>2.-Ningun musulm\u00e1n ni jud\u00edo podr\u00eda ir en coche ni en caballo.<\/p>\n\n\n\n<p>3.-Los jud\u00edos y musulmanes se levantar\u00e1n inmediatamente cuando entre<\/p>\n\n\n\n<p>un cristiano, sea el lugar que sea.<\/p>\n\n\n\n<p>4.- Ni jud\u00edos ni musulmanes, podr\u00e1n llevar ropas ostentosas, ni hacer<\/p>\n\n\n\n<p>profesi\u00f3n publica de su fe.<\/p>\n\n\n\n<p>5.- Ning\u00fan edificio musulm\u00e1n o jud\u00edo podr\u00e1 ser de m\u00e1s altura que el<\/p>\n\n\n\n<p>cristiano cercano, debi\u00e9ndose de derribar el exceso a costa del musulm\u00e1n<\/p>\n\n\n\n<p>o jud\u00edo que lo hubiera construido.<\/p>\n\n\n\n<p>6.- Ning\u00fan cristiano podr\u00eda servir o trabajar a las \u00f3rdenes de un musulm\u00e1n<\/p>\n\n\n\n<p>o un jud\u00edo.<\/p>\n\n\n\n<p>7.- Habr\u00eda que decidir porque lado pasan en concreto los jud\u00edos o<\/p>\n\n\n\n<p>musulmanes al cruzarnos con ellos, pues para nosotros no hay lado<\/p>\n\n\n\n<p>impuro.<\/p>\n\n\n\n<p>8.- Ultrajar o menospreciar la fe cristiana, la biblia o cualquiera de sus<\/p>\n\n\n\n<p>personajes ser\u00e1 castigado con la muerte.<\/p>\n\n\n\n<p>9.- En cualquier momento se puede decretar la guerra santa por la cual<\/p>\n\n\n\n<p>vas directo al cielo si lo que est\u00e1s haciendo es matar musulmanes o jud\u00edos,<\/p>\n\n\n\n<p>el estado (por supuesto cristiano belicista) proveer\u00e1 de los medios<\/p>\n\n\n\n<p>necesarios, y en todo caso, ayudar\u00e1 en la misma.<\/p>\n\n\n\n<p>Pues este ser\u00eda, sin entrar en profundidad, que muchos m\u00e1s preceptos<\/p>\n\n\n\n<p>ah\u00ed, algunas de las normas de obligado cumplimiento en una nueva<\/p>\n\n\n\n<p>C\u00f3rdoba de las tres culturas, s\u00e9 que a algunos se les hace la boca coca<\/p>\n\n\n\n<p>cola, pero no creo que sea posible, vivimos en un estado de derecho,<\/p>\n\n\n\n<p>d\u00e9bil, maltrecho y v\u00edctima de violaci\u00f3n continua, pero a pesar de todo no<\/p>\n\n\n\n<p>podr\u00edamos llevarlo a cabo, lo que est\u00e1 bien.<\/p>\n\n\n\n<p>Por eso cuando se habla de las tres culturas, se inventan pel\u00edculas de algo<\/p>\n\n\n\n<p>ideal, de algo a rememorar, de una situaci\u00f3n que deber\u00edamos de ensalzar<\/p>\n\n\n\n<p>y procurar que el futuro se decantara en esa direcci\u00f3n.<\/p>\n\n\n\n<p>Posiblemente en aquellos tiempos era algo diferente, donde normalmente<\/p>\n\n\n\n<p>se trataba peor a los pueblos conquistados, eso no lo discuto, \u00bfpero<\/p>\n\n\n\n<p>convertir nuestras ciudades en capitales norteafricanas, donde ser\u00edamos<\/p>\n\n\n\n<p>felices rodeados de musulmanes que tienen su propia idiosincrasia, su<\/p>\n\n\n\n<p>formas de vida, diferentes totalmente a las nuestras?, ser\u00eda como<\/p>\n\n\n\n<p>preguntar \u00bfCu\u00e1ndo te vas de C\u00f3rdoba?, pues cansados estamos de ver<\/p>\n\n\n\n<p>c\u00f3mo se prima a aquellos, que sin DNI, son receptores de todos las regal\u00edas<\/p>\n\n\n\n<p>del estado, bas\u00e1ndose en principios que a ellos no les afectan, cuando los<\/p>\n\n\n\n<p>propios, es decir nosotros, somos abandonados como si nuestra existencia<\/p>\n\n\n\n<p>fuera algo casi despreciable, pues no es de actualidad ni pol\u00edticamente<\/p>\n\n\n\n<p>correcto defender a tus propios conciudadanos.<\/p>\n\n\n\n<p>Cuando a m\u00ed me preguntan si mi pa\u00eds en un estado de derecho, dudo<\/p>\n\n\n\n<p>mucho tiempo para responder a su pregunta, al final contesto, \u201csi es un<\/p>\n\n\n\n<p>estado de derecho, aunque no defiendan los m\u00edos\u201d, en esos momentos<\/p>\n\n\n\n<p>callan ellos tambi\u00e9n, y responden \u201cperdona, hab\u00eda olvidado que eras<\/p>\n\n\n\n<p>espa\u00f1ol, lo siento\u201d.<\/p>\n\n\n\n<p>Es solo mi opini\u00f3n, sea acertada o no, es lo que pienso. Nada m\u00e1s.<\/p>\n\n\n\n<p>Pedro Casiano Gonz\u00e1lez Cuevas 2.018<\/p>\n\n\n\n<p>\u2003<br><\/p>\n<\/div><\/div>\n","protected":false},"excerpt":{"rendered":"<p>Harto estoy del sonsonete de la perfecta armon\u00eda de las tres culturas, \u00e1rabe, cristiana y jud\u00eda en los tiempos de la dominaci\u00f3n musulmana de la pen\u00ednsula, m\u00e1s concretamente en C\u00f3rdoba, la que fue durante mucho tiempo capital del Emirato y del Califato. Cualquiera que me medio conozca, sabe que me encanta el patrimonio de esa &hellip; <\/p>\n<p class=\"link-more\"><a href=\"https:\/\/pedrocasiano.es\/?page_id=2636\" class=\"more-link\">Leer m\u00e1s<span class=\"screen-reader-text\"> \u00abC\u00f3rdoba y sus Tres Culturas\u00bb<\/span><\/a><\/p>\n","protected":false},"author":1,"featured_media":0,"parent":0,"menu_order":0,"comment_status":"closed","ping_status":"closed","template":"","meta":{"inspiro_hide_title":false,"footnotes":""},"class_list":["post-2636","page","type-page","status-publish","hentry"],"featured_media_urls":[],"_links":{"self":[{"href":"https:\/\/pedrocasiano.es\/index.php?rest_route=\/wp\/v2\/pages\/2636","targetHints":{"allow":["GET"]}}],"collection":[{"href":"https:\/\/pedrocasiano.es\/index.php?rest_route=\/wp\/v2\/pages"}],"about":[{"href":"https:\/\/pedrocasiano.es\/index.php?rest_route=\/wp\/v2\/types\/page"}],"author":[{"embeddable":true,"href":"https:\/\/pedrocasiano.es\/index.php?rest_route=\/wp\/v2\/users\/1"}],"replies":[{"embeddable":true,"href":"https:\/\/pedrocasiano.es\/index.php?rest_route=%2Fwp%2Fv2%2Fcomments&post=2636"}],"version-history":[{"count":1,"href":"https:\/\/pedrocasiano.es\/index.php?rest_route=\/wp\/v2\/pages\/2636\/revisions"}],"predecessor-version":[{"id":2638,"href":"https:\/\/pedrocasiano.es\/index.php?rest_route=\/wp\/v2\/pages\/2636\/revisions\/2638"}],"wp:attachment":[{"href":"https:\/\/pedrocasiano.es\/index.php?rest_route=%2Fwp%2Fv2%2Fmedia&parent=2636"}],"curies":[{"name":"wp","href":"https:\/\/api.w.org\/{rel}","templated":true}]}}