{"id":2633,"date":"2024-02-21T09:36:23","date_gmt":"2024-02-21T09:36:23","guid":{"rendered":"https:\/\/pedrocasiano.es\/?page_id=2633"},"modified":"2024-04-20T04:56:42","modified_gmt":"2024-04-20T04:56:42","slug":"consejos-para-vivir-en-este-mundo-al-son-del-compas","status":"publish","type":"page","link":"https:\/\/pedrocasiano.es\/?page_id=2633","title":{"rendered":"Consejos para Vivir en Este Mundo al Son del Comp\u00e1s"},"content":{"rendered":"\n<figure class=\"wp-block-image alignleft is-resized\"><img decoding=\"async\" width=\"825\" height=\"510\" data-src=\"https:\/\/pedrocasiano.es\/wp-content\/uploads\/2024\/02\/29.jpg\" alt=\"\" class=\"wp-image-2634 lazyload\" style=\"--smush-placeholder-width: 825px; --smush-placeholder-aspect-ratio: 825\/510;width:593px;height:auto\" src=\"data:image\/svg+xml;base64,PHN2ZyB3aWR0aD0iMSIgaGVpZ2h0PSIxIiB4bWxucz0iaHR0cDovL3d3dy53My5vcmcvMjAwMC9zdmciPjwvc3ZnPg==\" \/><\/figure>\n\n\n\n<p><strong>CONSEJOS PARA VIVIR EN ESTE MUNDO AL SON DE COMP\u00c1S<\/strong><\/p>\n\n\n\n<p><strong>-Nunca digas lo que piensas, di lo que esperan o\u00edr.<\/strong><\/p>\n\n\n\n<p><strong>-Mu\u00e9strate humilde ante los poderosos, poderoso ante los humildes.<\/strong><\/p>\n\n\n\n<p><strong>-Ofende al pobre y ensalza al rico.<\/strong><\/p>\n\n\n\n<p><strong>-Roba lo que puedas, el problema no es hacerlo, es que te cojan.<\/strong><\/p>\n\n\n\n<p><strong>-Siempre guarda en tu memoria, y si es posible con pruebas, aquello ilegal que te hayan mandado hacer, que caiga otro contigo, te amortiguara la ca\u00edda.<\/strong><\/p>\n\n\n\n<p><strong>-Amate a ti mismo sobre todas las cosas.<\/strong><\/p>\n\n\n\n<p><strong>-El dinero debe de ser tu Dios, no existe el diablo, y si existe, lo podr\u00e1s pagar si lo tienes.<\/strong><\/p>\n\n\n\n<p><strong>-Los hijos, la familia, son necesarios para seguir en la cola de la corriente, pero que nunca sean un impedimento para conseguir lo que realmente quieras.<\/strong><\/p>\n\n\n\n<p><strong>-No desaproveches ninguna oportunidad para hacerte con lo que no es tuyo, aprov\u00e9chate de los d\u00e9biles y de los ignorantes.<\/strong><\/p>\n\n\n\n<p><strong>-Nunca muestres qui\u00e9n eres en realidad, s\u00e9 solamente la efigie de alguien que en la superficie sea digno de ser ensalzado.<\/strong><\/p>\n\n\n\n<p><strong>-Que sea tu propia satisfacci\u00f3n la que te guie, no tengas nunca remordimientos, lo que te lleves es lo importante.<\/strong><\/p>\n\n\n\n<p><strong>-Las personas son de usar y tirar.<\/strong><\/p>\n\n\n\n<p><strong>-El sexo se realiza para tu propia satisfacci\u00f3n, la fidelidad es el recurso de los idiotas.<\/strong><\/p>\n\n\n\n<p><strong>-Nunca respetes los sentimientos de los dem\u00e1s, haz como si lo hicieras, pero en realidad sigue tu camino sin importar lo que dejes atr\u00e1s.<\/strong><\/p>\n\n\n\n<p><strong>-Un segundo malo tuyo, no vale lo que una hecatombe.<\/strong><\/p>\n\n\n\n<p><strong>-R\u00edete de los dem\u00e1s en tu interior, pon cara de comprenderlos, aprender\u00e1s a olvidarlos en un segundo, es cuesti\u00f3n de pr\u00e1ctica.<\/strong><\/p>\n\n\n\n<p><strong>-Haz lo que te complazca, solo hazlo de tal forma que nadie lo sepa.<\/strong><\/p>\n\n\n\n<p><strong>-Se un ego\u00edsta completo, no es dif\u00edcil, todos venimos programados para ello.<\/strong><\/p>\n\n\n\n<p><strong>-Nunca tienes el suficiente dinero.<\/strong><\/p>\n\n\n\n<p><strong>-Nunca trabajes, haz que los dem\u00e1s lo hagan por ti.<\/strong><\/p>\n\n\n\n<p><strong>-La piedad es algo de d\u00e9biles y de gente sin car\u00e1cter.<\/strong><\/p>\n\n\n\n<p><strong>-Ayudar a los dem\u00e1s es una p\u00e9rdida de recursos y tiempo.<\/strong><\/p>\n\n\n\n<p><strong>-En todo caso, si te ves impelido a hacerlo, que sea delante del mayor grupo de personas, no es caridad, que sea una inversi\u00f3n.<\/strong><\/p>\n\n\n\n<p><strong>-Cuanto m\u00e1s enga\u00f1es a la gente, pero sonriendo, m\u00e1s gente vendr\u00e1 a ser enga\u00f1ada.<\/strong><\/p>\n\n\n\n<p><strong>-Nunca robes un poco, es f\u00e1cil que te pillen, si tienes que robar que sea tan grande la cantidad que nadie lo pueda imaginar.<\/strong><\/p>\n\n\n\n<p><strong>-Que sepas que, si alguien no roba, es porque no puede.<\/strong><\/p>\n\n\n\n<p><strong>-Si alguien te pide algo, hazlo solo si lo obtenido a cambio merece la pena, es una transacci\u00f3n, no lo olvides, no se invierte en un cad\u00e1ver.<\/strong><\/p>\n\n\n\n<p><strong>-Hazte merecedor de la definici\u00f3n de Psic\u00f3pata, casi todos lo que han llegado a ser alguien, lo son.<\/strong><\/p>\n\n\n\n<p><strong>-Nunca hagas nada por derecho, usa a los dem\u00e1s para hacerlo, y nunca de cara, siempre por las espaldas, as\u00ed podr\u00e1s negarlo.<\/strong><\/p>\n\n\n\n<p><strong>-Aprende a mentir, la verdad nunca trajo nada bueno.<\/strong><\/p>\n\n\n\n<p><strong>-Pisotea a los d\u00e9biles, socava a los poderosos, y siempre maquina como conseguir lo que quieres sin importarte nada ni nadie.<\/strong><\/p>\n\n\n\n<p><strong>-Usa a las personas, si lo permiten, no valen nada.<\/strong><\/p>\n","protected":false},"excerpt":{"rendered":"<p>CONSEJOS PARA VIVIR EN ESTE MUNDO AL SON DE COMP\u00c1S -Nunca digas lo que piensas, di lo que esperan o\u00edr. -Mu\u00e9strate humilde ante los poderosos, poderoso ante los humildes. -Ofende al pobre y ensalza al rico. -Roba lo que puedas, el problema no es hacerlo, es que te cojan. -Siempre guarda en tu memoria, y &hellip; <\/p>\n<p class=\"link-more\"><a href=\"https:\/\/pedrocasiano.es\/?page_id=2633\" class=\"more-link\">Leer m\u00e1s<span class=\"screen-reader-text\"> \u00abConsejos para Vivir en Este Mundo al Son del Comp\u00e1s\u00bb<\/span><\/a><\/p>\n","protected":false},"author":1,"featured_media":0,"parent":0,"menu_order":0,"comment_status":"closed","ping_status":"closed","template":"","meta":{"inspiro_hide_title":false,"footnotes":""},"class_list":["post-2633","page","type-page","status-publish","hentry"],"featured_media_urls":[],"_links":{"self":[{"href":"https:\/\/pedrocasiano.es\/index.php?rest_route=\/wp\/v2\/pages\/2633","targetHints":{"allow":["GET"]}}],"collection":[{"href":"https:\/\/pedrocasiano.es\/index.php?rest_route=\/wp\/v2\/pages"}],"about":[{"href":"https:\/\/pedrocasiano.es\/index.php?rest_route=\/wp\/v2\/types\/page"}],"author":[{"embeddable":true,"href":"https:\/\/pedrocasiano.es\/index.php?rest_route=\/wp\/v2\/users\/1"}],"replies":[{"embeddable":true,"href":"https:\/\/pedrocasiano.es\/index.php?rest_route=%2Fwp%2Fv2%2Fcomments&post=2633"}],"version-history":[{"count":2,"href":"https:\/\/pedrocasiano.es\/index.php?rest_route=\/wp\/v2\/pages\/2633\/revisions"}],"predecessor-version":[{"id":6979,"href":"https:\/\/pedrocasiano.es\/index.php?rest_route=\/wp\/v2\/pages\/2633\/revisions\/6979"}],"wp:attachment":[{"href":"https:\/\/pedrocasiano.es\/index.php?rest_route=%2Fwp%2Fv2%2Fmedia&parent=2633"}],"curies":[{"name":"wp","href":"https:\/\/api.w.org\/{rel}","templated":true}]}}