{"id":2630,"date":"2024-02-21T09:34:22","date_gmt":"2024-02-21T09:34:22","guid":{"rendered":"https:\/\/pedrocasiano.es\/?page_id=2630"},"modified":"2024-02-21T09:34:23","modified_gmt":"2024-02-21T09:34:23","slug":"manifiesto-de-un-pobrecito-espanol-mientras-aun-lo-sea","status":"publish","type":"page","link":"https:\/\/pedrocasiano.es\/?page_id=2630","title":{"rendered":"Manifiesto de un Pobrecito Espa\u00f1ol (Mientras a\u00fan lo Sea)"},"content":{"rendered":"\n<div class=\"wp-block-media-text is-stacked-on-mobile is-vertically-aligned-top\"><figure class=\"wp-block-media-text__media\"><img decoding=\"async\" width=\"615\" height=\"393\" data-src=\"https:\/\/pedrocasiano.es\/wp-content\/uploads\/2024\/02\/28.jpg\" alt=\"\" class=\"wp-image-2631 size-full lazyload\" src=\"data:image\/svg+xml;base64,PHN2ZyB3aWR0aD0iMSIgaGVpZ2h0PSIxIiB4bWxucz0iaHR0cDovL3d3dy53My5vcmcvMjAwMC9zdmciPjwvc3ZnPg==\" style=\"--smush-placeholder-width: 615px; --smush-placeholder-aspect-ratio: 615\/393;\" \/><\/figure><div class=\"wp-block-media-text__content\">\n<p>S\u00edrvanse de mi experiencia, que m\u00e1s conoce el diablo por viejo que por diablo. Por ello, me atrevo a enumerar una serie de recomendaciones, que lejos de cualquier estricta moralidad, son solo afirmaciones de alguien, que cree, en su ignorancia, conocer las consecuencias de no seguirlas.<\/p>\n\n\n\n<p>N\u00famero Uno. \u2013 Procura morirte antes de la edad de jubilaci\u00f3n, no pretendas vivir de cualquier modo, por el simple hecho de seguir respirando. Cr\u00e9eme, cuando te la den, solo languidecer\u00e1s, comido por las enfermedades y las miserias de un sueldo, que cada vez da para menos, pues hasta tu n\u00famero de la seguridad social es un chiste.<\/p>\n\n\n\n<p>Numero Dos.- Si has de morirte, que sea de una enfermedad repentina, pues el simple hecho, de tener que depender del sistema sanitario, en el que llaman estado del bienestar, (bonito sarcasmo), te har\u00e1 padecer f\u00edsicamente, pero lo que es peor, su desatenci\u00f3n, falta de moralidad y desprecio, te har\u00e1 saber lo que eres, solo un estorbo que consume dinero que puede servir para que ellos puedan aumentar sus salarios y dispendios, esto te llevar\u00e1 a una severa depresi\u00f3n, en la que desearas la muerte, cosa que no permitir\u00e1n, pues un funcionario o asimilado se traga cualquier cosa, menos la responsabilidad.<\/p>\n\n\n\n<p>N\u00famero Tres.- P\u00eddele a cualquier ser que creas que trasciende, que no causes baja por enfermedad com\u00fan, no me vale que sea del desgaste continuado por doblar el lomo, del c\u00e1ncer por trabajar por productos qu\u00edmicos, de estr\u00e9s continuado, de cualquier situaci\u00f3n que no est\u00e9 taxativamente definida en lo que ellos llaman supuestos incluidos, si a pesar de ello, te incluyen, te trataran como si fueras basura, un simple simulador, que lo \u00fanico que quiere, es robarles el dinero a aquellos, que lo necesitan continuamente para mantener su alto nivel de vida.<\/p>\n\n\n\n<p>N\u00famero Cuatro.-Por supuesto, nunca se te ocurra caer en la trampa de los aut\u00f3nomos, la esquina de la porqueriza en la que te colocar\u00e1n, donde te pedir\u00e1n, con mano de hierro, cantidades desorbitadas, por el simple hecho de querer crear riqueza, solo trabajar\u00e1s como un animal del campo con un amo desalmado, para verte destrozado y sin nada que llevarte a la boca, viendo como tu familia languidece, pues es bien sabido que el aut\u00f3nomo no se jubila, arde en el candelero hasta que se apaga su llama, pues le han robado todo el aceite, y ya nada tiene que ofrecer, eso con suerte.<\/p>\n\n\n\n<p>N\u00famero Cinco. Enfermedad profesional, c\u00e1ete de un andamio, revienta con un coche, pero p\u00eddele a Dios que no te repongas nunca, pues despu\u00e9s del tiempo que graciosamente te den, que siempre es el m\u00ednimo, volver\u00e1s a un mercado laboral, m\u00e1s viejo, con los contactos perdidos, y por supuesto sin el trabajo por el cual te dejaste medio cuerpo. Eso s\u00ed, te queda el paro, el b\u00e1lsamo de todos los problemas\u2026 supongo.<\/p>\n\n\n\n<p>N\u00famero Seis. \u2013 Prepara la boca con elixir bucal si en cualquier momento pretendes discutir o poner en duda la sagrada palabra de la administraci\u00f3n, cualquier s\u00e1trapa subido, con \u00ednfulas de corregidor inquisitorio, propondr\u00e1 tal sarta de fundamentos, liados unos con otros como el sarmiento, por la cual, t\u00fa, ne\u00f3fito en ese erial, contratar\u00e1s a un abogado, que pleitear\u00e1, si es bueno, o no, pero que siempre te va a costar dinero, o quiz\u00e1s, no tengas dinero, pues te los has comido en el per\u00edodo en el que te han dejado desamparado, entonces, date por muerto. Conocedores de las necesidades humanas, dilatar\u00e1n los per\u00edodos, hasta que desistas, o simplemente te cuelgues de una viga, situaci\u00f3n que por supuesto, ellos, \u00e1ngeles administrativos, no pueden ser responsables de ninguna de las maneras.<\/p>\n\n\n\n<p>N\u00famero Siete. \u2013 Cuando las leyes no son justas, nuestro deber es desobedecerlas, as\u00ed de claro, as\u00ed de n\u00edtido se propone en cualquier caso de justicia y equidad, salvo que te halles en una dictadura, que posiblemente sea el caso.<\/p>\n\n\n\n<p>Por ello, \u00bfpara qu\u00e9 leche pagas impuestos?, \u00bfpara el mantenimiento de un estado que los dispendia como si no le costara trabajo conseguirlos?, \u00bfqu\u00e9 control tienes sobre tu dinero que se guardan celosamente, y por supuesto escabullen como taimados tah\u00fares?<\/p>\n\n\n\n<p>\u00bfQu\u00e9 yo pague todo, para que ellos se enriquezcan sin dar un palo al agua, o lo tiren en estupideces?, me niego, con el derecho que me da, el rebelarme contra aquel que debe de administrar lo que se le conf\u00eda y lo usa en beneficio propio.<\/p>\n\n\n\n<p>Pues seamos serios, el que usa dinero que no es suyo, en propio beneficio, es un ladr\u00f3n, y el que lo dispendia, debe de responder por el valor de lo perdido, as\u00ed de claro, lo dem\u00e1s mentira, malditos sean.<\/p>\n\n\n\n<p>N\u00famero Ocho. \u2013 \u00bfQu\u00e9 principio moral se arroga a la administraci\u00f3n, m\u00e1s concretamente al Ministerio de Hacienda a procesar o perseguir, en todo caso, a los que hacen lo mismo que ellos?, los llamados defraudadores, de ladr\u00f3n a ladr\u00f3n, \u00bfqui\u00e9n persigue a qui\u00e9n?, el estigma es del defraudador, pues haciendo los dos lo mismo, solo se castiga a este \u00faltimo.<\/p>\n\n\n\n<p>Lo que, si es cierto, es que el defraudador tiene una ventaja, sabe exactamente d\u00f3nde va el dinero que ha defraudado, que adem\u00e1s lo ha ganado \u00e9l, y que no cree que se deba de utilizar para beneficio de terceros de la forma m\u00e1s opaca y descarada; pues si fuera bien utilizado, ser\u00eda de justicia aplicar con el m\u00e1ximo rigor las condenas, que no una ley manipulada, antigua y opaca.<\/p>\n\n\n\n<p>N\u00famero Nueve. \u2013 Sin darnos cuenta, obligados ciertamente, hemos firmado un contrato social, por el que nos hemos comprometido a pagar parte de nuestros ingresos para el bien com\u00fan, y otra parte para que nos la guarden, administren y cuiden, con la promesa de que, en caso de necesidad, o por que estemos mayores, seamos protegidos.<\/p>\n\n\n\n<p>Ni bien com\u00fan, ni realidad social, ni tan siquiera la verdad de que no funciona, de que todo est\u00e1 en manos de gente sin escr\u00fapulos, que aquel que los tiene, es la excepci\u00f3n que confirma la regla.<\/p>\n\n\n\n<p>N\u00famero Diez. \u2013 Que nunca te digan que hemos avanzado enormemente en todos los aspectos, cuanto m\u00e1s complicado es enga\u00f1ar, m\u00e1s aprende el mentiroso, y esta regla se cumple, maximizada en la administraci\u00f3n. El control de ella es una risa, \u00f3rganos independientes, un mito, verdad, una quimera, trampa tras trampa para enga\u00f1ar a los atocinados ciudadanos de Espa\u00f1a, que como borregos lo \u00fanico que pensamos es \u201cMadrecita, madrecita, que me quede como estaba\u201d, y as\u00ed nos luce el pelo.<\/p>\n\n\n\n<p>Podr\u00eda estar escribiendo miles de puntos, pero me cansa el saber que nada cambiar\u00e1, pues soy espa\u00f1ol, y conozco a mi gente, pero solo me queda aportar algo.<\/p>\n\n\n\n<p>En mi casa, cuando algo que considero importante falla, lo intento arreglar una y mil veces, hasta que cansado de esperar lo que s\u00e9 que no va a pasar, me obliga a sustituirlo, y por ser necesario, de la forma que sea, incluyendo la destrucci\u00f3n m\u00e1s absoluta, para cambiar lo que me ha impedido hacer uso de algo necesario y que solo se ha convertido en una sacadera de dinero, olvidada ya su primitiva funci\u00f3n.<\/p>\n\n\n\n<p>La Administraci\u00f3n, por lo menos la nuestra, es como un veh\u00edculo que gasta mas de cien litros a los cien kil\u00f3metros y que cada cien metros necesita reparaciones, arreglos y composturas, \u00bfmerece la pena estar montados en \u00e9l solo porque tienes miedo a ir andando, cuando sabes que te est\u00e1 costando mil veces lo que vale?<\/p>\n\n\n\n<p>T\u00fa mismo.<\/p>\n\n\n\n<p>Verumtamen cum unum et sibi ipsi monstrum creatum devorandum erit Leviathan novissima inciperet.<\/p>\n\n\n\n<p>(Y cuando los hombres unidos solo miren por s\u00ed mismos, el monstruo que han creado, los devorar\u00e1, ser\u00e1 el Leviathan, y comenzar\u00e1 el fin de los tiempos.)<\/p>\n\n\n\n<p>Pedro Casiano Gonz\u00e1lez Cuevas 2.019.<\/p>\n<\/div><\/div>\n","protected":false},"excerpt":{"rendered":"<p>S\u00edrvanse de mi experiencia, que m\u00e1s conoce el diablo por viejo que por diablo. Por ello, me atrevo a enumerar una serie de recomendaciones, que lejos de cualquier estricta moralidad, son solo afirmaciones de alguien, que cree, en su ignorancia, conocer las consecuencias de no seguirlas. N\u00famero Uno. \u2013 Procura morirte antes de la edad &hellip; <\/p>\n<p class=\"link-more\"><a href=\"https:\/\/pedrocasiano.es\/?page_id=2630\" class=\"more-link\">Leer m\u00e1s<span class=\"screen-reader-text\"> \u00abManifiesto de un Pobrecito Espa\u00f1ol (Mientras a\u00fan lo Sea)\u00bb<\/span><\/a><\/p>\n","protected":false},"author":1,"featured_media":0,"parent":0,"menu_order":0,"comment_status":"closed","ping_status":"closed","template":"","meta":{"inspiro_hide_title":false,"footnotes":""},"class_list":["post-2630","page","type-page","status-publish","hentry"],"featured_media_urls":[],"_links":{"self":[{"href":"https:\/\/pedrocasiano.es\/index.php?rest_route=\/wp\/v2\/pages\/2630","targetHints":{"allow":["GET"]}}],"collection":[{"href":"https:\/\/pedrocasiano.es\/index.php?rest_route=\/wp\/v2\/pages"}],"about":[{"href":"https:\/\/pedrocasiano.es\/index.php?rest_route=\/wp\/v2\/types\/page"}],"author":[{"embeddable":true,"href":"https:\/\/pedrocasiano.es\/index.php?rest_route=\/wp\/v2\/users\/1"}],"replies":[{"embeddable":true,"href":"https:\/\/pedrocasiano.es\/index.php?rest_route=%2Fwp%2Fv2%2Fcomments&post=2630"}],"version-history":[{"count":1,"href":"https:\/\/pedrocasiano.es\/index.php?rest_route=\/wp\/v2\/pages\/2630\/revisions"}],"predecessor-version":[{"id":2632,"href":"https:\/\/pedrocasiano.es\/index.php?rest_route=\/wp\/v2\/pages\/2630\/revisions\/2632"}],"wp:attachment":[{"href":"https:\/\/pedrocasiano.es\/index.php?rest_route=%2Fwp%2Fv2%2Fmedia&parent=2630"}],"curies":[{"name":"wp","href":"https:\/\/api.w.org\/{rel}","templated":true}]}}