{"id":2627,"date":"2024-02-21T09:31:13","date_gmt":"2024-02-21T09:31:13","guid":{"rendered":"https:\/\/pedrocasiano.es\/?page_id=2627"},"modified":"2024-02-21T09:31:13","modified_gmt":"2024-02-21T09:31:13","slug":"mi-viejo-amigo","status":"publish","type":"page","link":"https:\/\/pedrocasiano.es\/?page_id=2627","title":{"rendered":"Mi Viejo Amigo"},"content":{"rendered":"\n<div class=\"wp-block-media-text is-stacked-on-mobile is-vertically-aligned-top\"><figure class=\"wp-block-media-text__media\"><img decoding=\"async\" width=\"560\" height=\"346\" data-src=\"https:\/\/pedrocasiano.es\/wp-content\/uploads\/2024\/02\/27.jpg\" alt=\"\" class=\"wp-image-2628 size-full lazyload\" src=\"data:image\/svg+xml;base64,PHN2ZyB3aWR0aD0iMSIgaGVpZ2h0PSIxIiB4bWxucz0iaHR0cDovL3d3dy53My5vcmcvMjAwMC9zdmciPjwvc3ZnPg==\" style=\"--smush-placeholder-width: 560px; --smush-placeholder-aspect-ratio: 560\/346;\" \/><\/figure><div class=\"wp-block-media-text__content\">\n<p>Mir\u00f3 a su viejo amigo, como si fuera la primera vez que lo viera, paso su mano por las estropeadas, ajadas, anticuadas l\u00edneas, y se march\u00f3 a otros lugares, a otros tiempos, cuando altivo e imponente fue su ilusi\u00f3n, su inalcanzable meta.<\/p>\n\n\n\n<p>Y record\u00f3, las veces que lejos del camino tom\u00f3 un largo recorrido por verlo tras el cristal, por ver detr\u00e1s de \u00e9l sus brillos, de las preguntas, de los n\u00fameros que hizo, y se sinti\u00f3 como cuando sin dinero, sin futuro, aquello fuera lo mejor que pod\u00eda pasarle nunca.<\/p>\n\n\n\n<p>Y lo que parec\u00eda imposible, ocurri\u00f3, un golpe de suerte quiz\u00e1s, una locura, seguro, pero al final aquel hermoso animal met\u00e1lico era suyo.<\/p>\n\n\n\n<p>Del orgullo, del amor, de la pasi\u00f3n, de los sitios recorridos, de la ventanilla abierta a la primavera, de los paseos de pasi\u00f3n, de los asientos traseros, de los recuerdos del amor pasado, casi siempre perdido.<\/p>\n\n\n\n<p>Las sinuosas curvas, las rectas interminables, la libertad alcanzada, los kil\u00f3metros sin sentido, del tiempo pasado que no perdido, de su inseparable amigo.<\/p>\n\n\n\n<p>De las mil locuras, de los pasados momentos, de la vida vivida, y ahora, para siempre perdida, volvi\u00f3 a tocar sus l\u00edneas, y vio, que no quiso ver, sus abolladuras, hoy el corcel, las riendas ca\u00eddas, como su pintura.<\/p>\n\n\n\n<p>Pas\u00f3 la mano sobre esa misma pintura y sinti\u00f3 que dentro lloraba, o\u00eda un quejido, era el alma que se iba, nadie sabe d\u00f3nde, y con \u00e9l se marchaban sus a\u00f1os vividos.<\/p>\n\n\n\n<p>Vio como lo llevaban, sinti\u00f3 la alegr\u00eda de lo nuevo, de lo bello, de lo moderno, de algo con m\u00e1s br\u00edo, pero se pregunt\u00f3 dentro, si nadie, como \u00e9l hab\u00eda sentido, ahora que se iba, el primer coche que hab\u00eda tenido.<\/p>\n\n\n\n<p>Pedro Casiano Gonz\u00e1lez Cuevas 2.018<\/p>\n<\/div><\/div>\n","protected":false},"excerpt":{"rendered":"<p>Mir\u00f3 a su viejo amigo, como si fuera la primera vez que lo viera, paso su mano por las estropeadas, ajadas, anticuadas l\u00edneas, y se march\u00f3 a otros lugares, a otros tiempos, cuando altivo e imponente fue su ilusi\u00f3n, su inalcanzable meta. Y record\u00f3, las veces que lejos del camino tom\u00f3 un largo recorrido por &hellip; <\/p>\n<p class=\"link-more\"><a href=\"https:\/\/pedrocasiano.es\/?page_id=2627\" class=\"more-link\">Leer m\u00e1s<span class=\"screen-reader-text\"> \u00abMi Viejo Amigo\u00bb<\/span><\/a><\/p>\n","protected":false},"author":1,"featured_media":0,"parent":0,"menu_order":0,"comment_status":"closed","ping_status":"closed","template":"","meta":{"inspiro_hide_title":false,"footnotes":""},"class_list":["post-2627","page","type-page","status-publish","hentry"],"featured_media_urls":[],"_links":{"self":[{"href":"https:\/\/pedrocasiano.es\/index.php?rest_route=\/wp\/v2\/pages\/2627","targetHints":{"allow":["GET"]}}],"collection":[{"href":"https:\/\/pedrocasiano.es\/index.php?rest_route=\/wp\/v2\/pages"}],"about":[{"href":"https:\/\/pedrocasiano.es\/index.php?rest_route=\/wp\/v2\/types\/page"}],"author":[{"embeddable":true,"href":"https:\/\/pedrocasiano.es\/index.php?rest_route=\/wp\/v2\/users\/1"}],"replies":[{"embeddable":true,"href":"https:\/\/pedrocasiano.es\/index.php?rest_route=%2Fwp%2Fv2%2Fcomments&post=2627"}],"version-history":[{"count":1,"href":"https:\/\/pedrocasiano.es\/index.php?rest_route=\/wp\/v2\/pages\/2627\/revisions"}],"predecessor-version":[{"id":2629,"href":"https:\/\/pedrocasiano.es\/index.php?rest_route=\/wp\/v2\/pages\/2627\/revisions\/2629"}],"wp:attachment":[{"href":"https:\/\/pedrocasiano.es\/index.php?rest_route=%2Fwp%2Fv2%2Fmedia&parent=2627"}],"curies":[{"name":"wp","href":"https:\/\/api.w.org\/{rel}","templated":true}]}}