{"id":2621,"date":"2024-02-21T09:26:44","date_gmt":"2024-02-21T09:26:44","guid":{"rendered":"https:\/\/pedrocasiano.es\/?page_id=2621"},"modified":"2024-02-21T09:26:45","modified_gmt":"2024-02-21T09:26:45","slug":"hoy-ha-muerto-mi-perro","status":"publish","type":"page","link":"https:\/\/pedrocasiano.es\/?page_id=2621","title":{"rendered":"Hoy ha Muerto mi Perro."},"content":{"rendered":"\n<div class=\"wp-block-media-text is-stacked-on-mobile is-vertically-aligned-top\"><figure class=\"wp-block-media-text__media\"><img decoding=\"async\" width=\"477\" height=\"380\" data-src=\"https:\/\/pedrocasiano.es\/wp-content\/uploads\/2024\/02\/25.jpg\" alt=\"\" class=\"wp-image-2622 size-full lazyload\" src=\"data:image\/svg+xml;base64,PHN2ZyB3aWR0aD0iMSIgaGVpZ2h0PSIxIiB4bWxucz0iaHR0cDovL3d3dy53My5vcmcvMjAwMC9zdmciPjwvc3ZnPg==\" style=\"--smush-placeholder-width: 477px; --smush-placeholder-aspect-ratio: 477\/380;\" \/><\/figure><div class=\"wp-block-media-text__content\">\n<p>Hoy ha muerto mi perro.<\/p>\n\n\n\n<p>Apenas nada, solo un animal, sin conocimiento, desde\u00f1able ante la humanidad de cualquier persona.<\/p>\n\n\n\n<p>Pero, me he despedido de \u00e9l, como se hace con un compa\u00f1ero, como se hace con un camarada, y me ha mirado con sus ojos ya l\u00e1nguidos, por el sopor de la qu\u00edmica.<\/p>\n\n\n\n<p>Y mi alma ha muerto con \u00e9l un poco, me siento m\u00e1s solo, m\u00e1s triste, y yo, con el coraz\u00f3n duro como la piedra, he derramado dos l\u00e1grimas que no sab\u00eda que ten\u00eda.<\/p>\n\n\n\n<p>Soy duro, pero un compa\u00f1ero, es un compa\u00f1ero. Durante a\u00f1os, me ha servido, nos ha servido a mi familia y a m\u00ed, ahora\u2026 simplemente, no est\u00e1\u2026 y es solo un animal.<\/p>\n\n\n\n<p>\u00bfO no?, no s\u00e9 qu\u00e9 clase de cielo tienen los perros, pero si existe, all\u00ed estar\u00e1, bravo y luchador como siempre, con sus orejas erguidas como si de una estatua viviente, bella estatua, fuera.<\/p>\n\n\n\n<p>No era simp\u00e1tico, como yo, ni tan siquiera agradable, pero era un car\u00e1cter, no fallaba, siempre estaba ah\u00ed. Cuando escrib\u00eda, se colocaba a mi lado, me miraba, y supongo, que lo que ve\u00eda, no terminaba de gustarle, simplemente se marchaba a cuidar de otra persona de la familia.<\/p>\n\n\n\n<p>La banda sonora de mi casa se ha ido, ahora est\u00e1 el silencio, ya no oir\u00e9 los ladridos del enorme pastor alem\u00e1n de m\u00e1s de cincuenta kilos de nervio y m\u00fasculo, y todo se queda solo, abandonado, como si estuviera sordo. Ya no tengo que ordenarle que calle, hoy, ha callado para siempre.<\/p>\n\n\n\n<p>Y me encuentro m\u00e1s solo, Iker, mi perro ha muerto, y parte de mi alma se ha marchado con mi compa\u00f1ero, con mi amigo.<\/p>\n\n\n\n<p>Descansa en paz noble perro.<\/p>\n<\/div><\/div>\n","protected":false},"excerpt":{"rendered":"<p>Hoy ha muerto mi perro. Apenas nada, solo un animal, sin conocimiento, desde\u00f1able ante la humanidad de cualquier persona. Pero, me he despedido de \u00e9l, como se hace con un compa\u00f1ero, como se hace con un camarada, y me ha mirado con sus ojos ya l\u00e1nguidos, por el sopor de la qu\u00edmica. Y mi alma &hellip; <\/p>\n<p class=\"link-more\"><a href=\"https:\/\/pedrocasiano.es\/?page_id=2621\" class=\"more-link\">Leer m\u00e1s<span class=\"screen-reader-text\"> \u00abHoy ha Muerto mi Perro.\u00bb<\/span><\/a><\/p>\n","protected":false},"author":1,"featured_media":0,"parent":0,"menu_order":0,"comment_status":"closed","ping_status":"closed","template":"","meta":{"inspiro_hide_title":false,"footnotes":""},"class_list":["post-2621","page","type-page","status-publish","hentry"],"featured_media_urls":[],"_links":{"self":[{"href":"https:\/\/pedrocasiano.es\/index.php?rest_route=\/wp\/v2\/pages\/2621","targetHints":{"allow":["GET"]}}],"collection":[{"href":"https:\/\/pedrocasiano.es\/index.php?rest_route=\/wp\/v2\/pages"}],"about":[{"href":"https:\/\/pedrocasiano.es\/index.php?rest_route=\/wp\/v2\/types\/page"}],"author":[{"embeddable":true,"href":"https:\/\/pedrocasiano.es\/index.php?rest_route=\/wp\/v2\/users\/1"}],"replies":[{"embeddable":true,"href":"https:\/\/pedrocasiano.es\/index.php?rest_route=%2Fwp%2Fv2%2Fcomments&post=2621"}],"version-history":[{"count":1,"href":"https:\/\/pedrocasiano.es\/index.php?rest_route=\/wp\/v2\/pages\/2621\/revisions"}],"predecessor-version":[{"id":2623,"href":"https:\/\/pedrocasiano.es\/index.php?rest_route=\/wp\/v2\/pages\/2621\/revisions\/2623"}],"wp:attachment":[{"href":"https:\/\/pedrocasiano.es\/index.php?rest_route=%2Fwp%2Fv2%2Fmedia&parent=2621"}],"curies":[{"name":"wp","href":"https:\/\/api.w.org\/{rel}","templated":true}]}}