{"id":2615,"date":"2024-02-21T09:20:33","date_gmt":"2024-02-21T09:20:33","guid":{"rendered":"https:\/\/pedrocasiano.es\/?page_id=2615"},"modified":"2024-02-21T09:20:33","modified_gmt":"2024-02-21T09:20:33","slug":"callados-sin-referencia","status":"publish","type":"page","link":"https:\/\/pedrocasiano.es\/?page_id=2615","title":{"rendered":"Callados, Sin Referencia"},"content":{"rendered":"\n<div class=\"wp-block-media-text is-stacked-on-mobile is-vertically-aligned-top\"><figure class=\"wp-block-media-text__media\"><img decoding=\"async\" width=\"1024\" height=\"681\" data-src=\"https:\/\/pedrocasiano.es\/wp-content\/uploads\/2024\/02\/background-651768.jpg\" alt=\"\" class=\"wp-image-2616 size-full lazyload\" src=\"data:image\/svg+xml;base64,PHN2ZyB3aWR0aD0iMSIgaGVpZ2h0PSIxIiB4bWxucz0iaHR0cDovL3d3dy53My5vcmcvMjAwMC9zdmciPjwvc3ZnPg==\" style=\"--smush-placeholder-width: 1024px; --smush-placeholder-aspect-ratio: 1024\/681;\" \/><\/figure><div class=\"wp-block-media-text__content\">\n<p>Callados, sin referencia<\/p>\n\n\n\n<p>Sin conciencia<\/p>\n\n\n\n<p>Sin tan siquiera inteligencia<\/p>\n\n\n\n<p>Burdos seres animados<\/p>\n\n\n\n<p>Perdidos, olvidados<\/p>\n\n\n\n<p>Por un dios que no ha hablado<\/p>\n\n\n\n<p>Desde que el hombre es hombre<\/p>\n\n\n\n<p>Y si lo hizo fue, para desheredados<\/p>\n\n\n\n<p>\u00bfQue buscamos en la tierra?<\/p>\n\n\n\n<p>\u00bfUn cielo inventado?<\/p>\n\n\n\n<p>Quiz\u00e1s la ilusi\u00f3n<\/p>\n\n\n\n<p>De que la bondad<\/p>\n\n\n\n<p>Lleva a alg\u00fan lado<\/p>\n\n\n\n<p>No se\u00e1is est\u00fapidos, humanos<\/p>\n\n\n\n<p>Hienas somos, nos devoramos<\/p>\n\n\n\n<p>El m\u00e1s fuerte destroza a todos<\/p>\n\n\n\n<p>Y los dem\u00e1s como bobos<\/p>\n\n\n\n<p>Solo miran la matanza<\/p>\n\n\n\n<p>Ni siquiera se espantan<\/p>\n\n\n\n<p>De la muerte ajena<\/p>\n\n\n\n<p>Ni aun por cercana<\/p>\n\n\n\n<p>Lamer botas y vivir<\/p>\n\n\n\n<p>Como siempre callados,<\/p>\n\n\n\n<p>Ya no hay revoluciones<\/p>\n\n\n\n<p>Ni siquiera alborotadores<\/p>\n\n\n\n<p>Solo borregos en masa<\/p>\n\n\n\n<p>Que sin protestar lo que pasa<\/p>\n\n\n\n<p>Se quedan metidos en casa<\/p>\n\n\n\n<p>Dando gracias al destino<\/p>\n\n\n\n<p>De que les d\u00e9 un ratito<\/p>\n\n\n\n<p>Para poder joder un poquito<\/p>\n\n\n\n<p>Y tomar vino tras vino.<\/p>\n\n\n\n<p>Pobre tontos solemnes<\/p>\n\n\n\n<p>Pobres reba\u00f1os dormidos<\/p>\n\n\n\n<p>\u00bfNo os dais cuenta borregos?<\/p>\n\n\n\n<p>De que los lobos os han comido<\/p>\n\n\n\n<p>De que a sus est\u00f3magos llenos<\/p>\n\n\n\n<p>Os acerc\u00e1is contentos<\/p>\n\n\n\n<p>Para ofrecer m\u00e1s alimentos<\/p>\n\n\n\n<p>Vuestros propios hijos, y hermanos<\/p>\n\n\n\n<p>Pobres, torpes aldeanos<\/p>\n\n\n\n<p>De se\u00f1ores sin abolengo<\/p>\n\n\n\n<p>No puedo decir con palabras<\/p>\n\n\n\n<p>El asco<\/p>\n\n\n\n<p>Que por ello siento.<\/p>\n<\/div><\/div>\n","protected":false},"excerpt":{"rendered":"<p>Callados, sin referencia Sin conciencia Sin tan siquiera inteligencia Burdos seres animados Perdidos, olvidados Por un dios que no ha hablado Desde que el hombre es hombre Y si lo hizo fue, para desheredados \u00bfQue buscamos en la tierra? \u00bfUn cielo inventado? Quiz\u00e1s la ilusi\u00f3n De que la bondad Lleva a alg\u00fan lado No se\u00e1is &hellip; <\/p>\n<p class=\"link-more\"><a href=\"https:\/\/pedrocasiano.es\/?page_id=2615\" class=\"more-link\">Leer m\u00e1s<span class=\"screen-reader-text\"> \u00abCallados, Sin Referencia\u00bb<\/span><\/a><\/p>\n","protected":false},"author":1,"featured_media":0,"parent":0,"menu_order":0,"comment_status":"closed","ping_status":"closed","template":"","meta":{"inspiro_hide_title":false,"footnotes":""},"class_list":["post-2615","page","type-page","status-publish","hentry"],"featured_media_urls":[],"_links":{"self":[{"href":"https:\/\/pedrocasiano.es\/index.php?rest_route=\/wp\/v2\/pages\/2615","targetHints":{"allow":["GET"]}}],"collection":[{"href":"https:\/\/pedrocasiano.es\/index.php?rest_route=\/wp\/v2\/pages"}],"about":[{"href":"https:\/\/pedrocasiano.es\/index.php?rest_route=\/wp\/v2\/types\/page"}],"author":[{"embeddable":true,"href":"https:\/\/pedrocasiano.es\/index.php?rest_route=\/wp\/v2\/users\/1"}],"replies":[{"embeddable":true,"href":"https:\/\/pedrocasiano.es\/index.php?rest_route=%2Fwp%2Fv2%2Fcomments&post=2615"}],"version-history":[{"count":2,"href":"https:\/\/pedrocasiano.es\/index.php?rest_route=\/wp\/v2\/pages\/2615\/revisions"}],"predecessor-version":[{"id":10163,"href":"https:\/\/pedrocasiano.es\/index.php?rest_route=\/wp\/v2\/pages\/2615\/revisions\/10163"}],"wp:attachment":[{"href":"https:\/\/pedrocasiano.es\/index.php?rest_route=%2Fwp%2Fv2%2Fmedia&parent=2615"}],"curies":[{"name":"wp","href":"https:\/\/api.w.org\/{rel}","templated":true}]}}