{"id":2605,"date":"2024-02-21T09:14:32","date_gmt":"2024-02-21T09:14:32","guid":{"rendered":"https:\/\/pedrocasiano.es\/?page_id=2605"},"modified":"2024-06-15T04:35:32","modified_gmt":"2024-06-15T04:35:32","slug":"me-canse-de-esperar-a-dios-y-sus-bondades","status":"publish","type":"page","link":"https:\/\/pedrocasiano.es\/?page_id=2605","title":{"rendered":"Me Cans\u00e9 de Esperar a Dios y sus Bondades"},"content":{"rendered":"\n<div class=\"wp-block-media-text is-stacked-on-mobile is-vertically-aligned-top\"><figure class=\"wp-block-media-text__media\"><img decoding=\"async\" width=\"683\" height=\"1024\" data-src=\"https:\/\/pedrocasiano.es\/wp-content\/uploads\/2024\/02\/ai-generated-8209919-1.jpg\" alt=\"\" class=\"wp-image-2607 size-full lazyload\" src=\"data:image\/svg+xml;base64,PHN2ZyB3aWR0aD0iMSIgaGVpZ2h0PSIxIiB4bWxucz0iaHR0cDovL3d3dy53My5vcmcvMjAwMC9zdmciPjwvc3ZnPg==\" style=\"--smush-placeholder-width: 683px; --smush-placeholder-aspect-ratio: 683\/1024;\" \/><\/figure><div class=\"wp-block-media-text__content\">\n<p>Me cans\u00e9 de esperar a Dios y sus bondades<\/p>\n\n\n\n<p>De creer en la l\u00ednea que separaba<\/p>\n\n\n\n<p>Lo justo de lo injusto, lo que esperaba<\/p>\n\n\n\n<p>Ahora solo s\u00e9 que son nimiedades<\/p>\n\n\n\n<p>Voluntad del hombre temeroso<\/p>\n\n\n\n<p>Creer en un dios misericordioso<\/p>\n\n\n\n<p>Cuando ese mismo dios no necesita<\/p>\n\n\n\n<p>A nadie que le ore, que le viva<\/p>\n\n\n\n<p>Tanta injusticia he visto, he vivido<\/p>\n\n\n\n<p>Que si existiera dios y lo tuviera en el olvido<\/p>\n\n\n\n<p>No ser\u00eda deidad sino demonio<\/p>\n\n\n\n<p>Y su trono la desolaci\u00f3n del ser humano<\/p>\n\n\n\n<p>Toda clase de almas<\/p>\n\n\n\n<p>Malas buenas,<\/p>\n\n\n\n<p>Imperfectas, plenas,<\/p>\n\n\n\n<p>Mismo rasero y diferencia<\/p>\n\n\n\n<p>Marcando solo con preferencia<\/p>\n\n\n\n<p>A las que tienen esp\u00edritu de hienas<\/p>\n\n\n\n<p>\u00bfQui\u00e9n nos arrog\u00f3 el derecho?<\/p>\n\n\n\n<p>De ser los \u00fanicos seres<\/p>\n\n\n\n<p>Tutelados, amados por los dioses<\/p>\n\n\n\n<p>Somos simples fantoches<\/p>\n\n\n\n<p>Que supimos encender una tea<\/p>\n\n\n\n<p>Y desde aquellos entonces<\/p>\n\n\n\n<p>El fuego que naci\u00f3 no cesa<\/p>\n\n\n\n<p>Quema todo, lo deja en pavesas<\/p>\n\n\n\n<p>\u00bfQu\u00e9 clase de ser inmundo?<\/p>\n\n\n\n<p>Creo a tal grupo de seres<\/p>\n\n\n\n<p>Que se matan, que se hieren<\/p>\n\n\n\n<p>Sea cual sea su coraz\u00f3n<\/p>\n\n\n\n<p>Seas cual sea su alma<\/p>\n\n\n\n<p>Todos tenemos razones<\/p>\n\n\n\n<p>Para matar a cualquiera<\/p>\n\n\n\n<p>Lo tenemos en el alma<\/p>\n\n\n\n<p>Impreso de mala manera<\/p>\n\n\n\n<p>Y si alguien nos creo<\/p>\n\n\n\n<p>Supongo que tiene m\u00e1s tara<\/p>\n\n\n\n<p>Y si cuando muera me lo encuentro<\/p>\n\n\n\n<p>Y lo miro cara a cara<\/p>\n\n\n\n<p>Creo que no dir\u00e9 nada<\/p>\n\n\n\n<p>Si es tan listo, que adivine<\/p>\n\n\n\n<p>La decepci\u00f3n es m\u00eda<\/p>\n\n\n\n<p>La maldad suya<\/p>\n\n\n\n<p>Y el diablo solo existe<\/p>\n\n\n\n<p>En las novelas baratas.<\/p>\n<\/div><\/div>\n","protected":false},"excerpt":{"rendered":"<p>Me cans\u00e9 de esperar a Dios y sus bondades De creer en la l\u00ednea que separaba Lo justo de lo injusto, lo que esperaba Ahora solo s\u00e9 que son nimiedades Voluntad del hombre temeroso Creer en un dios misericordioso Cuando ese mismo dios no necesita A nadie que le ore, que le viva Tanta injusticia &hellip; <\/p>\n<p class=\"link-more\"><a href=\"https:\/\/pedrocasiano.es\/?page_id=2605\" class=\"more-link\">Leer m\u00e1s<span class=\"screen-reader-text\"> \u00abMe Cans\u00e9 de Esperar a Dios y sus Bondades\u00bb<\/span><\/a><\/p>\n","protected":false},"author":1,"featured_media":0,"parent":0,"menu_order":0,"comment_status":"closed","ping_status":"closed","template":"","meta":{"inspiro_hide_title":false,"footnotes":""},"class_list":["post-2605","page","type-page","status-publish","hentry"],"featured_media_urls":[],"_links":{"self":[{"href":"https:\/\/pedrocasiano.es\/index.php?rest_route=\/wp\/v2\/pages\/2605","targetHints":{"allow":["GET"]}}],"collection":[{"href":"https:\/\/pedrocasiano.es\/index.php?rest_route=\/wp\/v2\/pages"}],"about":[{"href":"https:\/\/pedrocasiano.es\/index.php?rest_route=\/wp\/v2\/types\/page"}],"author":[{"embeddable":true,"href":"https:\/\/pedrocasiano.es\/index.php?rest_route=\/wp\/v2\/users\/1"}],"replies":[{"embeddable":true,"href":"https:\/\/pedrocasiano.es\/index.php?rest_route=%2Fwp%2Fv2%2Fcomments&post=2605"}],"version-history":[{"count":3,"href":"https:\/\/pedrocasiano.es\/index.php?rest_route=\/wp\/v2\/pages\/2605\/revisions"}],"predecessor-version":[{"id":7965,"href":"https:\/\/pedrocasiano.es\/index.php?rest_route=\/wp\/v2\/pages\/2605\/revisions\/7965"}],"wp:attachment":[{"href":"https:\/\/pedrocasiano.es\/index.php?rest_route=%2Fwp%2Fv2%2Fmedia&parent=2605"}],"curies":[{"name":"wp","href":"https:\/\/api.w.org\/{rel}","templated":true}]}}