{"id":2602,"date":"2024-02-21T09:01:28","date_gmt":"2024-02-21T09:01:28","guid":{"rendered":"https:\/\/pedrocasiano.es\/?page_id=2602"},"modified":"2024-02-21T09:01:29","modified_gmt":"2024-02-21T09:01:29","slug":"amanecen-los-dias","status":"publish","type":"page","link":"https:\/\/pedrocasiano.es\/?page_id=2602","title":{"rendered":"Amanecen los D\u00edas"},"content":{"rendered":"\n<div class=\"wp-block-media-text is-stacked-on-mobile is-vertically-aligned-top\"><figure class=\"wp-block-media-text__media\"><img decoding=\"async\" width=\"606\" height=\"406\" data-src=\"https:\/\/pedrocasiano.es\/wp-content\/uploads\/2024\/02\/22.jpg\" alt=\"\" class=\"wp-image-2603 size-full lazyload\" src=\"data:image\/svg+xml;base64,PHN2ZyB3aWR0aD0iMSIgaGVpZ2h0PSIxIiB4bWxucz0iaHR0cDovL3d3dy53My5vcmcvMjAwMC9zdmciPjwvc3ZnPg==\" style=\"--smush-placeholder-width: 606px; --smush-placeholder-aspect-ratio: 606\/406;\" \/><\/figure><div class=\"wp-block-media-text__content\">\n<p>Amanecen los d\u00edas<\/p>\n\n\n\n<p>Como siempre<\/p>\n\n\n\n<p>Distintos al presente<\/p>\n\n\n\n<p>Marcados por lo vivido<\/p>\n\n\n\n<p>Pero perdidos<\/p>\n\n\n\n<p>En el marasmo<\/p>\n\n\n\n<p>De lo que fue<\/p>\n\n\n\n<p>De lo que no ser\u00e1<\/p>\n\n\n\n<p>De lo que fue ido<\/p>\n\n\n\n<p>Y las calles sonar\u00e1n<\/p>\n\n\n\n<p>A soledad<\/p>\n\n\n\n<p>A desaf\u00edo<\/p>\n\n\n\n<p>El amor se esconder\u00e1<\/p>\n\n\n\n<p>Hasta perder el sentido<\/p>\n\n\n\n<p>Quien se atrever\u00e1<\/p>\n\n\n\n<p>A ver tu cara,<\/p>\n\n\n\n<p>Cerca de la suya<\/p>\n\n\n\n<p>De definir sus labios<\/p>\n\n\n\n<p>Si no son vistos<\/p>\n\n\n\n<p>Haremos el amor<\/p>\n\n\n\n<p>En pl\u00e1stico embutidos<\/p>\n\n\n\n<p>Moriremos sin vivir<\/p>\n\n\n\n<p>Entre recuerdos<\/p>\n\n\n\n<p>Que muchos<\/p>\n\n\n\n<p>Con el tiempo<\/p>\n\n\n\n<p>No habr\u00e1n conocido<\/p>\n\n\n\n<p>Venganza de mil pecados<\/p>\n\n\n\n<p>Sin saber cu\u00e1l ha sido<\/p>\n\n\n\n<p>Abandonados al alba<\/p>\n\n\n\n<p>Paridos en el silencio<\/p>\n\n\n\n<p>De la desesperanza<\/p>\n\n\n\n<p>Hijos de una nueva era<\/p>\n\n\n\n<p>Donde sopla el viento<\/p>\n\n\n\n<p>Y siempre, siempre<\/p>\n\n\n\n<p>Trae consigo,<\/p>\n\n\n\n<p>la muerte en el alma<\/p>\n\n\n\n<p>La destrucci\u00f3n sin sentido<\/p>\n\n\n\n<p>Hijos de nuevas gentes<\/p>\n\n\n\n<p>Sobrevivientes para nada<\/p>\n\n\n\n<p>Que vivir\u00e9is distinto<\/p>\n\n\n\n<p>A como nosotros<\/p>\n\n\n\n<p>Hemos vivido<\/p>\n\n\n\n<p>Al final no queda nada<\/p>\n\n\n\n<p>Nada tiene sentido<\/p>\n\n\n\n<p>Todo muta y cambia<\/p>\n\n\n\n<p>Todo se pierde y se manca<\/p>\n\n\n\n<p>En la turbulencia de d\u00edas<\/p>\n\n\n\n<p>De las blancas m\u00e1scaras<\/p>\n<\/div><\/div>\n","protected":false},"excerpt":{"rendered":"<p>Amanecen los d\u00edas Como siempre Distintos al presente Marcados por lo vivido Pero perdidos En el marasmo De lo que fue De lo que no ser\u00e1 De lo que fue ido Y las calles sonar\u00e1n A soledad A desaf\u00edo El amor se esconder\u00e1 Hasta perder el sentido Quien se atrever\u00e1 A ver tu cara, Cerca &hellip; <\/p>\n<p class=\"link-more\"><a href=\"https:\/\/pedrocasiano.es\/?page_id=2602\" class=\"more-link\">Leer m\u00e1s<span class=\"screen-reader-text\"> \u00abAmanecen los D\u00edas\u00bb<\/span><\/a><\/p>\n","protected":false},"author":1,"featured_media":0,"parent":0,"menu_order":0,"comment_status":"closed","ping_status":"closed","template":"","meta":{"inspiro_hide_title":false,"footnotes":""},"class_list":["post-2602","page","type-page","status-publish","hentry"],"featured_media_urls":[],"_links":{"self":[{"href":"https:\/\/pedrocasiano.es\/index.php?rest_route=\/wp\/v2\/pages\/2602","targetHints":{"allow":["GET"]}}],"collection":[{"href":"https:\/\/pedrocasiano.es\/index.php?rest_route=\/wp\/v2\/pages"}],"about":[{"href":"https:\/\/pedrocasiano.es\/index.php?rest_route=\/wp\/v2\/types\/page"}],"author":[{"embeddable":true,"href":"https:\/\/pedrocasiano.es\/index.php?rest_route=\/wp\/v2\/users\/1"}],"replies":[{"embeddable":true,"href":"https:\/\/pedrocasiano.es\/index.php?rest_route=%2Fwp%2Fv2%2Fcomments&post=2602"}],"version-history":[{"count":2,"href":"https:\/\/pedrocasiano.es\/index.php?rest_route=\/wp\/v2\/pages\/2602\/revisions"}],"predecessor-version":[{"id":10135,"href":"https:\/\/pedrocasiano.es\/index.php?rest_route=\/wp\/v2\/pages\/2602\/revisions\/10135"}],"wp:attachment":[{"href":"https:\/\/pedrocasiano.es\/index.php?rest_route=%2Fwp%2Fv2%2Fmedia&parent=2602"}],"curies":[{"name":"wp","href":"https:\/\/api.w.org\/{rel}","templated":true}]}}