{"id":2593,"date":"2024-02-21T08:55:34","date_gmt":"2024-02-21T08:55:34","guid":{"rendered":"https:\/\/pedrocasiano.es\/?page_id=2593"},"modified":"2024-02-21T08:55:35","modified_gmt":"2024-02-21T08:55:35","slug":"pildoras-de-colores","status":"publish","type":"page","link":"https:\/\/pedrocasiano.es\/?page_id=2593","title":{"rendered":"P\u00edldoras de Colores"},"content":{"rendered":"\n<div class=\"wp-block-media-text is-stacked-on-mobile is-vertically-aligned-top\"><figure class=\"wp-block-media-text__media\"><img decoding=\"async\" width=\"465\" height=\"349\" data-src=\"https:\/\/pedrocasiano.es\/wp-content\/uploads\/2024\/02\/20.jpg\" alt=\"\" class=\"wp-image-2594 size-full lazyload\" src=\"data:image\/svg+xml;base64,PHN2ZyB3aWR0aD0iMSIgaGVpZ2h0PSIxIiB4bWxucz0iaHR0cDovL3d3dy53My5vcmcvMjAwMC9zdmciPjwvc3ZnPg==\" style=\"--smush-placeholder-width: 465px; --smush-placeholder-aspect-ratio: 465\/349;\" \/><\/figure><div class=\"wp-block-media-text__content\">\n<p>P\u00edldoras de colores<\/p>\n\n\n\n<p>Para todo<\/p>\n\n\n\n<p>Para ti<\/p>\n\n\n\n<p>Para morir<\/p>\n\n\n\n<p>Para seguir<\/p>\n\n\n\n<p>En la locura<\/p>\n\n\n\n<p>Para subir<\/p>\n\n\n\n<p>Para bajar<\/p>\n\n\n\n<p>Para ir<\/p>\n\n\n\n<p>Para llegar<\/p>\n\n\n\n<p>Monta\u00f1a rusa<\/p>\n\n\n\n<p>De qu\u00edmica<\/p>\n\n\n\n<p>De irrealidad<\/p>\n\n\n\n<p>Vive tras el cristal<\/p>\n\n\n\n<p>No a la realidad<\/p>\n\n\n\n<p>Es dura<\/p>\n\n\n\n<p>No la cojas<\/p>\n\n\n\n<p>Sigue igual<\/p>\n\n\n\n<p>Pastillas<\/p>\n\n\n\n<p>P\u00edldoras<\/p>\n\n\n\n<p>Para seguir<\/p>\n\n\n\n<p>Para llegar.<\/p>\n<\/div><\/div>\n","protected":false},"excerpt":{"rendered":"<p>P\u00edldoras de colores Para todo Para ti Para morir Para seguir En la locura Para subir Para bajar Para ir Para llegar Monta\u00f1a rusa De qu\u00edmica De irrealidad Vive tras el cristal No a la realidad Es dura No la cojas Sigue igual Pastillas P\u00edldoras Para seguir Para llegar.<\/p>\n","protected":false},"author":1,"featured_media":0,"parent":0,"menu_order":0,"comment_status":"closed","ping_status":"closed","template":"","meta":{"inspiro_hide_title":false,"footnotes":""},"class_list":["post-2593","page","type-page","status-publish","hentry"],"featured_media_urls":[],"_links":{"self":[{"href":"https:\/\/pedrocasiano.es\/index.php?rest_route=\/wp\/v2\/pages\/2593","targetHints":{"allow":["GET"]}}],"collection":[{"href":"https:\/\/pedrocasiano.es\/index.php?rest_route=\/wp\/v2\/pages"}],"about":[{"href":"https:\/\/pedrocasiano.es\/index.php?rest_route=\/wp\/v2\/types\/page"}],"author":[{"embeddable":true,"href":"https:\/\/pedrocasiano.es\/index.php?rest_route=\/wp\/v2\/users\/1"}],"replies":[{"embeddable":true,"href":"https:\/\/pedrocasiano.es\/index.php?rest_route=%2Fwp%2Fv2%2Fcomments&post=2593"}],"version-history":[{"count":2,"href":"https:\/\/pedrocasiano.es\/index.php?rest_route=\/wp\/v2\/pages\/2593\/revisions"}],"predecessor-version":[{"id":10653,"href":"https:\/\/pedrocasiano.es\/index.php?rest_route=\/wp\/v2\/pages\/2593\/revisions\/10653"}],"wp:attachment":[{"href":"https:\/\/pedrocasiano.es\/index.php?rest_route=%2Fwp%2Fv2%2Fmedia&parent=2593"}],"curies":[{"name":"wp","href":"https:\/\/api.w.org\/{rel}","templated":true}]}}