{"id":2590,"date":"2024-02-21T08:54:22","date_gmt":"2024-02-21T08:54:22","guid":{"rendered":"https:\/\/pedrocasiano.es\/?page_id=2590"},"modified":"2024-02-21T08:54:23","modified_gmt":"2024-02-21T08:54:23","slug":"miseria-destruccion","status":"publish","type":"page","link":"https:\/\/pedrocasiano.es\/?page_id=2590","title":{"rendered":"Miseria, Destrucci\u00f3n"},"content":{"rendered":"\n<div class=\"wp-block-media-text is-stacked-on-mobile is-vertically-aligned-top\"><figure class=\"wp-block-media-text__media\"><img decoding=\"async\" width=\"529\" height=\"682\" data-src=\"https:\/\/pedrocasiano.es\/wp-content\/uploads\/2024\/02\/19.jpg\" alt=\"\" class=\"wp-image-2591 size-full lazyload\" src=\"data:image\/svg+xml;base64,PHN2ZyB3aWR0aD0iMSIgaGVpZ2h0PSIxIiB4bWxucz0iaHR0cDovL3d3dy53My5vcmcvMjAwMC9zdmciPjwvc3ZnPg==\" style=\"--smush-placeholder-width: 529px; --smush-placeholder-aspect-ratio: 529\/682;\" \/><\/figure><div class=\"wp-block-media-text__content\">\n<p>Miseria, destrucci\u00f3n<\/p>\n\n\n\n<p>Seres repulsivos<\/p>\n\n\n\n<p>Que oran en cuevas<\/p>\n\n\n\n<p>Miserables a la luz del d\u00eda<\/p>\n\n\n\n<p>Exploradores del alma vac\u00eda<\/p>\n\n\n\n<p>Enemigos de cualquiera<\/p>\n\n\n\n<p>Violadores de su propia sangre<\/p>\n\n\n\n<p>Hijos incestuosos<\/p>\n\n\n\n<p>De podridas madres<\/p>\n\n\n\n<p>No llor\u00e9is, ahora<\/p>\n\n\n\n<p>Que la muerte os visita<\/p>\n\n\n\n<p>Os exprime poco a poco<\/p>\n\n\n\n<p>Os quita la vida<\/p>\n\n\n\n<p>Miserables engendros<\/p>\n\n\n\n<p>Asustados, escondidos<\/p>\n\n\n\n<p>En sus huecos,<\/p>\n\n\n\n<p>En sus oquedades<\/p>\n\n\n\n<p>Suma y sigue<\/p>\n\n\n\n<p>El monto de muertos<\/p>\n\n\n\n<p>Ascender\u00e1 al cielo<\/p>\n\n\n\n<p>Llegar\u00e1 al infierno<\/p>\n\n\n\n<p>Y el cuerpo de todos<\/p>\n\n\n\n<p>De cada uno,<\/p>\n\n\n\n<p>Alimentar\u00e1 la tierra<\/p>\n\n\n\n<p>Como podrido abono<\/p>\n\n\n\n<p>Peleles repulsivos<\/p>\n\n\n\n<p>Esputos de la vida<\/p>\n\n\n\n<p>Seres p\u00e9rfidos, ego\u00edstas<\/p>\n\n\n\n<p>Malvados, pederastas<\/p>\n\n\n\n<p>Asesinos, racistas.<\/p>\n\n\n\n<p>La muerte ha nacido<\/p>\n\n\n\n<p>Para mataros<\/p>\n\n\n\n<p>Para llevaros<\/p>\n\n\n\n<p>A los oscuros lugares<\/p>\n\n\n\n<p>De donde, nunca<\/p>\n\n\n\n<p>Debisteis de haber salido.<\/p>\n\n\n\n<p>Nacen m\u00e1s que mueren<\/p>\n\n\n\n<p>Ahora piensas as\u00ed,<\/p>\n\n\n\n<p>Pero d\u00eda a d\u00eda<\/p>\n\n\n\n<p>Crecer\u00e1 la agon\u00eda.<\/p>\n\n\n\n<p>El numero cambiar\u00e1<\/p>\n\n\n\n<p>Y la maldita especie<\/p>\n\n\n\n<p>De la faz de la tierra,<\/p>\n\n\n\n<p>Desaparecer\u00e1.<\/p>\n<\/div><\/div>\n","protected":false},"excerpt":{"rendered":"<p>Miseria, destrucci\u00f3n Seres repulsivos Que oran en cuevas Miserables a la luz del d\u00eda Exploradores del alma vac\u00eda Enemigos de cualquiera Violadores de su propia sangre Hijos incestuosos De podridas madres No llor\u00e9is, ahora Que la muerte os visita Os exprime poco a poco Os quita la vida Miserables engendros Asustados, escondidos En sus huecos, &hellip; <\/p>\n<p class=\"link-more\"><a href=\"https:\/\/pedrocasiano.es\/?page_id=2590\" class=\"more-link\">Leer m\u00e1s<span class=\"screen-reader-text\"> \u00abMiseria, Destrucci\u00f3n\u00bb<\/span><\/a><\/p>\n","protected":false},"author":1,"featured_media":0,"parent":0,"menu_order":0,"comment_status":"closed","ping_status":"closed","template":"","meta":{"inspiro_hide_title":false,"footnotes":""},"class_list":["post-2590","page","type-page","status-publish","hentry"],"featured_media_urls":[],"_links":{"self":[{"href":"https:\/\/pedrocasiano.es\/index.php?rest_route=\/wp\/v2\/pages\/2590","targetHints":{"allow":["GET"]}}],"collection":[{"href":"https:\/\/pedrocasiano.es\/index.php?rest_route=\/wp\/v2\/pages"}],"about":[{"href":"https:\/\/pedrocasiano.es\/index.php?rest_route=\/wp\/v2\/types\/page"}],"author":[{"embeddable":true,"href":"https:\/\/pedrocasiano.es\/index.php?rest_route=\/wp\/v2\/users\/1"}],"replies":[{"embeddable":true,"href":"https:\/\/pedrocasiano.es\/index.php?rest_route=%2Fwp%2Fv2%2Fcomments&post=2590"}],"version-history":[{"count":1,"href":"https:\/\/pedrocasiano.es\/index.php?rest_route=\/wp\/v2\/pages\/2590\/revisions"}],"predecessor-version":[{"id":2592,"href":"https:\/\/pedrocasiano.es\/index.php?rest_route=\/wp\/v2\/pages\/2590\/revisions\/2592"}],"wp:attachment":[{"href":"https:\/\/pedrocasiano.es\/index.php?rest_route=%2Fwp%2Fv2%2Fmedia&parent=2590"}],"curies":[{"name":"wp","href":"https:\/\/api.w.org\/{rel}","templated":true}]}}