{"id":2587,"date":"2024-02-21T08:52:38","date_gmt":"2024-02-21T08:52:38","guid":{"rendered":"https:\/\/pedrocasiano.es\/?page_id=2587"},"modified":"2024-02-21T08:52:39","modified_gmt":"2024-02-21T08:52:39","slug":"dias-de-serpiente","status":"publish","type":"page","link":"https:\/\/pedrocasiano.es\/?page_id=2587","title":{"rendered":"D\u00edas de Serpiente"},"content":{"rendered":"\n<div class=\"wp-block-media-text is-stacked-on-mobile is-vertically-aligned-top\"><figure class=\"wp-block-media-text__media\"><img decoding=\"async\" width=\"546\" height=\"327\" data-src=\"https:\/\/pedrocasiano.es\/wp-content\/uploads\/2024\/02\/18.jpg\" alt=\"\" class=\"wp-image-2588 size-full lazyload\" src=\"data:image\/svg+xml;base64,PHN2ZyB3aWR0aD0iMSIgaGVpZ2h0PSIxIiB4bWxucz0iaHR0cDovL3d3dy53My5vcmcvMjAwMC9zdmciPjwvc3ZnPg==\" style=\"--smush-placeholder-width: 546px; --smush-placeholder-aspect-ratio: 546\/327;\" \/><\/figure><div class=\"wp-block-media-text__content\">\n<p>D\u00edas de serpiente<\/p>\n\n\n\n<p>Enroscada en mi<\/p>\n\n\n\n<p>La ves venir<\/p>\n\n\n\n<p>Y no puedes escapar<\/p>\n\n\n\n<p>Sabes que vendr\u00e1<\/p>\n\n\n\n<p>Que est\u00e1 ah\u00ed,<\/p>\n\n\n\n<p>Pero nada hay por hacer<\/p>\n\n\n\n<p>Esta dentro, se uni\u00f3<\/p>\n\n\n\n<p>Corre por el cuello,<\/p>\n\n\n\n<p>Se abraza a tu cabeza<\/p>\n\n\n\n<p>Tus ojos se dilatan del dolor<\/p>\n\n\n\n<p>Y crujen los huesos<\/p>\n\n\n\n<p>Como si no hubiera Dios<\/p>\n\n\n\n<p>Malsana hiena<\/p>\n\n\n\n<p>Que devoras mis huesos<\/p>\n\n\n\n<p>Serpiente de venas rotas<\/p>\n\n\n\n<p>De muerto cuerpo<\/p>\n\n\n\n<p>Tensi\u00f3n al colarse<\/p>\n\n\n\n<p>En tu interior<\/p>\n\n\n\n<p>Y hacer que te retuerzas<\/p>\n\n\n\n<p>Como perro, del dolor<\/p>\n\n\n\n<p>Maldita serpiente<\/p>\n\n\n\n<p>Maldita hiena,<\/p>\n\n\n\n<p>Me destrozas, me llenas<\/p>\n\n\n\n<p>Y sube in crescendo<\/p>\n\n\n\n<p>Como si fuera una estrella maldita<\/p>\n\n\n\n<p>Y gritas<\/p>\n\n\n\n<p>Como si fueras un perro<\/p>\n\n\n\n<p>Pero nadie te escucha<\/p>\n\n\n\n<p>No sali\u00f3 de tu boca<\/p>\n\n\n\n<p>Se qued\u00f3 dentro,<\/p>\n\n\n\n<p>Por lo menos ahora,<\/p>\n\n\n\n<p>pero solo un momento,<\/p>\n\n\n\n<p>quiz\u00e1s al siguiente,<\/p>\n\n\n\n<p>lloraras, con las venas hinchadas<\/p>\n\n\n\n<p>con todo en tensi\u00f3n<\/p>\n\n\n\n<p>&nbsp;en tu destrozado cuerpo<\/p>\n\n\n\n<p>y sube, y sube<\/p>\n\n\n\n<p>por huesos<\/p>\n\n\n\n<p>por m\u00fasculos<\/p>\n\n\n\n<p>por tendones y venas<\/p>\n\n\n\n<p>a todas de dolor llena<\/p>\n\n\n\n<p>y quieres morir<\/p>\n\n\n\n<p>c\u00f3mo mil veces antes<\/p>\n\n\n\n<p>nunca para, maldita<\/p>\n\n\n\n<p>la serpiente aprieta<\/p>\n\n\n\n<p>no tiene alma,<\/p>\n\n\n\n<p>solo, aprieta<\/p>\n\n\n\n<p>y te falta el aire<\/p>\n\n\n\n<p>el pecho colapsa<\/p>\n\n\n\n<p>te mueves inquieto<\/p>\n\n\n\n<p>pero nada amaina<\/p>\n\n\n\n<p>la serpiente,<\/p>\n\n\n\n<p>la hiena<\/p>\n\n\n\n<p>se r\u00eden de tu dolor<\/p>\n\n\n\n<p>de tu crispada cara<\/p>\n\n\n\n<p>destruida, hinchada<\/p>\n\n\n\n<p>y si un Dios existe<\/p>\n\n\n\n<p>no te escucha, es sordo<\/p>\n\n\n\n<p>o malvado<\/p>\n\n\n\n<p>qu\u00e9 m\u00e1s da<\/p>\n\n\n\n<p>lo que haga<\/p>\n\n\n\n<p>qu\u00e9 m\u00e1s da su sentido<\/p>\n\n\n\n<p>la serpiente aprieta,<\/p>\n\n\n\n<p>la hiena rompe y rasga<\/p>\n\n\n\n<p>y levantas tus brazos<\/p>\n\n\n\n<p>pero ya nada se mueve<\/p>\n\n\n\n<p>y ese Dios que no existe<\/p>\n\n\n\n<p>se r\u00ede en tu cara<\/p>\n\n\n\n<p>como silbando al o\u00eddo<\/p>\n\n\n\n<p>con maldad te canta<\/p>\n\n\n\n<p>\u201cTe dejo la serpiente,<\/p>\n\n\n\n<p>Te dejo la Hiena<\/p>\n\n\n\n<p>Te acompa\u00f1aran en el viaje<\/p>\n\n\n\n<p>Que ahora se inicia<\/p>\n\n\n\n<p>Y que nunca acaba<\/p>\n\n\n\n<p>Hasta que mueras, desecho\u201d<\/p>\n\n\n\n<p>Y la voz se aleja<\/p>\n\n\n\n<p>Y la serpiente aprieta<\/p>\n\n\n\n<p>Y la hiena rompe y rasga.<\/p>\n<\/div><\/div>\n","protected":false},"excerpt":{"rendered":"<p>D\u00edas de serpiente Enroscada en mi La ves venir Y no puedes escapar Sabes que vendr\u00e1 Que est\u00e1 ah\u00ed, Pero nada hay por hacer Esta dentro, se uni\u00f3 Corre por el cuello, Se abraza a tu cabeza Tus ojos se dilatan del dolor Y crujen los huesos Como si no hubiera Dios Malsana hiena Que &hellip; <\/p>\n<p class=\"link-more\"><a href=\"https:\/\/pedrocasiano.es\/?page_id=2587\" class=\"more-link\">Leer m\u00e1s<span class=\"screen-reader-text\"> \u00abD\u00edas de Serpiente\u00bb<\/span><\/a><\/p>\n","protected":false},"author":1,"featured_media":0,"parent":0,"menu_order":0,"comment_status":"closed","ping_status":"closed","template":"","meta":{"inspiro_hide_title":false,"footnotes":""},"class_list":["post-2587","page","type-page","status-publish","hentry"],"featured_media_urls":[],"_links":{"self":[{"href":"https:\/\/pedrocasiano.es\/index.php?rest_route=\/wp\/v2\/pages\/2587","targetHints":{"allow":["GET"]}}],"collection":[{"href":"https:\/\/pedrocasiano.es\/index.php?rest_route=\/wp\/v2\/pages"}],"about":[{"href":"https:\/\/pedrocasiano.es\/index.php?rest_route=\/wp\/v2\/types\/page"}],"author":[{"embeddable":true,"href":"https:\/\/pedrocasiano.es\/index.php?rest_route=\/wp\/v2\/users\/1"}],"replies":[{"embeddable":true,"href":"https:\/\/pedrocasiano.es\/index.php?rest_route=%2Fwp%2Fv2%2Fcomments&post=2587"}],"version-history":[{"count":2,"href":"https:\/\/pedrocasiano.es\/index.php?rest_route=\/wp\/v2\/pages\/2587\/revisions"}],"predecessor-version":[{"id":10464,"href":"https:\/\/pedrocasiano.es\/index.php?rest_route=\/wp\/v2\/pages\/2587\/revisions\/10464"}],"wp:attachment":[{"href":"https:\/\/pedrocasiano.es\/index.php?rest_route=%2Fwp%2Fv2%2Fmedia&parent=2587"}],"curies":[{"name":"wp","href":"https:\/\/api.w.org\/{rel}","templated":true}]}}