{"id":2581,"date":"2024-02-21T08:49:53","date_gmt":"2024-02-21T08:49:53","guid":{"rendered":"https:\/\/pedrocasiano.es\/?page_id=2581"},"modified":"2024-02-21T08:49:54","modified_gmt":"2024-02-21T08:49:54","slug":"perros-ciegos","status":"publish","type":"page","link":"https:\/\/pedrocasiano.es\/?page_id=2581","title":{"rendered":"Perros Ciegos"},"content":{"rendered":"\n<div class=\"wp-block-media-text is-stacked-on-mobile is-vertically-aligned-top\"><figure class=\"wp-block-media-text__media\"><img decoding=\"async\" width=\"539\" height=\"366\" data-src=\"https:\/\/pedrocasiano.es\/wp-content\/uploads\/2024\/02\/16.jpg\" alt=\"\" class=\"wp-image-2582 size-full lazyload\" src=\"data:image\/svg+xml;base64,PHN2ZyB3aWR0aD0iMSIgaGVpZ2h0PSIxIiB4bWxucz0iaHR0cDovL3d3dy53My5vcmcvMjAwMC9zdmciPjwvc3ZnPg==\" style=\"--smush-placeholder-width: 539px; --smush-placeholder-aspect-ratio: 539\/366;\" \/><\/figure><div class=\"wp-block-media-text__content\">\n<p>Perros ciegos<\/p>\n\n\n\n<p>De lazarillos en la tormenta<\/p>\n\n\n\n<p>Mentes d\u00e9biles<\/p>\n\n\n\n<p>Que en ella se pasean<\/p>\n\n\n\n<p>Hambre de soledades<\/p>\n\n\n\n<p>De multitudes vac\u00edas y yermas<\/p>\n\n\n\n<p>Calles huecas, de sonidos<\/p>\n\n\n\n<p>Muertas, aceradas<\/p>\n\n\n\n<p>De acero fr\u00edo<\/p>\n\n\n\n<p>Avenidas de hormig\u00f3n<\/p>\n\n\n\n<p>Cubos de hierro<\/p>\n\n\n\n<p>Cristal de reflejo de soledades<\/p>\n\n\n\n<p>Y persianas abiertas<\/p>\n\n\n\n<p>A un sol que nunca llega<\/p>\n\n\n\n<p>Y las nubes cubriendo todo<\/p>\n\n\n\n<p>Como si sudar\u00edo fueran<\/p>\n\n\n\n<p>De todo, de todos<\/p>\n\n\n\n<p>Al fin de nadie<\/p>\n\n\n\n<p>Alma de la desaz\u00f3n<\/p>\n\n\n\n<p>Y del hast\u00edo<\/p>\n\n\n\n<p>Recreaci\u00f3n de la depresi\u00f3n<\/p>\n\n\n\n<p>Ilustraci\u00f3n del vac\u00edo<\/p>\n\n\n\n<p>Muertos vivos<\/p>\n\n\n\n<p>Vivos muertos<\/p>\n\n\n\n<p>En paisajes yertos,<\/p>\n\n\n\n<p>Llanos, ca\u00eddos<\/p>\n\n\n\n<p>Olvidados de pasos<\/p>\n\n\n\n<p>De calor, de fr\u00edo<\/p>\n\n\n\n<p>As\u00ed me siento<\/p>\n\n\n\n<p>Hoy, cuando llueve<\/p>\n\n\n\n<p>Y nada siento,<\/p>\n\n\n\n<p>Si no vac\u00edo.<\/p>\n<\/div><\/div>\n","protected":false},"excerpt":{"rendered":"<p>Perros ciegos De lazarillos en la tormenta Mentes d\u00e9biles Que en ella se pasean Hambre de soledades De multitudes vac\u00edas y yermas Calles huecas, de sonidos Muertas, aceradas De acero fr\u00edo Avenidas de hormig\u00f3n Cubos de hierro Cristal de reflejo de soledades Y persianas abiertas A un sol que nunca llega Y las nubes cubriendo &hellip; <\/p>\n<p class=\"link-more\"><a href=\"https:\/\/pedrocasiano.es\/?page_id=2581\" class=\"more-link\">Leer m\u00e1s<span class=\"screen-reader-text\"> \u00abPerros Ciegos\u00bb<\/span><\/a><\/p>\n","protected":false},"author":1,"featured_media":0,"parent":0,"menu_order":0,"comment_status":"closed","ping_status":"closed","template":"","meta":{"inspiro_hide_title":false,"footnotes":""},"class_list":["post-2581","page","type-page","status-publish","hentry"],"featured_media_urls":[],"_links":{"self":[{"href":"https:\/\/pedrocasiano.es\/index.php?rest_route=\/wp\/v2\/pages\/2581","targetHints":{"allow":["GET"]}}],"collection":[{"href":"https:\/\/pedrocasiano.es\/index.php?rest_route=\/wp\/v2\/pages"}],"about":[{"href":"https:\/\/pedrocasiano.es\/index.php?rest_route=\/wp\/v2\/types\/page"}],"author":[{"embeddable":true,"href":"https:\/\/pedrocasiano.es\/index.php?rest_route=\/wp\/v2\/users\/1"}],"replies":[{"embeddable":true,"href":"https:\/\/pedrocasiano.es\/index.php?rest_route=%2Fwp%2Fv2%2Fcomments&post=2581"}],"version-history":[{"count":2,"href":"https:\/\/pedrocasiano.es\/index.php?rest_route=\/wp\/v2\/pages\/2581\/revisions"}],"predecessor-version":[{"id":10646,"href":"https:\/\/pedrocasiano.es\/index.php?rest_route=\/wp\/v2\/pages\/2581\/revisions\/10646"}],"wp:attachment":[{"href":"https:\/\/pedrocasiano.es\/index.php?rest_route=%2Fwp%2Fv2%2Fmedia&parent=2581"}],"curies":[{"name":"wp","href":"https:\/\/api.w.org\/{rel}","templated":true}]}}