{"id":2578,"date":"2024-02-21T08:47:39","date_gmt":"2024-02-21T08:47:39","guid":{"rendered":"https:\/\/pedrocasiano.es\/?page_id=2578"},"modified":"2024-02-21T08:47:40","modified_gmt":"2024-02-21T08:47:40","slug":"tiempos-de-sal","status":"publish","type":"page","link":"https:\/\/pedrocasiano.es\/?page_id=2578","title":{"rendered":"Tiempos de Sal"},"content":{"rendered":"\n<div class=\"wp-block-media-text is-stacked-on-mobile is-vertically-aligned-top\"><figure class=\"wp-block-media-text__media\"><img decoding=\"async\" width=\"652\" height=\"347\" data-src=\"https:\/\/pedrocasiano.es\/wp-content\/uploads\/2024\/02\/15.jpg\" alt=\"\" class=\"wp-image-2579 size-full lazyload\" src=\"data:image\/svg+xml;base64,PHN2ZyB3aWR0aD0iMSIgaGVpZ2h0PSIxIiB4bWxucz0iaHR0cDovL3d3dy53My5vcmcvMjAwMC9zdmciPjwvc3ZnPg==\" style=\"--smush-placeholder-width: 652px; --smush-placeholder-aspect-ratio: 652\/347;\" \/><\/figure><div class=\"wp-block-media-text__content\">\n<p>Tiempos de sal<\/p>\n\n\n\n<p>De los de olvidar<\/p>\n\n\n\n<p>Vinieron como ladrones<\/p>\n\n\n\n<p>Vestidos de negro<\/p>\n\n\n\n<p>Como para robar<\/p>\n\n\n\n<p>Y se llevaron la vida<\/p>\n\n\n\n<p>La que sol\u00edamos andar<\/p>\n\n\n\n<p>Y nos trajeron<\/p>\n\n\n\n<p>Lugares fr\u00edos<\/p>\n\n\n\n<p>Fr\u00edos de soledad<\/p>\n\n\n\n<p>\u00bfD\u00f3nde est\u00e1 el alma?<\/p>\n\n\n\n<p>\u00bfD\u00f3nde su lugar?<\/p>\n\n\n\n<p>Se march\u00f3 el beso<\/p>\n\n\n\n<p>El abrazar<\/p>\n\n\n\n<p>La salida furtiva<\/p>\n\n\n\n<p>Para amar<\/p>\n\n\n\n<p>Quiz\u00e1s hasta para tocar<\/p>\n\n\n\n<p>Se nos fue<\/p>\n\n\n\n<p>Lo que ten\u00edamos<\/p>\n\n\n\n<p>Lo que olvidamos poseer<\/p>\n\n\n\n<p>Y lleg\u00f3 el fr\u00edo, la distancia, la soledad<\/p>\n\n\n\n<p>Vientos del norte<\/p>\n\n\n\n<p>Vientos de fr\u00edo de maldad<\/p>\n\n\n\n<p>Olas de hambre, de agon\u00eda<\/p>\n\n\n\n<p>De pobreza, de soledad<\/p>\n\n\n\n<p>\u00bfD\u00f3nde se fueron las risas?<\/p>\n\n\n\n<p>\u00bfLas podremos recuperar?<\/p>\n\n\n\n<p>Llora, t\u00fa que no conociste<\/p>\n\n\n\n<p>El vagar en compa\u00f1\u00eda<\/p>\n\n\n\n<p>Tan pegados, como se puede estar<\/p>\n\n\n\n<p>\u00bfd\u00f3nde estar\u00e1s alma m\u00eda,<\/p>\n\n\n\n<p>&nbsp;en estos d\u00edas de penurias,<\/p>\n\n\n\n<p>de soledad?<\/p>\n\n\n\n<p>\u00bfD\u00f3nde, alma m\u00eda?<\/p>\n<\/div><\/div>\n","protected":false},"excerpt":{"rendered":"<p>Tiempos de sal De los de olvidar Vinieron como ladrones Vestidos de negro Como para robar Y se llevaron la vida La que sol\u00edamos andar Y nos trajeron Lugares fr\u00edos Fr\u00edos de soledad \u00bfD\u00f3nde est\u00e1 el alma? \u00bfD\u00f3nde su lugar? Se march\u00f3 el beso El abrazar La salida furtiva Para amar Quiz\u00e1s hasta para tocar &hellip; <\/p>\n<p class=\"link-more\"><a href=\"https:\/\/pedrocasiano.es\/?page_id=2578\" class=\"more-link\">Leer m\u00e1s<span class=\"screen-reader-text\"> \u00abTiempos de Sal\u00bb<\/span><\/a><\/p>\n","protected":false},"author":1,"featured_media":0,"parent":0,"menu_order":0,"comment_status":"closed","ping_status":"closed","template":"","meta":{"inspiro_hide_title":false,"footnotes":""},"class_list":["post-2578","page","type-page","status-publish","hentry"],"featured_media_urls":[],"_links":{"self":[{"href":"https:\/\/pedrocasiano.es\/index.php?rest_route=\/wp\/v2\/pages\/2578","targetHints":{"allow":["GET"]}}],"collection":[{"href":"https:\/\/pedrocasiano.es\/index.php?rest_route=\/wp\/v2\/pages"}],"about":[{"href":"https:\/\/pedrocasiano.es\/index.php?rest_route=\/wp\/v2\/types\/page"}],"author":[{"embeddable":true,"href":"https:\/\/pedrocasiano.es\/index.php?rest_route=\/wp\/v2\/users\/1"}],"replies":[{"embeddable":true,"href":"https:\/\/pedrocasiano.es\/index.php?rest_route=%2Fwp%2Fv2%2Fcomments&post=2578"}],"version-history":[{"count":2,"href":"https:\/\/pedrocasiano.es\/index.php?rest_route=\/wp\/v2\/pages\/2578\/revisions"}],"predecessor-version":[{"id":10798,"href":"https:\/\/pedrocasiano.es\/index.php?rest_route=\/wp\/v2\/pages\/2578\/revisions\/10798"}],"wp:attachment":[{"href":"https:\/\/pedrocasiano.es\/index.php?rest_route=%2Fwp%2Fv2%2Fmedia&parent=2578"}],"curies":[{"name":"wp","href":"https:\/\/api.w.org\/{rel}","templated":true}]}}