{"id":2572,"date":"2024-02-21T08:45:01","date_gmt":"2024-02-21T08:45:01","guid":{"rendered":"https:\/\/pedrocasiano.es\/?page_id=2572"},"modified":"2024-02-21T08:45:01","modified_gmt":"2024-02-21T08:45:01","slug":"malos-tiempos","status":"publish","type":"page","link":"https:\/\/pedrocasiano.es\/?page_id=2572","title":{"rendered":"Malos Tiempos"},"content":{"rendered":"\n<div class=\"wp-block-media-text is-stacked-on-mobile is-vertically-aligned-top\"><figure class=\"wp-block-media-text__media\"><img decoding=\"async\" width=\"490\" height=\"306\" data-src=\"https:\/\/pedrocasiano.es\/wp-content\/uploads\/2024\/02\/13.jpg\" alt=\"\" class=\"wp-image-2573 size-full lazyload\" src=\"data:image\/svg+xml;base64,PHN2ZyB3aWR0aD0iMSIgaGVpZ2h0PSIxIiB4bWxucz0iaHR0cDovL3d3dy53My5vcmcvMjAwMC9zdmciPjwvc3ZnPg==\" style=\"--smush-placeholder-width: 490px; --smush-placeholder-aspect-ratio: 490\/306;\" \/><\/figure><div class=\"wp-block-media-text__content\">\n<p>Malos tiempos<\/p>\n\n\n\n<p>Los que nos toca vivir<\/p>\n\n\n\n<p>Los que vendr\u00e1n<\/p>\n\n\n\n<p>Los que dejaremos<\/p>\n\n\n\n<p>Por heredad<\/p>\n\n\n\n<p>Aunque imaginemos<\/p>\n\n\n\n<p>El futuro nos sorprender\u00e1<\/p>\n\n\n\n<p>Nuevos tiempos<\/p>\n\n\n\n<p>Nuevas formas<\/p>\n\n\n\n<p>Nada ser\u00e1 igual<\/p>\n\n\n\n<p>Hijos del hombre<\/p>\n\n\n\n<p>Hombres nada mas<\/p>\n\n\n\n<p>Detr\u00e1s de las m\u00e1scaras<\/p>\n\n\n\n<p>Blancos para matar<\/p>\n\n\n\n<p>Muertos, m\u00e1s muertos<\/p>\n\n\n\n<p>Nada igual nos parecer\u00e1<\/p>\n\n\n\n<p>Hablaremos de estos tiempos<\/p>\n\n\n\n<p>Los que los hemos vivido<\/p>\n\n\n\n<p>Y contado, contaremos<\/p>\n\n\n\n<p>Como si fabula fuera<\/p>\n\n\n\n<p>A los que han sobrevivido<\/p>\n\n\n\n<p>\u00bfQu\u00e9 ser\u00e1 de los dem\u00e1s?<\/p>\n\n\n\n<p>Moriremos apenas apunte<\/p>\n\n\n\n<p>En la melena la cana<\/p>\n\n\n\n<p>Y signo de muerte ser\u00e1<\/p>\n\n\n\n<p>\u00bfQue dejamos a nuestros hijos?<\/p>\n\n\n\n<p>\u00bfQu\u00e9 nos dejar\u00e1n?<\/p>\n\n\n\n<p>\u00bfQu\u00e9 futuro nos espera?<\/p>\n\n\n\n<p>\u00bfCu\u00e1l ser\u00e1 la realidad?<\/p>\n\n\n\n<p>Espantap\u00e1jaros blancos<\/p>\n\n\n\n<p>Vestidos de azul mar<\/p>\n\n\n\n<p>Navegaran por la vida<\/p>\n\n\n\n<p>Como si no hubiera nada m\u00e1s<\/p>\n\n\n\n<p>Mientras los gritos de hambre<\/p>\n\n\n\n<p>Del desesperar<\/p>\n\n\n\n<p>Recorrer\u00e1n la tierra<\/p>\n\n\n\n<p>Y los se\u00f1ores de la guerra<\/p>\n\n\n\n<p>De los que o\u00edmos hablar<\/p>\n\n\n\n<p>Ser\u00e1n tambi\u00e9n en tu tierra<\/p>\n\n\n\n<p>En tu casa, en tu ciudad<\/p>\n\n\n\n<p>Como castillo de naipes,<\/p>\n\n\n\n<p>Todo, poco a poco, caer\u00e1<\/p>\n\n\n\n<p>Y no creas que el ave f\u00e9nix<\/p>\n\n\n\n<p>De sus cenizas resurgir\u00e1<\/p>\n\n\n\n<p>\u00bfQu\u00e9 futuro nos espera?<\/p>\n\n\n\n<p>\u00bfC\u00f3mo nos atrapar\u00e1?<\/p>\n\n\n\n<p>Vientos de hambre y de muerte<\/p>\n\n\n\n<p>El mundo se acabar\u00e1<\/p>\n\n\n\n<p>No destruir\u00e1 a la burda humanidad<\/p>\n\n\n\n<p>Pero abrir\u00e1 una brecha<\/p>\n\n\n\n<p>Imposible de cerrar<\/p>\n\n\n\n<p>Jugamos a dioses de barro<\/p>\n\n\n\n<p>Y fuimos titanes al fin<\/p>\n\n\n\n<p>\u00bfy t\u00fa crees que permitir\u00e1n<\/p>\n\n\n\n<p>De nuevo su mandato<\/p>\n\n\n\n<p>De nuevo, su maldad?<\/p>\n\n\n\n<p>De seguro pasar\u00e1<\/p>\n\n\n\n<p>Como nos cuentan<\/p>\n\n\n\n<p>Antiguas canciones<\/p>\n\n\n\n<p>Que rayos del cielo<\/p>\n\n\n\n<p>Nos destruir\u00e1n<\/p>\n\n\n\n<p>O quiz\u00e1s no sea<\/p>\n\n\n\n<p>De esta manera tan brusca<\/p>\n\n\n\n<p>Si no, poco a poco<\/p>\n\n\n\n<p>Como si nada pasara<\/p>\n\n\n\n<p>Como si todo siguiera igual<\/p>\n\n\n\n<p>Y poco a poco<\/p>\n\n\n\n<p>De los titanes<\/p>\n\n\n\n<p>Nada, ni su recuerdo, quedar\u00e1.<\/p>\n<\/div><\/div>\n","protected":false},"excerpt":{"rendered":"<p>Malos tiempos Los que nos toca vivir Los que vendr\u00e1n Los que dejaremos Por heredad Aunque imaginemos El futuro nos sorprender\u00e1 Nuevos tiempos Nuevas formas Nada ser\u00e1 igual Hijos del hombre Hombres nada mas Detr\u00e1s de las m\u00e1scaras Blancos para matar Muertos, m\u00e1s muertos Nada igual nos parecer\u00e1 Hablaremos de estos tiempos Los que los &hellip; <\/p>\n<p class=\"link-more\"><a href=\"https:\/\/pedrocasiano.es\/?page_id=2572\" class=\"more-link\">Leer m\u00e1s<span class=\"screen-reader-text\"> \u00abMalos Tiempos\u00bb<\/span><\/a><\/p>\n","protected":false},"author":1,"featured_media":0,"parent":0,"menu_order":0,"comment_status":"closed","ping_status":"closed","template":"","meta":{"inspiro_hide_title":false,"footnotes":""},"class_list":["post-2572","page","type-page","status-publish","hentry"],"featured_media_urls":[],"_links":{"self":[{"href":"https:\/\/pedrocasiano.es\/index.php?rest_route=\/wp\/v2\/pages\/2572","targetHints":{"allow":["GET"]}}],"collection":[{"href":"https:\/\/pedrocasiano.es\/index.php?rest_route=\/wp\/v2\/pages"}],"about":[{"href":"https:\/\/pedrocasiano.es\/index.php?rest_route=\/wp\/v2\/types\/page"}],"author":[{"embeddable":true,"href":"https:\/\/pedrocasiano.es\/index.php?rest_route=\/wp\/v2\/users\/1"}],"replies":[{"embeddable":true,"href":"https:\/\/pedrocasiano.es\/index.php?rest_route=%2Fwp%2Fv2%2Fcomments&post=2572"}],"version-history":[{"count":2,"href":"https:\/\/pedrocasiano.es\/index.php?rest_route=\/wp\/v2\/pages\/2572\/revisions"}],"predecessor-version":[{"id":10541,"href":"https:\/\/pedrocasiano.es\/index.php?rest_route=\/wp\/v2\/pages\/2572\/revisions\/10541"}],"wp:attachment":[{"href":"https:\/\/pedrocasiano.es\/index.php?rest_route=%2Fwp%2Fv2%2Fmedia&parent=2572"}],"curies":[{"name":"wp","href":"https:\/\/api.w.org\/{rel}","templated":true}]}}