{"id":2566,"date":"2024-02-21T08:42:22","date_gmt":"2024-02-21T08:42:22","guid":{"rendered":"https:\/\/pedrocasiano.es\/?page_id=2566"},"modified":"2024-02-21T08:42:23","modified_gmt":"2024-02-21T08:42:23","slug":"te-veo-desfallecida","status":"publish","type":"page","link":"https:\/\/pedrocasiano.es\/?page_id=2566","title":{"rendered":"Te Veo, Desfallecida"},"content":{"rendered":"\n<div class=\"wp-block-media-text is-stacked-on-mobile is-vertically-aligned-top\"><figure class=\"wp-block-media-text__media\"><img decoding=\"async\" width=\"563\" height=\"396\" data-src=\"https:\/\/pedrocasiano.es\/wp-content\/uploads\/2024\/02\/11.jpg\" alt=\"\" class=\"wp-image-2567 size-full lazyload\" src=\"data:image\/svg+xml;base64,PHN2ZyB3aWR0aD0iMSIgaGVpZ2h0PSIxIiB4bWxucz0iaHR0cDovL3d3dy53My5vcmcvMjAwMC9zdmciPjwvc3ZnPg==\" style=\"--smush-placeholder-width: 563px; --smush-placeholder-aspect-ratio: 563\/396;\" \/><\/figure><div class=\"wp-block-media-text__content\">\n<p>Te veo, desfallecida<\/p>\n\n\n\n<p>Entre las sabanas<\/p>\n\n\n\n<p>Cansada, ah\u00edta de amor<\/p>\n\n\n\n<p>De caricias<\/p>\n\n\n\n<p>De placer<\/p>\n\n\n\n<p>De gritos orgasmados<\/p>\n\n\n\n<p>Y yo a\u00fan tengo ganas.<\/p>\n\n\n\n<p>Duermes tus veinte a\u00f1os<\/p>\n\n\n\n<p>Que yo olvide hace tiempo,<\/p>\n\n\n\n<p>Y dudabas, lo es y lo siento<\/p>\n\n\n\n<p>Que pudiera satisfacer tus ansias.<\/p>\n\n\n\n<p>Y me probaste mujer<\/p>\n\n\n\n<p>Pues tu casta de hembra lo ped\u00eda<\/p>\n\n\n\n<p>Y me sumerg\u00ed en tus profundidades,<\/p>\n\n\n\n<p>Nad\u00e9 en tus humedades<\/p>\n\n\n\n<p>Y levante olas de espuma y caireles<\/p>\n\n\n\n<p>Entre los malecones de tu puerto,<\/p>\n\n\n\n<p>Y me sumerg\u00ed, dentro, muy dentro<\/p>\n\n\n\n<p>Y busque la perla de tus mares<\/p>\n\n\n\n<p>Y la encontr\u00e9<\/p>\n\n\n\n<p>Ese min\u00fasculo tesoro<\/p>\n\n\n\n<p>Que bese con la fruici\u00f3n<\/p>\n\n\n\n<p>Del que te ama<\/p>\n\n\n\n<p>Lo moj\u00e9, lo acarici\u00e9,<\/p>\n\n\n\n<p>Le di mimos y agasajos.<\/p>\n\n\n\n<p>Y te volviste loca<\/p>\n\n\n\n<p>Gritaste al viento<\/p>\n\n\n\n<p>Al cielo, a todos lados<\/p>\n\n\n\n<p>Me arrancaste el cabello<\/p>\n\n\n\n<p>De mesaste con locura el pelo,<\/p>\n\n\n\n<p>Y quisiste asfixiarme, con tu placer desmedido.<\/p>\n\n\n\n<p>Me deje llevar, porque quisiste<\/p>\n\n\n\n<p>Casi aplastas mi rostro en tu \u00e9xtasis<\/p>\n\n\n\n<p>Y cansada de placer, aun enervada<\/p>\n\n\n\n<p>Te asombraste.<\/p>\n\n\n\n<p>Cuando a tu puerta<\/p>\n\n\n\n<p>Llamo el viejo guerrero,<\/p>\n\n\n\n<p>Corpulento, grande y fuerte.<\/p>\n\n\n\n<p>Entr\u00f3 aun cuando cansada estabas<\/p>\n\n\n\n<p>Y asombrada contemplaste como en ti se perd\u00eda<\/p>\n\n\n\n<p>Dentro, tan dentro, que desaparec\u00eda<\/p>\n\n\n\n<p>Y de nuevo al cielo te llevaba, no una vez<\/p>\n\n\n\n<p>Sino cientos, y me mojaste,<\/p>\n\n\n\n<p>Me ahogaste, y en justa medida<\/p>\n\n\n\n<p>Llen\u00e9 de amor tus cavidades.<\/p>\n\n\n\n<p>Y derrotada te veo en tu belleza<\/p>\n\n\n\n<p>Desmadejada sobre la cama<\/p>\n\n\n\n<p>Y aqu\u00ed est\u00e1 tu viejo amante<\/p>\n\n\n\n<p>Que a\u00fan se queda, de tenerte, con m\u00e1s ganas<\/p>\n<\/div><\/div>\n","protected":false},"excerpt":{"rendered":"<p>Te veo, desfallecida Entre las sabanas Cansada, ah\u00edta de amor De caricias De placer De gritos orgasmados Y yo a\u00fan tengo ganas. Duermes tus veinte a\u00f1os Que yo olvide hace tiempo, Y dudabas, lo es y lo siento Que pudiera satisfacer tus ansias. Y me probaste mujer Pues tu casta de hembra lo ped\u00eda Y &hellip; <\/p>\n<p class=\"link-more\"><a href=\"https:\/\/pedrocasiano.es\/?page_id=2566\" class=\"more-link\">Leer m\u00e1s<span class=\"screen-reader-text\"> \u00abTe Veo, Desfallecida\u00bb<\/span><\/a><\/p>\n","protected":false},"author":1,"featured_media":0,"parent":0,"menu_order":0,"comment_status":"closed","ping_status":"closed","template":"","meta":{"inspiro_hide_title":false,"footnotes":""},"class_list":["post-2566","page","type-page","status-publish","hentry"],"featured_media_urls":[],"_links":{"self":[{"href":"https:\/\/pedrocasiano.es\/index.php?rest_route=\/wp\/v2\/pages\/2566","targetHints":{"allow":["GET"]}}],"collection":[{"href":"https:\/\/pedrocasiano.es\/index.php?rest_route=\/wp\/v2\/pages"}],"about":[{"href":"https:\/\/pedrocasiano.es\/index.php?rest_route=\/wp\/v2\/types\/page"}],"author":[{"embeddable":true,"href":"https:\/\/pedrocasiano.es\/index.php?rest_route=\/wp\/v2\/users\/1"}],"replies":[{"embeddable":true,"href":"https:\/\/pedrocasiano.es\/index.php?rest_route=%2Fwp%2Fv2%2Fcomments&post=2566"}],"version-history":[{"count":2,"href":"https:\/\/pedrocasiano.es\/index.php?rest_route=\/wp\/v2\/pages\/2566\/revisions"}],"predecessor-version":[{"id":10791,"href":"https:\/\/pedrocasiano.es\/index.php?rest_route=\/wp\/v2\/pages\/2566\/revisions\/10791"}],"wp:attachment":[{"href":"https:\/\/pedrocasiano.es\/index.php?rest_route=%2Fwp%2Fv2%2Fmedia&parent=2566"}],"curies":[{"name":"wp","href":"https:\/\/api.w.org\/{rel}","templated":true}]}}