{"id":2553,"date":"2024-02-21T08:35:19","date_gmt":"2024-02-21T08:35:19","guid":{"rendered":"https:\/\/pedrocasiano.es\/?page_id=2553"},"modified":"2024-02-21T08:35:20","modified_gmt":"2024-02-21T08:35:20","slug":"leias","status":"publish","type":"page","link":"https:\/\/pedrocasiano.es\/?page_id=2553","title":{"rendered":"Le\u00edas"},"content":{"rendered":"\n<div class=\"wp-block-media-text is-stacked-on-mobile is-vertically-aligned-top\"><figure class=\"wp-block-media-text__media\"><img decoding=\"async\" width=\"535\" height=\"596\" data-src=\"https:\/\/pedrocasiano.es\/wp-content\/uploads\/2024\/02\/7.jpg\" alt=\"\" class=\"wp-image-2555 size-full lazyload\" src=\"data:image\/svg+xml;base64,PHN2ZyB3aWR0aD0iMSIgaGVpZ2h0PSIxIiB4bWxucz0iaHR0cDovL3d3dy53My5vcmcvMjAwMC9zdmciPjwvc3ZnPg==\" style=\"--smush-placeholder-width: 535px; --smush-placeholder-aspect-ratio: 535\/596;\" \/><\/figure><div class=\"wp-block-media-text__content\">\n<p>Le\u00edas<\/p>\n\n\n\n<p>En la atardecida<\/p>\n\n\n\n<p>Cuando el sol abandona<\/p>\n\n\n\n<p>La vida<\/p>\n\n\n\n<p>Pendientes de plata<\/p>\n\n\n\n<p>De oro blanco<\/p>\n\n\n\n<p>De vida<\/p>\n\n\n\n<p>Cara seria, de mujer divina<\/p>\n\n\n\n<p>Inclinada sobre el libro<\/p>\n\n\n\n<p>Y detr\u00e1s, las chillonas gaviotas<\/p>\n\n\n\n<p>El puerto, en la lejan\u00eda<\/p>\n\n\n\n<p>Y el malec\u00f3n que defiende<\/p>\n\n\n\n<p>Tu vestido blanco<\/p>\n\n\n\n<p>Del mar en su derrota<\/p>\n\n\n\n<p>Cabello rubio<\/p>\n\n\n\n<p>Que cae en mech\u00f3n<\/p>\n\n\n\n<p>Sobre tu hombro,<\/p>\n\n\n\n<p>Belleza<\/p>\n\n\n\n<p>Amor infinito<\/p>\n\n\n\n<p>Belleza,<\/p>\n\n\n\n<p>Y tus labios que al leer,<\/p>\n\n\n\n<p>Aunque lo niegues,<\/p>\n\n\n\n<p>Se mueven al son de las palabras<\/p>\n\n\n\n<p>La luz, que tras de ti<\/p>\n\n\n\n<p>Como aureola<\/p>\n\n\n\n<p>Se enreda en el rubio de tus cabellos<\/p>\n\n\n\n<p>Dando oro al aire,<\/p>\n\n\n\n<p>Belleza<\/p>\n\n\n\n<p>Y la calma, la serenidad<\/p>\n\n\n\n<p>De mi alma<\/p>\n\n\n\n<p>Al contemplarte<\/p>\n\n\n\n<p>A\u00fan con gaviotas,<\/p>\n\n\n\n<p>Con el lejano puerto<\/p>\n\n\n\n<p>Con la sirena del barco<\/p>\n\n\n\n<p>Que lo abandona o llega<\/p>\n\n\n\n<p>Belleza, solo, en todo<\/p>\n\n\n\n<p>Quedas t\u00fa, belleza<\/p>\n\n\n\n<p>Leyendo un libro<\/p>\n\n\n\n<p>En el malec\u00f3n del puerto<\/p>\n\n\n\n<p>Que defiende tu blanco vestido,<\/p>\n\n\n\n<p>Tu sobrenatural belleza.<\/p>\n<\/div><\/div>\n","protected":false},"excerpt":{"rendered":"<p>Le\u00edas En la atardecida Cuando el sol abandona La vida Pendientes de plata De oro blanco De vida Cara seria, de mujer divina Inclinada sobre el libro Y detr\u00e1s, las chillonas gaviotas El puerto, en la lejan\u00eda Y el malec\u00f3n que defiende Tu vestido blanco Del mar en su derrota Cabello rubio Que cae en &hellip; <\/p>\n<p class=\"link-more\"><a href=\"https:\/\/pedrocasiano.es\/?page_id=2553\" class=\"more-link\">Leer m\u00e1s<span class=\"screen-reader-text\"> \u00abLe\u00edas\u00bb<\/span><\/a><\/p>\n","protected":false},"author":1,"featured_media":0,"parent":0,"menu_order":0,"comment_status":"closed","ping_status":"closed","template":"","meta":{"inspiro_hide_title":false,"footnotes":""},"class_list":["post-2553","page","type-page","status-publish","hentry"],"featured_media_urls":[],"_links":{"self":[{"href":"https:\/\/pedrocasiano.es\/index.php?rest_route=\/wp\/v2\/pages\/2553","targetHints":{"allow":["GET"]}}],"collection":[{"href":"https:\/\/pedrocasiano.es\/index.php?rest_route=\/wp\/v2\/pages"}],"about":[{"href":"https:\/\/pedrocasiano.es\/index.php?rest_route=\/wp\/v2\/types\/page"}],"author":[{"embeddable":true,"href":"https:\/\/pedrocasiano.es\/index.php?rest_route=\/wp\/v2\/users\/1"}],"replies":[{"embeddable":true,"href":"https:\/\/pedrocasiano.es\/index.php?rest_route=%2Fwp%2Fv2%2Fcomments&post=2553"}],"version-history":[{"count":2,"href":"https:\/\/pedrocasiano.es\/index.php?rest_route=\/wp\/v2\/pages\/2553\/revisions"}],"predecessor-version":[{"id":10506,"href":"https:\/\/pedrocasiano.es\/index.php?rest_route=\/wp\/v2\/pages\/2553\/revisions\/10506"}],"wp:attachment":[{"href":"https:\/\/pedrocasiano.es\/index.php?rest_route=%2Fwp%2Fv2%2Fmedia&parent=2553"}],"curies":[{"name":"wp","href":"https:\/\/api.w.org\/{rel}","templated":true}]}}