{"id":2550,"date":"2024-02-21T08:32:32","date_gmt":"2024-02-21T08:32:32","guid":{"rendered":"https:\/\/pedrocasiano.es\/?page_id=2550"},"modified":"2024-02-21T08:32:33","modified_gmt":"2024-02-21T08:32:33","slug":"son-tantos-los-anos-pasados","status":"publish","type":"page","link":"https:\/\/pedrocasiano.es\/?page_id=2550","title":{"rendered":"Son Tantos los A\u00f1os Pasados"},"content":{"rendered":"\n<div class=\"wp-block-media-text is-stacked-on-mobile is-vertically-aligned-top\"><figure class=\"wp-block-media-text__media\"><img decoding=\"async\" width=\"565\" height=\"378\" data-src=\"https:\/\/pedrocasiano.es\/wp-content\/uploads\/2024\/02\/6.jpg\" alt=\"\" class=\"wp-image-2551 size-full lazyload\" src=\"data:image\/svg+xml;base64,PHN2ZyB3aWR0aD0iMSIgaGVpZ2h0PSIxIiB4bWxucz0iaHR0cDovL3d3dy53My5vcmcvMjAwMC9zdmciPjwvc3ZnPg==\" style=\"--smush-placeholder-width: 565px; --smush-placeholder-aspect-ratio: 565\/378;\" \/><\/figure><div class=\"wp-block-media-text__content\">\n<p>Son tantos los a\u00f1os pasados<\/p>\n\n\n\n<p>Aqu\u00ed, navegando<\/p>\n\n\n\n<p>Sobre mi cuerpo ya ajado<\/p>\n\n\n\n<p>Poderoso en otros tiempos<\/p>\n\n\n\n<p>Ahora, m\u00e1s que nada, cansado<\/p>\n\n\n\n<p>Son horas, tiempos de despedida<\/p>\n\n\n\n<p>Pero que quedas<\/p>\n\n\n\n<p>Por no abandonar<\/p>\n\n\n\n<p>A los que a pesar de todo<\/p>\n\n\n\n<p>Desean continuar<\/p>\n\n\n\n<p>Pobres de vosotros, hermanos<\/p>\n\n\n\n<p>Si a las fechas en que vivo<\/p>\n\n\n\n<p>Y con los tiempos perdidos<\/p>\n\n\n\n<p>No ech\u00e1is la mirada atr\u00e1s<\/p>\n\n\n\n<p>Y pens\u00e1is que no hab\u00e9is cumplido<\/p>\n\n\n\n<p>Yo, satisfecho estoy,<\/p>\n\n\n\n<p>He sido de todo, o casi.<\/p>\n\n\n\n<p>Lo que me he propuesto,<\/p>\n\n\n\n<p>Y lo he conseguido,<\/p>\n\n\n\n<p>Aunque la vida<\/p>\n\n\n\n<p>Se haya ido<\/p>\n\n\n\n<p>Haciendo el camino.<\/p>\n\n\n\n<p>He tenido entre mis brazos<\/p>\n\n\n\n<p>La belleza de lo m\u00e1s querido<\/p>\n\n\n\n<p>He sentido en mi cuerpo,<\/p>\n\n\n\n<p>Las caricias inmerecidas<\/p>\n\n\n\n<p>De mi amante,<\/p>\n\n\n\n<p>De mi querida<\/p>\n\n\n\n<p>He acariciado a mis hijos<\/p>\n\n\n\n<p>Apenas nacidos,<\/p>\n\n\n\n<p>He narrado mi vida<\/p>\n\n\n\n<p>He contado, incluso<\/p>\n\n\n\n<p>Hasta mis pasos perdidos<\/p>\n\n\n\n<p>Y lo que me guardo,<\/p>\n\n\n\n<p>Que callo,<\/p>\n\n\n\n<p>Pero que tambi\u00e9n<\/p>\n\n\n\n<p>Me ha marcado<\/p>\n\n\n\n<p>Porque tambi\u00e9n<\/p>\n\n\n\n<p>Lo he vivido.<\/p>\n\n\n\n<p>A\u00fan tengo la fuerza,<\/p>\n\n\n\n<p>La de un toro herido<\/p>\n\n\n\n<p>La del le\u00f3n<\/p>\n\n\n\n<p>De melena encanecida<\/p>\n\n\n\n<p>Aun no se acerquen las hienas<\/p>\n\n\n\n<p>Cuidado buitres en bandada<\/p>\n\n\n\n<p>Todav\u00eda el cansado cad\u00e1ver<\/p>\n\n\n\n<p>Os guarda,<\/p>\n\n\n\n<p>El \u00faltimo aliento<\/p>\n\n\n\n<p>Para no marchar solo<\/p>\n\n\n\n<p>Por el vac\u00edo desierto.<\/p>\n<\/div><\/div>\n","protected":false},"excerpt":{"rendered":"<p>Son tantos los a\u00f1os pasados Aqu\u00ed, navegando Sobre mi cuerpo ya ajado Poderoso en otros tiempos Ahora, m\u00e1s que nada, cansado Son horas, tiempos de despedida Pero que quedas Por no abandonar A los que a pesar de todo Desean continuar Pobres de vosotros, hermanos Si a las fechas en que vivo Y con los &hellip; <\/p>\n<p class=\"link-more\"><a href=\"https:\/\/pedrocasiano.es\/?page_id=2550\" class=\"more-link\">Leer m\u00e1s<span class=\"screen-reader-text\"> \u00abSon Tantos los A\u00f1os Pasados\u00bb<\/span><\/a><\/p>\n","protected":false},"author":1,"featured_media":0,"parent":0,"menu_order":0,"comment_status":"closed","ping_status":"closed","template":"","meta":{"inspiro_hide_title":false,"footnotes":""},"class_list":["post-2550","page","type-page","status-publish","hentry"],"featured_media_urls":[],"_links":{"self":[{"href":"https:\/\/pedrocasiano.es\/index.php?rest_route=\/wp\/v2\/pages\/2550","targetHints":{"allow":["GET"]}}],"collection":[{"href":"https:\/\/pedrocasiano.es\/index.php?rest_route=\/wp\/v2\/pages"}],"about":[{"href":"https:\/\/pedrocasiano.es\/index.php?rest_route=\/wp\/v2\/types\/page"}],"author":[{"embeddable":true,"href":"https:\/\/pedrocasiano.es\/index.php?rest_route=\/wp\/v2\/users\/1"}],"replies":[{"embeddable":true,"href":"https:\/\/pedrocasiano.es\/index.php?rest_route=%2Fwp%2Fv2%2Fcomments&post=2550"}],"version-history":[{"count":2,"href":"https:\/\/pedrocasiano.es\/index.php?rest_route=\/wp\/v2\/pages\/2550\/revisions"}],"predecessor-version":[{"id":10758,"href":"https:\/\/pedrocasiano.es\/index.php?rest_route=\/wp\/v2\/pages\/2550\/revisions\/10758"}],"wp:attachment":[{"href":"https:\/\/pedrocasiano.es\/index.php?rest_route=%2Fwp%2Fv2%2Fmedia&parent=2550"}],"curies":[{"name":"wp","href":"https:\/\/api.w.org\/{rel}","templated":true}]}}