{"id":2544,"date":"2024-02-21T08:29:28","date_gmt":"2024-02-21T08:29:28","guid":{"rendered":"https:\/\/pedrocasiano.es\/?page_id=2544"},"modified":"2024-02-21T08:29:29","modified_gmt":"2024-02-21T08:29:29","slug":"dejame-mujer-libar","status":"publish","type":"page","link":"https:\/\/pedrocasiano.es\/?page_id=2544","title":{"rendered":"D\u00e9jame Mujer Libar"},"content":{"rendered":"\n<div class=\"wp-block-media-text is-stacked-on-mobile is-vertically-aligned-top\"><figure class=\"wp-block-media-text__media\"><img decoding=\"async\" width=\"564\" height=\"454\" data-src=\"https:\/\/pedrocasiano.es\/wp-content\/uploads\/2024\/02\/4.jpg\" alt=\"\" class=\"wp-image-2545 size-full lazyload\" src=\"data:image\/svg+xml;base64,PHN2ZyB3aWR0aD0iMSIgaGVpZ2h0PSIxIiB4bWxucz0iaHR0cDovL3d3dy53My5vcmcvMjAwMC9zdmciPjwvc3ZnPg==\" style=\"--smush-placeholder-width: 564px; --smush-placeholder-aspect-ratio: 564\/454;\" \/><\/figure><div class=\"wp-block-media-text__content\">\n<p>D\u00e9jame mujer libar<\/p>\n\n\n\n<p>De tu roja copa,<\/p>\n\n\n\n<p>De saborear tu humedad<\/p>\n\n\n\n<p>De acariciar el tesoro<\/p>\n\n\n\n<p>De la felicidad.<\/p>\n\n\n\n<p>D\u00e9jame atesorar dentro de mi<\/p>\n\n\n\n<p>el zumo de tu amor<\/p>\n\n\n\n<p>y subir mi boca,<\/p>\n\n\n\n<p>paladear con mi lengua tu monte<\/p>\n\n\n\n<p>de hierba reci\u00e9n cortada<\/p>\n\n\n\n<p>tu ombligo, trampa de mi recorrido<\/p>\n\n\n\n<p>y llegar a tu pecho<\/p>\n\n\n\n<p>y coronar en saliva sus altas cumbres,<\/p>\n\n\n\n<p>holgazanear en tu cuello<\/p>\n\n\n\n<p>y dejar en tu boca, con mi lengua,<\/p>\n\n\n\n<p>tu propio sabor, y sentir, como tus dientes<\/p>\n\n\n\n<p>se cierran sobre ella,<\/p>\n\n\n\n<p>como si quisieran atraparla para siempre,<\/p>\n\n\n\n<p>y mi cuerpo, llama a la puerta del tuyo<\/p>\n\n\n\n<p>abierto, tan abierto, que la humedad<\/p>\n\n\n\n<p>moja todo su derredor,<\/p>\n\n\n\n<p>y empujo abriendo sin dolor<\/p>\n\n\n\n<p>lo que parec\u00eda imposible que cupiera,<\/p>\n\n\n\n<p>pero no puedo evitarlo<\/p>\n\n\n\n<p>como si fuera fiera, aprieta,<\/p>\n\n\n\n<p>dentro de tus entra\u00f1as,<\/p>\n\n\n\n<p>como si atravesarte quisiera,<\/p>\n\n\n\n<p>y cierras los ojos a mi envite,<\/p>\n\n\n\n<p>y a m\u00ed el cuello se me cierra<\/p>\n\n\n\n<p>de deseo, y aprieto,<\/p>\n\n\n\n<p>A punto de reventar te veo,<\/p>\n\n\n\n<p>con las venas hinchadas,<\/p>\n\n\n\n<p>tu cuello casi estalla<\/p>\n\n\n\n<p>y tus u\u00f1as me atraviesan,<\/p>\n\n\n\n<p>La cara prieta y los ojos cerrados,<\/p>\n\n\n\n<p>Y como si fuera un yunque de placer<\/p>\n\n\n\n<p>Tu cuerpo aprieta, con tanta fuerza,<\/p>\n\n\n\n<p>Con tanta rapidez y tes\u00f3n,<\/p>\n\n\n\n<p>Que quiere decirme, que lleg\u00f3<\/p>\n\n\n\n<p>Que ya lleg\u00f3.<\/p>\n\n\n\n<p>Y me dejo llevar por tu locura<\/p>\n\n\n\n<p>Me derramo en ti, copa divina<\/p>\n\n\n\n<p>Mientras oigo tu boca respirar con dificultad<\/p>\n\n\n\n<p>E intentas ocultar el jadeo<\/p>\n\n\n\n<p>Y separar tus manos,<\/p>\n\n\n\n<p>Las u\u00f1as que me han ara\u00f1ado,<\/p>\n\n\n\n<p>Sonr\u00edo y te beso,<\/p>\n\n\n\n<p>Los labios hinchados,<\/p>\n\n\n\n<p>Los ojos cerrados, y una sonrisa,<\/p>\n\n\n\n<p>Un movimiento, que me susurra,<\/p>\n\n\n\n<p>Me canta, en mi carne en ti enfundada,<\/p>\n\n\n\n<p>Que tu sexo, de nuevo,<\/p>\n\n\n\n<p>Listo est\u00e1 para que te ame.<\/p>\n<\/div><\/div>\n","protected":false},"excerpt":{"rendered":"<p>D\u00e9jame mujer libar De tu roja copa, De saborear tu humedad De acariciar el tesoro De la felicidad. D\u00e9jame atesorar dentro de mi el zumo de tu amor y subir mi boca, paladear con mi lengua tu monte de hierba reci\u00e9n cortada tu ombligo, trampa de mi recorrido y llegar a tu pecho y coronar &hellip; <\/p>\n<p class=\"link-more\"><a href=\"https:\/\/pedrocasiano.es\/?page_id=2544\" class=\"more-link\">Leer m\u00e1s<span class=\"screen-reader-text\"> \u00abD\u00e9jame Mujer Libar\u00bb<\/span><\/a><\/p>\n","protected":false},"author":1,"featured_media":0,"parent":0,"menu_order":0,"comment_status":"closed","ping_status":"closed","template":"","meta":{"inspiro_hide_title":false,"footnotes":""},"class_list":["post-2544","page","type-page","status-publish","hentry"],"featured_media_urls":[],"_links":{"self":[{"href":"https:\/\/pedrocasiano.es\/index.php?rest_route=\/wp\/v2\/pages\/2544","targetHints":{"allow":["GET"]}}],"collection":[{"href":"https:\/\/pedrocasiano.es\/index.php?rest_route=\/wp\/v2\/pages"}],"about":[{"href":"https:\/\/pedrocasiano.es\/index.php?rest_route=\/wp\/v2\/types\/page"}],"author":[{"embeddable":true,"href":"https:\/\/pedrocasiano.es\/index.php?rest_route=\/wp\/v2\/users\/1"}],"replies":[{"embeddable":true,"href":"https:\/\/pedrocasiano.es\/index.php?rest_route=%2Fwp%2Fv2%2Fcomments&post=2544"}],"version-history":[{"count":2,"href":"https:\/\/pedrocasiano.es\/index.php?rest_route=\/wp\/v2\/pages\/2544\/revisions"}],"predecessor-version":[{"id":10285,"href":"https:\/\/pedrocasiano.es\/index.php?rest_route=\/wp\/v2\/pages\/2544\/revisions\/10285"}],"wp:attachment":[{"href":"https:\/\/pedrocasiano.es\/index.php?rest_route=%2Fwp%2Fv2%2Fmedia&parent=2544"}],"curies":[{"name":"wp","href":"https:\/\/api.w.org\/{rel}","templated":true}]}}