{"id":2541,"date":"2024-02-21T08:26:56","date_gmt":"2024-02-21T08:26:56","guid":{"rendered":"https:\/\/pedrocasiano.es\/?page_id=2541"},"modified":"2024-02-21T08:26:56","modified_gmt":"2024-02-21T08:26:56","slug":"suenas-que-sonaste-un-dia","status":"publish","type":"page","link":"https:\/\/pedrocasiano.es\/?page_id=2541","title":{"rendered":"Sue\u00f1as que So\u00f1aste un D\u00eda"},"content":{"rendered":"\n<div class=\"wp-block-media-text is-stacked-on-mobile is-vertically-aligned-top\"><figure class=\"wp-block-media-text__media\"><img decoding=\"async\" width=\"563\" height=\"729\" data-src=\"https:\/\/pedrocasiano.es\/wp-content\/uploads\/2024\/02\/3.jpg\" alt=\"\" class=\"wp-image-2542 size-full lazyload\" src=\"data:image\/svg+xml;base64,PHN2ZyB3aWR0aD0iMSIgaGVpZ2h0PSIxIiB4bWxucz0iaHR0cDovL3d3dy53My5vcmcvMjAwMC9zdmciPjwvc3ZnPg==\" style=\"--smush-placeholder-width: 563px; --smush-placeholder-aspect-ratio: 563\/729;\" \/><\/figure><div class=\"wp-block-media-text__content\">\n<p>Sue\u00f1as que so\u00f1aste un d\u00eda<\/p>\n\n\n\n<p>Que te jure, alma m\u00eda<\/p>\n\n\n\n<p>Que nunca te abandonar\u00eda<\/p>\n\n\n\n<p>No quiero decirte, mir\u00e1ndote sin que me sepas<\/p>\n\n\n\n<p>Que es lo que me lleva a perder tu mirada<\/p>\n\n\n\n<p>La que so\u00f1\u00e9, la que sue\u00f1o todos los d\u00edas<\/p>\n\n\n\n<p>Lloro con toda mi estatura, sin cesar<\/p>\n\n\n\n<p>Porque ser\u00e1s de otro, y ya no ser\u00e1s m\u00eda<\/p>\n\n\n\n<p>Mi coraz\u00f3n no quiere latir de dolor<\/p>\n\n\n\n<p>Y mi alma ennegrecida, ahora que te veo,<\/p>\n\n\n\n<p>Ni tan siquiera te mira.<\/p>\n\n\n\n<p>Pero te pido un favor, alma m\u00eda<\/p>\n\n\n\n<p>Quiero ver esa sonrisa<\/p>\n\n\n\n<p>Y que, de nuevo, acaricie el d\u00eda<\/p>\n\n\n\n<p>T\u00fa no tienes la culpa<\/p>\n\n\n\n<p>De mis desventuras<\/p>\n\n\n\n<p>De mi destino cambiado<\/p>\n\n\n\n<p>Al paso de las monedas<\/p>\n\n\n\n<p>De las que da un casamiento<\/p>\n\n\n\n<p>Sea o no consentido<\/p>\n\n\n\n<p>Y te quedas sola, y mi alma duele<\/p>\n\n\n\n<p>&nbsp;como la m\u00e1s cruel herida<\/p>\n\n\n\n<p>Que si tu quedas varada en el dolor,<\/p>\n\n\n\n<p>Que sepas alma m\u00eda,<\/p>\n\n\n\n<p>Que mor\u00ed el d\u00eda<\/p>\n\n\n\n<p>Que te dej\u00e9 sin sonrisa.<\/p>\n\n\n\n<p>Adi\u00f3s mi amor eterno<\/p>\n\n\n\n<p>Espero que alg\u00fan d\u00eda<\/p>\n\n\n\n<p>&nbsp;llegue tu verano<\/p>\n\n\n\n<p>Quiz\u00e1s tu primavera<\/p>\n\n\n\n<p>Pero, mi amor eterno,<\/p>\n\n\n\n<p>Te juro, por mi alma herida<\/p>\n\n\n\n<p>Que, para m\u00ed, desde ahora<\/p>\n\n\n\n<p>Mi vida, ser\u00e1 solo invierno.<\/p>\n<\/div><\/div>\n","protected":false},"excerpt":{"rendered":"<p>Sue\u00f1as que so\u00f1aste un d\u00eda Que te jure, alma m\u00eda Que nunca te abandonar\u00eda No quiero decirte, mir\u00e1ndote sin que me sepas Que es lo que me lleva a perder tu mirada La que so\u00f1\u00e9, la que sue\u00f1o todos los d\u00edas Lloro con toda mi estatura, sin cesar Porque ser\u00e1s de otro, y ya no &hellip; <\/p>\n<p class=\"link-more\"><a href=\"https:\/\/pedrocasiano.es\/?page_id=2541\" class=\"more-link\">Leer m\u00e1s<span class=\"screen-reader-text\"> \u00abSue\u00f1as que So\u00f1aste un D\u00eda\u00bb<\/span><\/a><\/p>\n","protected":false},"author":1,"featured_media":0,"parent":0,"menu_order":0,"comment_status":"closed","ping_status":"closed","template":"","meta":{"inspiro_hide_title":false,"footnotes":""},"class_list":["post-2541","page","type-page","status-publish","hentry"],"featured_media_urls":[],"_links":{"self":[{"href":"https:\/\/pedrocasiano.es\/index.php?rest_route=\/wp\/v2\/pages\/2541","targetHints":{"allow":["GET"]}}],"collection":[{"href":"https:\/\/pedrocasiano.es\/index.php?rest_route=\/wp\/v2\/pages"}],"about":[{"href":"https:\/\/pedrocasiano.es\/index.php?rest_route=\/wp\/v2\/types\/page"}],"author":[{"embeddable":true,"href":"https:\/\/pedrocasiano.es\/index.php?rest_route=\/wp\/v2\/users\/1"}],"replies":[{"embeddable":true,"href":"https:\/\/pedrocasiano.es\/index.php?rest_route=%2Fwp%2Fv2%2Fcomments&post=2541"}],"version-history":[{"count":2,"href":"https:\/\/pedrocasiano.es\/index.php?rest_route=\/wp\/v2\/pages\/2541\/revisions"}],"predecessor-version":[{"id":10768,"href":"https:\/\/pedrocasiano.es\/index.php?rest_route=\/wp\/v2\/pages\/2541\/revisions\/10768"}],"wp:attachment":[{"href":"https:\/\/pedrocasiano.es\/index.php?rest_route=%2Fwp%2Fv2%2Fmedia&parent=2541"}],"curies":[{"name":"wp","href":"https:\/\/api.w.org\/{rel}","templated":true}]}}