{"id":2538,"date":"2024-02-21T08:24:33","date_gmt":"2024-02-21T08:24:33","guid":{"rendered":"https:\/\/pedrocasiano.es\/?page_id=2538"},"modified":"2024-02-21T08:24:34","modified_gmt":"2024-02-21T08:24:34","slug":"entre-las-flores","status":"publish","type":"page","link":"https:\/\/pedrocasiano.es\/?page_id=2538","title":{"rendered":"Entre las Flores"},"content":{"rendered":"\n<div class=\"wp-block-media-text is-stacked-on-mobile is-vertically-aligned-top\"><figure class=\"wp-block-media-text__media\"><img decoding=\"async\" width=\"400\" height=\"616\" data-src=\"https:\/\/pedrocasiano.es\/wp-content\/uploads\/2024\/02\/2.jpg\" alt=\"\" class=\"wp-image-2539 size-full lazyload\" src=\"data:image\/svg+xml;base64,PHN2ZyB3aWR0aD0iMSIgaGVpZ2h0PSIxIiB4bWxucz0iaHR0cDovL3d3dy53My5vcmcvMjAwMC9zdmciPjwvc3ZnPg==\" style=\"--smush-placeholder-width: 400px; --smush-placeholder-aspect-ratio: 400\/616;\" \/><\/figure><div class=\"wp-block-media-text__content\">\n<p>Entre las flores<\/p>\n\n\n\n<p>La m\u00e1s bella de ellas<\/p>\n\n\n\n<p>Sonr\u00ede, agachando su mirada<\/p>\n\n\n\n<p>Recoge las piernas<\/p>\n\n\n\n<p>Y se las abraza<\/p>\n\n\n\n<p>Sonr\u00ede a la nada<\/p>\n\n\n\n<p>La bella m\u00e1s bella,<\/p>\n\n\n\n<p>De entre todas las flores<\/p>\n\n\n\n<p>Sonr\u00ede, con la sonrisa del alma<\/p>\n\n\n\n<p>Con la calidez de su amor<\/p>\n\n\n\n<p>De su gracia innata<\/p>\n\n\n\n<p>Lleva as\u00ed varios d\u00edas<\/p>\n\n\n\n<p>Sonr\u00ede a la nada<\/p>\n\n\n\n<p>Y mi coraz\u00f3n palpita<\/p>\n\n\n\n<p>Porque mi amada<\/p>\n\n\n\n<p>Recoge sus piernas<\/p>\n\n\n\n<p>Protege su vientre<\/p>\n\n\n\n<p>Me da su sonrisa<\/p>\n\n\n\n<p>Porque mi amada<\/p>\n\n\n\n<p>Lleva en sus entra\u00f1as<\/p>\n\n\n\n<p>El fruto de nuestro amor<\/p>\n\n\n\n<p>Y sonr\u00ede, porque sabe,<\/p>\n\n\n\n<p>Que est\u00e1 embarazada.<\/p>\n<\/div><\/div>\n","protected":false},"excerpt":{"rendered":"<p>Entre las flores La m\u00e1s bella de ellas Sonr\u00ede, agachando su mirada Recoge las piernas Y se las abraza Sonr\u00ede a la nada La bella m\u00e1s bella, De entre todas las flores Sonr\u00ede, con la sonrisa del alma Con la calidez de su amor De su gracia innata Lleva as\u00ed varios d\u00edas Sonr\u00ede a la &hellip; <\/p>\n<p class=\"link-more\"><a href=\"https:\/\/pedrocasiano.es\/?page_id=2538\" class=\"more-link\">Leer m\u00e1s<span class=\"screen-reader-text\"> \u00abEntre las Flores\u00bb<\/span><\/a><\/p>\n","protected":false},"author":1,"featured_media":0,"parent":0,"menu_order":0,"comment_status":"closed","ping_status":"closed","template":"","meta":{"inspiro_hide_title":false,"footnotes":""},"class_list":["post-2538","page","type-page","status-publish","hentry"],"featured_media_urls":[],"_links":{"self":[{"href":"https:\/\/pedrocasiano.es\/index.php?rest_route=\/wp\/v2\/pages\/2538","targetHints":{"allow":["GET"]}}],"collection":[{"href":"https:\/\/pedrocasiano.es\/index.php?rest_route=\/wp\/v2\/pages"}],"about":[{"href":"https:\/\/pedrocasiano.es\/index.php?rest_route=\/wp\/v2\/types\/page"}],"author":[{"embeddable":true,"href":"https:\/\/pedrocasiano.es\/index.php?rest_route=\/wp\/v2\/users\/1"}],"replies":[{"embeddable":true,"href":"https:\/\/pedrocasiano.es\/index.php?rest_route=%2Fwp%2Fv2%2Fcomments&post=2538"}],"version-history":[{"count":1,"href":"https:\/\/pedrocasiano.es\/index.php?rest_route=\/wp\/v2\/pages\/2538\/revisions"}],"predecessor-version":[{"id":2540,"href":"https:\/\/pedrocasiano.es\/index.php?rest_route=\/wp\/v2\/pages\/2538\/revisions\/2540"}],"wp:attachment":[{"href":"https:\/\/pedrocasiano.es\/index.php?rest_route=%2Fwp%2Fv2%2Fmedia&parent=2538"}],"curies":[{"name":"wp","href":"https:\/\/api.w.org\/{rel}","templated":true}]}}