{"id":2530,"date":"2024-02-21T08:16:03","date_gmt":"2024-02-21T08:16:03","guid":{"rendered":"https:\/\/pedrocasiano.es\/?page_id=2530"},"modified":"2026-04-02T10:11:57","modified_gmt":"2026-04-02T08:11:57","slug":"poesia-etapa-iii","status":"publish","type":"page","link":"https:\/\/pedrocasiano.es\/?page_id=2530","title":{"rendered":"Colores Tibios. Etapa III"},"content":{"rendered":"\n<div class=\"wp-block-cover alignfull\" style=\"min-height:738px;aspect-ratio:unset;\"><img decoding=\"async\" width=\"1024\" height=\"683\" class=\"wp-block-cover__image-background wp-image-2531 lazyload\" alt=\"\" data-src=\"https:\/\/pedrocasiano.es\/wp-content\/uploads\/2024\/02\/ai-generated-8310830.jpg\" data-object-fit=\"cover\" src=\"data:image\/svg+xml;base64,PHN2ZyB3aWR0aD0iMSIgaGVpZ2h0PSIxIiB4bWxucz0iaHR0cDovL3d3dy53My5vcmcvMjAwMC9zdmciPjwvc3ZnPg==\" style=\"--smush-placeholder-width: 1024px; --smush-placeholder-aspect-ratio: 1024\/683;\" \/><span aria-hidden=\"true\" class=\"wp-block-cover__background has-background-dim\"><\/span><div class=\"wp-block-cover__inner-container has-global-padding is-layout-constrained wp-block-cover-is-layout-constrained\">\n<ul class=\"wp-block-list\">\n<li><a href=\"https:\/\/pedrocasiano.es\/?page_id=4035\" target=\"_blank\" rel=\"noreferrer noopener\">Piel de Seda<\/a><\/li>\n\n\n\n<li><a href=\"https:\/\/pedrocasiano.es\/?page_id=4038\" target=\"_blank\" rel=\"noreferrer noopener\">Oigo la M\u00fasica Cerca de Mi<\/a><\/li>\n\n\n\n<li><a href=\"https:\/\/pedrocasiano.es\/?page_id=4041\" target=\"_blank\" rel=\"noreferrer noopener\">So\u00f1\u00e9 por So\u00f1ar un D\u00eda<\/a><\/li>\n\n\n\n<li><a href=\"https:\/\/pedrocasiano.es\/?page_id=4044\" target=\"_blank\" rel=\"noreferrer noopener\">Labios Tr\u00e9mulos<\/a><\/li>\n\n\n\n<li><a href=\"https:\/\/pedrocasiano.es\/?page_id=4047\" target=\"_blank\" rel=\"noreferrer noopener\">Noche Clara de Oscura Calle<\/a><\/li>\n\n\n\n<li><a href=\"https:\/\/pedrocasiano.es\/?page_id=4050\" target=\"_blank\" rel=\"noreferrer noopener\">Perdimos sin Darnos Cuenta<\/a><\/li>\n\n\n\n<li><a href=\"https:\/\/pedrocasiano.es\/?page_id=4053\" target=\"_blank\" rel=\"noreferrer noopener\">El Primer Amor, el Primer Beso<\/a><\/li>\n\n\n\n<li><a href=\"https:\/\/pedrocasiano.es\/?page_id=4056\" target=\"_blank\" rel=\"noreferrer noopener\">\u00bfRecuerdas Amor M\u00edo?<\/a><\/li>\n\n\n\n<li><a href=\"https:\/\/pedrocasiano.es\/?page_id=4059\" target=\"_blank\" rel=\"noreferrer noopener\">Me Crio<\/a><a href=\"https:\/\/pedrocasiano.es\/?page_id=4059\" target=\"_blank\" rel=\"noreferrer noopener\"> el Viento<\/a><\/li>\n\n\n\n<li><a href=\"https:\/\/pedrocasiano.es\/?page_id=4062\" target=\"_blank\" rel=\"noreferrer noopener\">Nac\u00ed a la Orilla de un R\u00edo<\/a><\/li>\n\n\n\n<li><a href=\"https:\/\/pedrocasiano.es\/?page_id=4066\" target=\"_blank\" rel=\"noreferrer noopener\">Entre la Bruma del Recuerdo<\/a><\/li>\n\n\n\n<li><a href=\"https:\/\/pedrocasiano.es\/?page_id=4069\" target=\"_blank\" rel=\"noreferrer noopener\">El Fr\u00edo de la Edad<\/a><\/li>\n\n\n\n<li><a href=\"https:\/\/pedrocasiano.es\/?page_id=4073\" target=\"_blank\" rel=\"noreferrer noopener\">Esta Negra Noche<\/a><\/li>\n\n\n\n<li><a href=\"https:\/\/pedrocasiano.es\/?page_id=4079\" target=\"_blank\" rel=\"noreferrer noopener\">La Calma Prieta del Aire<\/a><\/li>\n\n\n\n<li><a href=\"https:\/\/pedrocasiano.es\/?page_id=4082\" target=\"_blank\" rel=\"noreferrer noopener\">El Parque se ha Dormido<\/a><\/li>\n\n\n\n<li><a href=\"https:\/\/pedrocasiano.es\/?page_id=4085\">El Verano se<\/a><a href=\"https:\/\/pedrocasiano.es\/?page_id=4085\" target=\"_blank\" rel=\"noreferrer noopener\"> Marcha<\/a><\/li>\n\n\n\n<li><a href=\"https:\/\/pedrocasiano.es\/?page_id=4088\" target=\"_blank\" rel=\"noreferrer noopener\">Sue\u00f1as con lo Perdido<\/a><\/li>\n\n\n\n<li><a href=\"https:\/\/pedrocasiano.es\/?page_id=4091\" data-type=\"page\" data-id=\"4091\">Restos de Nada<\/a><\/li>\n\n\n\n<li><a href=\"https:\/\/pedrocasiano.es\/?page_id=4094\" target=\"_blank\" rel=\"noreferrer noopener\">La Niebla, Recuerdo la Niebla<\/a><\/li>\n\n\n\n<li><a href=\"https:\/\/pedrocasiano.es\/?page_id=4097\" target=\"_blank\" rel=\"noreferrer noopener\">Sue\u00f1as, en mi Sue\u00f1o Caliente<\/a><\/li>\n\n\n\n<li><a href=\"https:\/\/pedrocasiano.es\/?page_id=4100\" target=\"_blank\" rel=\"noreferrer noopener\">Penetr\u00e9 en el Bosque de la Vida<\/a><\/li>\n\n\n\n<li><a href=\"https:\/\/pedrocasiano.es\/?page_id=4103\" target=\"_blank\" rel=\"noreferrer noopener\">Todos Somos Extranjeros<\/a><\/li>\n\n\n\n<li><a href=\"https:\/\/pedrocasiano.es\/?page_id=4106\" target=\"_blank\" rel=\"noreferrer noopener\">En la Noche Estrellada<\/a><\/li>\n\n\n\n<li><a href=\"https:\/\/pedrocasiano.es\/?page_id=4109\" target=\"_blank\" rel=\"noreferrer noopener\">Estas Letras que Escribo<\/a><\/li>\n\n\n\n<li><a href=\"https:\/\/pedrocasiano.es\/?page_id=4112\" target=\"_blank\" rel=\"noreferrer noopener\">Metal contra Metal<\/a><\/li>\n\n\n\n<li><a href=\"https:\/\/pedrocasiano.es\/?page_id=4115\" target=\"_blank\" rel=\"noreferrer noopener\">Ramilletes de Sufrimiento<\/a><\/li>\n\n\n\n<li><a href=\"https:\/\/pedrocasiano.es\/?page_id=4118\" target=\"_blank\" rel=\"noreferrer noopener\">Cansado, Ah\u00edto de Vida<\/a><\/li>\n\n\n\n<li><a href=\"https:\/\/pedrocasiano.es\/?page_id=4121\" target=\"_blank\" rel=\"noreferrer noopener\">Siempre es Oto\u00f1o<\/a><\/li>\n<\/ul>\n\n\n\n<p><strong>Todos los Derechos Reservados<\/strong><\/p>\n\n\n\n<p><strong>\u201cEstas novelas, publicaciones y dem\u00e1s, son obras de ficci\u00f3n. Los nombres, personajes, lugares e incidentes son producto de la imaginaci\u00f3n del autor o son utilizados de manera ficticia. Cualquier parecido con personas, vivas o muertas, o sucesos reales es pura coincidencia.\u201d<\/strong><\/p>\n<\/div><\/div>\n","protected":false},"excerpt":{"rendered":"","protected":false},"author":1,"featured_media":0,"parent":0,"menu_order":0,"comment_status":"closed","ping_status":"closed","template":"","meta":{"inspiro_hide_title":false,"footnotes":""},"class_list":["post-2530","page","type-page","status-publish","hentry"],"featured_media_urls":[],"_links":{"self":[{"href":"https:\/\/pedrocasiano.es\/index.php?rest_route=\/wp\/v2\/pages\/2530","targetHints":{"allow":["GET"]}}],"collection":[{"href":"https:\/\/pedrocasiano.es\/index.php?rest_route=\/wp\/v2\/pages"}],"about":[{"href":"https:\/\/pedrocasiano.es\/index.php?rest_route=\/wp\/v2\/types\/page"}],"author":[{"embeddable":true,"href":"https:\/\/pedrocasiano.es\/index.php?rest_route=\/wp\/v2\/users\/1"}],"replies":[{"embeddable":true,"href":"https:\/\/pedrocasiano.es\/index.php?rest_route=%2Fwp%2Fv2%2Fcomments&post=2530"}],"version-history":[{"count":21,"href":"https:\/\/pedrocasiano.es\/index.php?rest_route=\/wp\/v2\/pages\/2530\/revisions"}],"predecessor-version":[{"id":16614,"href":"https:\/\/pedrocasiano.es\/index.php?rest_route=\/wp\/v2\/pages\/2530\/revisions\/16614"}],"wp:attachment":[{"href":"https:\/\/pedrocasiano.es\/index.php?rest_route=%2Fwp%2Fv2%2Fmedia&parent=2530"}],"curies":[{"name":"wp","href":"https:\/\/api.w.org\/{rel}","templated":true}]}}