{"id":2517,"date":"2024-02-20T16:54:56","date_gmt":"2024-02-20T16:54:56","guid":{"rendered":"https:\/\/pedrocasiano.es\/?page_id=2517"},"modified":"2026-04-02T10:27:44","modified_gmt":"2026-04-02T08:27:44","slug":"cuentos-segunda-parte","status":"publish","type":"page","link":"https:\/\/pedrocasiano.es\/?page_id=2517","title":{"rendered":"Cuentos. Segunda Parte"},"content":{"rendered":"\n<div class=\"wp-block-cover alignfull has-custom-content-position is-position-top-left\" style=\"min-height:1038px;aspect-ratio:unset;\"><img decoding=\"async\" width=\"1280\" height=\"853\" class=\"wp-block-cover__image-background wp-image-2518 lazyload\" alt=\"\" data-src=\"https:\/\/pedrocasiano.es\/wp-content\/uploads\/2024\/02\/fantasy-8583733_1280.jpg\" data-object-fit=\"cover\" src=\"data:image\/svg+xml;base64,PHN2ZyB3aWR0aD0iMSIgaGVpZ2h0PSIxIiB4bWxucz0iaHR0cDovL3d3dy53My5vcmcvMjAwMC9zdmciPjwvc3ZnPg==\" style=\"--smush-placeholder-width: 1280px; --smush-placeholder-aspect-ratio: 1280\/853;\" \/><span aria-hidden=\"true\" class=\"wp-block-cover__background has-background-dim\"><\/span><div class=\"wp-block-cover__inner-container has-global-padding is-layout-constrained wp-block-cover-is-layout-constrained\">\n<ul class=\"wp-block-list\">\n<li><a href=\"https:\/\/pedrocasiano.es\/?page_id=2624\" target=\"_blank\" rel=\"noreferrer noopener\">Cuando Caigan las Murallas<\/a><\/li>\n\n\n\n<li><a href=\"https:\/\/pedrocasiano.es\/?page_id=2627\" target=\"_blank\" rel=\"noreferrer noopener\">Mi Viejo Amigo<\/a><\/li>\n\n\n\n<li><a href=\"https:\/\/pedrocasiano.es\/?page_id=3956\" target=\"_blank\" rel=\"noreferrer noopener\">La Casa De Los Cuernos. Primera Parte<\/a><\/li>\n\n\n\n<li><a href=\"https:\/\/pedrocasiano.es\/?page_id=3960\" target=\"_blank\" rel=\"noreferrer noopener\">La Casa De Los Cuernos. Segunda Parte<\/a><\/li>\n\n\n\n<li><a href=\"https:\/\/pedrocasiano.es\/?page_id=3964\" target=\"_blank\" rel=\"noreferrer noopener\">La Casa De Los Cuernos. Tercera Parte<\/a><\/li>\n\n\n\n<li><a href=\"https:\/\/pedrocasiano.es\/?page_id=3967\" target=\"_blank\" rel=\"noreferrer noopener\">La Casa De Los Cuernos. Cuarta Parte<\/a><\/li>\n\n\n\n<li><a href=\"https:\/\/pedrocasiano.es\/?page_id=3970\" target=\"_blank\" rel=\"noreferrer noopener\">La Casa De Los Cuernos. Quinta Parte<\/a><\/li>\n\n\n\n<li><a href=\"https:\/\/pedrocasiano.es\/?page_id=4323\" target=\"_blank\" rel=\"noreferrer noopener\">La F\u00e1bula De Los Aut\u00f3nomos<\/a><\/li>\n\n\n\n<li><a href=\"https:\/\/pedrocasiano.es\/?page_id=4327\" target=\"_blank\" rel=\"noreferrer noopener\">Pr\u00e1cticas Usuales Bancarias<\/a><\/li>\n\n\n\n<li><a href=\"https:\/\/pedrocasiano.es\/?page_id=4444\" target=\"_blank\" rel=\"noreferrer noopener\">Faustino<\/a><\/li>\n\n\n\n<li><a href=\"https:\/\/pedrocasiano.es\/?page_id=4488\" target=\"_blank\" rel=\"noreferrer noopener\">El Hombre Mir\u00f3 Al Mar<\/a><\/li>\n\n\n\n<li><a href=\"https:\/\/pedrocasiano.es\/?p=4718\" target=\"_blank\" rel=\"noreferrer noopener\">La Leyenda de Ojos Verdes y el Viejo Guerrero<\/a><\/li>\n\n\n\n<li><a href=\"https:\/\/pedrocasiano.es\/?p=4726\" target=\"_blank\" rel=\"noreferrer noopener\">Mi Bar<\/a><\/li>\n<\/ul>\n\n\n\n<p><strong>Todos los Derechos Reservados<\/strong><\/p>\n\n\n\n<p><strong>\u201cEstas novelas, publicaciones y dem\u00e1s, son obras de ficci\u00f3n. Los nombres, personajes, lugares e incidentes son producto de la imaginaci\u00f3n del autor o son utilizados de manera ficticia. Cualquier parecido con personas, vivas o muertas, o sucesos reales es pura coincidencia.\u201d<\/strong><\/p>\n<\/div><\/div>\n","protected":false},"excerpt":{"rendered":"","protected":false},"author":1,"featured_media":0,"parent":0,"menu_order":0,"comment_status":"closed","ping_status":"closed","template":"","meta":{"inspiro_hide_title":false,"footnotes":""},"class_list":["post-2517","page","type-page","status-publish","hentry"],"featured_media_urls":[],"_links":{"self":[{"href":"https:\/\/pedrocasiano.es\/index.php?rest_route=\/wp\/v2\/pages\/2517","targetHints":{"allow":["GET"]}}],"collection":[{"href":"https:\/\/pedrocasiano.es\/index.php?rest_route=\/wp\/v2\/pages"}],"about":[{"href":"https:\/\/pedrocasiano.es\/index.php?rest_route=\/wp\/v2\/types\/page"}],"author":[{"embeddable":true,"href":"https:\/\/pedrocasiano.es\/index.php?rest_route=\/wp\/v2\/users\/1"}],"replies":[{"embeddable":true,"href":"https:\/\/pedrocasiano.es\/index.php?rest_route=%2Fwp%2Fv2%2Fcomments&post=2517"}],"version-history":[{"count":16,"href":"https:\/\/pedrocasiano.es\/index.php?rest_route=\/wp\/v2\/pages\/2517\/revisions"}],"predecessor-version":[{"id":16649,"href":"https:\/\/pedrocasiano.es\/index.php?rest_route=\/wp\/v2\/pages\/2517\/revisions\/16649"}],"wp:attachment":[{"href":"https:\/\/pedrocasiano.es\/index.php?rest_route=%2Fwp%2Fv2%2Fmedia&parent=2517"}],"curies":[{"name":"wp","href":"https:\/\/api.w.org\/{rel}","templated":true}]}}