{"id":2459,"date":"2024-02-20T15:42:32","date_gmt":"2024-02-20T15:42:32","guid":{"rendered":"https:\/\/pedrocasiano.es\/?page_id=2459"},"modified":"2026-03-31T11:24:20","modified_gmt":"2026-03-31T09:24:20","slug":"reflexiones-cuarta-parte","status":"publish","type":"page","link":"https:\/\/pedrocasiano.es\/?page_id=2459","title":{"rendered":"Reflexiones. Cuarta Parte"},"content":{"rendered":"\n<div class=\"wp-block-cover alignfull is-light\" style=\"min-height:567px;aspect-ratio:unset;\"><img decoding=\"async\" width=\"1024\" height=\"574\" class=\"wp-block-cover__image-background wp-image-3561 lazyload\" alt=\"\" data-src=\"https:\/\/pedrocasiano.es\/wp-content\/uploads\/2024\/02\/ai-generated-8149560-1.jpg\" data-object-fit=\"cover\" src=\"data:image\/svg+xml;base64,PHN2ZyB3aWR0aD0iMSIgaGVpZ2h0PSIxIiB4bWxucz0iaHR0cDovL3d3dy53My5vcmcvMjAwMC9zdmciPjwvc3ZnPg==\" style=\"--smush-placeholder-width: 1024px; --smush-placeholder-aspect-ratio: 1024\/574;\" \/><span aria-hidden=\"true\" class=\"wp-block-cover__background has-background-dim\"><\/span><div class=\"wp-block-cover__inner-container has-global-padding is-layout-constrained wp-block-cover-is-layout-constrained\">\n<ul class=\"wp-block-list\">\n<li><a href=\"https:\/\/pedrocasiano.es\/?page_id=4484\" target=\"_blank\" rel=\"noreferrer noopener\">La Rebeli\u00f3n De Los Borregos<\/a><\/li>\n\n\n\n<li><a href=\"https:\/\/pedrocasiano.es\/?page_id=4492\" target=\"_blank\" rel=\"noreferrer noopener\">M\u00e1s sobre los Barrios de C\u00f3rdoba<\/a><\/li>\n\n\n\n<li><a href=\"https:\/\/pedrocasiano.es\/?page_id=4497\" target=\"_blank\" rel=\"noreferrer noopener\">Me Hab\u00e9is Devuelto Ese Trozo<\/a><\/li>\n\n\n\n<li><a href=\"https:\/\/pedrocasiano.es\/?page_id=4501\" target=\"_blank\" rel=\"noreferrer noopener\">Mi Renuncia<\/a><\/li>\n\n\n\n<li><a href=\"https:\/\/pedrocasiano.es\/?p=4706\" target=\"_blank\" rel=\"noreferrer noopener\">Navidad 2.017<\/a><\/li>\n\n\n\n<li><a href=\"https:\/\/pedrocasiano.es\/?p=4710\" target=\"_blank\" rel=\"noreferrer noopener\">Saludo de Navidad de 2.017<\/a><\/li>\n\n\n\n<li><a href=\"https:\/\/pedrocasiano.es\/?p=4714\" target=\"_blank\" rel=\"noreferrer noopener\">Noches de Soledad<\/a><\/li>\n\n\n\n<li><a href=\"https:\/\/pedrocasiano.es\/?p=4722\" target=\"_blank\" rel=\"noreferrer noopener\">Orwell Se Qued\u00f3 Corto<\/a><\/li>\n\n\n\n<li><a href=\"https:\/\/pedrocasiano.es\/?p=4733\" target=\"_blank\" rel=\"noreferrer noopener\">Por Fin El Ruido Ha Desaparecido<\/a><\/li>\n\n\n\n<li><a href=\"https:\/\/pedrocasiano.es\/?p=4737\" target=\"_blank\" rel=\"noreferrer noopener\">Putas Farmac\u00e9uticas<\/a><\/li>\n\n\n\n<li><a href=\"https:\/\/pedrocasiano.es\/?p=4741\" target=\"_blank\" rel=\"noreferrer noopener\">Putos Vecinos<\/a><\/li>\n\n\n\n<li><a href=\"https:\/\/pedrocasiano.es\/?p=4745\" target=\"_blank\" rel=\"noreferrer noopener\">Quem\u00e9moslo Todo<\/a><\/li>\n\n\n\n<li><a href=\"https:\/\/pedrocasiano.es\/?p=4753\" target=\"_blank\" rel=\"noreferrer noopener\">Sanitarios<\/a><\/li>\n\n\n\n<li><a href=\"https:\/\/pedrocasiano.es\/?p=4757\" target=\"_blank\" rel=\"noreferrer noopener\">Sombras Y Luces En Una Tierra Arrasada<\/a><\/li>\n\n\n\n<li><a href=\"https:\/\/pedrocasiano.es\/?p=4761\" target=\"_blank\" rel=\"noreferrer noopener\">Tengo Miedo<\/a><\/li>\n\n\n\n<li><a href=\"https:\/\/pedrocasiano.es\/?p=4766\" target=\"_blank\" rel=\"noreferrer noopener\">Tiempos Convulsos<\/a><\/li>\n\n\n\n<li><a href=\"https:\/\/pedrocasiano.es\/?p=4770\" target=\"_blank\" rel=\"noreferrer noopener\">Morir en Soledad<\/a><\/li>\n\n\n\n<li><a href=\"https:\/\/pedrocasiano.es\/?p=4774\" target=\"_blank\" rel=\"noreferrer noopener\">Ucrania<\/a><\/li>\n\n\n\n<li><a href=\"https:\/\/pedrocasiano.es\/?p=4778\" target=\"_blank\" rel=\"noreferrer noopener\">Ucrania 2<\/a><\/li>\n\n\n\n<li><a href=\"https:\/\/pedrocasiano.es\/?p=4782\" target=\"_blank\" rel=\"noreferrer noopener\">Ucrania 3<\/a><\/li>\n\n\n\n<li><a href=\"https:\/\/pedrocasiano.es\/?p=4786\" target=\"_blank\" rel=\"noreferrer noopener\">Ucrania 4<\/a><\/li>\n\n\n\n<li><a href=\"https:\/\/pedrocasiano.es\/?p=4790\" target=\"_blank\" rel=\"noreferrer noopener\">Ucrania 5<\/a><\/li>\n\n\n\n<li><a href=\"https:\/\/pedrocasiano.es\/?p=4794\" target=\"_blank\" rel=\"noreferrer noopener\">Ucrania 6<\/a><\/li>\n\n\n\n<li><a href=\"https:\/\/pedrocasiano.es\/?p=4798\" target=\"_blank\" rel=\"noreferrer noopener\">Ucrania 7<\/a><\/li>\n\n\n\n<li><a href=\"https:\/\/pedrocasiano.es\/?p=4802\" target=\"_blank\" rel=\"noreferrer noopener\">Ucrania 8<\/a><\/li>\n\n\n\n<li><a href=\"https:\/\/pedrocasiano.es\/?p=4806\" target=\"_blank\" rel=\"noreferrer noopener\">Ucrania 9<\/a><\/li>\n\n\n\n<li><a href=\"https:\/\/pedrocasiano.es\/?p=4810\" target=\"_blank\" rel=\"noreferrer noopener\">Ucrania 10<\/a><\/li>\n\n\n\n<li><a href=\"https:\/\/pedrocasiano.es\/?p=4814\" target=\"_blank\" rel=\"noreferrer noopener\">Ucrania 11<\/a><\/li>\n\n\n\n<li><a href=\"https:\/\/pedrocasiano.es\/?p=4818\" target=\"_blank\" rel=\"noreferrer noopener\">Ucrania 12<\/a><\/li>\n\n\n\n<li><a href=\"https:\/\/pedrocasiano.es\/?p=4824\" target=\"_blank\" rel=\"noreferrer noopener\">Ucrania 13<\/a><\/li>\n\n\n\n<li><a href=\"https:\/\/pedrocasiano.es\/?p=4832\" target=\"_blank\" rel=\"noreferrer noopener\">Ucrania 14<\/a><\/li>\n\n\n\n<li><a href=\"https:\/\/pedrocasiano.es\/?p=4838\" target=\"_blank\" rel=\"noreferrer noopener\">Uno De Los Mayores Problemas de los Cordobeses<\/a><\/li>\n\n\n\n<li><a href=\"https:\/\/pedrocasiano.es\/?p=4842\" target=\"_blank\" rel=\"noreferrer noopener\">Triste Designio<\/a><\/li>\n\n\n\n<li><a href=\"https:\/\/pedrocasiano.es\/?p=4845\" target=\"_blank\" rel=\"noreferrer noopener\">Da\u00f1os Colaterales<\/a><\/li>\n\n\n\n<li><a href=\"https:\/\/pedrocasiano.es\/?p=4848\" target=\"_blank\" rel=\"noreferrer noopener\">Feliz 2022<\/a><\/li>\n\n\n\n<li><a href=\"https:\/\/pedrocasiano.es\/?p=4851\" target=\"_blank\" rel=\"noreferrer noopener\">Hoy No He Publicado Nada<\/a><\/li>\n\n\n\n<li><a href=\"https:\/\/pedrocasiano.es\/?p=4854\" target=\"_blank\" rel=\"noreferrer noopener\">Reyes Magos<\/a><\/li>\n<\/ul>\n\n\n\n<p><strong>Todos los Derechos Reservados<\/strong><\/p>\n\n\n\n<p><strong>\u201cEstas novelas, publicaciones y dem\u00e1s, son obras de ficci\u00f3n. Los nombres, personajes, lugares e incidentes son producto de la imaginaci\u00f3n del autor o son utilizados de manera ficticia. Cualquier parecido con personas, vivas o muertas, o sucesos reales es pura coincidencia.\u201d<\/strong><\/p>\n<\/div><\/div>\n","protected":false},"excerpt":{"rendered":"","protected":false},"author":1,"featured_media":0,"parent":0,"menu_order":0,"comment_status":"closed","ping_status":"closed","template":"","meta":{"inspiro_hide_title":false,"footnotes":""},"class_list":["post-2459","page","type-page","status-publish","hentry"],"featured_media_urls":[],"_links":{"self":[{"href":"https:\/\/pedrocasiano.es\/index.php?rest_route=\/wp\/v2\/pages\/2459","targetHints":{"allow":["GET"]}}],"collection":[{"href":"https:\/\/pedrocasiano.es\/index.php?rest_route=\/wp\/v2\/pages"}],"about":[{"href":"https:\/\/pedrocasiano.es\/index.php?rest_route=\/wp\/v2\/types\/page"}],"author":[{"embeddable":true,"href":"https:\/\/pedrocasiano.es\/index.php?rest_route=\/wp\/v2\/users\/1"}],"replies":[{"embeddable":true,"href":"https:\/\/pedrocasiano.es\/index.php?rest_route=%2Fwp%2Fv2%2Fcomments&post=2459"}],"version-history":[{"count":16,"href":"https:\/\/pedrocasiano.es\/index.php?rest_route=\/wp\/v2\/pages\/2459\/revisions"}],"predecessor-version":[{"id":16520,"href":"https:\/\/pedrocasiano.es\/index.php?rest_route=\/wp\/v2\/pages\/2459\/revisions\/16520"}],"wp:attachment":[{"href":"https:\/\/pedrocasiano.es\/index.php?rest_route=%2Fwp%2Fv2%2Fmedia&parent=2459"}],"curies":[{"name":"wp","href":"https:\/\/api.w.org\/{rel}","templated":true}]}}