{"id":2423,"date":"2024-02-20T10:50:57","date_gmt":"2024-02-20T10:50:57","guid":{"rendered":"https:\/\/pedrocasiano.es\/?page_id=2423"},"modified":"2024-02-26T12:22:25","modified_gmt":"2024-02-26T12:22:25","slug":"el-ultimo-viaje","status":"publish","type":"page","link":"https:\/\/pedrocasiano.es\/?page_id=2423","title":{"rendered":"El \u00daltimo Viaje"},"content":{"rendered":"\n<figure class=\"wp-block-image alignleft size-large is-resized\"><img decoding=\"async\" width=\"1024\" height=\"853\" data-src=\"https:\/\/pedrocasiano.es\/wp-content\/uploads\/2024\/02\/26952297_1671961119529220_8843369310074947249_o-1024x853.jpg\" alt=\"\" class=\"wp-image-4620 lazyload\" style=\"--smush-placeholder-width: 1024px; --smush-placeholder-aspect-ratio: 1024\/853;width:480px;height:auto\" src=\"data:image\/svg+xml;base64,PHN2ZyB3aWR0aD0iMSIgaGVpZ2h0PSIxIiB4bWxucz0iaHR0cDovL3d3dy53My5vcmcvMjAwMC9zdmciPjwvc3ZnPg==\" \/><\/figure>\n\n\n\n<p>El anciano se despert\u00f3 y se mir\u00f3 los brazos, ya no le dol\u00edan, vio que no hab\u00eda tubos que surcaran su cuerpo ni agujas clavadas en ellos.<\/p>\n\n\n\n<p>Estaba <a><\/a>bien, todo era blanco, como en el Hospital pero supo que no estaba all\u00ed, era otra cosa, otro lugar, no se asust\u00f3, demasiado tiempo con el dolor, lo \u00fanico que ahora estaba solo, nadie le acompa\u00f1aba, pero cuando volvi\u00f3 a mirar alguien que no pudo definir estaba all\u00ed y no estaba.<\/p>\n\n\n\n<p>Se levant\u00f3, y lo mir\u00f3 a los ojos, sinti\u00f3 como si le quemaran.<\/p>\n\n\n\n<p>-\u00bfQui\u00e9n eres?<\/p>\n\n\n\n<p>-\u00bfNo lo sabes?, y la voz se oy\u00f3, pero no sal\u00eda de ninguna garganta, se lo imagin\u00f3.<\/p>\n\n\n\n<p>-\u00bfHe muerto?<\/p>\n\n\n\n<p>-Si amigo m\u00edo, est\u00e1s en otro sitio, en otro lugar que no ocupa lugar.<\/p>\n\n\n\n<p>-\u00bfTengo que tener miedo?, dijo el anciano incorpor\u00e1ndose de una cama inexistente.<\/p>\n\n\n\n<p>-No, solo se te juzgara.<\/p>\n\n\n\n<p>-\u00bfPor mis pecados?<\/p>\n\n\n\n<p>-No, por tu vida, por lo que has hecho o has omitido.<\/p>\n\n\n\n<p>-Pregunta, pero s\u00e9 que la decisi\u00f3n est\u00e1 tomada.<\/p>\n\n\n\n<p>La cara sin cara sonri\u00f3, no la vio pero lo supo.<\/p>\n\n\n\n<p>-Nunca has sido tonto, \u00bfverdad viejo amigo?<\/p>\n\n\n\n<p>-Antes de morir, comenc\u00e9 a ver las cosas, tu bien sabes que nac\u00ed con una venda en los ojos.<\/p>\n\n\n\n<p>-\u00bfHas muerto solo?<\/p>\n\n\n\n<p>-No, y me duele, ahora lloraran por m\u00ed, los he dejado, no quer\u00eda \u00bfqu\u00e9 har\u00e1n ahora sin m\u00ed?, porque te juro que me importa una leche lo que hag\u00e1is conmigo, sufro por los que se quedaron abajo en ese tu jodido mundo.<\/p>\n\n\n\n<p>-Esa boca\u2026, dijo sin decir la voz.<\/p>\n\n\n\n<p>-T\u00fa me la diste, as\u00ed\u2026<\/p>\n\n\n\n<p>La cara sin cara sonri\u00f3 de nuevo.<\/p>\n\n\n\n<p>-\u00bfQue has hecho con tu vida?, amigo.<\/p>\n\n\n\n<p>-Caerme, y levantarme otra vez, llorar y al d\u00eda siguiente seguir luchando por los m\u00edos, solo he hecho da\u00f1o a los que han querido hac\u00e9rmelo a m\u00ed, si he sido agresivo, si he hecho mal, ha sido por desconocimiento.<\/p>\n\n\n\n<p>-\u00bfCre\u00edas en m\u00ed?<\/p>\n\n\n\n<p>-No te lo puedo asegurar, he hecho las cosas porque ten\u00eda clara la diferencia entre lo bueno y lo malo, nada m\u00e1s.<\/p>\n\n\n\n<p>-\u00bfEntonces, lo has hecho por ti?<\/p>\n\n\n\n<p>-Nunca por m\u00ed, el sufrimiento de los dem\u00e1s no es pago para nada, eso nadie mejor que tu deber\u00edas de saberlo.<\/p>\n\n\n\n<p>-\u00bfHas cometido muchos errores?<\/p>\n\n\n\n<p>-Innumerables, y he agachado la cabeza y pedido perd\u00f3n cuando me he dado cuenta, pero nunca he perdonado a los malvados, a los psic\u00f3patas, a los que disfrutan haciendo el mal, solo he querido que nadie de los m\u00edos fuera avasallado por ellos, perd\u00f3name si puedes, pero lo har\u00eda una y mil veces.<\/p>\n\n\n\n<p>-\u00bfQui\u00e9n es tu familia?<\/p>\n\n\n\n<p>-Aquellos que tu mandaste con mi misma sangre, aquellos que me encontr\u00e9 en la calle, y me acompa\u00f1aron en este viaje.<\/p>\n\n\n\n<p>-\u00bfTe has sentido solo?<\/p>\n\n\n\n<p>-Siempre y nunca, porque la soledad es el precio de ayudar a aquellos que conf\u00edan en ti porque t\u00fa les diste un coraz\u00f3n m\u00e1s peque\u00f1o, la compa\u00f1\u00eda, es lo que nace cuando los proteges, eso es lo que pienso.<\/p>\n\n\n\n<p>-\u00bfHas robado?<\/p>\n\n\n\n<p>-Nunca.<\/p>\n\n\n\n<p>-Pero has pasado hambre.<\/p>\n\n\n\n<p>-S\u00ed y me la he comido.<\/p>\n\n\n\n<p>La cara sonri\u00f3 en lo que no ten\u00eda rostro.<\/p>\n\n\n\n<p>-\u00bfPod\u00edas haber llegado m\u00e1s lejos, pod\u00edas haber hecho algo m\u00e1s?<\/p>\n\n\n\n<p>-Siempre, no te voy a mentir, pero me diste un lugar en el mundo, y sub\u00ed un poco m\u00e1s, ayud\u00e9 a los que pude, y nunca nadie pas\u00f3 hambre a mi lado, \u00bfm\u00e1s lejos?, \u00bfa qu\u00e9 precio?, \u00bft\u00fa no conoces el mundo que creaste?<\/p>\n\n\n\n<p>-\u00bfEres agresivo, lo sabes?<\/p>\n\n\n\n<p>-T\u00fa me lo diste, solo le he tenido miedo al miedo, nadie es m\u00e1s que yo, yo no soy m\u00e1s que nadie, si no eres el que me inculc\u00f3 eso, m\u00e1ndame a tu infierno.<\/p>\n\n\n\n<p>-\u00bfCrees en el infierno?<\/p>\n\n\n\n<p>-Acabo de llegar de \u00e9l, agradezco la parada, pero si me vas a mandar all\u00ed, hazlo.<\/p>\n\n\n\n<p>-\u00bfA qui\u00e9n has querido?<\/p>\n\n\n\n<p>-A mucha gente, he amado con todo mi coraz\u00f3n, he odiado con la misma intensidad, perd\u00f3name si puedes, pero ese soy yo, no tengo miedo a tu infierno, es solo otro viaje m\u00e1s, otro reto, otro padecer m\u00e1s, otra condena que cumplir.<\/p>\n\n\n\n<p>-\u00bfY si es eterna?<\/p>\n\n\n\n<p>-Ya est\u00e1 decidido, pero siempre he cre\u00eddo en alguien que ama, que cuida de los suyos, no en un exterminador con la espada en la mano.<\/p>\n\n\n\n<p>-Tenemos un problema, dijo la voz sin garganta.<\/p>\n\n\n\n<p>-\u00bfCu\u00e1l es?, el anciano se temi\u00f3 lo peor.<\/p>\n\n\n\n<p>-Te tengo que mandar de nuevo abajo, hay demasiada maldad en el mundo que has dejado, lucha, otra vez, de nuevo, empieza, y lucha.<\/p>\n\n\n\n<p>-Bien, dijo el anciano, as\u00ed sea tu voluntad.<\/p>\n\n\n\n<p>Manuela llor\u00f3 cuando vio a su hijo reci\u00e9n nacido, berreaba como un ternero, era precioso, grande como su padre, hermoso, y se acord\u00f3 de Rogelio, de c\u00f3mo muri\u00f3 en la manifestaci\u00f3n por las calles de la vieja ciudad, ahora escondida en una casa peque\u00f1a, oculta de todos daba a luz a su hijo, lo toc\u00f3 y supo que ser\u00eda fuerte como su padre, lo abraz\u00f3 y sinti\u00f3 que grandes cosas le esperaban, y Rogelio dej\u00f3 de llorar miraba a su madre y vio el mundo por primera vez tras el velo de sus ojos reci\u00e9n nacidos.<\/p>\n\n\n\n<p>\u00a9Pedro Casiano Gonz\u00e1lez Cuevas, 2018<\/p>\n","protected":false},"excerpt":{"rendered":"<p>El anciano se despert\u00f3 y se mir\u00f3 los brazos, ya no le dol\u00edan, vio que no hab\u00eda tubos que surcaran su cuerpo ni agujas clavadas en ellos. Estaba bien, todo era blanco, como en el Hospital pero supo que no estaba all\u00ed, era otra cosa, otro lugar, no se asust\u00f3, demasiado tiempo con el dolor, &hellip; <\/p>\n<p class=\"link-more\"><a href=\"https:\/\/pedrocasiano.es\/?page_id=2423\" class=\"more-link\">Leer m\u00e1s<span class=\"screen-reader-text\"> \u00abEl \u00daltimo Viaje\u00bb<\/span><\/a><\/p>\n","protected":false},"author":1,"featured_media":0,"parent":0,"menu_order":0,"comment_status":"closed","ping_status":"closed","template":"","meta":{"inspiro_hide_title":false,"footnotes":""},"class_list":["post-2423","page","type-page","status-publish","hentry"],"featured_media_urls":[],"_links":{"self":[{"href":"https:\/\/pedrocasiano.es\/index.php?rest_route=\/wp\/v2\/pages\/2423","targetHints":{"allow":["GET"]}}],"collection":[{"href":"https:\/\/pedrocasiano.es\/index.php?rest_route=\/wp\/v2\/pages"}],"about":[{"href":"https:\/\/pedrocasiano.es\/index.php?rest_route=\/wp\/v2\/types\/page"}],"author":[{"embeddable":true,"href":"https:\/\/pedrocasiano.es\/index.php?rest_route=\/wp\/v2\/users\/1"}],"replies":[{"embeddable":true,"href":"https:\/\/pedrocasiano.es\/index.php?rest_route=%2Fwp%2Fv2%2Fcomments&post=2423"}],"version-history":[{"count":2,"href":"https:\/\/pedrocasiano.es\/index.php?rest_route=\/wp\/v2\/pages\/2423\/revisions"}],"predecessor-version":[{"id":4621,"href":"https:\/\/pedrocasiano.es\/index.php?rest_route=\/wp\/v2\/pages\/2423\/revisions\/4621"}],"wp:attachment":[{"href":"https:\/\/pedrocasiano.es\/index.php?rest_route=%2Fwp%2Fv2%2Fmedia&parent=2423"}],"curies":[{"name":"wp","href":"https:\/\/api.w.org\/{rel}","templated":true}]}}