{"id":242,"date":"2024-02-15T08:28:05","date_gmt":"2024-02-15T08:28:05","guid":{"rendered":"https:\/\/pedrocasiano.es\/?page_id=242"},"modified":"2024-07-08T18:07:30","modified_gmt":"2024-07-08T18:07:30","slug":"relatos-2-0","status":"publish","type":"page","link":"https:\/\/pedrocasiano.es\/?page_id=242","title":{"rendered":"Relatos 2.0"},"content":{"rendered":"\n<div class=\"wp-block-media-text is-stacked-on-mobile is-vertically-aligned-top\"><figure class=\"wp-block-media-text__media\"><img decoding=\"async\" width=\"533\" height=\"800\" data-src=\"https:\/\/pedrocasiano.es\/wp-content\/uploads\/2024\/03\/Relatos-2eng.jpg\" alt=\"\" class=\"wp-image-6067 size-full lazyload\" src=\"data:image\/svg+xml;base64,PHN2ZyB3aWR0aD0iMSIgaGVpZ2h0PSIxIiB4bWxucz0iaHR0cDovL3d3dy53My5vcmcvMjAwMC9zdmciPjwvc3ZnPg==\" style=\"--smush-placeholder-width: 533px; --smush-placeholder-aspect-ratio: 533\/800;\" \/><\/figure><div class=\"wp-block-media-text__content\">\n<p>Relatos, vendo relatos, que me los quitan de las manos.<br>Bromas aparte, aqu\u00ed est\u00e1n, los que, como partos peque\u00f1os, he ido pariendo d\u00eda a d\u00eda, sin importar nada, ni si eran buenos, correctos, o cualesquiera otros requisitos, simplemente, me apetec\u00eda, y as\u00ed lo he hecho.<\/p>\n\n\n\n<p><br>Hist\u00f3ricos, menos hist\u00f3ricos, actuales, salvajes, rom\u00e1nticos, \u00bfQu\u00e9 m\u00e1s decir?, de todo un poco, eso y m\u00e1s, cosas de mi tierra, de C\u00f3rdoba, palabras que aqu\u00ed usamos en mayor medida que en otros lugares, o acepciones distintas, conceptos decimon\u00f3nicos, o simplemente abreviaturas hasta la exageraci\u00f3n, al caso, que m\u00e1s da, son herramientas que usamos porque se adecuan mejor al paisaje y sus habitantes.<br>Esta es la versi\u00f3n 2.0, despu\u00e9s vendr\u00e1, si as\u00ed ha de ser, la 3.0, pero no creo que en breve.<\/p>\n\n\n\n<p><br>Sirva pues lo escrito, para disfrute de aquellos que tengan a bien abrir sus p\u00e1ginas, o enchufar el E Book.<\/p>\n<\/div><\/div>\n\n\n\n<p>Ya conoc\u00e9is el tema del que se compone el libro, relatos, reflexiones&#8230; algunos en esta misma p\u00e1gina, as\u00ed que no os caliento la cabeza.<\/p>\n\n\n\n<figure class=\"wp-block-embed alignright is-type-rich is-provider-amazon wp-block-embed-amazon\"><div class=\"wp-block-embed__wrapper\">\n<iframe title=\"Relatos 2.0\" type=\"text\/html\" width=\"950\" height=\"550\" frameborder=\"0\" allowfullscreen style=\"max-width:100%\" data-src=\"https:\/\/leer.amazon.es\/kp\/card?preview=inline&#038;linkCode=kpd&#038;ref_=k4w_oembed_FwZ4YdvaqQdvwv&#038;asin=B086S92W9W&#038;tag=kpembed-20\" src=\"data:image\/svg+xml;base64,PHN2ZyB3aWR0aD0iMSIgaGVpZ2h0PSIxIiB4bWxucz0iaHR0cDovL3d3dy53My5vcmcvMjAwMC9zdmciPjwvc3ZnPg==\" class=\"lazyload\" data-load-mode=\"1\"><\/iframe>\n<\/div><\/figure>\n","protected":false},"excerpt":{"rendered":"<p>Relatos, vendo relatos, que me los quitan de las manos.Bromas aparte, aqu\u00ed est\u00e1n, los que, como partos peque\u00f1os, he ido pariendo d\u00eda a d\u00eda, sin importar nada, ni si eran buenos, correctos, o cualesquiera otros requisitos, simplemente, me apetec\u00eda, y as\u00ed lo he hecho. Hist\u00f3ricos, menos hist\u00f3ricos, actuales, salvajes, rom\u00e1nticos, \u00bfQu\u00e9 m\u00e1s decir?, de todo &hellip; <\/p>\n<p class=\"link-more\"><a href=\"https:\/\/pedrocasiano.es\/?page_id=242\" class=\"more-link\">Leer m\u00e1s<span class=\"screen-reader-text\"> \u00abRelatos 2.0\u00bb<\/span><\/a><\/p>\n","protected":false},"author":1,"featured_media":0,"parent":0,"menu_order":0,"comment_status":"closed","ping_status":"closed","template":"","meta":{"inspiro_hide_title":false,"footnotes":""},"class_list":["post-242","page","type-page","status-publish","hentry"],"featured_media_urls":[],"_links":{"self":[{"href":"https:\/\/pedrocasiano.es\/index.php?rest_route=\/wp\/v2\/pages\/242","targetHints":{"allow":["GET"]}}],"collection":[{"href":"https:\/\/pedrocasiano.es\/index.php?rest_route=\/wp\/v2\/pages"}],"about":[{"href":"https:\/\/pedrocasiano.es\/index.php?rest_route=\/wp\/v2\/types\/page"}],"author":[{"embeddable":true,"href":"https:\/\/pedrocasiano.es\/index.php?rest_route=\/wp\/v2\/users\/1"}],"replies":[{"embeddable":true,"href":"https:\/\/pedrocasiano.es\/index.php?rest_route=%2Fwp%2Fv2%2Fcomments&post=242"}],"version-history":[{"count":8,"href":"https:\/\/pedrocasiano.es\/index.php?rest_route=\/wp\/v2\/pages\/242\/revisions"}],"predecessor-version":[{"id":8234,"href":"https:\/\/pedrocasiano.es\/index.php?rest_route=\/wp\/v2\/pages\/242\/revisions\/8234"}],"wp:attachment":[{"href":"https:\/\/pedrocasiano.es\/index.php?rest_route=%2Fwp%2Fv2%2Fmedia&parent=242"}],"curies":[{"name":"wp","href":"https:\/\/api.w.org\/{rel}","templated":true}]}}