{"id":2414,"date":"2024-02-20T10:44:05","date_gmt":"2024-02-20T10:44:05","guid":{"rendered":"https:\/\/pedrocasiano.es\/?page_id=2414"},"modified":"2024-03-30T17:11:32","modified_gmt":"2024-03-30T17:11:32","slug":"el-viejo-guerrero","status":"publish","type":"page","link":"https:\/\/pedrocasiano.es\/?page_id=2414","title":{"rendered":"El Viejo Guerrero"},"content":{"rendered":"\n<figure class=\"wp-block-image alignleft is-resized\"><img decoding=\"async\" width=\"843\" height=\"1024\" data-src=\"https:\/\/pedrocasiano.es\/wp-content\/uploads\/2024\/02\/image-127-843x1024.jpeg\" alt=\"No hay ninguna descripci\u00f3n de la foto disponible.\" class=\"wp-image-2415 lazyload\" style=\"--smush-placeholder-width: 843px; --smush-placeholder-aspect-ratio: 843\/1024;width:347px;height:auto\" src=\"data:image\/svg+xml;base64,PHN2ZyB3aWR0aD0iMSIgaGVpZ2h0PSIxIiB4bWxucz0iaHR0cDovL3d3dy53My5vcmcvMjAwMC9zdmciPjwvc3ZnPg==\" \/><\/figure>\n\n\n\n<p>El Viejo Guerrero.<\/p>\n\n\n\n<p>Sinti\u00f3 la brisa en la cara, apenas si hab\u00eda amanecido, los sonidos de los caballos, del nerviosismo, del metal contra el metal le rodeaban, mir\u00f3 a su alrededor, vio las oriflamas, las banderas, los gallardetes y sinti\u00f3 el pifiado de los caballos que se percib\u00edan tan nerviosos como sus jinetes.<\/p>\n\n\n\n<p>Otra batalla m\u00e1s, quiz\u00e1s la \u00faltima, siempre pensaba lo mismo, pero esta vez percib\u00eda la sensaci\u00f3n mucho m\u00e1s fuerte que antes.<\/p>\n\n\n\n<p>Mil batallas, muchas derrotas, muchas victorias, la desaz\u00f3n de salvar a los suyos, de llevar a los que quedaban de nuevo a un sitio seguro, el sabor de la victoria, de conseguir triunfar, ninguna de esas sensaciones le era ajena, ambas las hab\u00eda vivido.<\/p>\n\n\n\n<p>Se hab\u00eda retirado, y vuelto a luchar, hab\u00eda vencido y tomaba lo de aquellos que le hab\u00edan retado, as\u00ed hab\u00eda conseguido m\u00e1s tierras, m\u00e1s honores, m\u00e1s victorias, y ahora, el enemigo le estaba arrebatando todo lo que tanto le hab\u00eda contado construir, poco a poco, como una especie de gangrena que carcom\u00eda cualquier parte que mereciera la pena.<\/p>\n\n\n\n<p>Se sent\u00eda viejo porque lo era, le hubiera gustado disfrutar de sus nietos al lar de un buen fuego, rodeado de sus perros, de sus amigos, tras un buen banquete, pero el futuro se lo negaba. No dar\u00eda un paso atr\u00e1s, el enemigo era superior, lo sab\u00eda, m\u00e1s j\u00f3venes, con m\u00e1s hambre que ellos, amenazaba con dejarlos sin nada, poco le importaba a \u00e9l, solo luchaba por que los suyos siguieran conservando lo que \u00e9l, a\u00f1o tras a\u00f1o, batalla tras batalla, cicatriz tras cicatriz, hab\u00eda conseguido.<\/p>\n\n\n\n<p>Hab\u00eda criado a los suyos fuertes, y all\u00ed estaban a su lado, su gente de confianza, que le hab\u00edan acompa\u00f1ado en mil enfrentamientos, all\u00ed todos, todos lo que hab\u00edan ganado con \u00e9l, perdido con \u00e9l, pero que al fin se hab\u00edan levantado y seguido luchando.<\/p>\n\n\n\n<p>Solo hab\u00eda un problema, la espada pesaba cada d\u00eda un poco mas, la coraza, ya no era tan liviana, y le dol\u00edan los huesos por el esfuerzo de moverla y de levantarla, ya no era el le\u00f3n de muchos a\u00f1os atr\u00e1s, su cuerpo hab\u00eda soportado las heridas sin una queja, hab\u00eda ca\u00eddo y se hab\u00eda curado, y \u00e9l nunca hab\u00eda abierto la boca para quejarse, pero hoy la mano le temblaba y no era de miedo, era el solo peso del acero.<\/p>\n\n\n\n<p>El enemigo frente a su cara, m\u00e1s que ellos, infinitos m\u00e1s, quer\u00edan lo suyo, quer\u00edan cualquier cosa que pudieran coger, y \u00e9l lo sab\u00eda, \u00e9l hab\u00eda sido as\u00ed, siempre lo hab\u00eda sido, los comprend\u00eda, pero no por eso iba a dejar que se adue\u00f1aran de lo que le quedaba, luchar\u00eda, bien lo sab\u00edan, no se rendir\u00eda, nunca lo hab\u00eda hecho, nunca lo har\u00eda, adem\u00e1s nunca hab\u00eda sido un buen perdedor, nunca, y ahora menos, ahora que ten\u00eda que demostrar que no estaba viejo y cansado, a\u00fan m\u00e1s.<\/p>\n\n\n\n<p>Oy\u00f3 el grito de sus enemigos y sonri\u00f3, no le daban miedo, hab\u00eda luchado siempre contra enemigos terribles que no daban cuartel, \u00bfmorir?, no le importaba, solo le importaba que su gente, su familia sobrevivieran, que su legado no se perdiera en el fuego de despu\u00e9s de la derrota.<\/p>\n\n\n\n<p>Hab\u00eda visto como poco a poco su reino se hab\u00eda ido reduciendo, ahora lo que fue un vasto territorio, era apenas el lugar que pisaban y las monta\u00f1as que ten\u00edan detr\u00e1s, \u00e9l no pensaba huir pero se sent\u00eda mejor sabiendo que cerca, si perd\u00edan, encontrar\u00edan refugio los que sobrevivieran, sobre todo su familia.<\/p>\n\n\n\n<p>Mir\u00f3 tras de la muralla del enemigo y crey\u00f3 ver la figura de la muerte, siempre la ve\u00eda cuando llegaba la batalla, sab\u00eda que estaba all\u00ed, siempre estaba all\u00ed, escu\u00e1lida oportunista, pero ahora era distinto, le miraba, y le pareci\u00f3 ver que su descarnada mand\u00edbula dibujaba una sonrisa, el sonri\u00f3 a la vez, pero sab\u00eda que hoy, justo hoy, le sonre\u00eda a \u00e9l, pero no sinti\u00f3 miedo, quiz\u00e1s hasta tranquilidad por la certeza de que no sobrevivir\u00eda. Cualquier otro hubiera evitado el enfrentamiento, pero el no, no le hab\u00eda ense\u00f1ado eso, \u00e9l no era de esa clase de personas, luchar\u00eda hasta el \u00faltimo de sus alientos, y siempre hab\u00eda sabido que alg\u00fan d\u00eda ser\u00eda vencido, y que el paisaje de una noche con su familia, al final de sus d\u00edas, era algo menos que una ilusi\u00f3n, era un sue\u00f1o que nunca se cumplir\u00eda, pero ese era el, el primero en entrar en batalla, el \u00faltimo en dejarla, y no cambiar\u00eda, y ahora cuando los a\u00f1os se amontonaban en su espalda, no lo iba a hacer.<\/p>\n\n\n\n<p>Sinti\u00f3 la excitaci\u00f3n de la pr\u00f3xima batalla, los caballos cada vez m\u00e1s nerviosos, los caballeros que lo rodeaban agarraban los escudos como si se les fueran a escapar, y todo parec\u00eda como el mar antes de desatar la tormenta.<\/p>\n\n\n\n<p>El enemigo avanz\u00f3, despacio, como una marea sinuosa que se acomodaba al terreno, lenta pero inexorablemente baj\u00f3 la monta\u00f1a, y comenz\u00f3 a subir hacia ellos, mientras miles de flechas les asaeteaban desde sus filas, pero imperturbables, a pesar de los ca\u00eddos, continuaban avanzando, y en un instante, apenas un parpadeo, un grito enorme, salido de miles de gargantas atron\u00f3 el valle, y como un solo hombre comenzaron a correr hacia ellos con toda la velocidad que les permit\u00eda la inclinaci\u00f3n del terreno.<\/p>\n\n\n\n<p>Levant\u00f3 la ahora pesada espada, y corri\u00f3 como si tuviera veinte a\u00f1os, el primer choque le quit\u00f3 el poco resuello que le quedaba en sus viejos pulmones, pero aguant\u00f3, movi\u00f3 a los que ten\u00eda a su frente, y taj\u00f3 con la espada cualquier cosa que se opusiera al movimiento de su tizona.<\/p>\n\n\n\n<p>Rompi\u00f3 la hilera de escudos y se encontr\u00f3 rodeado de hostiles, se movi\u00f3 de un lado a otro, intentando contrarrestar los golpes de armas que le ven\u00edan de todos lados, pero lo que ten\u00eda que pasar pas\u00f3, no cab\u00eda duda, un fuerte golpe en el casco, hizo que este saliera disparado hacia atr\u00e1s, y durante unos instantes no supo d\u00f3nde estaba, pero el siguiente golpe lo despabil\u00f3, y sigui\u00f3 oponi\u00e9ndose, acero contra acero, a todos aquellos que solo quer\u00edan su muerte.<\/p>\n\n\n\n<p>Defendi\u00e9ndose, retrocedi\u00f3, vio que la batalla estaba perdida, que las filas de los suyos eran sobrepasadas, que la derrota era segura, y grit\u00f3 la peor palabra, \u201cretirada\u201d, pero a la vez vocifer\u00f3 \u201clos m\u00edos a mi lado\u201d, y pens\u00f3 en los que le acompa\u00f1aban siempre, que ahora, como \u00e9l, ten\u00edan que sacrificarse para que el resto pudiera salir del matadero.<\/p>\n\n\n\n<p>Mir\u00f3 a su lado entre golpe y golpe y estaba solo, nadie, ni siquiera aquellos a los que hab\u00eda premiado, a los que hab\u00eda hecho dadivas y favores, estaban a su lado, sonr\u00edo y pens\u00f3, con iron\u00eda llena de amargura \u201cmejor solo que mal acompa\u00f1ado\u201d. Los entend\u00eda, el miedo es libre, pens\u00f3, pero \u00e9l no era de ese palo, y a pesar del cuerpo magullado continu\u00f3 defendi\u00e9ndose, intentando dar segundos, que no minutos, a los suyos para que se pusieran a salvo.<\/p>\n\n\n\n<p>Sinti\u00f3 el golpe en la clav\u00edcula, la loriga lo hab\u00eda protegido de la herida, que no del golpe, y algo se hab\u00eda roto, el escudo, medio destruido, colgaba solo movido por la inercia de su cuerpo, ni siquiera sinti\u00f3 el dolor, pero sab\u00eda que ahora, su muerte estaba cerca, tan cerca que sinti\u00f3 su presencia, y sonr\u00edo.<\/p>\n\n\n\n<p>En un segundo mir\u00f3 atr\u00e1s, y vio como los suyos, se alejaban de la batalla, defendi\u00e9ndose mientras lo hac\u00edan, y se sinti\u00f3 mejor, ya no importaba lo que pasara con \u00e9l, los suyos se escapaban, solo esperaba que pudieran enfrentarse al futuro incierto que seguro que les esperaba.<\/p>\n\n\n\n<p>Sinti\u00f3 como el acero le atravesaba el est\u00f3mago, parec\u00eda como si tuviera el infierno en las tripas, se hab\u00eda descuidado, y lo hab\u00edan aprovechado bien, tan bien que sab\u00eda que estaba muerto antes de que el acero llegara al final, se dej\u00f3 caer hacia atr\u00e1s, las fuerzas le fallaron, cay\u00f3 sobre el cuerpo de alguien, no sab\u00eda si enemigo o enemigo, pero ser\u00eda su postrer sudario, eso s\u00ed lo sab\u00eda.<\/p>\n\n\n\n<p>Vio como el arma se alejaba para despu\u00e9s acercarse a terminar la faena, apret\u00f3 los labios y mir\u00f3 a lo ojos del que lo iba a matar, su cara era una mezcla de miedo y odio, ya hab\u00eda visto antes lo mismo en su propio rostro, pero otra arma la par\u00f3, mir\u00f3 al que lo imped\u00eda, era el rey de los enemigos, movi\u00f3 la cabeza, y el que lo iba a matar segui\u00f3 movi\u00e9ndose hacia la batalla, el rey enemigo bajo la cara a modo de saludo y continu\u00f3 su camino de destrucci\u00f3n.<\/p>\n\n\n\n<p>Lo que hab\u00eda sido un gesto de deferencia lo condenaba a una muerte lenta y dolorosa, pasaron la horas, y a cada segundo el dolor se incrementaba aunque pareciera imposible, \u00bfPor qu\u00e9 no lo hab\u00edan rematado?, cualquier muerte era mejor que el sufrimiento que le esperaba.<\/p>\n\n\n\n<p>Sinti\u00f3 un ruido y vio sentada sobre una caballer\u00eda muerta a la muerte que los miraba desde las cuencas de los ojos vac\u00edos.<\/p>\n\n\n\n<p>-Hola viejo guerrero, sali\u00f3 del desdentado cu\u00e9vano que pretend\u00eda ser una garganta.<\/p>\n\n\n\n<p>-Hola, ya te vi por la ma\u00f1ana, dijo el viejo guerrero mientras su cara mostraba un rictus de dolor, ll\u00e9vame ya, \u00bfa qu\u00e9 esperas?, si\u00e9game con tu guada\u00f1a.<\/p>\n\n\n\n<p>-Yo no he matado a nadie, \u00bfves que no la he tra\u00eddo?, \u00bfcrees que me hace falta? A pesar de lo que pod\u00e1is pensar, para eso est\u00e1is vosotros, y algo como una sonrisa se form\u00f3 entre las desdentadas mand\u00edbulas.<\/p>\n\n\n\n<p>-Mira a tu alrededor, le volvi\u00f3 a hablar se\u00f1alando el campo de batalla, \u00bft\u00fa crees que os falta ayuda?, hoy he acompa\u00f1ado a muchos al otro lado.<\/p>\n\n\n\n<p>-\u00bfY c\u00f3mo es?<\/p>\n\n\n\n<p>-Yo solo os llevo, dijo la parca, me est\u00e1 vedada la entrada.<\/p>\n\n\n\n<p>-Entonces, \u00bfdebo sufrir?<\/p>\n\n\n\n<p>-As\u00ed es, como has hecho sufrir a otros, pero no te preocupes, todo pasa, pronto quiz\u00e1s, estar\u00e1s muerto.<\/p>\n\n\n\n<p>-\u00bfY si no es pronto?, dijo el viejo guerrero mientras con la mano que pod\u00eda mover se agarraba el est\u00f3mago.<\/p>\n\n\n\n<p>-\u00bfA qui\u00e9n crees que le importa?, le dijo el esqueleto, eso no es importante, nada es importante, m\u00edrate, antes glorioso, dominador, ahora derrotado, esperando que te lleve.<\/p>\n\n\n\n<p>-\u00bfServir\u00e1 de algo lo que he luchado, lo que he conseguido, para m\u00ed, para los m\u00edos?<\/p>\n\n\n\n<p>-\u00bfQui\u00e9n crees que soy yo para tener respuestas?, no conozco a Dios, solo s\u00e9 mi cometido, que me acompa\u00f1es a un sitio que nunca he visto, que no conozco.<\/p>\n\n\n\n<p>-Tengo frio, mis huesos se congelan.<\/p>\n\n\n\n<p>-Porque a cada segundo que pasa eres m\u00e1s m\u00edo, d\u00e9jate vencer, viejo guerrero, yo, al final, siempre lo consigo, siempre ven\u00eds conmigo. Perm\u00edteme una pregunta, \u00bfha merecido la pena?<\/p>\n\n\n\n<p>El viejo guerrero la mir\u00f3, extra\u00f1ado de la pregunta.<\/p>\n\n\n\n<p>-\u00bfPod\u00eda escoger?<\/p>\n\n\n\n<p>El esqueleto asinti\u00f3 con la cabeza.<\/p>\n\n\n\n<p>-\u00bfCu\u00e1ndo, donde, como?<\/p>\n\n\n\n<p>-Siempre y nunca, sali\u00f3 de la inexistente garganta. No luches m\u00e1s, d\u00e9jate llevar, es inexorable.<\/p>\n\n\n\n<p>-Siempre he luchado, le dijo el guerrero, \u00bfPor qu\u00e9 no ahora?<\/p>\n\n\n\n<p>-La gente como tu sois interesantes, \u00bfPor qu\u00e9 luch\u00e1is?, \u00bfPor qu\u00e9 os aferr\u00e1is a algo que sab\u00e9is que sin duda se ha terminado?<\/p>\n\n\n\n<p>-Ya no duele tanto, dijo el cansado guerrero.<\/p>\n\n\n\n<p>La muerte se levant\u00f3 y le ofreci\u00f3 la mano.<\/p>\n\n\n\n<p>-Ven conmigo.<\/p>\n\n\n\n<p>El viejo guerrero se levant\u00f3, pero su cuerpo sigui\u00f3 tendido, no lo mir\u00f3, pero lo hab\u00eda sentido, agarr\u00f3 aquel manojo de huesos, y se dej\u00f3 llevar.<\/p>\n\n\n\n<p>El campo de batalla desapareci\u00f3 entre una niebla que por momentos se hac\u00eda m\u00e1s espesa.<\/p>\n\n\n\n<p>-\u00bfTienes miedo?, le pregunt\u00f3 la huesuda.<\/p>\n\n\n\n<p>-Siempre lo he tenido, siempre lo he vencido, pero despu\u00e9s de lo que he vivido, no creo que lo que me espera sea para ser tan temido.<\/p>\n\n\n\n<p>-Bien, porque esto es solo el principio.<\/p>\n\n\n\n<p>El viejo guerrero sonr\u00edo, a nada que hubiera temido, no se hab\u00eda enfrentado, quiz\u00e1s el lugar a donde iba no fuera tan malo, quiz\u00e1s no debiera de ser tan temido, una leve sonrisa le movi\u00f3 los labios.<\/p>\n\n\n\n<p>-Vamos, muerte, ll\u00e9vame a mi destino, por m\u00ed, ya he empezado el camino.<\/p>\n\n\n\n<p>\u00a9Pedro Casiano Gonz\u00e1lez Cuevas 2.018<\/p>\n","protected":false},"excerpt":{"rendered":"<p>El Viejo Guerrero. Sinti\u00f3 la brisa en la cara, apenas si hab\u00eda amanecido, los sonidos de los caballos, del nerviosismo, del metal contra el metal le rodeaban, mir\u00f3 a su alrededor, vio las oriflamas, las banderas, los gallardetes y sinti\u00f3 el pifiado de los caballos que se percib\u00edan tan nerviosos como sus jinetes. Otra batalla &hellip; <\/p>\n<p class=\"link-more\"><a href=\"https:\/\/pedrocasiano.es\/?page_id=2414\" class=\"more-link\">Leer m\u00e1s<span class=\"screen-reader-text\"> \u00abEl Viejo Guerrero\u00bb<\/span><\/a><\/p>\n","protected":false},"author":1,"featured_media":0,"parent":0,"menu_order":0,"comment_status":"closed","ping_status":"closed","template":"","meta":{"inspiro_hide_title":false,"footnotes":""},"class_list":["post-2414","page","type-page","status-publish","hentry"],"featured_media_urls":[],"_links":{"self":[{"href":"https:\/\/pedrocasiano.es\/index.php?rest_route=\/wp\/v2\/pages\/2414","targetHints":{"allow":["GET"]}}],"collection":[{"href":"https:\/\/pedrocasiano.es\/index.php?rest_route=\/wp\/v2\/pages"}],"about":[{"href":"https:\/\/pedrocasiano.es\/index.php?rest_route=\/wp\/v2\/types\/page"}],"author":[{"embeddable":true,"href":"https:\/\/pedrocasiano.es\/index.php?rest_route=\/wp\/v2\/users\/1"}],"replies":[{"embeddable":true,"href":"https:\/\/pedrocasiano.es\/index.php?rest_route=%2Fwp%2Fv2%2Fcomments&post=2414"}],"version-history":[{"count":2,"href":"https:\/\/pedrocasiano.es\/index.php?rest_route=\/wp\/v2\/pages\/2414\/revisions"}],"predecessor-version":[{"id":6312,"href":"https:\/\/pedrocasiano.es\/index.php?rest_route=\/wp\/v2\/pages\/2414\/revisions\/6312"}],"wp:attachment":[{"href":"https:\/\/pedrocasiano.es\/index.php?rest_route=%2Fwp%2Fv2%2Fmedia&parent=2414"}],"curies":[{"name":"wp","href":"https:\/\/api.w.org\/{rel}","templated":true}]}}