{"id":2407,"date":"2024-02-20T10:40:29","date_gmt":"2024-02-20T10:40:29","guid":{"rendered":"https:\/\/pedrocasiano.es\/?page_id=2407"},"modified":"2024-02-20T10:40:29","modified_gmt":"2024-02-20T10:40:29","slug":"gotas-de-lluvia","status":"publish","type":"page","link":"https:\/\/pedrocasiano.es\/?page_id=2407","title":{"rendered":"Gotas de Lluvia"},"content":{"rendered":"\n<div class=\"wp-block-media-text is-stacked-on-mobile is-vertically-aligned-top\" style=\"grid-template-columns:26% auto\"><figure class=\"wp-block-media-text__media\"><img decoding=\"async\" width=\"1024\" height=\"960\" data-src=\"https:\/\/pedrocasiano.es\/wp-content\/uploads\/2024\/02\/image-125-1024x960.jpeg\" alt=\"No hay ninguna descripci\u00f3n de la foto disponible.\" class=\"wp-image-2408 size-full lazyload\" src=\"data:image\/svg+xml;base64,PHN2ZyB3aWR0aD0iMSIgaGVpZ2h0PSIxIiB4bWxucz0iaHR0cDovL3d3dy53My5vcmcvMjAwMC9zdmciPjwvc3ZnPg==\" style=\"--smush-placeholder-width: 1024px; --smush-placeholder-aspect-ratio: 1024\/960;\" \/><\/figure><div class=\"wp-block-media-text__content\">\n<p>Gotas de Lluvia<\/p>\n\n\n\n<p>Llueve, infatigablemente llueve, como si todo el cielo estuviera dentro de un vasto oc\u00e9ano, como si se rompiera a cada segundo y dejara caer toda <a><\/a>su carga, lleno al instante de nuevo, y el suelo brilla a la luz de los rel\u00e1mpagos, todo es gris, oscuro, como si se le hubiera ido la vida que ten\u00eda, y la mente se llena de oscuros presagios, como si la invadieran las negras nubes, tardes de silencio interrumpido solo por las continuas gotas que salpican los repletos charcos, produciendo ondas que se repiten incesantemente como si fueran inagotables, incontables, y el horizonte se vuelve m\u00e1s negro a\u00fan, como si esto fuera posible.<\/p>\n\n\n\n<p>Al fin todo pierde su color, se difumina, como si nunca hubiera tenido forma, y la soledad se hace del color de la gris noche, vaga pegada al suelo, tal vez por el peso de la humedad, pero se queda anclada en los charcos, no corre, no escapa, tu mente, charco infinito, acoge los pensamientos grises, y se colma, pero no se desborda, y la lluvia sigue, inacabable, interminable, como si el futuro fuera a ser para siempre, solo eso.<\/p>\n\n\n\n<p>Miras a trav\u00e9s de los cristales h\u00famedos tambi\u00e9n, pero en tu lado de vaho, en el otro de salpicaduras de la lluvia que no cesa, y la mente divaga, sobe otros tiempos, sobre otras personas, otros conceptos que cre\u00edas olvidados, y retornan incansables, infatigables como la lluvia, y el charco que no se derrama, parece que atesora el gris todo de la tarde, y el alma comienza a pesar, suspiras, como intentando insuflar aire al charco, pero nada sucede, gotas de lluvia inacabable, interminable, agotadora siguen llen\u00e1ndolo sin colmarlo, sin derramar una gota, y el coraz\u00f3n duele, mientras miras como las salpicaduras se unen unas a otras formando min\u00fasculos riachuelos que por la gravedad, buscan escapar del cristal, y lo consiguen, pero tu charco no se derrama, solo se llena, no se colma, maldito charco.<\/p>\n\n\n\n<p>Las gotas de lluvia inacabable de los que se han ido, de los que no est\u00e1n, siguen llenando el charco, el profundo charco inconmensurable, que no tiene fondo, que se sigue llenando, sin derramarse, solo caen gotas y gotas, y pesa cada vez m\u00e1s, pero gota que cae, no mueve ni un mil\u00edmetro el insondable brocal del pozo que las acoge, gotas inacabables, interminables, roc\u00edo continuo de soledades y retardos, de a\u00f1oranzas, de miedos, de soledades, y m\u00e1s gotas al inagotable charco.<\/p>\n\n\n\n<p>\u00a1Desb\u00f3rdate!, quieres gritar, pero no gritas aun en soledad no sabes porqu\u00e9, demasiadas gotas, pero el charco, ah\u00ed est\u00e1 acaparando las que caen, parece estar ri\u00e9ndose de ti, pero piensas que no, que no tiene sentido, y vuelves a mirar el cristal, limpias el vaho, y los restregones toman formas de cara que se han ido, como las grises, negras nubes que derraman esas exasperantes gotas que caen en el inquebrantable charco.<\/p>\n\n\n\n<p>Lluvia, incansable, inagotable lluvia, maldita sea, r\u00f3mpete charco, desb\u00f3rdate, pero ah\u00ed est\u00e1, cada vez caen m\u00e1s gotas de soledades, de vac\u00edos, de a\u00f1oranzas, de inquietudes, de lo que pudo ser y no lo fue, y las gotas como si fueran infinitas caen en ese charco, que las quiere, una a una, todas, y se llena sin llenarse, es infinito, quiz\u00e1s lo sea, piensas.<\/p>\n\n\n\n<p>Y miras el cristal, y sientes como por tu cara caen las gotas de lluvia que parecen inacabables, infinitas, que no cesan, pero no son gotas de lluvia, son l\u00e1grimas, que roto el insondable pozo fluyen como si fueran infinitas, y tu pecho se expande a cada l\u00e1grima, despu\u00e9s se contrae a la siguiente, el charco que parec\u00eda infinito, se va, poco a poco, quiz\u00e1s demasiado lentamente vaciando, tu pecho se contrae y se expande cada vez menos, apenas alg\u00fan hipido que quiere salir escapando sin que se note, y las gotas que salen del charco, salen como l\u00e1grimas, y no te sientes mejor, pero ahora, tras incontables gotas de lluvia, de l\u00e1grimas, sabes que tarde o temprano el charco se vaciar\u00e1, nunca se vaciar\u00e1, pero tampoco llegar\u00e1 al brocal.<\/p>\n\n\n\n<p>La lluvia, la interminable, la inagotable, la infinita lluvia sigue cayendo, casi al ritmo de las l\u00e1grimas del charco medio vac\u00edo.<\/p>\n\n\n\n<p>Miras al cristal, y durante un segundo piensas, quiz\u00e1s menos incluso, que ma\u00f1ana, quiz\u00e1s ma\u00f1ana, te cabe la sospecha, la esperanza, de que saldr\u00e1 un exasperante, un maravilloso d\u00eda, y el sol brillara, amanecer\u00e1, y la lluvia ser\u00e1n solo charcos que cada vez tendr\u00e1n menos agua, menos gotas de lluvia, menos l\u00e1grimas.<\/p>\n\n\n\n<p>Quiz\u00e1s, y miras al cristal, y miras de nuevo a las negras nubes, y sonr\u00edes, quiz\u00e1s con los ojos hinchados, o solo llenos del pozo de gotas de lluvia, y le dices a las nubes que se mueven lentamente, que sabes que un d\u00eda, quiz\u00e1s no ma\u00f1ana, quiz\u00e1s tampoco pasado, pero que un d\u00eda, ser\u00e1 un d\u00eda maravilloso, soleado.<\/p>\n\n\n\n<p>Y quiz\u00e1s, solo quiz\u00e1s, sonr\u00edes.<\/p>\n\n\n\n<p>Pedro Casiano Gonz\u00e1lez Cuevas \u00a92.018<\/p>\n<\/div><\/div>\n","protected":false},"excerpt":{"rendered":"<p>Gotas de Lluvia Llueve, infatigablemente llueve, como si todo el cielo estuviera dentro de un vasto oc\u00e9ano, como si se rompiera a cada segundo y dejara caer toda su carga, lleno al instante de nuevo, y el suelo brilla a la luz de los rel\u00e1mpagos, todo es gris, oscuro, como si se le hubiera ido &hellip; <\/p>\n<p class=\"link-more\"><a href=\"https:\/\/pedrocasiano.es\/?page_id=2407\" class=\"more-link\">Leer m\u00e1s<span class=\"screen-reader-text\"> \u00abGotas de Lluvia\u00bb<\/span><\/a><\/p>\n","protected":false},"author":1,"featured_media":0,"parent":0,"menu_order":0,"comment_status":"closed","ping_status":"closed","template":"","meta":{"inspiro_hide_title":false,"footnotes":""},"class_list":["post-2407","page","type-page","status-publish","hentry"],"featured_media_urls":[],"_links":{"self":[{"href":"https:\/\/pedrocasiano.es\/index.php?rest_route=\/wp\/v2\/pages\/2407","targetHints":{"allow":["GET"]}}],"collection":[{"href":"https:\/\/pedrocasiano.es\/index.php?rest_route=\/wp\/v2\/pages"}],"about":[{"href":"https:\/\/pedrocasiano.es\/index.php?rest_route=\/wp\/v2\/types\/page"}],"author":[{"embeddable":true,"href":"https:\/\/pedrocasiano.es\/index.php?rest_route=\/wp\/v2\/users\/1"}],"replies":[{"embeddable":true,"href":"https:\/\/pedrocasiano.es\/index.php?rest_route=%2Fwp%2Fv2%2Fcomments&post=2407"}],"version-history":[{"count":1,"href":"https:\/\/pedrocasiano.es\/index.php?rest_route=\/wp\/v2\/pages\/2407\/revisions"}],"predecessor-version":[{"id":2409,"href":"https:\/\/pedrocasiano.es\/index.php?rest_route=\/wp\/v2\/pages\/2407\/revisions\/2409"}],"wp:attachment":[{"href":"https:\/\/pedrocasiano.es\/index.php?rest_route=%2Fwp%2Fv2%2Fmedia&parent=2407"}],"curies":[{"name":"wp","href":"https:\/\/api.w.org\/{rel}","templated":true}]}}