{"id":2404,"date":"2024-02-20T10:38:21","date_gmt":"2024-02-20T10:38:21","guid":{"rendered":"https:\/\/pedrocasiano.es\/?page_id=2404"},"modified":"2024-02-20T10:38:21","modified_gmt":"2024-02-20T10:38:21","slug":"la-gitanilla-se-abrio","status":"publish","type":"page","link":"https:\/\/pedrocasiano.es\/?page_id=2404","title":{"rendered":"La Gitanilla se Abri\u00f3"},"content":{"rendered":"\n<div class=\"wp-block-media-text is-stacked-on-mobile is-vertically-aligned-top\" style=\"grid-template-columns:27% auto\"><figure class=\"wp-block-media-text__media\"><img decoding=\"async\" width=\"1024\" height=\"960\" data-src=\"https:\/\/pedrocasiano.es\/wp-content\/uploads\/2024\/02\/image-124-1024x960.jpeg\" alt=\"No hay ninguna descripci\u00f3n de la foto disponible.\" class=\"wp-image-2405 size-full lazyload\" src=\"data:image\/svg+xml;base64,PHN2ZyB3aWR0aD0iMSIgaGVpZ2h0PSIxIiB4bWxucz0iaHR0cDovL3d3dy53My5vcmcvMjAwMC9zdmciPjwvc3ZnPg==\" style=\"--smush-placeholder-width: 1024px; --smush-placeholder-aspect-ratio: 1024\/960;\" \/><\/figure><div class=\"wp-block-media-text__content\">\n<p>La gitanilla se abri\u00f3, un p\u00e9talo movi\u00f3, y vio el sol, sonri\u00f3, otro abri\u00f3, luego todas al comp\u00e1s se abrieron de par en par, sintiendo el c\u00e1lido abrazo de un <a><\/a>amanecer espectacular, miraron a su alrededor, rosas, claveles, geranios de olor, todas sus amigas se abrieron al abrazo del quer\u00edo que les daba su calor, y la calle, triste, p\u00e1lida, de colores estall\u00f3, de calor, las puertas se abrieron y las acun\u00f3 el sol, las sombras alargadas desaparecieron, huyendo del resplandor.<\/p>\n\n\n\n<p>Y el aire, de frio, pas\u00f3 a frescor, a llevar el olor entre las milenarias callejas que se despertaban, anunciando a los de dentro que llegaba, aunque no lo creyeran esa que parec\u00eda olvidada, la primavera.<\/p>\n\n\n\n<p>Y despert\u00f3, rinc\u00f3n por rinc\u00f3n, calleja a calleja, plaza, ronda y jard\u00edn, despert\u00f3, y lleno del color de la ilusi\u00f3n, el letargo dormido hasta del m\u00e1s m\u00edsero callej\u00f3n.<\/p>\n\n\n\n<p>Se olvidaron los abrigos, hasta las medias, mi amor, el frio casi ni era un recuerdo, tras esos rayos de sol, ni la escarcha, ni la ventisca, ni siquiera la hel\u00e1, todos eran fantasmas perdidos, evaporados por la alegr\u00eda del de arriba, por nuestro calor.<\/p>\n\n\n\n<p>Y tom\u00f3 vida, del letargo salida, la ciudad floreci\u00f3, se oy\u00f3 el rasgar de una guitarra, el agua de los pozos brot\u00f3, para enjugar la tierra de la rosa, del clavel, de la gitanilla de olor, y llamaron a sus hermanas, y aunque pareciera imposible todo se ba\u00f1\u00f3 de un incre\u00edble color.<\/p>\n\n\n\n<p>Y la guitarra tocaba, para despertar la calor, y una voz ronca sal\u00eda del coraz\u00f3n, entonaba una seguirilla, de lamento y de pasi\u00f3n, despertaban los hombres, despertaba la calor, y la vieja ciudad, se mov\u00eda al ritmo del diapas\u00f3n de la guitarra rasgada, del quej\u00edo del cantaor.<\/p>\n\n\n\n<p>Y all\u00ed en una esquina mirando la cruz, engalanada de flores, sus perfumes, su belleza regal\u00f3, a todo aquel que sintiera en el alma la calor.<\/p>\n\n\n\n<p>Y nuestro hogar de exuberantes perfumes, de par en par se abri\u00f3, para dejarle paso a los que quer\u00edan embriagarse de las flores, de su aroma, de su olor.<\/p>\n\n\n\n<p>\u00a1Ay\u00a1 la ciudad perfumada, \u00a1Ay! ese bello color, que por nada cambiar\u00eda, que por nada dejar\u00eda, que esta es mi tierra quer\u00eda, en la que se toca una guitarra, en la que canta un cantaor.<\/p>\n\n\n\n<p>A mi C\u00f3rdoba, Pedro Casiano Gonz\u00e1lez Cuevas 2.018<\/p>\n\n\n\n<p>(Dedicado a todos aquellos que aman C\u00f3rdoba y no est\u00e1n aqu\u00ed)<\/p>\n<\/div><\/div>\n","protected":false},"excerpt":{"rendered":"<p>La gitanilla se abri\u00f3, un p\u00e9talo movi\u00f3, y vio el sol, sonri\u00f3, otro abri\u00f3, luego todas al comp\u00e1s se abrieron de par en par, sintiendo el c\u00e1lido abrazo de un amanecer espectacular, miraron a su alrededor, rosas, claveles, geranios de olor, todas sus amigas se abrieron al abrazo del quer\u00edo que les daba su calor, &hellip; <\/p>\n<p class=\"link-more\"><a href=\"https:\/\/pedrocasiano.es\/?page_id=2404\" class=\"more-link\">Leer m\u00e1s<span class=\"screen-reader-text\"> \u00abLa Gitanilla se Abri\u00f3\u00bb<\/span><\/a><\/p>\n","protected":false},"author":1,"featured_media":0,"parent":0,"menu_order":0,"comment_status":"closed","ping_status":"closed","template":"","meta":{"inspiro_hide_title":false,"footnotes":""},"class_list":["post-2404","page","type-page","status-publish","hentry"],"featured_media_urls":[],"_links":{"self":[{"href":"https:\/\/pedrocasiano.es\/index.php?rest_route=\/wp\/v2\/pages\/2404","targetHints":{"allow":["GET"]}}],"collection":[{"href":"https:\/\/pedrocasiano.es\/index.php?rest_route=\/wp\/v2\/pages"}],"about":[{"href":"https:\/\/pedrocasiano.es\/index.php?rest_route=\/wp\/v2\/types\/page"}],"author":[{"embeddable":true,"href":"https:\/\/pedrocasiano.es\/index.php?rest_route=\/wp\/v2\/users\/1"}],"replies":[{"embeddable":true,"href":"https:\/\/pedrocasiano.es\/index.php?rest_route=%2Fwp%2Fv2%2Fcomments&post=2404"}],"version-history":[{"count":2,"href":"https:\/\/pedrocasiano.es\/index.php?rest_route=\/wp\/v2\/pages\/2404\/revisions"}],"predecessor-version":[{"id":10468,"href":"https:\/\/pedrocasiano.es\/index.php?rest_route=\/wp\/v2\/pages\/2404\/revisions\/10468"}],"wp:attachment":[{"href":"https:\/\/pedrocasiano.es\/index.php?rest_route=%2Fwp%2Fv2%2Fmedia&parent=2404"}],"curies":[{"name":"wp","href":"https:\/\/api.w.org\/{rel}","templated":true}]}}