{"id":240,"date":"2024-02-15T08:27:26","date_gmt":"2024-02-15T08:27:26","guid":{"rendered":"https:\/\/pedrocasiano.es\/?page_id=240"},"modified":"2024-07-08T18:06:01","modified_gmt":"2024-07-08T18:06:01","slug":"ramir-al-mayub-iii-aimra-almauti","status":"publish","type":"page","link":"https:\/\/pedrocasiano.es\/?page_id=240","title":{"rendered":"Ramir Al Mayub III. Aimra Almauti"},"content":{"rendered":"\n<div class=\"wp-block-media-text is-stacked-on-mobile is-vertically-aligned-top\"><figure class=\"wp-block-media-text__media\"><img decoding=\"async\" width=\"533\" height=\"800\" data-src=\"https:\/\/pedrocasiano.es\/wp-content\/uploads\/2024\/03\/Ramir3Eng.jpg\" alt=\"\" class=\"wp-image-6063 size-full lazyload\" src=\"data:image\/svg+xml;base64,PHN2ZyB3aWR0aD0iMSIgaGVpZ2h0PSIxIiB4bWxucz0iaHR0cDovL3d3dy53My5vcmcvMjAwMC9zdmciPjwvc3ZnPg==\" style=\"--smush-placeholder-width: 533px; --smush-placeholder-aspect-ratio: 533\/800;\" \/><\/figure><div class=\"wp-block-media-text__content\">\n<p><span style=\"font-family: &quot;Amazon Ember&quot;, Arial, sans-serif; font-size: 14px; white-space-collapse: collapse;\">EL final de una historia \u00e9pica.<\/span><\/p>\n\n\n\n<p><span style=\"font-family: &quot;Amazon Ember&quot;, Arial, sans-serif; font-size: 14px; white-space-collapse: collapse;\">Caudillos en una tierra que cambia de due\u00f1o. <\/span><\/p>\n\n\n\n<p><span style=\"font-family: &quot;Amazon Ember&quot;, Arial, sans-serif; font-size: 14px; white-space-collapse: collapse;\">El af\u00e1n de conservar la patria, el grupo m\u00e1s salvaje que se opone a todo, que lucha con la convicci\u00f3n de que solo quedan dos opciones, la victoria o la muerte, y ambas son bien recibidas.<\/span><\/p>\n\n\n\n<p><span style=\"font-family: &quot;Amazon Ember&quot;, Arial, sans-serif; font-size: 14px; white-space-collapse: collapse;\">Majhub. <\/span><\/p>\n\n\n\n<p><span style=\"font-family: &quot;Amazon Ember&quot;, Arial, sans-serif; font-size: 14px; white-space-collapse: collapse;\">Oscuros.<\/span><\/p>\n\n\n\n<p><span style=\"font-family: &quot;Amazon Ember&quot;, Arial, sans-serif; font-size: 14px; white-space-collapse: collapse;\"> Salvajes. <\/span><\/p>\n\n\n\n<p><span style=\"font-family: &quot;Amazon Ember&quot;, Arial, sans-serif; font-size: 14px; white-space-collapse: collapse;\">Libres en un mundo que se define de nuevo a trav\u00e9s de la destrucci\u00f3n, la crueldad sin l\u00edmites, rodeados de animales. Mantener su tierra, morir por ella. <\/span><\/p>\n\n\n\n<p><span style=\"font-family: &quot;Amazon Ember&quot;, Arial, sans-serif; font-size: 14px; white-space-collapse: collapse;\">Majhub, solo Majhub.<\/span><\/p>\n<\/div><\/div>\n\n\n\n<figure class=\"wp-block-embed alignright is-type-rich is-provider-amazon wp-block-embed-amazon\"><div class=\"wp-block-embed__wrapper\">\n<iframe title=\"Aimra Almauti: La Leyenda de Ramir Al Majhub. Libro III (Ramir Al Mayub n\u00ba 3)\" type=\"text\/html\" width=\"950\" height=\"550\" frameborder=\"0\" allowfullscreen style=\"max-width:100%\" data-src=\"https:\/\/leer.amazon.es\/kp\/card?preview=inline&#038;linkCode=kpd&#038;ref_=k4w_oembed_YkxesV55HsbgAh&#038;asin=B08THDVQX7&#038;tag=kpembed-20\" src=\"data:image\/svg+xml;base64,PHN2ZyB3aWR0aD0iMSIgaGVpZ2h0PSIxIiB4bWxucz0iaHR0cDovL3d3dy53My5vcmcvMjAwMC9zdmciPjwvc3ZnPg==\" class=\"lazyload\" data-load-mode=\"1\"><\/iframe>\n<\/div><\/figure>\n","protected":false},"excerpt":{"rendered":"<p>EL final de una historia \u00e9pica. Caudillos en una tierra que cambia de due\u00f1o. El af\u00e1n de conservar la patria, el grupo m\u00e1s salvaje que se opone a todo, que lucha con la convicci\u00f3n de que solo quedan dos opciones, la victoria o la muerte, y ambas son bien recibidas. Majhub. Oscuros. Salvajes. Libres en &hellip; <\/p>\n<p class=\"link-more\"><a href=\"https:\/\/pedrocasiano.es\/?page_id=240\" class=\"more-link\">Leer m\u00e1s<span class=\"screen-reader-text\"> \u00abRamir Al Mayub III. Aimra Almauti\u00bb<\/span><\/a><\/p>\n","protected":false},"author":1,"featured_media":0,"parent":0,"menu_order":0,"comment_status":"closed","ping_status":"closed","template":"","meta":{"inspiro_hide_title":false,"footnotes":""},"class_list":["post-240","page","type-page","status-publish","hentry"],"featured_media_urls":[],"_links":{"self":[{"href":"https:\/\/pedrocasiano.es\/index.php?rest_route=\/wp\/v2\/pages\/240","targetHints":{"allow":["GET"]}}],"collection":[{"href":"https:\/\/pedrocasiano.es\/index.php?rest_route=\/wp\/v2\/pages"}],"about":[{"href":"https:\/\/pedrocasiano.es\/index.php?rest_route=\/wp\/v2\/types\/page"}],"author":[{"embeddable":true,"href":"https:\/\/pedrocasiano.es\/index.php?rest_route=\/wp\/v2\/users\/1"}],"replies":[{"embeddable":true,"href":"https:\/\/pedrocasiano.es\/index.php?rest_route=%2Fwp%2Fv2%2Fcomments&post=240"}],"version-history":[{"count":6,"href":"https:\/\/pedrocasiano.es\/index.php?rest_route=\/wp\/v2\/pages\/240\/revisions"}],"predecessor-version":[{"id":8231,"href":"https:\/\/pedrocasiano.es\/index.php?rest_route=\/wp\/v2\/pages\/240\/revisions\/8231"}],"wp:attachment":[{"href":"https:\/\/pedrocasiano.es\/index.php?rest_route=%2Fwp%2Fv2%2Fmedia&parent=240"}],"curies":[{"name":"wp","href":"https:\/\/api.w.org\/{rel}","templated":true}]}}