{"id":2398,"date":"2024-02-20T10:34:58","date_gmt":"2024-02-20T10:34:58","guid":{"rendered":"https:\/\/pedrocasiano.es\/?page_id=2398"},"modified":"2024-02-20T10:34:59","modified_gmt":"2024-02-20T10:34:59","slug":"otra-estrella-fugaz-victoria","status":"publish","type":"page","link":"https:\/\/pedrocasiano.es\/?page_id=2398","title":{"rendered":"Otra Estrella Fugaz (Victoria)"},"content":{"rendered":"\n<div class=\"wp-block-media-text is-stacked-on-mobile is-vertically-aligned-top\" style=\"grid-template-columns:28% auto\"><figure class=\"wp-block-media-text__media\"><img decoding=\"async\" width=\"1024\" height=\"960\" data-src=\"https:\/\/pedrocasiano.es\/wp-content\/uploads\/2024\/02\/image-122-1024x960.jpeg\" alt=\"No hay ninguna descripci\u00f3n de la foto disponible.\" class=\"wp-image-2399 size-full lazyload\" src=\"data:image\/svg+xml;base64,PHN2ZyB3aWR0aD0iMSIgaGVpZ2h0PSIxIiB4bWxucz0iaHR0cDovL3d3dy53My5vcmcvMjAwMC9zdmciPjwvc3ZnPg==\" style=\"--smush-placeholder-width: 1024px; --smush-placeholder-aspect-ratio: 1024\/960;\" \/><\/figure><div class=\"wp-block-media-text__content\">\n<p>OTRA ESTRELLA FUGAZ (Victoria) La otra forma de ver el Relato UNA ESTRELLA FUGAZ.<\/p>\n\n\n\n<p>Teo se sent\u00f3 en el banco, pero no como las personas normales, lo hizo <a><\/a>apoy\u00e1ndose en el respaldar, y colocando los pies en el lugar donde deber\u00eda de sentarse, no sab\u00eda por qu\u00e9 lo hac\u00eda, quiz\u00e1s ser\u00eda moda, quiz\u00e1s\u2026 no ten\u00eda ni idea, pero lo hizo.<\/p>\n\n\n\n<p>La disco le cansaba, demasiado ruido, los colegas que la cog\u00edan buena, las tonter\u00edas, y si la cosa se pon\u00eda caliente, hostias como panes\u2026 a \u00e9l no le iba eso, quer\u00eda pillar como todos, mejor novia, o algo similar; \u201cqu\u00e9 antiguo soy\u201d, pens\u00f3, pero era lo que le ped\u00eda el cuerpo, y sonri\u00f3 para s\u00ed mismo, tambi\u00e9n \u201cun cuerpo\u201d, a un \u201cbuen cuerpo\u201d no le hubiera hecho ascos.<\/p>\n\n\n\n<p>Adem\u00e1s la puta prohibici\u00f3n de no fumar, no es que fumara mucho, pero a pesar de todo lo que vend\u00edan, \u00e9l lo hac\u00eda, apenas cuatro o cinco diarios, de marcha algunos m\u00e1s, y por eso y por el ruido, y por el hast\u00edo, estaba sentado en el banco, solo como la una. Los dem\u00e1s fumadores formaban corrillo a la puerta de la disco, mir\u00f3 hacia ellos, a \u00e9l quiz\u00e1s no lo dejaran entrar de nuevo, pero tampoco eso ser\u00eda una tragedia, m\u00e1s bien un descanso.<\/p>\n\n\n\n<p>Mir\u00f3 al cielo, libre de cualquier rastro de nubes, el calor a pesar de la noche despejada apretaba como si cobrara por ello, se notaba sudoroso, quiz\u00e1s sucio, pero no le importaba, tampoco ten\u00eda con quien compartir los olores.<\/p>\n\n\n\n<p>Dio una calada al cigarro, las volutas se perdieron ascendiendo hacia el cielo negro y limpio, tachonado de estrellas. Se estaba bien all\u00ed, era tarde y solo el r\u00edtmico y cansino golpeteo de la machacona m\u00fasica se percib\u00eda en el ambiente, sin darse cuenta se qued\u00f3 mirando las estrellas, eran fascinantes, y lo mejor, a\u00fan no cobraban por verlas.<\/p>\n\n\n\n<p>-\u00bfTe importa?<\/p>\n\n\n\n<p>Teo no levant\u00f3 la cabeza. Sinti\u00f3 como el banco, a pesar de estar clavado en el suelo, vibr\u00f3, volvi\u00f3 la cara descuidadamente para saber qui\u00e9n estaba a su lado, la mir\u00f3 y se qued\u00f3 casi embobado, volvi\u00f3 a agachar la cabeza, cerr\u00f3 los ojos. No necesitaba m\u00e1s, se hab\u00eda grabado en su mente.<\/p>\n\n\n\n<p>-\u00bfTe importa darme fuego?<\/p>\n\n\n\n<p>Teo levant\u00f3 la cabeza y sac\u00f3 el mechero, puso la mano para evitar que el inexistente viento apagara la llama, y la contempl\u00f3, se permiti\u00f3 recrearse en el bello rostro, la chica le sonri\u00f3.<\/p>\n\n\n\n<p>-Gracias.<\/p>\n\n\n\n<p>Teo volvi\u00f3 a mirar a las estrellas, pero ahora formaban el rostro de la muchacha, perfecto, o quiz\u00e1s s\u00f3lo perfecto para \u00e9l, no lo sab\u00eda, no era importante, pero sudaba m\u00e1s, no se atrev\u00eda a mirarla, como si el hacerlo una tercera vez, rompiera el encanto y el bello rostro cambiar\u00eda hasta llegar a ser normal. Sigui\u00f3 callado mirando a las estrellas que parec\u00edan formar un rostro femenino.<\/p>\n\n\n\n<p>Miro los vac\u00edos bancos, y sin saber c\u00f3mo se atrevi\u00f3, le ofreci\u00f3 la mano.<\/p>\n\n\n\n<p>-Teo.<\/p>\n\n\n\n<p>-Lina, encantada.<\/p>\n\n\n\n<p>Oy\u00f3, ten\u00eda el sentido del o\u00eddo alterado, como la chica tiraba el cigarro lejos de ella, posiblemente lanz\u00e1ndolo con dos dedos.<\/p>\n\n\n\n<p>-\u00bfVienes?, le sonri\u00f3 de nuevo, le tendi\u00f3 la mano.<\/p>\n\n\n\n<p>Teo la mir\u00f3, era bella, no, mejor, bell\u00edsima; rubia, facciones perfectas, una sonrisa digna de un retrato caro, pero lo peor era que la esbelta figura estaba cubierta por ropa de marca, no faltaba ni un detalle, collar a juego, un reloj de pulsera de tela rojo, unas botas que costaban m\u00e1s que su sueldo. Lo sab\u00eda.<\/p>\n\n\n\n<p>Segura, perfecta, inalcanzable, maravillosa. Lejos de \u00e9l.<\/p>\n\n\n\n<p>Incre\u00edble, bella, radiante. Supo que no pod\u00eda ser suya.<\/p>\n\n\n\n<p>Sin saber por qu\u00e9 realmente, sin o\u00edrse a s\u00ed mismo, se levant\u00f3 tirando el cigarro lejos, la sigui\u00f3, ella se volvi\u00f3, y su cara pareci\u00f3 resplandecer incluso ante las tenues luces de ne\u00f3n de la portada de la disco.<\/p>\n\n\n\n<p>Lina salud\u00f3 a algunos de los que estaban en la puerta, despu\u00e9s se uni\u00f3 a un grupo, bail\u00f3 con \u00e9l, pero eran muchos, todos repeinados, ni\u00f1os de bien, se sinti\u00f3 inc\u00f3modo, pero no cej\u00f3, las miradas no era necesario ser muy listo para interpretarlas, para ellos siempre ser\u00eda un mierda, a pesar de todo sonri\u00f3, el premio merec\u00eda la pena.<\/p>\n\n\n\n<p>Lina le sonri\u00f3 de nuevo, lo cogi\u00f3 de la mano.<\/p>\n\n\n\n<p>-Vamos a fumar, t\u00fa invitas.<\/p>\n\n\n\n<p>El mismo asiento, el banco solo y olvidado, pero ahora perfecto con la belleza de Lina.<\/p>\n\n\n\n<p>Le encendi\u00f3 un cigarro y se lo ofreci\u00f3, despu\u00e9s encendi\u00f3 otro para \u00e9l.<\/p>\n\n\n\n<p>-\u00bfQu\u00e9 haces?<\/p>\n\n\n\n<p>No iba a mentir, lo que es, es, lo dem\u00e1s es mentira, y sobre todo cobard\u00eda.<\/p>\n\n\n\n<p>-Trabajo en un puesto de fruta, es de mi madre. \u00bfY t\u00fa?<\/p>\n\n\n\n<p>-Estudio Medicina.<\/p>\n\n\n\n<p>La mir\u00f3, mientras el cielo parec\u00eda dibujar en su negrura la silueta de un \u00e1ngel.<\/p>\n\n\n\n<p>-Yo\u2026<\/p>\n\n\n\n<p>-Dime, y le sonri\u00f3.<\/p>\n\n\n\n<p>-Tambi\u00e9n estudio derecho, pero al ritmo que voy, me dan las uvas.<\/p>\n\n\n\n<p>-\u00bfHas empezado tarde?<\/p>\n\n\n\n<p>-Mi padre muri\u00f3, ya sabes, a la tienda que hay que comer, lo dej\u00e9 todo, despu\u00e9s\u2026 un calvario, no soy muy listo, no como t\u00fa. Pero alg\u00fan d\u00eda ser\u00e9 abogado, eso lo tengo tan seguro como que t\u00fa eres lo m\u00e1s bonito que he visto en mi vida.<\/p>\n\n\n\n<p>Lina le cogi\u00f3 la mano. Lo mir\u00f3 a los ojos y sonri\u00f3.<\/p>\n\n\n\n<p>-Teo, creo que nos vamos a llevar bien, y ambos miraron a la estrellada noche.<\/p>\n\n\n\n<p>Una estrella fugaz le hab\u00eda sonre\u00eddo, y la hab\u00eda seguido, \u00a1estaba tan cerca!, su sue\u00f1o resplandec\u00eda a su lado y le cog\u00eda la mano, no sab\u00eda en qu\u00e9 terminar\u00eda, siquiera si empezar\u00eda, pero se sinti\u00f3 bien. Esa noche las estrellas brillaban como nunca.<\/p>\n\n\n\n<p>Las estrellas miraron como Teo y Lina fumaban mir\u00e1ndolas desde un remoto lugar, y sonrieron, nunca nadie conocer\u00eda el esfuerzo que les hab\u00eda costado cambiar el rumbo de dos cuerpos celestes para que confluyeran. Pero parec\u00eda que hab\u00eda merecido la pena.<\/p>\n\n\n\n<p>Pedro Casiano Gonz\u00e1lez Cuevas. 2018<\/p>\n<\/div><\/div>\n","protected":false},"excerpt":{"rendered":"<p>OTRA ESTRELLA FUGAZ (Victoria) La otra forma de ver el Relato UNA ESTRELLA FUGAZ. Teo se sent\u00f3 en el banco, pero no como las personas normales, lo hizo apoy\u00e1ndose en el respaldar, y colocando los pies en el lugar donde deber\u00eda de sentarse, no sab\u00eda por qu\u00e9 lo hac\u00eda, quiz\u00e1s ser\u00eda moda, quiz\u00e1s\u2026 no ten\u00eda &hellip; <\/p>\n<p class=\"link-more\"><a href=\"https:\/\/pedrocasiano.es\/?page_id=2398\" class=\"more-link\">Leer m\u00e1s<span class=\"screen-reader-text\"> \u00abOtra Estrella Fugaz (Victoria)\u00bb<\/span><\/a><\/p>\n","protected":false},"author":1,"featured_media":0,"parent":0,"menu_order":0,"comment_status":"closed","ping_status":"closed","template":"","meta":{"inspiro_hide_title":false,"footnotes":""},"class_list":["post-2398","page","type-page","status-publish","hentry"],"featured_media_urls":[],"_links":{"self":[{"href":"https:\/\/pedrocasiano.es\/index.php?rest_route=\/wp\/v2\/pages\/2398","targetHints":{"allow":["GET"]}}],"collection":[{"href":"https:\/\/pedrocasiano.es\/index.php?rest_route=\/wp\/v2\/pages"}],"about":[{"href":"https:\/\/pedrocasiano.es\/index.php?rest_route=\/wp\/v2\/types\/page"}],"author":[{"embeddable":true,"href":"https:\/\/pedrocasiano.es\/index.php?rest_route=\/wp\/v2\/users\/1"}],"replies":[{"embeddable":true,"href":"https:\/\/pedrocasiano.es\/index.php?rest_route=%2Fwp%2Fv2%2Fcomments&post=2398"}],"version-history":[{"count":1,"href":"https:\/\/pedrocasiano.es\/index.php?rest_route=\/wp\/v2\/pages\/2398\/revisions"}],"predecessor-version":[{"id":2400,"href":"https:\/\/pedrocasiano.es\/index.php?rest_route=\/wp\/v2\/pages\/2398\/revisions\/2400"}],"wp:attachment":[{"href":"https:\/\/pedrocasiano.es\/index.php?rest_route=%2Fwp%2Fv2%2Fmedia&parent=2398"}],"curies":[{"name":"wp","href":"https:\/\/api.w.org\/{rel}","templated":true}]}}