{"id":2395,"date":"2024-02-20T10:32:28","date_gmt":"2024-02-20T10:32:28","guid":{"rendered":"https:\/\/pedrocasiano.es\/?page_id=2395"},"modified":"2024-03-30T17:10:03","modified_gmt":"2024-03-30T17:10:03","slug":"la-estrella-fugaz-la-derrota","status":"publish","type":"page","link":"https:\/\/pedrocasiano.es\/?page_id=2395","title":{"rendered":"La Estrella Fugaz. (La Derrota)"},"content":{"rendered":"\n<figure class=\"wp-block-image alignleft is-resized\"><img decoding=\"async\" width=\"1024\" height=\"960\" data-src=\"https:\/\/pedrocasiano.es\/wp-content\/uploads\/2024\/02\/image-121-1024x960.jpeg\" alt=\"No hay ninguna descripci\u00f3n de la foto disponible.\" class=\"wp-image-2396 lazyload\" style=\"--smush-placeholder-width: 1024px; --smush-placeholder-aspect-ratio: 1024\/960;width:368px;height:auto\" src=\"data:image\/svg+xml;base64,PHN2ZyB3aWR0aD0iMSIgaGVpZ2h0PSIxIiB4bWxucz0iaHR0cDovL3d3dy53My5vcmcvMjAwMC9zdmciPjwvc3ZnPg==\" \/><\/figure>\n\n\n\n<p>Teo se sent\u00f3 en el banco, pero no como las personas normales, lo hizo apoy\u00e1ndose en el respaldar, y colocando los pies en el lugar donde deber\u00eda de sentarse, no sab\u00eda porque lo hac\u00eda, quiz\u00e1s ser\u00eda moda, quiz\u00e1s\u2026 no ten\u00eda ni idea, pero lo hizo.<\/p>\n\n\n\n<p>La disco le cansaba, demasiado ruido, los colegas que la cog\u00edan buena, las tonter\u00edas, y si la cosa se pon\u00eda caliente, hostias como panes\u2026 a \u00e9l no le iba eso, quer\u00eda pillar como todos, mejor novia, o algo similar; \u201cque antiguo soy\u201d, pens\u00f3, pero era lo que le ped\u00eda el cuerpo, y sonri\u00f3 para s\u00ed mismo, tambi\u00e9n \u201cun cuerpo\u201d, a un \u201cbuen cuerpo\u201d no le hubiera hecho ascos.<\/p>\n\n\n\n<p>Adem\u00e1s, la puta prohibici\u00f3n de no fumar, no es que fumara mucho, pero a pesar de todo lo que vend\u00edan, \u00e9l lo hac\u00eda, apenas cuatro o cinco diarios, de marcha algunos m\u00e1s, y por eso y por el ruido, y por el hast\u00edo, estaba sentado en el banco, solo como la una. Los dem\u00e1s fumadores formaban corrillo a la puerta de la disco, mir\u00f3 hacia ellos, a \u00e9l quiz\u00e1s no lo dejaran entrar de nuevo, pero tampoco eso ser\u00eda una tragedia, m\u00e1s bien un descanso.<\/p>\n\n\n\n<p>Mir\u00f3 al cielo, libre de cualquier rastro de nubes, el calor a pesar de la noche despejada apretaba como si cobrara por ello, se notaba sudoroso, quiz\u00e1s sucio, pero no le importaba, tampoco ten\u00eda con quien compartir los olores.<\/p>\n\n\n\n<p>Dio una calada al cigarro, las volutas se perdieron ascendiendo hacia el cielo negro y limpio, tachonado de estrellas. Se estaba bien all\u00ed, era tarde y solo el r\u00edtmico y cansino golpeteo de la machacona m\u00fasica se percib\u00eda en el ambiente, sin darse cuenta se qued\u00f3 mirando las estrellas, eran fascinantes, y lo mejor, a\u00fan no cobraban por verlas.<\/p>\n\n\n\n<p>-\u00bfTe importa?<\/p>\n\n\n\n<p>Teo no levant\u00f3 la cabeza. Sinti\u00f3 como el banco a pesar de estar clavado en el suelo, vibr\u00f3, volvi\u00f3 la cara descuidadamente para saber qui\u00e9n estaba a su lado, la mir\u00f3 y se qued\u00f3 casi embobado, volvi\u00f3 a agachar la cabeza, cerr\u00f3 los ojos. No necesitaba m\u00e1s, se hab\u00eda grabado en su mente.<\/p>\n\n\n\n<p>&#8211; \u00bfTe importa darme fuego?<\/p>\n\n\n\n<p>Teo levant\u00f3 la cabeza y sac\u00f3 el mechero, puso la mano para evitar que el inexistente viento apagara la llama, y la contempl\u00f3, se permiti\u00f3 recrearse en el bello rostro, la chica le sonri\u00f3.<\/p>\n\n\n\n<p>-Gracias.<\/p>\n\n\n\n<p>Teo volvi\u00f3 a mirar a las estrellas, pero ahora formaban el rostro de la muchacha, perfecto, o quiz\u00e1 solo perfecto para \u00e9l, no lo sab\u00eda, no era importante, pero sudaba m\u00e1s, no se atrev\u00eda a mirarla, como si el hacerlo una tercera vez, rompiera el encanto y el bello rostro cambiaria hasta llegar a ser normal. Sigui\u00f3 callado mirando a las estrellas que parec\u00edan formar un rostro femenino.<\/p>\n\n\n\n<p>Oy\u00f3, ten\u00eda el sentido del o\u00eddo alterado, como la chica tiraba el cigarro lejos de ella, posiblemente lanz\u00e1ndolo con dos dedos.<\/p>\n\n\n\n<p>&#8211; \u00bfVienes?, le sonri\u00f3 de nuevo, le tendi\u00f3 la mano.<\/p>\n\n\n\n<p>Teo la mir\u00f3, era bella, no, mejor, bell\u00edsima; rubia, facciones perfectas, una sonrisa digna de un retrato caro, pero lo peor era que la esbelta figura estaba cubierta por ropa de marca, no faltaba ni un detalle, collar a juego, un reloj de pulsera de tela rojo, unas botas que costaban m\u00e1s que su sueldo. Lo sab\u00eda.<\/p>\n\n\n\n<p>Segura, perfecta, inalcanzable, maravillosa. Lejos de \u00e9l.<\/p>\n\n\n\n<p>Incre\u00edble, bella, radiante. Supo que no pod\u00eda ser suya.<\/p>\n\n\n\n<p>-No, gracias, ahora despu\u00e9s ir\u00e9.<\/p>\n\n\n\n<p>La chica se alej\u00f3 sin insistir, la oy\u00f3 sonre\u00edr con algunos conocidos de la puerta, vio los dem\u00e1s bancos vac\u00edos, y se le vino el alma al suelo. Desde aquel momento supo lo que iba a ser el resto de su vida.<\/p>\n\n\n\n<p>Una estrella fugaz le hab\u00eda sonre\u00eddo, y \u00e9l no hab\u00eda sido capaz de seguirla, supo que los sue\u00f1os solo ser\u00edan sue\u00f1os, nada m\u00e1s que eso.<\/p>\n\n\n\n<p>Se levant\u00f3 del banco, volvi\u00f3 la vista a la discoteca, all\u00ed le esperaban sus amigos, pero el cansinamente, derrotado, emprendi\u00f3 el camino a casa, no sab\u00eda por qu\u00e9, pero algo terrible hab\u00eda pasado.<\/p>\n\n\n\n<p>Las estrellas miraron como Teo se perd\u00eda entre las callejas de la ciudad, y lloraron, nunca nadie conocer\u00eda el esfuerzo que les hab\u00eda costado cambiar el rumbo de dos cuerpos celestes para que confluyeran.<\/p>\n\n\n\n<p>Teo levant\u00f3 la cabeza, las estrellas parec\u00edan brillar menos, y por supuesto ninguna de ellas fugaz. Ni tan siquiera la m\u00e1s errante, la m\u00e1s veloz, le conceder\u00eda ning\u00fan deseo.<\/p>\n\n\n\n<p>De todas maneras, \u00e9l no era digno de ellas.<\/p>\n","protected":false},"excerpt":{"rendered":"<p>Teo se sent\u00f3 en el banco, pero no como las personas normales, lo hizo apoy\u00e1ndose en el respaldar, y colocando los pies en el lugar donde deber\u00eda de sentarse, no sab\u00eda porque lo hac\u00eda, quiz\u00e1s ser\u00eda moda, quiz\u00e1s\u2026 no ten\u00eda ni idea, pero lo hizo. La disco le cansaba, demasiado ruido, los colegas que la &hellip; <\/p>\n<p class=\"link-more\"><a href=\"https:\/\/pedrocasiano.es\/?page_id=2395\" class=\"more-link\">Leer m\u00e1s<span class=\"screen-reader-text\"> \u00abLa Estrella Fugaz. (La Derrota)\u00bb<\/span><\/a><\/p>\n","protected":false},"author":1,"featured_media":0,"parent":0,"menu_order":0,"comment_status":"closed","ping_status":"closed","template":"","meta":{"inspiro_hide_title":false,"footnotes":""},"class_list":["post-2395","page","type-page","status-publish","hentry"],"featured_media_urls":[],"_links":{"self":[{"href":"https:\/\/pedrocasiano.es\/index.php?rest_route=\/wp\/v2\/pages\/2395","targetHints":{"allow":["GET"]}}],"collection":[{"href":"https:\/\/pedrocasiano.es\/index.php?rest_route=\/wp\/v2\/pages"}],"about":[{"href":"https:\/\/pedrocasiano.es\/index.php?rest_route=\/wp\/v2\/types\/page"}],"author":[{"embeddable":true,"href":"https:\/\/pedrocasiano.es\/index.php?rest_route=\/wp\/v2\/users\/1"}],"replies":[{"embeddable":true,"href":"https:\/\/pedrocasiano.es\/index.php?rest_route=%2Fwp%2Fv2%2Fcomments&post=2395"}],"version-history":[{"count":2,"href":"https:\/\/pedrocasiano.es\/index.php?rest_route=\/wp\/v2\/pages\/2395\/revisions"}],"predecessor-version":[{"id":6310,"href":"https:\/\/pedrocasiano.es\/index.php?rest_route=\/wp\/v2\/pages\/2395\/revisions\/6310"}],"wp:attachment":[{"href":"https:\/\/pedrocasiano.es\/index.php?rest_route=%2Fwp%2Fv2%2Fmedia&parent=2395"}],"curies":[{"name":"wp","href":"https:\/\/api.w.org\/{rel}","templated":true}]}}