{"id":2383,"date":"2024-02-20T10:22:38","date_gmt":"2024-02-20T10:22:38","guid":{"rendered":"https:\/\/pedrocasiano.es\/?page_id=2383"},"modified":"2024-02-20T10:22:38","modified_gmt":"2024-02-20T10:22:38","slug":"la-leyenda-de-don-luis-fernandez-de-cordoba","status":"publish","type":"page","link":"https:\/\/pedrocasiano.es\/?page_id=2383","title":{"rendered":"La Leyenda de Don Luis Fern\u00e1ndez de C\u00f3rdoba"},"content":{"rendered":"\n<div class=\"wp-block-media-text is-stacked-on-mobile is-vertically-aligned-top\" style=\"grid-template-columns:32% auto\"><figure class=\"wp-block-media-text__media\"><img decoding=\"async\" width=\"998\" height=\"663\" data-src=\"https:\/\/pedrocasiano.es\/wp-content\/uploads\/2024\/02\/image-117.jpeg\" alt=\"No hay ninguna descripci\u00f3n de la foto disponible.\" class=\"wp-image-2384 size-full lazyload\" src=\"data:image\/svg+xml;base64,PHN2ZyB3aWR0aD0iMSIgaGVpZ2h0PSIxIiB4bWxucz0iaHR0cDovL3d3dy53My5vcmcvMjAwMC9zdmciPjwvc3ZnPg==\" style=\"--smush-placeholder-width: 998px; --smush-placeholder-aspect-ratio: 998\/663;\" \/><\/figure><div class=\"wp-block-media-text__content\">\n<p>La leyenda de Don Luis Fern\u00e1ndez de C\u00f3rdoba. (Historia del Marrubial) Foto Jard\u00edn de los Poetas.Marrubial.<\/p>\n\n\n\n<p>Vamos a hacer referencia de una curiosa tradici\u00f3n <a><\/a>hallada en una de las copias de los Casos raros de C\u00f3rdoba.<\/p>\n\n\n\n<p>Hacia los a\u00f1os 1511 \u00f3 1513 viv\u00eda en esta ciudad un opulento caballero llamado don Luis Fern\u00e1ndez de C\u00f3rdoba, cuyo apellido por s\u00ed solo da una idea de la importancia de su casa. Pose\u00eda muchas fincas r\u00fasticas y urbanas, cont\u00e1ndose en las primeras una heredad de olivar con casa y molino en el Marrubial.<\/p>\n\n\n\n<p>Un d\u00eda entr\u00e1ronse en ella dos j\u00f3venes, quienes hicieron da\u00f1o en la arboleda, y sabido por el due\u00f1o, fue all\u00e1 con sus esclavos, haciendo a \u00e9stos que prendiesen a aqu\u00e9llos y sobre la cerca les cortasen las orejas, gritando en alta voz: \u00abEsta es la justicia que manda hacer el se\u00f1or Luis de C\u00f3rdoba con estos hombres, por el desacato que han cometido en su heredad\u00bb, repiti\u00e9ndose este preg\u00f3n de vez en cuando y todo alrededor de la finca, por donde fueron paseados.<\/p>\n\n\n\n<p>Los infelices, ba\u00f1ados en sangre, se presentaron al corregidor don Alonso Enr\u00edquez, quien, montando en c\u00f3lera, sali\u00f3 en busca de don Luis; \u00e9ste volv\u00eda para su casa, y viendo que su prisi\u00f3n era segura tom\u00f3 iglesia en la de San Lorenzo, burlando as\u00ed el pronto castigo que le aguardaba. Entonces le fueron confiscados sus bienes, que tuvo en administraci\u00f3n Luis Fern\u00e1ndez de Valenzuela, y una sentencia de muerte fue el fallo de la causa.<\/p>\n\n\n\n<p>La esposa del reo, do\u00f1a Isabel Guti\u00e9rrez de Porras, pas\u00f3 a Sevilla, y arroj\u00e1ndose a los pies del cat\u00f3lico Fernando V le pidi\u00f3 el perd\u00f3n tan ansiado para su esposo. El rey escuch\u00f3 su demanda, y por el pronto, s\u00f3lo le contest\u00f3: \u00abDue\u00f1a, \u00bfme rog\u00e1is por un hombre tan malo?\u00bb, a lo que replic\u00f3: \u00abSe\u00f1or, es mi marido y padre de mis hijos\u00bb. Al fin le fue concedido el perd\u00f3n y devoluci\u00f3n de bienes, con ciertas condiciones a favor de los j\u00f3venes que perdieron las orejas en manos de aquel soberbio caballero.<\/p>\n<\/div><\/div>\n","protected":false},"excerpt":{"rendered":"<p>La leyenda de Don Luis Fern\u00e1ndez de C\u00f3rdoba. (Historia del Marrubial) Foto Jard\u00edn de los Poetas.Marrubial. Vamos a hacer referencia de una curiosa tradici\u00f3n hallada en una de las copias de los Casos raros de C\u00f3rdoba. Hacia los a\u00f1os 1511 \u00f3 1513 viv\u00eda en esta ciudad un opulento caballero llamado don Luis Fern\u00e1ndez de C\u00f3rdoba, &hellip; <\/p>\n<p class=\"link-more\"><a href=\"https:\/\/pedrocasiano.es\/?page_id=2383\" class=\"more-link\">Leer m\u00e1s<span class=\"screen-reader-text\"> \u00abLa Leyenda de Don Luis Fern\u00e1ndez de C\u00f3rdoba\u00bb<\/span><\/a><\/p>\n","protected":false},"author":1,"featured_media":0,"parent":0,"menu_order":0,"comment_status":"closed","ping_status":"closed","template":"","meta":{"inspiro_hide_title":false,"footnotes":""},"class_list":["post-2383","page","type-page","status-publish","hentry"],"featured_media_urls":[],"_links":{"self":[{"href":"https:\/\/pedrocasiano.es\/index.php?rest_route=\/wp\/v2\/pages\/2383","targetHints":{"allow":["GET"]}}],"collection":[{"href":"https:\/\/pedrocasiano.es\/index.php?rest_route=\/wp\/v2\/pages"}],"about":[{"href":"https:\/\/pedrocasiano.es\/index.php?rest_route=\/wp\/v2\/types\/page"}],"author":[{"embeddable":true,"href":"https:\/\/pedrocasiano.es\/index.php?rest_route=\/wp\/v2\/users\/1"}],"replies":[{"embeddable":true,"href":"https:\/\/pedrocasiano.es\/index.php?rest_route=%2Fwp%2Fv2%2Fcomments&post=2383"}],"version-history":[{"count":1,"href":"https:\/\/pedrocasiano.es\/index.php?rest_route=\/wp\/v2\/pages\/2383\/revisions"}],"predecessor-version":[{"id":2385,"href":"https:\/\/pedrocasiano.es\/index.php?rest_route=\/wp\/v2\/pages\/2383\/revisions\/2385"}],"wp:attachment":[{"href":"https:\/\/pedrocasiano.es\/index.php?rest_route=%2Fwp%2Fv2%2Fmedia&parent=2383"}],"curies":[{"name":"wp","href":"https:\/\/api.w.org\/{rel}","templated":true}]}}