{"id":2379,"date":"2024-02-20T10:19:47","date_gmt":"2024-02-20T10:19:47","guid":{"rendered":"https:\/\/pedrocasiano.es\/?page_id=2379"},"modified":"2024-03-28T18:43:30","modified_gmt":"2024-03-28T18:43:30","slug":"mi-historia-de-cordoba-escrita-por-un-cordobes-primera-parte","status":"publish","type":"page","link":"https:\/\/pedrocasiano.es\/?page_id=2379","title":{"rendered":"Mi historia de C\u00f3rdoba, escrita por un Cordob\u00e9s. Primera parte."},"content":{"rendered":"\n<figure class=\"wp-block-image alignleft size-full is-resized\"><img decoding=\"async\" data-src=\"https:\/\/pedrocasiano.es\/wp-content\/uploads\/2024\/02\/32387327_1791887294203268_8215910109511942144_n.jpg\" alt=\"\" class=\"wp-image-3825 lazyload\" style=\"--smush-placeholder-width: 989px; --smush-placeholder-aspect-ratio: 989\/657;width:450px;height:auto\" src=\"data:image\/svg+xml;base64,PHN2ZyB3aWR0aD0iMSIgaGVpZ2h0PSIxIiB4bWxucz0iaHR0cDovL3d3dy53My5vcmcvMjAwMC9zdmciPjwvc3ZnPg==\" \/><\/figure>\n\n\n\n<p>Primera parte, nacimiento de la ciudad, y la conquista Romana.<\/p>\n\n\n\n<p>S\u00edrvanse vuesas mercedes <a><\/a>leer estas palabras, que una detr\u00e1s de la otra, intentan explicar al profano y al entendido, fuera de lo que es el estereotipo, de lo que realmente es C\u00f3rdoba, lo que significa ser cordob\u00e9s, y despejar algunos de los complejos que nos atenazan a aquellos que vivimos bajo la sombra de nuestro gigantesco legado.<\/p>\n\n\n\n<p>C\u00f3rdoba, es C\u00f3rdoba, nada m\u00e1s, nada menos, perogrulladas aparte, solo aquellos que hemos sido criados, amamantados aqu\u00ed, podemos saber, que no es en denuesto de los dem\u00e1s, sino defensa de lo propio, que no mejor que de los dem\u00e1s, pero tampoco menos.<\/p>\n\n\n\n<p>Pero comencemos, que nos atrasamos m\u00e1s que un reloj de palo, bien, como dec\u00eda, el ser cordob\u00e9s es algo que esta fuera de la comprensi\u00f3n de aquellos que no han sentido el alma de nuestra tierra, de nuestra felicidad y de nuestras vicisitudes.<\/p>\n\n\n\n<p>Nuestras ra\u00edces se hunden en per\u00edodos que ni se pueden datar, asentamientos aqu\u00ed los hubo desde tiempos inmemoriales, la primera constancia que se tiene como ciudad, viene de nuestro propio nombre, seg\u00fan parece, soy lego en la materia, el primer nombre de esta mi cuidad fue celta \u201cKor Ubar\u201d, que seg\u00fan parece en celta significa empalizada o asentamiento en el rio, primera sorpresa \u00bfhasta aqu\u00ed llegaron los celtas?, pues si amigo m\u00edo, no me mire con cara de sorpresa, que no tenemos el tr\u00e9bol celta en el escudo, pero tambi\u00e9n estuvieron aqu\u00ed, mala suerte, m\u00e1s sangre de celta a repartir, da fe de ello el nombre de algunas de nuestras poblaciones, de m\u00e1s clara definici\u00f3n que el de la propia capital.<\/p>\n\n\n\n<p>Lucena, industrioso pueblo, toma su nombre del dios Luk, la Wikipedia, la sabia escondida entre millones de terabytes nos da la siguiente definici\u00f3n:<\/p>\n\n\n\n<p>\u201cLug, Lugh o Lugus no es el dios supremo, sino un dios \u00absin funci\u00f3n\u00bb, porque tiene todas las funciones. Por esta raz\u00f3n tambi\u00e9n es conocido como: Samildanach o el m\u00faltiple artesano de la mitolog\u00eda celta, no solamente porque est\u00e1 en la cima de la jerarqu\u00eda, sino porque adem\u00e1s es panc\u00e9ltico: es una de esas raras divinidades que, por lo que sabemos de los pueblos celtas, podemos encontrar en todos los panteones. Algunos estudiosos postulan que es hom\u00f3logo al dios n\u00f3rdico Loki, por el parecido entre los nombres y hechos como la muerte de Balder, equivalente al abuelo Balar de Lug, entre otras cosas.\u201d<\/p>\n\n\n\n<p>De hecho en Europa hay otras ciudades como esta, Lucerna baste como ejemplo, es decir que nuestra historia se remonta a muchos siglos atr\u00e1s, m\u00e1s de los que cre\u00edamos.<\/p>\n\n\n\n<p>Dicho esto, que sepamos, despu\u00e9s comerciaron con fenicios, se mezclaron con los pueblos aut\u00f3ctonos, los iberos, y salieron los celtiberos, que estuvieron en lucha entre ellos durante siempre, ayudamos a los cartagineses y despu\u00e9s por ello, y aunque no solo por ello, nos invadieron los romanos.<\/p>\n\n\n\n<p>De nuevo el arma en las manos, y guerras sin fin con un ej\u00e9rcito organizado, y nuestros ascendientes, como siempre, cada uno por su lado, gente brava nos consideraban los romanos, da fe de ello el alto precio que alcanzaban los esclavos de Iberia en los mercados de la lejana Roma.<\/p>\n\n\n\n<p>En el a\u00f1o 206 antes de Cristo nos dieron para ir pasando, en la batalla de Illipa, y seg\u00fan parece, y a m\u00ed me suena, el primer C\u00f3nsul, fue un elemento llamado Claudio Marcelo, y que no s\u00e9 de qu\u00e9 me suena. (Es una de las calles principales de C\u00f3rdoba)<\/p>\n\n\n\n<p>Y pasamos de campamento romano a Ciudad, Colonia Patricia Corduba, \u00a1co\u00f1o que nos cambiaron el nombre!, poco, pero lo cambiaron, pero vamos que el que tiene la porra manda, as\u00ed que Corduba tenemos, y para rato.<\/p>\n\n\n\n<p>Pero maleables como somos, pronto aprendimos, a las bravas, que es nuestra principal forma de educaci\u00f3n, que mejor ser romano vivo que celtibero muerto. A finales del Siglo I antes de Cristo, ya no quedaba un ibero aqu\u00ed que no estuviera en la ciudad, te integras o desapareces, si no te integras, tambi\u00e9n.<\/p>\n\n\n\n<p>Despu\u00e9s nos siti\u00f3 Viriato, \u00a1es que los iberos son!, pensaron los cordobeses romanos, unos barbaros, y nada, que no pudo, y seguimos siendo romanos, que cosas peores hay, sino que se lo pregunten al propio Viriato.<\/p>\n\n\n\n<p>Y crecimos, vaya que si crecimos, nuestro aceite, nuestras comunicaciones, por si no lo sab\u00edan, C\u00f3rdoba ten\u00eda un puerto de los mejores que se pod\u00edan encontrar, protegido, y defendible, con rutas seguras, y las maravillosas calzadas romanas, nos hicieron cambiar las pieles por la toga, y funcion\u00f3.<\/p>\n\n\n\n<p>Vaya que si funcion\u00f3, un foro ten\u00edamos, que es como decir un peque\u00f1o parlamento ciudadano, con las mismas corrupciones y corruptelas que un ayuntamiento de ahora, que eso ven\u00eda con el resto de la cultura.<\/p>\n\n\n\n<p>Crece Corduba, se llena de monumentos, se acu\u00f1an monedas en la ciudad, la pasta, que es necesaria para cualquier cosa, nace tambi\u00e9n aqu\u00ed, \u00a1que poder!<\/p>\n\n\n\n<p>Ya \u00e9ramos Caput Provinviae, es decir Cabeza de Provincia, ahora dir\u00edamos capital de la Provincia.<\/p>\n\n\n\n<p>Y nos ponemos del lado de Julio Cesar, contra Varro que defend\u00eda a Pompeyo, menos mal, porque el tal Julio, no ten\u00eda buen perder, y para celebrarlo va y planta el primer Platanus, el arbolito de las alergias, si ese, que sep\u00e1is que est\u00e1is jodidos imperialmente cordobeses.<\/p>\n\n\n\n<p>Y como siempre, cordobeses descontentos, no s\u00e9 qu\u00e9 tenemos, pero el caso es que le pegan un atentado, no con bomba que no hab\u00eda, a alguien llamado Quinto Casio Longino, pretor de C\u00e9sar en la Ulterior, al dirigirse a la Bas\u00edlica de C\u00f3rduba en el 48 a. C. (este era hermano de Casio, uno de los asesinos de Julio Cesar), despu\u00e9s hay un levantamiento de tropas, para no variar, y el romano que se le hinchan y destruye las nobilissimae carisssimaeque possesiones agros aedificiaque, es decir, las posesiones agr\u00edcolas de los nobles cordobeses, incluidas sus casas solariegas, m\u00e1s cent\u00edmetros que crece el suelo en la llana C\u00f3rdoba, pero que le vamos a hacer, el ser cabroncete, va con el estatuto de Cordob\u00e9s.<\/p>\n\n\n\n<p>Que sep\u00e1is que en aquellos tiempos, C\u00f3rdoba ten\u00eda aduana en el puerto, el lugar, donde ahora se halla el Alc\u00e1zar de los Reyes Cristianos.<\/p>\n\n\n\n<p>En el a\u00f1o 46 los hijos de Pompeyo proclaman a C\u00f3rdoba como Corduba Colonia Patricia, dot\u00e1ndola del estatuto Colonial de Hispania, por el que pasaba a concederse a todos los cordobeses la ciudadan\u00eda romana, que en aquellos tiempos era como ser americano de los USA, cosas de la vida.<\/p>\n\n\n\n<p>Y para variar estalla una guerra civil, como no, entre Pompeyo y Cesar, \u00bfde qu\u00e9 lado nos ponemos?, con la clarividencia que nos define, con Pompeyo, Cesar asedia la ciudad que esta comandada por Cneo Pompeyo Magno, Pompeyo el Grande, el Magno, y le da a Cesar en el puente la ciudad, casi seguro en el romano, Cesar se aleja un poco, solo un poco de Corduba, a Ategua, y el invierno pasa, que combatir con frio jode m\u00e1s, pero Cesar es Cesar, y le da a Pompeyo el Grande, la m\u00e1s grande, en la Batalla de Munda, algunos dicen que en Montilla, otros en el puente de Alcolea, donde quiera que fuera, le da la del tigre a Pompeyo, y entra en C\u00f3rdoba, como no pod\u00eda ser menos, ya os dije que ten\u00eda mal perder, la toma y ejecuta a m\u00e1s de 22.000 cordubenses, arrasando la ciudad, m\u00e1s mala leche que un gato romano, ten\u00eda el Julio de los\u2026<\/p>\n\n\n\n<p>Menos mal que en el a\u00f1o 43, en el segundo triunvirato, Corduba vuelve a mayor esplendor, siendo la Capital de la Hispania Ulterior, la de abajo, casi media Iberia, con dos coj\u2026.<\/p>\n\n\n\n<p>Y a pesar de las matanzas, de los desastres nacen mentes preclaras, gente que me suena, como Seneca, el preceptor de Ner\u00f3n, el Obispo Osio, Marco Anneo Lucano, como el antiguo cine, el hermano de Seneca, Lucio Anneo Novato, y muchos m\u00e1s que por su cantidad, as\u00ed como los monumentos creados en esta \u00e9poca dejamos para mejor ocasi\u00f3n, ya hablaremos de ellos con m\u00e1s tranquilidad.<\/p>\n\n\n\n<p>Aqu\u00ed descansa el final de la primera parte, sucinta parte de la historia de mi Ciudad, ahora Corduba, en la siguiente\u2026.<\/p>\n","protected":false},"excerpt":{"rendered":"<p>Primera parte, nacimiento de la ciudad, y la conquista Romana. S\u00edrvanse vuesas mercedes leer estas palabras, que una detr\u00e1s de la otra, intentan explicar al profano y al entendido, fuera de lo que es el estereotipo, de lo que realmente es C\u00f3rdoba, lo que significa ser cordob\u00e9s, y despejar algunos de los complejos que nos &hellip; <\/p>\n<p class=\"link-more\"><a href=\"https:\/\/pedrocasiano.es\/?page_id=2379\" class=\"more-link\">Leer m\u00e1s<span class=\"screen-reader-text\"> \u00abMi historia de C\u00f3rdoba, escrita por un Cordob\u00e9s. Primera parte.\u00bb<\/span><\/a><\/p>\n","protected":false},"author":1,"featured_media":0,"parent":0,"menu_order":0,"comment_status":"closed","ping_status":"closed","template":"","meta":{"inspiro_hide_title":false,"footnotes":""},"class_list":["post-2379","page","type-page","status-publish","hentry"],"featured_media_urls":[],"_links":{"self":[{"href":"https:\/\/pedrocasiano.es\/index.php?rest_route=\/wp\/v2\/pages\/2379","targetHints":{"allow":["GET"]}}],"collection":[{"href":"https:\/\/pedrocasiano.es\/index.php?rest_route=\/wp\/v2\/pages"}],"about":[{"href":"https:\/\/pedrocasiano.es\/index.php?rest_route=\/wp\/v2\/types\/page"}],"author":[{"embeddable":true,"href":"https:\/\/pedrocasiano.es\/index.php?rest_route=\/wp\/v2\/users\/1"}],"replies":[{"embeddable":true,"href":"https:\/\/pedrocasiano.es\/index.php?rest_route=%2Fwp%2Fv2%2Fcomments&post=2379"}],"version-history":[{"count":3,"href":"https:\/\/pedrocasiano.es\/index.php?rest_route=\/wp\/v2\/pages\/2379\/revisions"}],"predecessor-version":[{"id":6296,"href":"https:\/\/pedrocasiano.es\/index.php?rest_route=\/wp\/v2\/pages\/2379\/revisions\/6296"}],"wp:attachment":[{"href":"https:\/\/pedrocasiano.es\/index.php?rest_route=%2Fwp%2Fv2%2Fmedia&parent=2379"}],"curies":[{"name":"wp","href":"https:\/\/api.w.org\/{rel}","templated":true}]}}