{"id":2376,"date":"2024-02-20T10:18:07","date_gmt":"2024-02-20T10:18:07","guid":{"rendered":"https:\/\/pedrocasiano.es\/?page_id=2376"},"modified":"2024-02-20T10:18:07","modified_gmt":"2024-02-20T10:18:07","slug":"el-marrubial-su-nombre","status":"publish","type":"page","link":"https:\/\/pedrocasiano.es\/?page_id=2376","title":{"rendered":"El Marrubial. Su nombre."},"content":{"rendered":"\n<div class=\"wp-block-media-text is-stacked-on-mobile is-vertically-aligned-top\" style=\"grid-template-columns:26% auto\"><figure class=\"wp-block-media-text__media\"><img decoding=\"async\" width=\"503\" height=\"594\" data-src=\"https:\/\/pedrocasiano.es\/wp-content\/uploads\/2024\/02\/image-115.jpeg\" alt=\"No hay ninguna descripci\u00f3n de la foto disponible.\" class=\"wp-image-2377 size-full lazyload\" src=\"data:image\/svg+xml;base64,PHN2ZyB3aWR0aD0iMSIgaGVpZ2h0PSIxIiB4bWxucz0iaHR0cDovL3d3dy53My5vcmcvMjAwMC9zdmciPjwvc3ZnPg==\" style=\"--smush-placeholder-width: 503px; --smush-placeholder-aspect-ratio: 503\/594;\" \/><\/figure><div class=\"wp-block-media-text__content\">\n<p>El Marrubial. Su nombre.<\/p>\n\n\n\n<p>En tiempos pasados, toda la extensi\u00f3n que ocupa el Marrubial, estaba convertido en pastizal en el que predominaba una planta, el <a><\/a>marrubio.<\/p>\n\n\n\n<p>Por ello, empez\u00f3 a ser conocida la zona por el Marrubial. Cosas de C\u00f3rdoba.<\/p>\n\n\n\n<p>Marrubium vulgare, llamado marrubio, hierba del sapo o toronjil cuyano, es una planta herb\u00e1cea de la familia de las Lamiaceae.<\/p>\n\n\n\n<p>Es una especie nativa de Eurasia y norte de \u00c1frica.<\/p>\n\n\n\n<p>Otros nombres: alcar, berrubio, berrumb\u00ed, camarruego, gallinera, hartolana de burro, hierba del colesterol, hierba virgen, hortelana, hortelana brava, hortelana de burro, hortelana de perro, hortelana romana, juan rubio, juanrrubio, juanrubio , malroyo, malrrubio, malrub, malrubio , malrub\u00ed, malva de sapo , malva rubia, malvarrubia , malvarrubio, manroyo , manrrubio , manrubia, manrubio , manrubio blanco , manrubio infernal , manrubio margoso, manrubio negro, manrullo , manrulo, marrol, marroyo , marrubio , marrubio blanco , marrubio cano, marrubio com\u00fan , marrubio negro, marrubio vulgar, marruebo, marrueco , marruego , marrullo , marrullu, marruyo , marubio, mastranzo borde, matroncho, matico, matujo, meaperros , menta de burro , menta de perro, monrois, monroyo, morruego , morrullu, mosqueros, murri\u00f3n, ojo de gallo, palomera mayor , pelusilla, planta para el re\u00fama, planta para las almorranas, polea, prasio, prasio blanco, praso, quitamocos, sonamocos, tamujo, t\u00e9 bravo<\/p>\n<\/div><\/div>\n","protected":false},"excerpt":{"rendered":"<p>El Marrubial. Su nombre. En tiempos pasados, toda la extensi\u00f3n que ocupa el Marrubial, estaba convertido en pastizal en el que predominaba una planta, el marrubio. Por ello, empez\u00f3 a ser conocida la zona por el Marrubial. Cosas de C\u00f3rdoba. Marrubium vulgare, llamado marrubio, hierba del sapo o toronjil cuyano, es una planta herb\u00e1cea de &hellip; <\/p>\n<p class=\"link-more\"><a href=\"https:\/\/pedrocasiano.es\/?page_id=2376\" class=\"more-link\">Leer m\u00e1s<span class=\"screen-reader-text\"> \u00abEl Marrubial. Su nombre.\u00bb<\/span><\/a><\/p>\n","protected":false},"author":1,"featured_media":0,"parent":0,"menu_order":0,"comment_status":"closed","ping_status":"closed","template":"","meta":{"inspiro_hide_title":false,"footnotes":""},"class_list":["post-2376","page","type-page","status-publish","hentry"],"featured_media_urls":[],"_links":{"self":[{"href":"https:\/\/pedrocasiano.es\/index.php?rest_route=\/wp\/v2\/pages\/2376","targetHints":{"allow":["GET"]}}],"collection":[{"href":"https:\/\/pedrocasiano.es\/index.php?rest_route=\/wp\/v2\/pages"}],"about":[{"href":"https:\/\/pedrocasiano.es\/index.php?rest_route=\/wp\/v2\/types\/page"}],"author":[{"embeddable":true,"href":"https:\/\/pedrocasiano.es\/index.php?rest_route=\/wp\/v2\/users\/1"}],"replies":[{"embeddable":true,"href":"https:\/\/pedrocasiano.es\/index.php?rest_route=%2Fwp%2Fv2%2Fcomments&post=2376"}],"version-history":[{"count":1,"href":"https:\/\/pedrocasiano.es\/index.php?rest_route=\/wp\/v2\/pages\/2376\/revisions"}],"predecessor-version":[{"id":2378,"href":"https:\/\/pedrocasiano.es\/index.php?rest_route=\/wp\/v2\/pages\/2376\/revisions\/2378"}],"wp:attachment":[{"href":"https:\/\/pedrocasiano.es\/index.php?rest_route=%2Fwp%2Fv2%2Fmedia&parent=2376"}],"curies":[{"name":"wp","href":"https:\/\/api.w.org\/{rel}","templated":true}]}}