{"id":2366,"date":"2024-02-20T10:12:10","date_gmt":"2024-02-20T10:12:10","guid":{"rendered":"https:\/\/pedrocasiano.es\/?page_id=2366"},"modified":"2024-02-20T10:12:11","modified_gmt":"2024-02-20T10:12:11","slug":"mi-cordoba-que-se-muere","status":"publish","type":"page","link":"https:\/\/pedrocasiano.es\/?page_id=2366","title":{"rendered":"Mi C\u00f3rdoba que se Muere"},"content":{"rendered":"\n<div class=\"wp-block-media-text is-stacked-on-mobile is-vertically-aligned-top\" style=\"grid-template-columns:26% auto\"><figure class=\"wp-block-media-text__media\"><img decoding=\"async\" width=\"1024\" height=\"680\" data-src=\"https:\/\/pedrocasiano.es\/wp-content\/uploads\/2024\/02\/image-112.jpeg\" alt=\"No hay ninguna descripci\u00f3n de la foto disponible.\" class=\"wp-image-2367 size-full lazyload\" src=\"data:image\/svg+xml;base64,PHN2ZyB3aWR0aD0iMSIgaGVpZ2h0PSIxIiB4bWxucz0iaHR0cDovL3d3dy53My5vcmcvMjAwMC9zdmciPjwvc3ZnPg==\" style=\"--smush-placeholder-width: 1024px; --smush-placeholder-aspect-ratio: 1024\/680;\" \/><\/figure><div class=\"wp-block-media-text__content\">\n<p>\u201cErase un hombre que se muri\u00f3 de hambre teniendo un saco de trigo, porque no se molest\u00f3 en molerlo\u201d, esa es mi definici\u00f3n de C\u00f3rdoba y de <a><\/a>los cordobeses.<\/p>\n\n\n\n<p>Me explico, somos una ciudad que \u201cfue\u201d, que ya no lo es, pudo haber sido la capital del mundo, pero ahora apenas si es un remedo de lo que fue, la caricatura de una maravillosa ciudad, C\u00f3rdoba; pero amigos, se muere en el olvido, el paro, la ca\u00edda del PIB, la dejadez\u2026 todo se une en nuestra contra, eso es lo cierto, pero \u00bfQu\u00e9 tenemos?, aparte de la agricultura a la que apenas si le sacamos beneficio.<\/p>\n\n\n\n<p>Normalmente los padres dejan a los hijos una herencia, y muchos la tiran, la dilapidan, la dejan morir, eso es lo que nos pasa a nosotros con nuestra querida C\u00f3rdoba.<\/p>\n\n\n\n<p>Por motivos que no vienen al caso, me he introducido en la ciudad como el que se tira a la piscina \u201cen bomba\u201d, he recorrido sus calles, y sorprendentemente, \u201cme he sorprendido\u201d, yo que soy Cordob\u00e9s de toda la vida, he alucinado en colores, yo que cre\u00eda conocerla, C\u00f3rdoba es m\u00e1s de lo que se ve, lo mejor, como buena cordobesa, se oculta para pocos, para casi nadie, para el que la corteja con la seriedad de un matrimonio can\u00f3nico.<\/p>\n\n\n\n<p>Loor a aquellos que saben que la Mezquita Catedral es una maravilla, gritemos los nombres de aquellos que han convertido Medina Azahara, la ciudad brillante, en algo que es poco menos que una m\u00e1quina tragaperras. \u201cYa lo hemos hecho, C\u00f3rdoba est\u00e1 en el mapa\u201d, habr\u00e1n pensado esas mentes brillantes, la Mezquita catedral es el quinto monumento m\u00e1s visitado de Espa\u00f1a. Apuntaros un chicle. De eso no vive una ciudad.<\/p>\n\n\n\n<p>Por si no se han enterado nuestros insignes pol\u00edticos, de ahora y de hace tiempo, supongo tambi\u00e9n de futuros, con una pajita poca leche puedes beber, \u00bfMezquita, Medina, Puente Romano?, poca leche para tanta vaca.<\/p>\n\n\n\n<p>Despu\u00e9s de dar m\u00e1s vueltas que un trompo con cien metros de cordel por ese mundo de Dios, he regresado a mi ciudad, y me he sumergido en la C\u00f3rdoba profunda, en la rec\u00f3ndita para el profano, y he descubierto una cosa, que pedazo de Ciudad tenemos, si esto lo pillan los americanos la convierten en un parque tem\u00e1tico de dos pares de coj\u2026, pero aqu\u00ed somos de otra leche, nos conformamos con quedarnos donde estamos, y madrecita que nadie toque lo hecho.<\/p>\n\n\n\n<p>Pandilla de\u2026 que f\u00e1cil es cobrar impuestos y hacer lo justo, claro, as\u00ed vienen los turistas, est\u00e1n dos d\u00edas como m\u00e1ximo y se van a Sevilla a otros sitios que, bueno, saben hacerlo mejor.<\/p>\n\n\n\n<p>Aqu\u00ed tenemos un problema a\u00f1adido, pocas cosas podemos hacer para evitar que nuestra ciudad languidezca, y apenas sea un puntito m\u00ednimo en el Google Maps.<\/p>\n\n\n\n<p>Porque se\u00f1ores, si sitios donde he estado tuvieran la riqueza que tenemos nosotros, solo vivir\u00edan del turismo, pero para eso hay que tener miras claras, trabajar y hacerlo solo para C\u00f3rdoba, no para intereses espurios, pero eso aqu\u00ed no pasar\u00e1, seguro, por mucho que me duela. Soy Cordob\u00e9s, y me conozco, nos conozco, los reinos de Taifas, las rencillas, los odios a muerte, y mientras tanto el burro sin cebada se muere.<\/p>\n\n\n\n<p>Alguien con cerebro, \u201cdescubri\u00f3 los patios\u201d, que llevaban ah\u00ed toda la vida, pero viva sus\u2026 por lo menos consigui\u00f3 otro gran grano de arena, pero no es suficiente.<\/p>\n\n\n\n<p>\u00bfAlguien conoce los secretos de los patios resguardados de las grandes casas solariegas?<\/p>\n\n\n\n<p>\u00bfLas iglesias Fernandinas?<\/p>\n\n\n\n<p>\u00bfLas maravillas escondidas entre las estrechas callejas y rincones de nuestra ciudad?<\/p>\n\n\n\n<p>\u00bfLas ermitas escondidas en calles de nombre cordobeses?<\/p>\n\n\n\n<p>\u00bfLas mil y una plazas que decoran nuestra ciudad?<\/p>\n\n\n\n<p>No, pero con tenerlas bien pintadas, solo cuando viene el buen tiempo, es suficiente, que se venden solas.<\/p>\n\n\n\n<p>Y una m\u2026.<\/p>\n\n\n\n<p>Abandono, dejadez, todo est\u00e1 escondido, poco se puede visitar, poco es conocido, y lo que no se sabe, dif\u00edcilmente se puede vender, pretendemos tener un turismo en aumento con un cuadradito que apenas si es la cent\u00e9sima parte de una C\u00f3rdoba milenaria. No hablemos ya de las ruinas intocables, que supongo que estaremos guardando para que alguien, alg\u00fan d\u00eda le eche tiempo y esfuerzo y recobren su esplendor.<\/p>\n\n\n\n<p>Y no hablemos ya del patrimonio inmaterial, ah\u00ed pinchamos como si fu\u00e9ramos los que somos, catetos, pero ya se sabe si juntas dos cordobeses, tienes dos opiniones, dos caminos diferentes para llegar a sitios distintos.<\/p>\n\n\n\n<p>El 6, la Sociedad de Plateros, los arquetipos de la cocina de toda la vida, que he tra\u00eddo a extranjeros, y se han vuelto locos con nuestra gastronom\u00eda, encerrada ahora en el cuadradito de la mezquita; miremos por ejemplo la Sociedad de Plateros, la de la calle Mar\u00eda Auxiliadora, una comida a un precio razonable, un ambiente de toda la vida, yo he llevado extranjeros all\u00ed y se han puesto a reventar, pero claro, al lado no tiene nada que ense\u00f1ar\u2026 bueno salvo San Lorenzo, la Iglesia de Mar\u00eda Auxiliadora, los Padres de Gracia, las murallas de la Golondrina, la Ermita de San Juan de Letr\u00e1n, las murallas almor\u00e1vides, la Piedra escrita, la fuente del Pozanco, San Rafael, me paro que me da hasta coraje, malditos seamos, toda esa belleza, esa magnificencia escondida entre las rec\u00f3nditas callejas, eso bien vendido, es, lo que es, una maravilla.<\/p>\n\n\n\n<p>Pero vend\u00e1moslo todo, que el turista no viene solo a ver piedras viejas, y a que le peguen hostias en la cartera, es un conjunto, una idea, tienes que ilusionarlo, siempre se tiene que quedar con que le falta mucho por ver, que se quede m\u00e1s, o que vuelva, pero no dos d\u00edas y a pasarse el resto de las vacaciones en otro lugar, que nos cansamos.<\/p>\n\n\n\n<p>Por supuesto cobra entrada hasta por respirar, que es pan para hoy y hambre para ma\u00f1ana, cocina fashion o fussion, y le das una hostia, hoteles caros como si te alojaras en el patio de los naranjos, eso es plantar la semilla de la miseria, que son turistas, no gilipoyas.<\/p>\n\n\n\n<p>Crea una C\u00f3rdoba at night, organ\u00edzala, cr\u00e9ala, dib\u00fajala y normal\u00edzala, que el que viene no sabe que maravillosa es una noche en C\u00f3rdoba tras el calor, es lo mejor que tiene, pero\u2026 no s\u00e9, miles de cosas que se pueden hacer, y aqu\u00ed estamos, que pena, que asco, podemos hacer miles de cosas, pero nada, o casi nada.<\/p>\n\n\n\n<p>Porque eso de que \u201cel buen pa\u00f1o en el arca se vende\u201d, pas\u00f3 a la historia, o te vendes o nadie te compra, y estamos en uno de los negocios con m\u00e1s auge en el planeta, y lo que viene, pero claro, dej\u00e9moslo, nosotros nos conformamos con las migajas, que pena de C\u00f3rdoba, mi C\u00f3rdoba, nuestra C\u00f3rdoba.<\/p>\n\n\n\n<p>Pero ya se sabe \u201cel que por su gusto se muere, hasta la muerte le sabe bien\u201d, valga la redundancia.<\/p>\n\n\n\n<p>Pedro Casiano Gonz\u00e1lez Cuevas 2.018<\/p>\n<\/div><\/div>\n","protected":false},"excerpt":{"rendered":"<p>\u201cErase un hombre que se muri\u00f3 de hambre teniendo un saco de trigo, porque no se molest\u00f3 en molerlo\u201d, esa es mi definici\u00f3n de C\u00f3rdoba y de los cordobeses. Me explico, somos una ciudad que \u201cfue\u201d, que ya no lo es, pudo haber sido la capital del mundo, pero ahora apenas si es un remedo &hellip; <\/p>\n<p class=\"link-more\"><a href=\"https:\/\/pedrocasiano.es\/?page_id=2366\" class=\"more-link\">Leer m\u00e1s<span class=\"screen-reader-text\"> \u00abMi C\u00f3rdoba que se Muere\u00bb<\/span><\/a><\/p>\n","protected":false},"author":1,"featured_media":0,"parent":0,"menu_order":0,"comment_status":"closed","ping_status":"closed","template":"","meta":{"inspiro_hide_title":false,"footnotes":""},"class_list":["post-2366","page","type-page","status-publish","hentry"],"featured_media_urls":[],"_links":{"self":[{"href":"https:\/\/pedrocasiano.es\/index.php?rest_route=\/wp\/v2\/pages\/2366","targetHints":{"allow":["GET"]}}],"collection":[{"href":"https:\/\/pedrocasiano.es\/index.php?rest_route=\/wp\/v2\/pages"}],"about":[{"href":"https:\/\/pedrocasiano.es\/index.php?rest_route=\/wp\/v2\/types\/page"}],"author":[{"embeddable":true,"href":"https:\/\/pedrocasiano.es\/index.php?rest_route=\/wp\/v2\/users\/1"}],"replies":[{"embeddable":true,"href":"https:\/\/pedrocasiano.es\/index.php?rest_route=%2Fwp%2Fv2%2Fcomments&post=2366"}],"version-history":[{"count":1,"href":"https:\/\/pedrocasiano.es\/index.php?rest_route=\/wp\/v2\/pages\/2366\/revisions"}],"predecessor-version":[{"id":2368,"href":"https:\/\/pedrocasiano.es\/index.php?rest_route=\/wp\/v2\/pages\/2366\/revisions\/2368"}],"wp:attachment":[{"href":"https:\/\/pedrocasiano.es\/index.php?rest_route=%2Fwp%2Fv2%2Fmedia&parent=2366"}],"curies":[{"name":"wp","href":"https:\/\/api.w.org\/{rel}","templated":true}]}}