{"id":2363,"date":"2024-02-20T10:10:31","date_gmt":"2024-02-20T10:10:31","guid":{"rendered":"https:\/\/pedrocasiano.es\/?page_id=2363"},"modified":"2024-02-20T10:10:31","modified_gmt":"2024-02-20T10:10:31","slug":"al-hilo-de-cordoba-se-muere","status":"publish","type":"page","link":"https:\/\/pedrocasiano.es\/?page_id=2363","title":{"rendered":"Al hilo de \u00abC\u00f3rdoba se muere\u00bb"},"content":{"rendered":"\n<div class=\"wp-block-media-text is-stacked-on-mobile is-vertically-aligned-top\" style=\"grid-template-columns:31% auto\"><figure class=\"wp-block-media-text__media\"><img decoding=\"async\" width=\"1024\" height=\"680\" data-src=\"https:\/\/pedrocasiano.es\/wp-content\/uploads\/2024\/02\/image-111.jpeg\" alt=\"No hay ninguna descripci\u00f3n de la foto disponible.\" class=\"wp-image-2364 size-full lazyload\" src=\"data:image\/svg+xml;base64,PHN2ZyB3aWR0aD0iMSIgaGVpZ2h0PSIxIiB4bWxucz0iaHR0cDovL3d3dy53My5vcmcvMjAwMC9zdmciPjwvc3ZnPg==\" style=\"--smush-placeholder-width: 1024px; --smush-placeholder-aspect-ratio: 1024\/680;\" \/><\/figure><div class=\"wp-block-media-text__content\">\n<p>Al hilo de \u00abC\u00f3rdoba se muere\u00bb<\/p>\n\n\n\n<p>S\u00e9 que en mi escrito anterior toqu\u00e9 toda clase de sensibilidades, me encanta, \u00bfpor qu\u00e9?, porque incluso en las m\u00e1s adversas, se <a><\/a>denot\u00f3 que tocaba una fibra muy sensible, el amor por C\u00f3rdoba, e incluso en esas que me ponen como un trapo, se deja entrever que desde cualquier \u00e1ngulo, sea de derechas, de izquierdas, de desagrado, de malestar, se deja vislumbrar que estos, todos los que hab\u00e9is opinado, ten\u00e9is un motor que es el mismo que el m\u00edo, el amor por nuestra madre com\u00fan, C\u00f3rdoba.<\/p>\n\n\n\n<p>No s\u00e9 si me equivoco o acierto en mis palabras, pero el \u201crabiaero\u201d de muchos, la complicidad de m\u00e1s, y el apoyo de un gran n\u00famero, me llena de esperanza, que nunca la he perdido, de que somos muchos los que la amamos a C\u00f3rdoba, fuera de cualquier otra cosa que defendamos o queramos.<\/p>\n\n\n\n<p>Yo solo quiero una cosa, \u201cDESPERTAD\u201d, basta ya de victimismos, de dejar que otros mangoneen a nuestra madre, que nos equivoquemos si es necesario, pero que hagamos algo, lo que sea, pero que no nos coma la mierda.<\/p>\n\n\n\n<p>\u00bfQu\u00e9 es el turismo, la agricultura, la miner\u00eda?, lo que os d\u00e9 la gana, pero la veta m\u00e1s importante es el esp\u00edritu, y aqu\u00ed faltan muchas cosas, pero de COJONES, andamos sobrados, dej\u00e9moslos para conseguir lo que nuestra tierra necesita, no para sacarnos las tripas.<\/p>\n\n\n\n<p>No es por \u201ctirarme el pegote\u201d, pero he dado muchas vueltas por esos mundos de Dios, he visto cosas que nadie creer\u00eda, maravillas, pero cuando he cerrado los ojos he pensado que mi tierra vestida con la voluntad que le echan los habitantes de esas ciudades, volver\u00eda a ser un faro en el mundo.<\/p>\n\n\n\n<p>Nos falta fe, fe en nosotros mismos, nos dejamos morir con la cobard\u00eda del pobre, con \u201cser\u00e1 que Dios lo quiere\u201d, y una leche, Dios, cualquiera, no puede desear eso, y si lo desea, que se joda, que poniendo fe, esp\u00edritu y voluntad, se consigue casi todo.<\/p>\n\n\n\n<p>No quiero hijos del des\u00e1nimo, gente que tira la toalla, \u00bfQu\u00e9 cuesta trabajo?, m\u00e1s que morirte, pero si tienes un objetivo nada importar\u00e1, porque amigos, todos, incluso los que me odi\u00e1is, no somos los propietarios de C\u00f3rdoba, ni much\u00edsimo menos, somos los cuidadores de esta maravillosa ciudad que nos han dejado en usufructo para nuestros descendientes, nada m\u00e1s nada menos.<\/p>\n\n\n\n<p>\u00bfY las excusas?, hasta el m\u00e1s tonto tiene una, que si el Ayuntamiento, que si la Junta, que si el Gobierno, que si tal, que si Pascual, pero a m\u00ed me da igual, el que est\u00e1 como est\u00e1, es que se lo ha buscado.<\/p>\n\n\n\n<p>\u00bfQu\u00e9 no me queje?, hasta que me duela la boca, en mi caso los dedos y los ojos, pero \u00bfestarme quieto?, ni con anestesia, as\u00ed que \u00bfC\u00f3mo hacerlo?, no lo s\u00e9, pero si despierto una sola conciencia, me doy por satisfecho, que siempre cuatro manos han hecho m\u00e1s que dos.<\/p>\n\n\n\n<p>Queridos conciudadanos, solo me queda deciros una cosa, si nos estamos quietos, aguantando lo que nos echen, nos merecemos cualquier cosa, \u00bfqu\u00e9 hacemos algo y nos equivocamos?, bienvenido sea, que a base de equivocaciones se acierta, lo dem\u00e1s es demagogia, que nada es gratis ni f\u00e1cil, \u00bfpero cojones?, que los cordobeses hacemos un reloj de palo y anda, \u00bfno vamos a ser capaces de volver a darle la dignidad que ten\u00eda a esta magn\u00edfica ciudad nuestra?<\/p>\n<\/div><\/div>\n","protected":false},"excerpt":{"rendered":"<p>Al hilo de \u00abC\u00f3rdoba se muere\u00bb S\u00e9 que en mi escrito anterior toqu\u00e9 toda clase de sensibilidades, me encanta, \u00bfpor qu\u00e9?, porque incluso en las m\u00e1s adversas, se denot\u00f3 que tocaba una fibra muy sensible, el amor por C\u00f3rdoba, e incluso en esas que me ponen como un trapo, se deja entrever que desde cualquier &hellip; <\/p>\n<p class=\"link-more\"><a href=\"https:\/\/pedrocasiano.es\/?page_id=2363\" class=\"more-link\">Leer m\u00e1s<span class=\"screen-reader-text\"> \u00abAl hilo de \u00abC\u00f3rdoba se muere\u00bb\u00bb<\/span><\/a><\/p>\n","protected":false},"author":1,"featured_media":0,"parent":0,"menu_order":0,"comment_status":"closed","ping_status":"closed","template":"","meta":{"inspiro_hide_title":false,"footnotes":""},"class_list":["post-2363","page","type-page","status-publish","hentry"],"featured_media_urls":[],"_links":{"self":[{"href":"https:\/\/pedrocasiano.es\/index.php?rest_route=\/wp\/v2\/pages\/2363","targetHints":{"allow":["GET"]}}],"collection":[{"href":"https:\/\/pedrocasiano.es\/index.php?rest_route=\/wp\/v2\/pages"}],"about":[{"href":"https:\/\/pedrocasiano.es\/index.php?rest_route=\/wp\/v2\/types\/page"}],"author":[{"embeddable":true,"href":"https:\/\/pedrocasiano.es\/index.php?rest_route=\/wp\/v2\/users\/1"}],"replies":[{"embeddable":true,"href":"https:\/\/pedrocasiano.es\/index.php?rest_route=%2Fwp%2Fv2%2Fcomments&post=2363"}],"version-history":[{"count":1,"href":"https:\/\/pedrocasiano.es\/index.php?rest_route=\/wp\/v2\/pages\/2363\/revisions"}],"predecessor-version":[{"id":2365,"href":"https:\/\/pedrocasiano.es\/index.php?rest_route=\/wp\/v2\/pages\/2363\/revisions\/2365"}],"wp:attachment":[{"href":"https:\/\/pedrocasiano.es\/index.php?rest_route=%2Fwp%2Fv2%2Fmedia&parent=2363"}],"curies":[{"name":"wp","href":"https:\/\/api.w.org\/{rel}","templated":true}]}}