{"id":2359,"date":"2024-02-20T10:08:43","date_gmt":"2024-02-20T10:08:43","guid":{"rendered":"https:\/\/pedrocasiano.es\/?page_id=2359"},"modified":"2024-03-30T17:05:37","modified_gmt":"2024-03-30T17:05:37","slug":"una-lenta-agonia","status":"publish","type":"page","link":"https:\/\/pedrocasiano.es\/?page_id=2359","title":{"rendered":"Una Lenta Agon\u00eda"},"content":{"rendered":"\n<figure class=\"wp-block-image alignleft size-large is-resized\"><img decoding=\"async\" width=\"1024\" height=\"1024\" data-src=\"https:\/\/pedrocasiano.es\/wp-content\/uploads\/2024\/02\/ai-generated-8534924_1280-1024x1024.jpg\" alt=\"\" class=\"wp-image-3890 lazyload\" style=\"--smush-placeholder-width: 1024px; --smush-placeholder-aspect-ratio: 1024\/1024;width:326px;height:auto\" src=\"data:image\/svg+xml;base64,PHN2ZyB3aWR0aD0iMSIgaGVpZ2h0PSIxIiB4bWxucz0iaHR0cDovL3d3dy53My5vcmcvMjAwMC9zdmciPjwvc3ZnPg==\" \/><\/figure>\n\n\n\n<p>Una lenta agon\u00eda.<\/p>\n\n\n\n<p>Las paredes parec\u00edan derrumbarse a su paso, algunas estaban inclinadas como si quisieran alcanzar el suelo sin caer, pero misi\u00f3n imposible, al <a><\/a>final colapsaban levantando nubes de polvo.<\/p>\n\n\n\n<p>Y la suciedad, se hund\u00eda entre los restos, olores nauseabundos se esparc\u00edan al aire cada vez que se mov\u00eda a trav\u00e9s del intrincado laberinto de basura, que se amontonaba en estratos de tiempos olvidados.<\/p>\n\n\n\n<p>Y el miedo, en cualquier momento pod\u00edan aparecer, mir\u00f3 el fusil apenas unos pocos proyectiles eran lo que le quedaba, despu\u00e9s nada.<\/p>\n\n\n\n<p>Atardec\u00eda, y sinti\u00f3 como el pelo se le erizaba; el encapotado cielo, no contribu\u00eda a que la luz fuera algo brillante, al contrario, apenas si pod\u00eda decirse que aun quedara algo de d\u00eda.<\/p>\n\n\n\n<p>Se dej\u00f3 caer sobre una pared que parec\u00eda s\u00f3lida, aunque no se fiaba del todo, cualquier cosa pod\u00eda derrumbarse en aquel lugar, todo estaba apuntalado apenas por la inercia, pero necesitaba descansar, hab\u00eda perdido demasiada sangre, cientos de peque\u00f1os mordiscos le agujereaban el s\u00f3lido traje, y a trav\u00e9s de \u00e9l, le manaba la sangre, se sent\u00eda d\u00e9bil, no eran pocos esos peque\u00f1os mordiscos. Sonri\u00f3, sab\u00eda que le quedaba poco tiempo.<\/p>\n\n\n\n<p>Sus enemigos no eran como los de los juegos de ordenador, un jefe, un superpoderoso, ah\u00ed, aunque perdiera, morir\u00eda r\u00e1pido, aqu\u00ed sin embargo, era la muerte poco a poco, trozo a trozo, arranc\u00e1ndoles la vida con una paciencia insana, como regode\u00e1ndose en el sufrimiento.<\/p>\n\n\n\n<p>Las ratas, las malditas ratas, esos dientes afilados como si fueran bistur\u00edes; en cualquier lado, apareciendo de cualquier sitio, en cualquier momento, como si fueran una ola de mort\u00edferas bolas de pelo y de muerte.<\/p>\n\n\n\n<p>En las sombras, ya de una oscuridad casi completa, las vio moverse, poco tiempo le hab\u00edan dejado, apenas media hora desde la \u00faltima, de la que a\u00fan no sab\u00eda c\u00f3mo hab\u00eda podido escapar, pero estaba derrotado, que vinieran, le daba igual, estaba cansado, tan cansado, que quiz\u00e1s era mejor morir de una vez, no hacerlo bocado a bocado, trozo a trozo, lentamente, ag\u00f3nicamente.<\/p>\n\n\n\n<p>Cogi\u00f3 aire con fuerza, y las observ\u00f3, vio como sus ojillos taimados y crueles lo miraban sabi\u00e9ndolo presa segura, apunt\u00f3 y dispar\u00f3, las vio saltar, pero eran demasiadas, abandonando el fusil cogi\u00f3 una piedra, y las machac\u00f3 mientras sent\u00eda como le segu\u00edan mordiendo por todos lados, las lanz\u00f3 de un lado a otro, pero volvieron, cuando se daba por vencido, simplemente se retiraron, pero la sangre le sal\u00eda a borbotones por las nuevas heridas, ya le quedaba poco, ahora si era su sentencia de muerte.<\/p>\n\n\n\n<p>Cogi\u00f3 una de las bolas de pelo, ten\u00eda sangre por todos lados, sonri\u00f3, \u00a1hab\u00eda matado tantas!, por lo menos eso, menos ratas para los dem\u00e1s que pod\u00edan sobrevivir aun, que sab\u00eda que pod\u00edan ser pocos ya.<\/p>\n\n\n\n<p>La volvi\u00f3, le mir\u00f3 la barriga, en ella, una calva dejaba ver unas letras, las ley\u00f3 \u201cHecho en Espa\u00f1a\u201d sigui\u00f3 leyendo la siguiente l\u00ednea \u201cRata transg\u00e9nica, Ministerio de Hacienda, Modelo 2.3\u201d.<\/p>\n\n\n\n<p>Volvi\u00f3 a sonre\u00edr, las hab\u00edan actualizado, ya nada se pod\u00eda hacer, cada vez eran m\u00e1s sofisticadas, m\u00e1s malvadas, m\u00e1s inteligentes, se met\u00edan por todos lados, y sab\u00edan d\u00f3nde estaban, \u00a1maldita sea!, pens\u00f3.<\/p>\n\n\n\n<p>Y volvieron, supo que era in\u00fatil, casi no le quedaban fuerzas, luch\u00f3 hasta que empez\u00f3 a nubl\u00e1rsele la vista, casi no sinti\u00f3 el bocado en la yugular, e intento sonre\u00edr, eso era mejor que lo que hab\u00eda venido padeciendo desde que ten\u00eda uso de raz\u00f3n, por fin descansar\u00eda, y la luz se march\u00f3 de su mirada. Ahora descansaba en paz por fin.<\/p>\n\n\n\n<p>Pedro Casiano Gonz\u00e1lez Cuevas 2.018<\/p>\n","protected":false},"excerpt":{"rendered":"<p>Una lenta agon\u00eda. Las paredes parec\u00edan derrumbarse a su paso, algunas estaban inclinadas como si quisieran alcanzar el suelo sin caer, pero misi\u00f3n imposible, al final colapsaban levantando nubes de polvo. Y la suciedad, se hund\u00eda entre los restos, olores nauseabundos se esparc\u00edan al aire cada vez que se mov\u00eda a trav\u00e9s del intrincado laberinto &hellip; <\/p>\n<p class=\"link-more\"><a href=\"https:\/\/pedrocasiano.es\/?page_id=2359\" class=\"more-link\">Leer m\u00e1s<span class=\"screen-reader-text\"> \u00abUna Lenta Agon\u00eda\u00bb<\/span><\/a><\/p>\n","protected":false},"author":1,"featured_media":0,"parent":0,"menu_order":0,"comment_status":"closed","ping_status":"closed","template":"","meta":{"inspiro_hide_title":false,"footnotes":""},"class_list":["post-2359","page","type-page","status-publish","hentry"],"featured_media_urls":[],"_links":{"self":[{"href":"https:\/\/pedrocasiano.es\/index.php?rest_route=\/wp\/v2\/pages\/2359","targetHints":{"allow":["GET"]}}],"collection":[{"href":"https:\/\/pedrocasiano.es\/index.php?rest_route=\/wp\/v2\/pages"}],"about":[{"href":"https:\/\/pedrocasiano.es\/index.php?rest_route=\/wp\/v2\/types\/page"}],"author":[{"embeddable":true,"href":"https:\/\/pedrocasiano.es\/index.php?rest_route=\/wp\/v2\/users\/1"}],"replies":[{"embeddable":true,"href":"https:\/\/pedrocasiano.es\/index.php?rest_route=%2Fwp%2Fv2%2Fcomments&post=2359"}],"version-history":[{"count":3,"href":"https:\/\/pedrocasiano.es\/index.php?rest_route=\/wp\/v2\/pages\/2359\/revisions"}],"predecessor-version":[{"id":6307,"href":"https:\/\/pedrocasiano.es\/index.php?rest_route=\/wp\/v2\/pages\/2359\/revisions\/6307"}],"wp:attachment":[{"href":"https:\/\/pedrocasiano.es\/index.php?rest_route=%2Fwp%2Fv2%2Fmedia&parent=2359"}],"curies":[{"name":"wp","href":"https:\/\/api.w.org\/{rel}","templated":true}]}}