{"id":2347,"date":"2024-02-20T10:03:19","date_gmt":"2024-02-20T10:03:19","guid":{"rendered":"https:\/\/pedrocasiano.es\/?page_id=2347"},"modified":"2024-03-01T09:47:02","modified_gmt":"2024-03-01T09:47:02","slug":"a-la-vera-de-las-montanas","status":"publish","type":"page","link":"https:\/\/pedrocasiano.es\/?page_id=2347","title":{"rendered":"A la vera de las Monta\u00f1as"},"content":{"rendered":"\n<p><\/p>\n\n\n\n<figure class=\"wp-block-image alignright size-large is-resized\"><img decoding=\"async\" width=\"1024\" height=\"874\" data-src=\"https:\/\/pedrocasiano.es\/wp-content\/uploads\/2024\/02\/29872005_1752503918141606_3459037268046137328_o-1024x874.jpg\" alt=\"\" class=\"wp-image-3883 lazyload\" style=\"--smush-placeholder-width: 1024px; --smush-placeholder-aspect-ratio: 1024\/874;width:487px;height:auto\" src=\"data:image\/svg+xml;base64,PHN2ZyB3aWR0aD0iMSIgaGVpZ2h0PSIxIiB4bWxucz0iaHR0cDovL3d3dy53My5vcmcvMjAwMC9zdmciPjwvc3ZnPg==\" \/><\/figure>\n\n\n\n<p>A la vera de las Monta\u00f1as<\/p>\n\n\n\n<p>Jacinto mir\u00f3 a la Churrina, se estaba saliendo de su vista, y eso no le gustaba, chifl\u00f3 como el solo sab\u00eda hacerlo, muchos a\u00f1os de <a><\/a>pr\u00e1ctica, Churrina d\u00f3cilmente volvi\u00f3 a su vista, las cabras son muy juguetonas, y sus enemigos tambi\u00e9n, pens\u00f3.<\/p>\n\n\n\n<p>Cogi\u00f3 el tabaco de liar, una papelina, y tranquilamente reparti\u00f3 el tabaco poniendo los dedos como una cuna, con la misma pericia de a\u00f1os, cuando termin\u00f3, cerr\u00f3 el papel, y le dio una pasada con la lengua, ni filtro ni hostias, que lo malo viene por querer hacerlo bueno, \u00e9l sab\u00eda que el tabaco mataba, pero m\u00e1s malo era coger el reuma en aquellos picos olvidados, y nadie se lo imped\u00eda, as\u00ed que fumaba, y esperaba durar los que su padre dur\u00f3, un infinito de a\u00f1os.<\/p>\n\n\n\n<p>Cogi\u00f3 el chisquero, una de las cosas que nunca fallan, y encendi\u00f3 el delgado cigarrillo que hab\u00eda conseguido, el primer humo, le llego a lo m\u00e1s hondo, a donde ten\u00eda que llegar, que apenas si hab\u00eda amanecido media hora antes.<\/p>\n\n\n\n<p>Mir\u00f3 la sierra entre el humo que desprend\u00eda el cigarro, mira que la hab\u00eda visto veces, mira que hab\u00eda nacido all\u00ed, mira que estaba cansado, harto, \u00a1pero que bonita era la puta!, conoc\u00eda uno a uno los robles, los quejigos, los chaparros, casi pod\u00eda llamarlos uno a uno por su nombre. Se mir\u00f3 las manos viejas y encallecidas, estaba viejo, pero cada ma\u00f1ana, a pesar del trabajo que le daban las cabras nada m\u00e1s salir del aprisco, esperaba con ansia los primeros rayos de sol, para que le descubrieran la maravilla de sus montes, que no eran suyos, si con eso se quer\u00eda decir que no hab\u00eda papeles que lo dijeran, pero que su alma, era la due\u00f1a indiscutible, por el conocimiento, por la cercan\u00eda, porque a fin de cuentas, era su alma piedra a piedra, rama a rama, \u00e1rbol a \u00e1rbol, arroyo a arroyo, todo era suyo, si por serlo era due\u00f1o el que lo sent\u00eda, el que lo amaba, del que la disfrutaba, por eso era suya.<\/p>\n\n\n\n<p>Una vida dura, que se acabar\u00eda pronto, una hija en la capital, para estudios, que no quer\u00eda el campo ni nada que oliera a choto, una mujer en el cementerio, con flores, pobres flores del campo, eso s\u00ed, todos los d\u00edas, un chamizo, y unos animales que no eran suyos, pero a los que llamaba y conoc\u00eda por su nombre, esa hab\u00eda sido su dura vida, sinti\u00f3 tristeza mientras terminaba el cigarrillo a punto de quemarse los labios, pero mir\u00f3 a la serran\u00eda, y comprendi\u00f3 que pasara lo que pasara, aquello no lo cambiar\u00eda por nada, y sonri\u00f3, buena vida, pens\u00f3.<\/p>\n\n\n\n<p>Javier entro en la curva como loco, ten\u00eda que ver a los compradores de aquel mont\u00f3n de piedras, del estercolero que era la finca y que iba tarde, pero ser\u00eda un buen negocio, le hac\u00eda falta el dinero, sinti\u00f3 como le faltaba el aire, las trampas, las putas trampas, que ya el pelo ni le lucia, ni aun peinando de lado a lado, mostrando un bochornoso espect\u00e1culo que \u00e9l sab\u00eda y que le recordaban aun sin decir nada.<\/p>\n\n\n\n<p>Pero eso era todo, su mujer, toc\u00e1ndoselo, sus hijos\u2026 que decir de ellos que no quer\u00edan ni vivir, malditos v\u00e1ndalos y vagos, y terminar esto y o\u00edr la retah\u00edla de tonter\u00edas, de compras de objetos que para nada serv\u00edan, pero necesarios, para su \u201cstatus\u201d, seg\u00fan su esposa, la del gimnasio, la que no tocaba hac\u00eda meses, ni ganas, lo que si le entraron ganas fue de mear, iba a reventar, la pr\u00f3stata, que tampoco estaba bien, joder que todo le funcionaba por inercia, de gastado que estaba, de malvivir, y \u00bfpara qu\u00e9?, \u00bfquiz\u00e1s para conseguir un buen lugar a un asilo?, sab\u00eda que suceder\u00eda con nada que se jubilara o dejara de servir para traer dinero, hijos de puta, pens\u00f3, esos sus hijos, y sonri\u00f3, tomando la siguiente curva a\u00fan m\u00e1s r\u00e1pido, putos clientes, puto dinero, pens\u00f3 de nuevo.<\/p>\n\n\n\n<p>Encontr\u00f3 una recta, un lugar donde parar y fren\u00f3 como si hubiera una gigantesca piedra delante suya, bajo corriendo, y entre las primeras matas que vio, all\u00ed se alivi\u00f3, cuando volvi\u00f3 a salir, mir\u00f3 al cabrero, que a su vez lo observaba con un cigarro del que apenas si quedaba el filtro, y durante unos segundos, quiso ser \u00e9l, solo unos segundos, se mont\u00f3 en el gran coche, y sali\u00f3 en estampida, dejando marcados los neum\u00e1ticos en el asfalto.<\/p>\n\n\n\n<p>Jacinto lo mir\u00f3, durante un instante admir\u00f3 el coche, y pens\u00f3 que como ser\u00eda de feliz aquel calvo con todo lo que ten\u00eda, pero mir\u00f3 a su reba\u00f1o, y pens\u00f3 que cada cosa en su sitio, y cada sitio en su lugar, chifl\u00f3, y el reba\u00f1o se reuni\u00f3 de nuevo, cogi\u00f3 el morral, y avanz\u00f3 por la intrincada vereda que le llevaba a un lugar a\u00fan m\u00e1s bello, y despu\u00e9s a otro y a otro m\u00e1s, sonri\u00f3, nunca m\u00e1s volvi\u00f3 a pensar en el calvo ni en el gran coche negro, se ech\u00f3 su bast\u00f3n a la espalda y continu\u00f3 andando por la senda que hab\u00eda trillado tantos a\u00f1os.<\/p>\n\n\n\n<p>Pedro Casiano Gonz\u00e1lez Cuevas 2.018<\/p>\n","protected":false},"excerpt":{"rendered":"<p>A la vera de las Monta\u00f1as Jacinto mir\u00f3 a la Churrina, se estaba saliendo de su vista, y eso no le gustaba, chifl\u00f3 como el solo sab\u00eda hacerlo, muchos a\u00f1os de pr\u00e1ctica, Churrina d\u00f3cilmente volvi\u00f3 a su vista, las cabras son muy juguetonas, y sus enemigos tambi\u00e9n, pens\u00f3. Cogi\u00f3 el tabaco de liar, una papelina, &hellip; <\/p>\n<p class=\"link-more\"><a href=\"https:\/\/pedrocasiano.es\/?page_id=2347\" class=\"more-link\">Leer m\u00e1s<span class=\"screen-reader-text\"> \u00abA la vera de las Monta\u00f1as\u00bb<\/span><\/a><\/p>\n","protected":false},"author":1,"featured_media":0,"parent":0,"menu_order":0,"comment_status":"closed","ping_status":"closed","template":"","meta":{"inspiro_hide_title":false,"footnotes":""},"class_list":["post-2347","page","type-page","status-publish","hentry"],"featured_media_urls":[],"_links":{"self":[{"href":"https:\/\/pedrocasiano.es\/index.php?rest_route=\/wp\/v2\/pages\/2347","targetHints":{"allow":["GET"]}}],"collection":[{"href":"https:\/\/pedrocasiano.es\/index.php?rest_route=\/wp\/v2\/pages"}],"about":[{"href":"https:\/\/pedrocasiano.es\/index.php?rest_route=\/wp\/v2\/types\/page"}],"author":[{"embeddable":true,"href":"https:\/\/pedrocasiano.es\/index.php?rest_route=\/wp\/v2\/users\/1"}],"replies":[{"embeddable":true,"href":"https:\/\/pedrocasiano.es\/index.php?rest_route=%2Fwp%2Fv2%2Fcomments&post=2347"}],"version-history":[{"count":5,"href":"https:\/\/pedrocasiano.es\/index.php?rest_route=\/wp\/v2\/pages\/2347\/revisions"}],"predecessor-version":[{"id":5478,"href":"https:\/\/pedrocasiano.es\/index.php?rest_route=\/wp\/v2\/pages\/2347\/revisions\/5478"}],"wp:attachment":[{"href":"https:\/\/pedrocasiano.es\/index.php?rest_route=%2Fwp%2Fv2%2Fmedia&parent=2347"}],"curies":[{"name":"wp","href":"https:\/\/api.w.org\/{rel}","templated":true}]}}