{"id":2338,"date":"2024-02-20T09:57:34","date_gmt":"2024-02-20T09:57:34","guid":{"rendered":"https:\/\/pedrocasiano.es\/?page_id=2338"},"modified":"2024-02-20T09:57:34","modified_gmt":"2024-02-20T09:57:34","slug":"ana-maria-de-soto","status":"publish","type":"page","link":"https:\/\/pedrocasiano.es\/?page_id=2338","title":{"rendered":"Ana Mar\u00eda de Soto"},"content":{"rendered":"\n<div class=\"wp-block-media-text is-stacked-on-mobile is-vertically-aligned-top\" style=\"grid-template-columns:28% auto\"><figure class=\"wp-block-media-text__media\"><img decoding=\"async\" width=\"1024\" height=\"764\" data-src=\"https:\/\/pedrocasiano.es\/wp-content\/uploads\/2024\/02\/image-103-1024x764.jpeg\" alt=\"No hay ninguna descripci\u00f3n de la foto disponible.\" class=\"wp-image-2339 size-full lazyload\" src=\"data:image\/svg+xml;base64,PHN2ZyB3aWR0aD0iMSIgaGVpZ2h0PSIxIiB4bWxucz0iaHR0cDovL3d3dy53My5vcmcvMjAwMC9zdmciPjwvc3ZnPg==\" style=\"--smush-placeholder-width: 1024px; --smush-placeholder-aspect-ratio: 1024\/764;\" \/><\/figure><div class=\"wp-block-media-text__content\">\n<p>Mujeres Cordobesas que dejaron huella.<\/p>\n\n\n\n<p>De esta persona, lo \u00fanico que me molesta, es la falta de informaci\u00f3n que existe acerca del personaje, <a><\/a>\u00a1qu\u00e9 pena que no fuera inglesa!, o de USA, all\u00ed ser\u00eda motivo para pel\u00edculas, libros y series, que individuos cuya vidas merecen como mucho dos l\u00edneas, tienen cumplidos sus escasos m\u00e9ritos como si estos fueran \u00e9picos, siendo al comparar con ella, liliputienses ante la figura de esta colosal mujer.<\/p>\n\n\n\n<p>Perdonadme, pues que a falta de hechos imagine algunas cosas de esta mujer extraordinaria, trate de ponerla en contexto, e intente adivinar pensamientos que al final son solo m\u00edos.<\/p>\n\n\n\n<p>Imaginemos Aguilar de la Frontera, bello pueblo, pero en aquellos mil setecientos, lugar de avatares y necesidades, y coloquemos all\u00ed a Ana Mar\u00eda, hija de un humilde panadero, suponemos que con un futuro triste y sombr\u00edo como correspond\u00eda a las fechas, salvo que tuviera posibles, cosa que suponemos no ten\u00eda.<\/p>\n\n\n\n<p>Pues la chica con quince a\u00f1os, si quince, se le mete en la cabeza conocer mar, pero no en plan turista, sino con un arma al hombro, y sin pensarlo dos veces, se disfraza de hombre, y con dos cojones (perdonad), se atrocha al camino a C\u00e1diz, que es como decir, irte a la Mongolia superior en bicicleta.<\/p>\n\n\n\n<p>Doscientos treinta kil\u00f3metros, una mujer sola, pensando quiz\u00e1s en la gloria, quiz\u00e1s en la fortuna, o lo normal en aquellos tiempos, escapar de un negro futuro y del hambre.<\/p>\n\n\n\n<p>Pero llega, ya con diecis\u00e9is, apenas una ni\u00f1a, pero con m\u00e1s car\u00e1cter que cualquiera, y se enrola en lo m\u00e1s duro del ej\u00e9rcito espa\u00f1ol, la Infanter\u00eda de Marina.<\/p>\n\n\n\n<p>Os explico c\u00f3mo era este cuerpo; por si no lo sab\u00e9is es el Cuerpo de Infantes de Marina m\u00e1s antiguo del mundo, los dem\u00e1s, marines incluidos, a chupar rueda. Creado por Carlos I en 1.573, era un cuerpo especial que luchar\u00e1 en los barcos y tomar\u00e1 parte en los desembarcos, entonces se llamaban Tercios de Armada, pero la divisa sigue siendo la misma \u00a1Valientes por tierra y por mar!<\/p>\n\n\n\n<p>El 26 de Julio de 1.793, as\u00ed ten\u00eda que ser de car\u00e1cter, consigui\u00f3 alistarse, y comerse los cinco meses de instrucci\u00f3n, que en aquellos tiempos era la m\u00e1s dura que exist\u00eda, con todos los inconvenientes de ocultar su condici\u00f3n, y bregar con la pandilla de bestias pardas que eran los componentes de ese cuerpo.<\/p>\n\n\n\n<p>Que se sepa fue la primera mujer que se alist\u00f3 en los llamados entonces Batallones de Marina. En la Sexta Compa\u00f1\u00eda del 11\u00ba Batall\u00f3n de las Tropas de Marina, y all\u00ed embarc\u00f3 en uno de los nav\u00edos, la Fragata Mercedes de 34 ca\u00f1ones, a luchar contra los franceses en el marco de las guerras revolucionarias francesas.<\/p>\n\n\n\n<p>All\u00ed participa en la defensa de Rosas, un enfrentamiento duro, por lo que suponemos que tuvo que dar ca\u00f1a, \u00a1menuda ten\u00eda que ser!, que all\u00ed Infante que se arrugaba, se le pasaba por la quilla. Despu\u00e9s tomo parte en los conflictos de Aljama y Ba\u00f1uls.<\/p>\n\n\n\n<p>Ahora Antonio Mar\u00eda de Soto, era un infante cuajado, recio de batalla, y probado, as\u00ed era llamada, pues adopt\u00f3 el nombre de su hermano.<\/p>\n\n\n\n<p>Voy a hacer una peque\u00f1a reflexi\u00f3n acerca de la vida en mar de esta hero\u00edna, imaginaros vosotras, que lo sab\u00e9is, que nosotros no, \u00bfc\u00f3mo se oculta, en un barco hacinado de gente, con letrinas que apenas si son agujeros en el suelo, los dolores, las inconveniencias de los d\u00edas malos, sin ning\u00fan tipo de apoyo, de diferenciaci\u00f3n, entre bestias de soldados?<\/p>\n\n\n\n<p>Fuerte, lista y de car\u00e1cter de hierro, \u00a1vaya mujer!, para que despu\u00e9s digan que ellas no tienen sitio en el ej\u00e9rcito.<\/p>\n\n\n\n<p>Pero vamos que si quer\u00eda jaleo, era la \u00e9poca, ahora a bordo de la misma fragata, a Cabo San Vicente, a enfrentarse con los ingleses, como es deber de cualquier espa\u00f1ol, all\u00ed, a pesar de contar con el barco m\u00e1s grande del mundo, el Sant\u00edsima Trinidad, con 130 ca\u00f1ones, nos dan pocas los hijos de la Gran Breta\u00f1a.<\/p>\n\n\n\n<p>Tambi\u00e9n participa en la defensa de C\u00e1diz a bordo de una lancha ca\u00f1onera, apuesta arriesgada, pero muy eficaz por su movilidad y maniobrabilidad.<\/p>\n\n\n\n<p>Pero nuestra hero\u00edna, embarca en la fragata Matilde que tambi\u00e9n hab\u00eda participado en la batalla del cabo San Vicente, pero para que la conozc\u00e1is mejor, sabed que hab\u00eda cumplido el periodo obligatorio de cinco a\u00f1os, la pu\u00f1etera se reengancha, que ten\u00eda m\u00e1s ardor guerrero que la mayor\u00eda de los varones.<\/p>\n\n\n\n<p>Pero llega la mala suerte en forma de fiebres, y claro, cuando el m\u00e9dico la reconoce, no reconoce nada de lo que tiene debajo del uniforme, imaginaros en aquella \u00e9poca lo que supondr\u00eda para el ejercito que una simple mujer, cuya funci\u00f3n era cuidar de la casa y tener hijos, hubiera estado matando ingleses, \u00a1Qu\u00e9 horror! \u00a1Qu\u00e9 verg\u00fcenza!, que baj\u00f3n para los t\u00edos que se cre\u00edan que eran los \u00fanicos que ten\u00edan cojones, ella ten\u00eda para exportar.<\/p>\n\n\n\n<p>Supongo que sus compa\u00f1eros que no hab\u00eda servido con ella hablar\u00edan mal, pero nadie podr\u00eda decir nada de aquella mujer que codo a codo con ellos se hab\u00eda jugado la vida tantas veces.<\/p>\n\n\n\n<p>Pero ya sabemos como era la \u00e9poca, la hacen confesar, como si ella pudiera ocultar ahora su condici\u00f3n, y mandan la historia a Palacio, para que desde all\u00ed, le impongan el castigo m\u00e1s duro que pudieran, buena gente.<\/p>\n\n\n\n<p>Pero Carlos IV, nadie sabe por qu\u00e9, lejos de castigarla, la nombra sargento Mayor con una pensi\u00f3n vitalicia diaria de dos reales, una pasta en aquellos tiempos.<\/p>\n\n\n\n<p>Deja el ej\u00e9rcito y vive de un estanco en Montilla.<\/p>\n\n\n\n<p>\u00bfUn final feliz?, \u00bfen Espa\u00f1a?, venga ya\u2026 aqu\u00ed contra m\u00e1s te lo mereces m\u00e1s te jod\u2026<\/p>\n\n\n\n<p>Llega la regencia del lerdo de Fernando VII, y con ella la retirada de lo conseguido, que aqu\u00ed, ning\u00fan h\u00e9roe debe de morir con cuartos, menos una hero\u00edna, y Ana Mar\u00eda se diluye en la neblina de la historia, sin saber realmente como termin\u00f3 aquella que tanta gloria merec\u00eda y tanto fue despreciada por el pa\u00eds por el que arriesg\u00f3 su vida tantas veces.<\/p>\n\n\n\n<p>\u00bfQu\u00e9 la llev\u00f3 a enrolarse en uno de los cuerpos m\u00e1s duros del ej\u00e9rcito, adem\u00e1s siendo de tierra adentro?, ah\u00ed caben las fantas\u00edas, el mar, el uniforme visto de alg\u00fan soldado, nadie lo sabe, lo \u00fanico que si s\u00e9 con certeza, es que muchas de las cualidades de las mujeres cordobesas, est\u00e1n en ella, y ella est\u00e1 en el car\u00e1cter de nuestras mujeres, el orgullo, el valor, la tenacidad\u2026 \u00a1podr\u00eda enumerar tantas!, pero baste con saber, con reconocer a una gran mujer, que adem\u00e1s de hero\u00edna era cordobesa. Casi n\u00e1.<\/p>\n\n\n\n<p>\u00a9Pedro Casiano Gonz\u00e1lez Cuevas 2.018<\/p>\n<\/div><\/div>\n","protected":false},"excerpt":{"rendered":"<p>Mujeres Cordobesas que dejaron huella. De esta persona, lo \u00fanico que me molesta, es la falta de informaci\u00f3n que existe acerca del personaje, \u00a1qu\u00e9 pena que no fuera inglesa!, o de USA, all\u00ed ser\u00eda motivo para pel\u00edculas, libros y series, que individuos cuya vidas merecen como mucho dos l\u00edneas, tienen cumplidos sus escasos m\u00e9ritos como &hellip; <\/p>\n<p class=\"link-more\"><a href=\"https:\/\/pedrocasiano.es\/?page_id=2338\" class=\"more-link\">Leer m\u00e1s<span class=\"screen-reader-text\"> \u00abAna Mar\u00eda de Soto\u00bb<\/span><\/a><\/p>\n","protected":false},"author":1,"featured_media":0,"parent":0,"menu_order":0,"comment_status":"closed","ping_status":"closed","template":"","meta":{"inspiro_hide_title":false,"footnotes":""},"class_list":["post-2338","page","type-page","status-publish","hentry"],"featured_media_urls":[],"_links":{"self":[{"href":"https:\/\/pedrocasiano.es\/index.php?rest_route=\/wp\/v2\/pages\/2338","targetHints":{"allow":["GET"]}}],"collection":[{"href":"https:\/\/pedrocasiano.es\/index.php?rest_route=\/wp\/v2\/pages"}],"about":[{"href":"https:\/\/pedrocasiano.es\/index.php?rest_route=\/wp\/v2\/types\/page"}],"author":[{"embeddable":true,"href":"https:\/\/pedrocasiano.es\/index.php?rest_route=\/wp\/v2\/users\/1"}],"replies":[{"embeddable":true,"href":"https:\/\/pedrocasiano.es\/index.php?rest_route=%2Fwp%2Fv2%2Fcomments&post=2338"}],"version-history":[{"count":1,"href":"https:\/\/pedrocasiano.es\/index.php?rest_route=\/wp\/v2\/pages\/2338\/revisions"}],"predecessor-version":[{"id":2340,"href":"https:\/\/pedrocasiano.es\/index.php?rest_route=\/wp\/v2\/pages\/2338\/revisions\/2340"}],"wp:attachment":[{"href":"https:\/\/pedrocasiano.es\/index.php?rest_route=%2Fwp%2Fv2%2Fmedia&parent=2338"}],"curies":[{"name":"wp","href":"https:\/\/api.w.org\/{rel}","templated":true}]}}