{"id":2335,"date":"2024-02-20T09:54:42","date_gmt":"2024-02-20T09:54:42","guid":{"rendered":"https:\/\/pedrocasiano.es\/?page_id=2335"},"modified":"2024-02-20T09:54:43","modified_gmt":"2024-02-20T09:54:43","slug":"la-genetica-cordobesa","status":"publish","type":"page","link":"https:\/\/pedrocasiano.es\/?page_id=2335","title":{"rendered":"La Gen\u00e9tica Cordobesa"},"content":{"rendered":"\n<div class=\"wp-block-media-text is-stacked-on-mobile is-vertically-aligned-top\" style=\"grid-template-columns:30% auto\"><figure class=\"wp-block-media-text__media\"><img decoding=\"async\" width=\"929\" height=\"617\" data-src=\"https:\/\/pedrocasiano.es\/wp-content\/uploads\/2024\/02\/image-102.jpeg\" alt=\"No hay ninguna descripci\u00f3n de la foto disponible.\" class=\"wp-image-2336 size-full lazyload\" src=\"data:image\/svg+xml;base64,PHN2ZyB3aWR0aD0iMSIgaGVpZ2h0PSIxIiB4bWxucz0iaHR0cDovL3d3dy53My5vcmcvMjAwMC9zdmciPjwvc3ZnPg==\" style=\"--smush-placeholder-width: 929px; --smush-placeholder-aspect-ratio: 929\/617;\" \/><\/figure><div class=\"wp-block-media-text__content\">\n<p>Hace pocos d\u00edas, le\u00ed una publicaci\u00f3n de un amigo, en la cual argumentaba acerca de la procedencia de los cordobeses, haciendo un aporte <a><\/a>magnifico en cuanto a sus definiciones, sin embargo, una de ellas, me sorprendi\u00f3, pues no creo que sea real, m\u00e1s que nada por los hechos en los que se basa.<\/p>\n\n\n\n<p>Concretemos, que nos vamos por los cerros de \u00dabeda, se postulaba en la citada opini\u00f3n, acerca de la ascendencia de nosotros los cordobeses, y ah\u00ed difiero totalmente, me explico.<\/p>\n\n\n\n<p>C\u00f3rdoba fue celta, ibera, Colonia romana, Ciudad Patricia, y en sus momentos m\u00e1s esplendorosos, la capital del Califato, los tiempos de Abderram\u00e1n, y los posteriores hasta Al Mansur. Despu\u00e9s se descompone en reinos de taifas, los cuales caen bajo el poder de los Al-Mur\u0101bi\u1e6d\u016bn, m\u00e1s conocidos por Almor\u00e1vides, lo que supone una inyecci\u00f3n de sangre del norte de \u00c1frica, en los cuales nuestra capital era solo una provincia de un imperio que se reg\u00eda desde Aghmat (1040-1062), y Marrakech (1062-1147), con el consiguiente empobrecimiento de nuestra C\u00f3rdoba, ya bastante diezmada cuando Taifa de C\u00f3rdoba.<\/p>\n\n\n\n<p>Posteriormente, y ante el decaer de los almor\u00e1vides, aparecen los almohades (en lengua \u00e1rabe: \u0627\u0644\u0645\u0648\u064e\u062d\u062f\u0648\u0646, al-muwa\u1e25\u1e25idun) \u00ablos que reconocen la unidad de Dios\u00bb, o Banu \u2018Abd al-Mu&#8217;min (en \u00e1rabe: \u0628\u0646\u0648 \u0639\u0628\u062f \u0627\u0644\u0645\u0624\u0645\u0646) una dinast\u00eda bereber, que vuelven a mantener parte de iberia, cada vez menos, pero la capital vuelve a ser del norte de \u00c1frica \u201cTinmel (1121-1147), Marrakech (1147-1269)\u201d, posteriormente, es reconquistada por los cristianos, por Fernando III de Castilla en el 29 de junio de 1236, con la entrega de las llaves de la ciudad del pr\u00edncipe Abul-l-Casan, pero ya es una c\u00f3rdoba destruida, un mero reflejo en barro de lo que fue, los palacios se convirtieron en cuadras, y los conquistadores pudieron construir lo que les vino en gana, pues exist\u00eda tanto material de buena calidad, que solo hac\u00eda falta derruir para construir.<\/p>\n\n\n\n<p>Hay divergencias en cuanto a los habitantes hispanomusulmanes que quedaron en nuestra ciudad, pero se pueden cifrar entre 25.000 y 50.000, cifra la \u00faltima demasiado optimista.<\/p>\n\n\n\n<p>Atra\u00eddos por el esplendor de la ciudad durante siglos, muchos castellanos vienen aqu\u00ed, con lo que incluso se quedan sin v\u00edveres, de la multitud que se asent\u00f3, gente del norte y mercenarios la mayor\u00eda de ellos.<\/p>\n\n\n\n<p>Pero claro, despu\u00e9s llega la expulsi\u00f3n de los jud\u00edos con el Edicto de Granada de 1.492, y una comunidad importante es diezmada, posteriormente la expulsi\u00f3n de los moriscos entre 1.609 y 1.613, ordenada por Felipe III, que supone otra importante disminuci\u00f3n de la poblaci\u00f3n que pod\u00eda tener ascendencia hispano\u00e1rabe, y si esto sucede en la ciudad, imaginemos en los pueblos, en los cuales es potencialmente mayor, hasta el punto de que es repoblada varias veces, m\u00e1s que nada para poder proteger el oro que viene de Am\u00e9rica, y que es de paso obligado por C\u00f3rdoba, en su ruta hacia Madrid.<\/p>\n\n\n\n<p>A\u00f1adamos a esto la peste negra de los siglos XIV, XVI y XVII, sin contar con el sarampi\u00f3n, las viruelas, el garrotillo, y m\u00e1s enfermedades que se agrupaban en torno al nombre de otras, tal devastaci\u00f3n que nuestra provincia qued\u00f3 como un solar, no hablemos de la ciudad.<\/p>\n\n\n\n<p>Las venidas de colonos del resto de Europa, son realizadas en base al Fuero de nuevas Repoblaciones, entre alemanes, suizos, italianos, franceses y austriacos, por supuesto cat\u00f3licos, y en teor\u00eda labradores, pues conozcamos que en aquellos tiempos, los que ahora nos miran por encima del hombro, fueron bien acogidos aqu\u00ed, pues salieron de pa\u00edses en hambruna, al contario que ahora, esto sucedi\u00f3 con Carlos III, en el siglo XVIII, las m\u00e1s incrementadas, fueron Fuente Palmera y La Carlota. La mayor parte de los colonos asentados en C\u00f3rdoba fueron alemanes y suizos.<\/p>\n\n\n\n<p>Estas repoblaciones continuaron, pues si bien los apellidos de las primeras se castellanizaron, siendo las ultimas las que a\u00fan conservan los apellidos originales solo con el cambio a la pronunciaci\u00f3n castellana.<\/p>\n\n\n\n<p>\u00bfY para que toda esta explicativa?, sencillo, podemos basarnos en cualquier motivo para explicar que es el sentir cordob\u00e9s, \u00bfpero la sangre?, mucho me temo que no, que se diluy\u00f3, si quedaba alguna africana, en siglos de presencias norte europeas.<\/p>\n\n\n\n<p>Como dec\u00eda un amigo somos \u201cperros de mil leches\u201d, en relaci\u00f3n a que tenemos cruces por todos lados, bienvenidos sean, entonces \u00bfC\u00f3mo nos identificamos, como es eso del sentir Cordob\u00e9s?<\/p>\n\n\n\n<p>Yo sencillamente lo baso en la impronta, que mirando el diccionario de la RAE nos da \u201cMarca o huella, generalmente de orden moral, que deja una cosa en otra\u201d, expliqu\u00e9monos, que la idea es la siguiente.<\/p>\n\n\n\n<p>Tu podr\u00e1s ser de ascendencia n\u00f3rdica, castellana, asturiana, o de Helsinki, ser\u00e1s rubio o moreno, con ojos claros u oscuros, medir\u00e1s mas de un metro noventa o quiz\u00e1s menos, pero todos tenemos una l\u00ednea central que nos recorre todo el interior de nuestro cuerpo, como pollos en el asador, que est\u00e1 aunque no nos guste.<\/p>\n\n\n\n<p>\u00bfCu\u00e1l es?, lo he dicho antes, la impronta, algo que pasa de generaci\u00f3n a generaci\u00f3n sin importar tu sangre, tu ascendencia, se transmite como una enfermedad de padres a hijos, de conquistados a conquistadores, de cordobeses viejos a los reci\u00e9n llegados, el esp\u00edritu de que somos hijos de una metr\u00f3poli que un d\u00eda fue el faro de Occidente, eso r\u00e1etelo si puedes, cordob\u00e9s, porque lo llevas dentro.<\/p>\n\n\n\n<p>\u00bfQu\u00e9 somos \u201cesabor\u00edos\u201d?, vale, \u00bfqu\u00e9 somos chulos?, pues si, \u00bfqu\u00e9 somos muy nuestros?, puede ser, y podemos responder, eh, que soy Cordob\u00e9s, porque el tiempo de Al \u00c1ndalus, pas\u00f3, pero su alma continua en cada uno de nosotros, si no te gusta, te jodes, con todos los respetos, en otro caso, valga el defecto por la virtud.<\/p>\n\n\n\n<p>A m\u00ed cuando me preguntan, por mi aspecto, \u201cno pareces Cordob\u00e9s\u201d, yo les contesto, \u201cPues lo soy, gracias a Dios\u201d.<\/p>\n<\/div><\/div>\n","protected":false},"excerpt":{"rendered":"<p>Hace pocos d\u00edas, le\u00ed una publicaci\u00f3n de un amigo, en la cual argumentaba acerca de la procedencia de los cordobeses, haciendo un aporte magnifico en cuanto a sus definiciones, sin embargo, una de ellas, me sorprendi\u00f3, pues no creo que sea real, m\u00e1s que nada por los hechos en los que se basa. Concretemos, que &hellip; <\/p>\n<p class=\"link-more\"><a href=\"https:\/\/pedrocasiano.es\/?page_id=2335\" class=\"more-link\">Leer m\u00e1s<span class=\"screen-reader-text\"> \u00abLa Gen\u00e9tica Cordobesa\u00bb<\/span><\/a><\/p>\n","protected":false},"author":1,"featured_media":0,"parent":0,"menu_order":0,"comment_status":"closed","ping_status":"closed","template":"","meta":{"inspiro_hide_title":false,"footnotes":""},"class_list":["post-2335","page","type-page","status-publish","hentry"],"featured_media_urls":[],"_links":{"self":[{"href":"https:\/\/pedrocasiano.es\/index.php?rest_route=\/wp\/v2\/pages\/2335","targetHints":{"allow":["GET"]}}],"collection":[{"href":"https:\/\/pedrocasiano.es\/index.php?rest_route=\/wp\/v2\/pages"}],"about":[{"href":"https:\/\/pedrocasiano.es\/index.php?rest_route=\/wp\/v2\/types\/page"}],"author":[{"embeddable":true,"href":"https:\/\/pedrocasiano.es\/index.php?rest_route=\/wp\/v2\/users\/1"}],"replies":[{"embeddable":true,"href":"https:\/\/pedrocasiano.es\/index.php?rest_route=%2Fwp%2Fv2%2Fcomments&post=2335"}],"version-history":[{"count":1,"href":"https:\/\/pedrocasiano.es\/index.php?rest_route=\/wp\/v2\/pages\/2335\/revisions"}],"predecessor-version":[{"id":2337,"href":"https:\/\/pedrocasiano.es\/index.php?rest_route=\/wp\/v2\/pages\/2335\/revisions\/2337"}],"wp:attachment":[{"href":"https:\/\/pedrocasiano.es\/index.php?rest_route=%2Fwp%2Fv2%2Fmedia&parent=2335"}],"curies":[{"name":"wp","href":"https:\/\/api.w.org\/{rel}","templated":true}]}}