{"id":2332,"date":"2024-02-20T09:53:12","date_gmt":"2024-02-20T09:53:12","guid":{"rendered":"https:\/\/pedrocasiano.es\/?page_id=2332"},"modified":"2024-02-20T09:53:12","modified_gmt":"2024-02-20T09:53:12","slug":"sobre-cordoba-sevilla-y-demas","status":"publish","type":"page","link":"https:\/\/pedrocasiano.es\/?page_id=2332","title":{"rendered":"Sobre C\u00f3rdoba, Sevilla y dem\u00e1s"},"content":{"rendered":"\n<div class=\"wp-block-media-text is-stacked-on-mobile is-vertically-aligned-top\" style=\"grid-template-columns:32% auto\"><figure class=\"wp-block-media-text__media\"><img decoding=\"async\" width=\"1024\" height=\"680\" data-src=\"https:\/\/pedrocasiano.es\/wp-content\/uploads\/2024\/02\/image-101.jpeg\" alt=\"No hay ninguna descripci\u00f3n de la foto disponible.\" class=\"wp-image-2333 size-full lazyload\" src=\"data:image\/svg+xml;base64,PHN2ZyB3aWR0aD0iMSIgaGVpZ2h0PSIxIiB4bWxucz0iaHR0cDovL3d3dy53My5vcmcvMjAwMC9zdmciPjwvc3ZnPg==\" style=\"--smush-placeholder-width: 1024px; --smush-placeholder-aspect-ratio: 1024\/680;\" \/><\/figure><div class=\"wp-block-media-text__content\">\n<p>Sobre C\u00f3rdoba, Sevilla y dem\u00e1s.<\/p>\n\n\n\n<p>Hace pocos d\u00edas, una amiga del portal, Rita, tan amante de C\u00f3rdoba como yo mismo, y un servidor, recibimos un post dirigido a <a><\/a>ambos, en los cuales, literalmente, se nos mandaba a la Mierda, que s\u00ed que quer\u00edamos ver algo bueno, Sevilla.<\/p>\n\n\n\n<p>En este mundo de las redes sociales casi nada te sorprende, menos a\u00fan los insultos sin motivo, pero este me hizo pensar, cosa que estar\u00eda lejos de la intenci\u00f3n del malhablado, y d\u00e1ndole vueltas a esta cabeza m\u00eda, empec\u00e9 a deducir cosas, quiz\u00e1s ciertas, quiz\u00e1s err\u00f3neas, no lo s\u00e9, el lector decide.<\/p>\n\n\n\n<p>La primera fue, a despecho de lo dicho, que cuando alabamos nuestra ciudad, motivo de buena hombr\u00eda, y derecho por dem\u00e1s, hay personas que sinti\u00e9ndose inferiores por tu alabanza, lejos de honrar su ciudad alab\u00e1ndola, denostan aquella que es enaltecida de cualquier forma.<\/p>\n\n\n\n<p>Eso se llama complejo de Inferioridad, no de la ciudad, del individuo, pues Sevilla, es una gran ciudad, pero para m\u00ed tiene un defecto, que no es C\u00f3rdoba, aunque en tiempos lo fuera. Que decir de su belleza, de sus monumentos, solo que no son los m\u00edos, que sevillanos para defender Sevilla hay m\u00e1s que cordobeses, y gritan m\u00e1s alto que nosotros.<\/p>\n\n\n\n<p>El problema, es que cuando los cordobeses, piensan muchos que inferiores a ellos, alzan su voz defendiendo y alabando C\u00f3rdoba, les estamos quitando protagonismo, como si la belleza tuviera \u201cnumerus clausus\u201d.<\/p>\n\n\n\n<p>Bien es cierto que no es de costumbre que voces como las nuestras, y en ellas incluyo a aquellos que no solo aman C\u00f3rdoba sino que se atreven a ensalzarla en cualquier medio, se oigan quiz\u00e1s un poco m\u00e1s alto, como si no tuvi\u00e9ramos derecho a ello. C\u00f3rdoba es una ciudad mediana, abocada a muchos de los males de una urbe olvidada y denostada por todos, donde la \u00fanica referencia es la de los noticiarios por el calor, que no solo abunda en los t\u00f3picos andaluces, sino que tiene a\u00fan m\u00e1s que cualquiera de las ciudades de nuestro alrededor.<\/p>\n\n\n\n<p>Estoy cansado no ya solo del desprecio, sino a\u00fan m\u00e1s cansado de la indiferencia hacia nosotros, malditos sean aquellos que nos tachan con las lacras de la incultura, del desaliento, de la pereza y del pu\u00f1etero t\u00f3pico andaluz en todas sus vertientes.<\/p>\n\n\n\n<p>Nosotros los olvidados hijos de C\u00f3rdoba, siempre pisoteados desde hace siglos, emigrantes forzosos a otras tierras extra\u00f1as y hostiles, donde el mendrugo hay que arrancarlo con los dientes si es necesario, \u00bfQu\u00e9 no tenemos derecho a gritar el nombre, las bellezas de nuestra amada tierra?, que se vaya el que piense eso con su madre, que se vende por poco dinero en cualquier manceb\u00eda.<\/p>\n\n\n\n<p>Ya hay m\u00e1s cordobeses por el mundo que en C\u00f3rdoba, y lo permitimos, s\u00fabditos de capitales de taifas modernas, olvidados en las reglas del imperio, y esclavos por Decreto Ley a continuar pidiendo como pobres en escalera de iglesia, lo que por derecho nos corresponde.<\/p>\n\n\n\n<p>Nacidos a la sombra de la Mezquita, casi \u201cna\u201d, hijos de la capital de un Imperio, dominadores del gran rio, y amos de una vega en otros tiempos la m\u00e1s feraz del mundo, ahora nos matamos entre nosotros como perros en jaula, mientras nos jalean de todos lados, porque mientras muerdes no piensas, que es lo que cualquiera de nuestros dominadores, nuestros amos, que son eso, desean.<\/p>\n\n\n\n<p>Nada tengo contra Sevilla, estudi\u00e9 en ella, ni contra M\u00e1laga donde viv\u00ed, admiro al resto de Andaluc\u00eda, a mis primos de Ja\u00e9n, a los altivos granadinos, a Huelva la perla olvidada, a Almer\u00eda, el que fue astillero m\u00e1s grande del mundo, y ese C\u00e1diz, punta de tierra que hace el amor a la mar con su belleza, pero lo siento, m\u00e1s amo a esta pu\u00f1etera tierra que se llama C\u00f3rdoba.<\/p>\n\n\n\n<p>A fuer de perro viejo, cosas aprendes, y una de ellas es, importante por dem\u00e1s, que nada se regala, todo se consigue con esfuerzo y doblegando voluntades, nadie nos va a regalar nada, somos el culo de Espa\u00f1a, donde hasta la cabeza apesta, y nos quedamos quietos viendo como nadie hace nada por nosotros, \u00bfesper\u00e1is otra cosa?, cosas prometidas que son minoradas, o dadas a otros lugares, limosnas de arrastrarnos como pedig\u00fce\u00f1os ante cualquiera que pueda dar algo, as\u00ed nos luce el pelo.<\/p>\n\n\n\n<p>\u00bfD\u00f3nde est\u00e1n los cordobeses que sub\u00edan el pan, y colgaban a los recaudadores de impuestos? \u00bfD\u00f3nde se esconden aquellos que casi revientan a los que quer\u00edan poseer en la noche de bodas a sus esposas? \u00bfD\u00f3nde aquellos cordobeses que con la espada ropera en la mano se enfrentaban al injusto corregidor, teniendo a sus mujeres detr\u00e1s, con los chiquillos y una daga en la mano?, mira que he buscado, y con pena te digo, que por mucho que pregunto, no los encuentro.<\/p>\n\n\n\n<p>Dedicado a Rita Espa\u00f1a, \u201cno ofende quien quiere, sino quien puede\u201d<\/p>\n<\/div><\/div>\n","protected":false},"excerpt":{"rendered":"<p>Sobre C\u00f3rdoba, Sevilla y dem\u00e1s. Hace pocos d\u00edas, una amiga del portal, Rita, tan amante de C\u00f3rdoba como yo mismo, y un servidor, recibimos un post dirigido a ambos, en los cuales, literalmente, se nos mandaba a la Mierda, que s\u00ed que quer\u00edamos ver algo bueno, Sevilla. En este mundo de las redes sociales casi &hellip; <\/p>\n<p class=\"link-more\"><a href=\"https:\/\/pedrocasiano.es\/?page_id=2332\" class=\"more-link\">Leer m\u00e1s<span class=\"screen-reader-text\"> \u00abSobre C\u00f3rdoba, Sevilla y dem\u00e1s\u00bb<\/span><\/a><\/p>\n","protected":false},"author":1,"featured_media":0,"parent":0,"menu_order":0,"comment_status":"closed","ping_status":"closed","template":"","meta":{"inspiro_hide_title":false,"footnotes":""},"class_list":["post-2332","page","type-page","status-publish","hentry"],"featured_media_urls":[],"_links":{"self":[{"href":"https:\/\/pedrocasiano.es\/index.php?rest_route=\/wp\/v2\/pages\/2332","targetHints":{"allow":["GET"]}}],"collection":[{"href":"https:\/\/pedrocasiano.es\/index.php?rest_route=\/wp\/v2\/pages"}],"about":[{"href":"https:\/\/pedrocasiano.es\/index.php?rest_route=\/wp\/v2\/types\/page"}],"author":[{"embeddable":true,"href":"https:\/\/pedrocasiano.es\/index.php?rest_route=\/wp\/v2\/users\/1"}],"replies":[{"embeddable":true,"href":"https:\/\/pedrocasiano.es\/index.php?rest_route=%2Fwp%2Fv2%2Fcomments&post=2332"}],"version-history":[{"count":1,"href":"https:\/\/pedrocasiano.es\/index.php?rest_route=\/wp\/v2\/pages\/2332\/revisions"}],"predecessor-version":[{"id":2334,"href":"https:\/\/pedrocasiano.es\/index.php?rest_route=\/wp\/v2\/pages\/2332\/revisions\/2334"}],"wp:attachment":[{"href":"https:\/\/pedrocasiano.es\/index.php?rest_route=%2Fwp%2Fv2%2Fmedia&parent=2332"}],"curies":[{"name":"wp","href":"https:\/\/api.w.org\/{rel}","templated":true}]}}