{"id":2329,"date":"2024-02-20T09:51:22","date_gmt":"2024-02-20T09:51:22","guid":{"rendered":"https:\/\/pedrocasiano.es\/?page_id=2329"},"modified":"2024-02-20T09:51:22","modified_gmt":"2024-02-20T09:51:22","slug":"hablando-de-cordoba-un-poco-mas-me-vais-a-dar-hostias-como-panes-lo-se","status":"publish","type":"page","link":"https:\/\/pedrocasiano.es\/?page_id=2329","title":{"rendered":"Hablando de C\u00f3rdoba un Poco m\u00e1s. Me vais a dar Hostias como Panes, lo s\u00e9."},"content":{"rendered":"\n<div class=\"wp-block-media-text is-stacked-on-mobile is-vertically-aligned-top\" style=\"grid-template-columns:32% auto\"><figure class=\"wp-block-media-text__media\"><img decoding=\"async\" width=\"1024\" height=\"680\" data-src=\"https:\/\/pedrocasiano.es\/wp-content\/uploads\/2024\/02\/image-100.jpeg\" alt=\"No hay ninguna descripci\u00f3n de la foto disponible.\" class=\"wp-image-2330 size-full lazyload\" src=\"data:image\/svg+xml;base64,PHN2ZyB3aWR0aD0iMSIgaGVpZ2h0PSIxIiB4bWxucz0iaHR0cDovL3d3dy53My5vcmcvMjAwMC9zdmciPjwvc3ZnPg==\" style=\"--smush-placeholder-width: 1024px; --smush-placeholder-aspect-ratio: 1024\/680;\" \/><\/figure><div class=\"wp-block-media-text__content\">\n<p>El otro d\u00eda publique un post en el que defend\u00eda a C\u00f3rdoba, en contestaci\u00f3n a la <a><\/a>ofensiva opini\u00f3n de un individuo sobre nuestra ciudad, pues bien, ha tenido una respuesta magnifica, cosa que realmente no esperaba, pues yo suelo escribir para m\u00ed mismo.<\/p>\n\n\n\n<p>Pero claro, yo no dejo pensar, lo que algunas veces cansa, y buscando en el fondo del cofre, encontr\u00e9 que descansaba una pregunta \u00bfC\u00f3mo es posible que reaccionen con tanta fuerza los cordobeses por una defensa, que a fin de cuentas, yo doy por supuesta?<\/p>\n\n\n\n<p>Y descubr\u00ed algo que me lleno de pena, \u00bfque una m\u00ednima respuesta de alguien desconocido como yo, desate tal c\u00famulo de sentimientos?, algo pasa, y creo que hall\u00e9 la respuesta, y es amigos m\u00edos, que casi nadie, nadie, la defiende, y sent\u00ed pena, mucha pena, porque yo en mi ignorancia, he llevado toda mi vida a honra, a orgullo, por todo el mundo la ense\u00f1a de mi ciudad, y he dado por supuesto que cualquiera har\u00eda lo mismo.<\/p>\n\n\n\n<p>Pero no es as\u00ed, los que contestaron, una gran cantidad de personas, lo m\u00e1s extra\u00f1o, muchos no eran cordobeses, lo hicieron como si algo visceral les saliera por los dedos al tocar las teclas, el grito de una ciudad que amas y que te la est\u00e1n matando.<\/p>\n\n\n\n<p>\u00bfA d\u00f3nde lleva lo que intento decir?, mil respuestas hay para tal pregunta, y ninguna que sea agradable de relatar aqu\u00ed, pues nos recordar\u00eda, lo que tendr\u00edamos que hacer, y ahora, no estamos haciendo.<\/p>\n\n\n\n<p>S\u00e9 que con lo que voy a escribir ahora me va a doler la cabeza y me van a dar hostias como panes, pero sea porque estoy loco, o cualquier otra raz\u00f3n, lo voy a decir alto y claro, despu\u00e9s que el infierno se deje caer sobre este pobre iluso.<\/p>\n\n\n\n<p>Cuando voy a votar, se me ponen los pelos como escarpias, pues s\u00e9 que vote a quien vote, me equivoco, sea de derechas o de izquierdas, s\u00e9 que poco va a hacer por C\u00f3rdoba, si es en las nacionales, ni de co\u00f1a, que es en las locales, olv\u00eddate.<\/p>\n\n\n\n<p>\u00bfPorque digo esto?, muy sencillo, a m\u00ed me preocupa lo que pasa en mi pa\u00eds, en Europa e incluso fuera de ella, pero m\u00e1s que importarme, me duele, lo que pasa en mi ciudad.<\/p>\n\n\n\n<p>Hasta ahora, que yo con mi escaso conocimiento sepa, todo el que ha gobernado esta ciudad, la ha utilizado como trampol\u00edn a mejores puestos, como fuente de ingresos propios, como reba\u00f1o de ovejas para conseguir votos, lugar para enchufar paniaguados, etc, etc, etc.<\/p>\n\n\n\n<p>Solo falta una condici\u00f3n, que es para la que en teor\u00eda iba mi voto, \u201cC\u00f3rdoba primero\u201d, y esa se perdi\u00f3, o quiz\u00e1s no ha existido nunca. Yo siempre he pensado que la grandeza comienza haciendo grande lo tuyo, que lo dem\u00e1s viene sin que te des cuenta, pero aqu\u00ed, por Dios que pena, que nadie se acuerda de C\u00f3rdoba para otra cosa que no sea llevarse algo y dejarla un poco m\u00e1s desnuda.<\/p>\n\n\n\n<p>Me da igual la derecha, la izquierda, sean extremas o edulcoradas, para m\u00ed, son solo eso, grupos de animales pol\u00edticos, que entrenados para la explotaci\u00f3n, el contubernio y la grandeza personal, olvidan todo para lograr m\u00e1s poder, sin importar como, para que sus ideas, que no son para lo que los vot\u00e9, se cumplan, a despecho de la realidad, y C\u00f3rdoba, mi C\u00f3rdoba, ve llorando como la esquilman, la olvidan, y en todo caso, como a los perros del rey, le echan un hueso falto de carne, y duro como un cuerno.<\/p>\n\n\n\n<p>Siento decir lo que viene a continuaci\u00f3n, pero lo pienso, todo lo de las organizaciones internacionales de ayuda, me gusta, lo veo maravilloso, gente comprometida con ideales globales, pero yo, que debo de ser un animal extra\u00f1o, quiz\u00e1s ego\u00edsta, quiz\u00e1s malvado, pienso que ni un euro sale de mi bolsillo mientras un convecino, un cordob\u00e9s pase hambre.<\/p>\n\n\n\n<p>No hablo de los vagos ni de los maleantes, hablo de aquellos que por razones prolijas de comentar, no tienen trabajo, viven olvidados de todos y son invisibles para los que tenemos mejor suerte. Porque no hay mayor tristeza que morirse de hambre y ser humilde, que si a m\u00ed me pasara, te aseguro que se enteran, \u00bfpero desahucios de honrados cordobeses, que no de sinverg\u00fcenzas?, barrios olvidados, remendados en tiempo de elecciones, y lo m\u00e1s triste, los ni\u00f1os cordobeses, olvidados sus referentes, con una educaci\u00f3n, llam\u00e9mosela sin alicientes, cuando aqu\u00ed el m\u00e1s tonto hace un reloj de palo y anda, \u00bfQu\u00e9 futuro nos espera en la aldea global?, quiz\u00e1s la del tonto del pueblo, pues tal como va, no creo que podamos aspirar a mucho m\u00e1s.<\/p>\n\n\n\n<p>\u00bfO quiz\u00e1s creemos que el partido de turno se va a partir los cuernos por C\u00f3rdoba?, ser\u00eda el primero, y me gustar\u00eda verlo, pero que yo sepa no ha existido nunca, ni creo que lo vea, y con pesimismo pienso que ni mis nietos lo conocer\u00e1n tampoco.<\/p>\n\n\n\n<p>Pero lo m\u00e1s triste es que no nos damos cuenta de que el poder est\u00e1 en nuestras manos, si, en nuestras manos, el voto es la herramienta m\u00e1s poderosa que tenemos, pero nos echamos a pelear entre nosotros vestidos de los colores de partidos poderosos con intereses que a la postre se olvidan de que los vot\u00f3 una se\u00f1ora de Ca\u00f1ero.<\/p>\n\n\n\n<p>Porque solo es necesario darse una vuelta por los comedores sociales, por las colas de entrega de alimentos, olvid\u00e1ndonos de que no es agradable y separando a aquellos que se aprovechan de los mismos, que ni son cordobeses, ni espa\u00f1oles, y lo que es peor, muchos no lo necesitan.<\/p>\n\n\n\n<p>Es ego\u00edsta, por supuesto, perd\u00f3nenme, pero para m\u00ed un cordob\u00e9s es m\u00e1s importante que los que no lo son, ser\u00e1 que soy un bicho raro, pero lo que pasa en Siria me sabe mal, pero lo que pasa a mi gente, me duele, soy as\u00ed, especialmente ego\u00edsta y malo.<\/p>\n\n\n\n<p>Porque, y perd\u00f3nenme, cuando me hablan de solidaridad con los refugiados, con los que huyen de sus pa\u00edses, normalmente por mejorar, y yo har\u00eda lo mismo posiblemente, solo tengo que darme una vuelta por los humildes barrios de gente trabajadora sin trabajo, acordarme de las familias que mantienen la m\u00edsera pensi\u00f3n de los abuelos, de los contratos basura, del dilapidar de los que m\u00e1s tienen, y la angustia de los cordobeses padres de familia que no llegan a dar bien de comer a sus hijos, y pienso, \u00bfayudarlos no es tambi\u00e9n solidaridad?<\/p>\n\n\n\n<p>Porque cuando oigo hablar a los pseudocristianos, a los pseudomodernos, a los pseudosolidarios, de que donan a tal ONG, de rimbombante nombre, a los refugiados de moda, pienso que lo primero que ten\u00edan que hacer es llevarlo en secreto, y lo segundo una pregunta, \u00bfno es moderno ni queda bien ayudar a los de un barrio de C\u00f3rdoba, tu pu\u00f1etera ciudad, payaso?<\/p>\n\n\n\n<p>Pero yo no hablo de limosnas ni de subsidios, que para eso tambi\u00e9n hay que tener padrino, y afloja el car\u00e1cter, hablo de que lo que genere C\u00f3rdoba se quede aqu\u00ed, de que seamos capaces de que el valor a\u00f1adido de la comercializaci\u00f3n sea Cordobesa, de que nuestras grandes fortunas, que las hay, arriesguen por su ciudad, y de que los de a pie, seamos tambi\u00e9n m\u00e1s trabajadores, m\u00e1s serios, y m\u00e1s consecuentes, de que las autoridades locales regulen pero no asfixien, que nadie regala nada, pero por lo menos que nos den la oportunidad.<\/p>\n\n\n\n<p>Y de que C\u00f3rdoba luzca realmente como lo que fue, una bella y magn\u00edfica perla y que su brillo ilumine el sur de Europa.<\/p>\n\n\n\n<p>(Si quer\u00e9is continuar\u00e1, sino lo eliminar\u00e9, y se acab\u00f3, pues no quiero que nadie se ofenda con lo que escribo, que lo escrito es porque C\u00f3rdoba me duele, de lo acertado o no, lo siento, es lo que pienso)<\/p>\n<\/div><\/div>\n","protected":false},"excerpt":{"rendered":"<p>El otro d\u00eda publique un post en el que defend\u00eda a C\u00f3rdoba, en contestaci\u00f3n a la ofensiva opini\u00f3n de un individuo sobre nuestra ciudad, pues bien, ha tenido una respuesta magnifica, cosa que realmente no esperaba, pues yo suelo escribir para m\u00ed mismo. Pero claro, yo no dejo pensar, lo que algunas veces cansa, y &hellip; <\/p>\n<p class=\"link-more\"><a href=\"https:\/\/pedrocasiano.es\/?page_id=2329\" class=\"more-link\">Leer m\u00e1s<span class=\"screen-reader-text\"> \u00abHablando de C\u00f3rdoba un Poco m\u00e1s. Me vais a dar Hostias como Panes, lo s\u00e9.\u00bb<\/span><\/a><\/p>\n","protected":false},"author":1,"featured_media":0,"parent":0,"menu_order":0,"comment_status":"closed","ping_status":"closed","template":"","meta":{"inspiro_hide_title":false,"footnotes":""},"class_list":["post-2329","page","type-page","status-publish","hentry"],"featured_media_urls":[],"_links":{"self":[{"href":"https:\/\/pedrocasiano.es\/index.php?rest_route=\/wp\/v2\/pages\/2329","targetHints":{"allow":["GET"]}}],"collection":[{"href":"https:\/\/pedrocasiano.es\/index.php?rest_route=\/wp\/v2\/pages"}],"about":[{"href":"https:\/\/pedrocasiano.es\/index.php?rest_route=\/wp\/v2\/types\/page"}],"author":[{"embeddable":true,"href":"https:\/\/pedrocasiano.es\/index.php?rest_route=\/wp\/v2\/users\/1"}],"replies":[{"embeddable":true,"href":"https:\/\/pedrocasiano.es\/index.php?rest_route=%2Fwp%2Fv2%2Fcomments&post=2329"}],"version-history":[{"count":1,"href":"https:\/\/pedrocasiano.es\/index.php?rest_route=\/wp\/v2\/pages\/2329\/revisions"}],"predecessor-version":[{"id":2331,"href":"https:\/\/pedrocasiano.es\/index.php?rest_route=\/wp\/v2\/pages\/2329\/revisions\/2331"}],"wp:attachment":[{"href":"https:\/\/pedrocasiano.es\/index.php?rest_route=%2Fwp%2Fv2%2Fmedia&parent=2329"}],"curies":[{"name":"wp","href":"https:\/\/api.w.org\/{rel}","templated":true}]}}