{"id":2326,"date":"2024-02-20T09:49:08","date_gmt":"2024-02-20T09:49:08","guid":{"rendered":"https:\/\/pedrocasiano.es\/?page_id=2326"},"modified":"2024-02-20T09:49:09","modified_gmt":"2024-02-20T09:49:09","slug":"piedras-viejas-de-cordoba","status":"publish","type":"page","link":"https:\/\/pedrocasiano.es\/?page_id=2326","title":{"rendered":"Piedras Viejas de C\u00f3rdoba"},"content":{"rendered":"\n<div class=\"wp-block-media-text is-stacked-on-mobile is-vertically-aligned-top\" style=\"grid-template-columns:35% auto\"><figure class=\"wp-block-media-text__media\"><img decoding=\"async\" width=\"1024\" height=\"680\" data-src=\"https:\/\/pedrocasiano.es\/wp-content\/uploads\/2024\/02\/image-99.jpeg\" alt=\"No hay ninguna descripci\u00f3n de la foto disponible.\" class=\"wp-image-2327 size-full lazyload\" src=\"data:image\/svg+xml;base64,PHN2ZyB3aWR0aD0iMSIgaGVpZ2h0PSIxIiB4bWxucz0iaHR0cDovL3d3dy53My5vcmcvMjAwMC9zdmciPjwvc3ZnPg==\" style=\"--smush-placeholder-width: 1024px; --smush-placeholder-aspect-ratio: 1024\/680;\" \/><\/figure><div class=\"wp-block-media-text__content\">\n<p>Mi amiga Rita, que parece una pitonisa griega de las del Or\u00e1culo de Delfos, adivin\u00f3 que lo siguiente ser\u00eda decir algo sobre nuestras <a><\/a>joyas arquitect\u00f3nicas, que ahora y debido a su estado actual, solo son, como decimos \u201cPiedras Viejas\u201d.<\/p>\n\n\n\n<p>Ella, como yo, ha viajado por esos mundos de Dios, y creo que vi\u00e9ndolo te das cuenta inmediatamente de todo lo que voy a intentaros explicar.<\/p>\n\n\n\n<p>Podemos admirar viajando el skyline de New York, el night sobre el River Pearl en Guandong, o el Hong Kong Harbour, el teatro de la Opera de S\u00eddney, o el Guggenheim, por irnos m\u00e1s cerca, y que eso no es que sea f\u00e1cil de conseguir, pero con dinero a mantas es posible, sin embargo todos tienen una cosa en com\u00fan y una carencia, son modernos, pero no tienen historia. Sin embargo se venden como las golosinas, porque hay que comprender que en esta vida todo es un negocio, lo disfraces como lo disfraces.<\/p>\n\n\n\n<p>\u00bfPor qu\u00e9 digo esto?, sencillamente porque el que no administra lo que Dios le da, que le pase lo que el diablo quiera, y eso nos pasa a nosotros, tenemos un tesoro, tirado por cualquier sitio, como si fuera algo balad\u00ed, que est\u00e1 all\u00ed, porque cay\u00f3 del cielo o subi\u00f3 del infierno.<\/p>\n\n\n\n<p>Piedras viejas las llamamos, y as\u00ed nos luce; la frase \u201cen C\u00f3rdoba no se puede construir, a un palmo, todo lleno de piedras viejas\u201d, pues vaya problema, vaya frenazo a la civilizaci\u00f3n occidental el que debajo de nosotros, a nuestro alrededor, todo este lleno todo de historia, pero es que a eso se une otro problema m\u00e1s, que no todas son de los mismos imperios, \u00a1es que todo lo que nos vienen son problemas!, que metan una pala mec\u00e1nica y arrasen con todo, que adem\u00e1s no ser\u00eda la primera vez, porque impiden el desarrollo urban\u00edstico de una ciudad que lo necesita.<\/p>\n\n\n\n<p>T\u00f3cate los cojones, la misma visi\u00f3n que un topo en un cenagal, yo sin embargo creo que el pasado puede jugar una baza importante en nuestro futuro, \u00bfPor qu\u00e9?, porque por desgracia C\u00f3rdoba languidece sobre un tesoro que dilapidamos d\u00eda a d\u00eda.<\/p>\n\n\n\n<p>Tenemos monumentos de diversas \u00e9pocas, Patricia Romana, Capital Califal, y gran Ciudad Cristiana, solo por citar las m\u00e1s importantes, que de otras ya hablaremos, que son m\u00e1s.<\/p>\n\n\n\n<p>Eso s\u00ed, todo catalogado, y usando una perspectiva acad\u00e9mica, que aunque dure mil a\u00f1os, hay que seguir a rajatabla, el hecho de que haya demasiadas y que no se puedan catalogar y se destruyan o aparezcan en Francia, o en cualquier museo de los hijos de la Gran Breta\u00f1a, no tiene la mayor importancia. Poco pero bueno, como si se pudieran multiplicar y reproducir como los conejos.<\/p>\n\n\n\n<p>Adem\u00e1s es importante que solo vengan turistas con imaginaci\u00f3n y un alto poder cultural, que fij\u00e1ndose en las ruinas, si ruinas, de Medina Azahara deduzcan con un portentoso salto de su m\u00e1s loca imaginaci\u00f3n lo que fue una maravilla de la humanidad. Los dem\u00e1s que no aparezcan, que no hacen falta, nosotros los cordobeses pobres, pero dignos, que no se olvide.<\/p>\n\n\n\n<p>Y por fortuna, todo en manos de gur\u00fas de la arqueolog\u00eda, de dilectos profesores, m\u00e1ximos ponentes de lo nuestro, y por supuesto dictadores que s\u00ed que saben la realidad del futuro de nuestro patrimonio. Que suerte tenemos que haya gente que nos diga exactamente lo que hay que hacer.<\/p>\n\n\n\n<p>Es decir, llevamos a unos turistas a un museo moderno, en una \u00e1rida llanura, m\u00e1s vac\u00edo que la tripa de un parado, autob\u00fas programado y miramos con ojos de inteligencia sublime lo que bas\u00e1ndose en las piedras all\u00ed tiradas, eso si s\u00faper catalogadas, fue la magnificencia de la Ciudad Brillante.<\/p>\n\n\n\n<p>Pues yo no llego, perdonadme, yo para ver Medina Azahara, me voy a Granada a su Alhambra, que aunque est\u00e1 mal restaurada y reparada, luce magnifica, y as\u00ed nos luce a nosotros.<\/p>\n\n\n\n<p>Noches en Medina Azahara, bello nombre, noble iniciativa, pero si lo miras fr\u00edamente es el esfuerzo de enaltecer ruinas, porque bello, lo que se dice bello, lo que imaginas, porque lo que ves bien triste es.<\/p>\n\n\n\n<p>Yo quiero ver, VER, algo restaurado, con otros materiales, cambiales el color, haz lo que quieras, pero una parte, que ya tienes m\u00e1s que catalogada, hazte a ti mismo el favor de verla como era, porque datos hay, y si te equivocas, se rehace que no pasa nada, verg\u00fcenza y escarnio, esa maravilla pelada en los huesos.<\/p>\n\n\n\n<p>\u201cEsto era as\u00ed, y ocupaba tanto, era de tales materiales\u201d, no lo digas, que lo vean, que disfruten de lo que podemos darles, que con orgullo, aunque hist\u00f3ricamente inadecuado, podamos decir as\u00ed era Medina Azahara, mira qu\u00e9 maravilla.<\/p>\n\n\n\n<p>Y si nos vamos a La Mezquita, a las puertas de la ampliaci\u00f3n de Al Mansur, es de verg\u00fcenza absoluta, porque hay solo una restaurada, que luce como la maravilla que es, me tiene enamorado, el resto\u2026 aguantan porque se hicieron con esmero. Quiz\u00e1s le falte rigor hist\u00f3rico, quiz\u00e1s haya falta de algo o exceso de lo siguiente, pero yo la veo, y en ese momento, justamente en ese momento, me doy cuenta de lo maravillosa que era mi ciudad en aquellos tiempos, de c\u00f3mo deber\u00eda de lucir la C\u00f3rdoba Califal, y un repel\u00fas me pone el vello de punta, me sube el orgullo, y parezco hasta m\u00e1s grande.<\/p>\n\n\n\n<p>\u00bfOs imagin\u00e1is las columnas del Ayuntamiento porticadas, con el frontispicio cargado de figuras de dioses, poder caminar sobre el m\u00e1rmol, entre figuras marm\u00f3reas de dioses romanos?, \u00bfla sensaci\u00f3n del sonido de las propias pisadas en ese magn\u00edfico monumento?, seria incre\u00edble, yo pagar\u00eda por verlo, y el turista, que no se fijar\u00eda si la estatua que est\u00e1 a su lado es de Dionisos, o de Trajano.<\/p>\n\n\n\n<p>\u00bfCostoso?, por supuesto, un ojo de la cara y el cristalino del otro, pero nosotros sigamos poni\u00e9ndole arquitectura modernista al Molino de Martos, o convirtamos el Paseo del decimon\u00f3nico Puente Romano en una obra de vanguardia, que mientras, se caigan las murallas almor\u00e1vides, que no parecen ni eso, que las estrechas calles de encanto cordob\u00e9s, caigan en la desidia, y los palacios y casas nobles se vean apuntaladas por grandes maderas para evitar que se caigan, que la Iglesia de San Nicol\u00e1s de la Axerquia, fernandina por no abundar m\u00e1s, quede en algo que apenas nadie conoce, por supuesto Regina y sus imperiales callejas y palacios al carajo, aguantemos tiempo, que los palacios e Iglesias se caigan por dentro, que se salven las portadas, y dentro construyamos pisos modernos.<\/p>\n\n\n\n<p>Somos tan ilusos que creemos que unos edificios, magn\u00edficos por cierto, son los que marcan la diferencia, no se\u00f1ores, no, lo que marca la diferencia en el turismo cultural, es el ambiente, el aire que se respira, el esp\u00edritu de tiempos pasados, el no parar, el que todos los que vinieran cayeran enfermos del s\u00edndrome de Stendhal, \u00bfQu\u00e9 es eso?, hagamos uso de la Wiki, para no equivocarnos.<\/p>\n\n\n\n<p>\u201cEl s\u00edndrome de Stendhal (tambi\u00e9n denominado s\u00edndrome de Florencia o estr\u00e9s del viajero) es una enfermedad psicosom\u00e1tica que causa un elevado ritmo card\u00edaco, v\u00e9rtigo, confusi\u00f3n, temblor, palpitaciones, depresiones e incluso alucinaciones cuando el individuo es expuesto a obras de arte, especialmente cuando estas son particularmente bellas o est\u00e1n expuestas en gran n\u00famero en un mismo lugar\u201d.<\/p>\n\n\n\n<p>Pues eso, y aqu\u00ed no lo hay, es un salto de un magn\u00edfico edificio a otro, entre medias una ciudad que ruge, y un ambiente cosmopolita, que no tiene nada de malo, al contrario, bien enfocado, puede ser hasta un incentivo m\u00e1s. Y no olvidemos la provincia, que es tan C\u00f3rdoba como su capital, esa Villanueva de C\u00f3rdoba, se\u00f1orial y con m\u00e1s monumentos que habitantes casi, esa Baena llena de historia desde los celtas, Montilla, \u00bfqu\u00e9 puedo decir de ella que no me quede corto?, y as\u00ed hasta aburrir, porque, con la suerte que tenemos y aqu\u00ed estamos, sin nada que decir, cuando si simplemente la voce\u00e1ramos a los cuatro vientos, si la conociera todo el orbe, al decir que eres cordob\u00e9s, la respuesta tendr\u00eda que ser \u201cque suerte tienes\u201d.<\/p>\n\n\n\n<p>Es solo mi opini\u00f3n, sea acertada o no, es lo que pienso. Nada m\u00e1s.<\/p>\n<\/div><\/div>\n","protected":false},"excerpt":{"rendered":"<p>Mi amiga Rita, que parece una pitonisa griega de las del Or\u00e1culo de Delfos, adivin\u00f3 que lo siguiente ser\u00eda decir algo sobre nuestras joyas arquitect\u00f3nicas, que ahora y debido a su estado actual, solo son, como decimos \u201cPiedras Viejas\u201d. Ella, como yo, ha viajado por esos mundos de Dios, y creo que vi\u00e9ndolo te das &hellip; <\/p>\n<p class=\"link-more\"><a href=\"https:\/\/pedrocasiano.es\/?page_id=2326\" class=\"more-link\">Leer m\u00e1s<span class=\"screen-reader-text\"> \u00abPiedras Viejas de C\u00f3rdoba\u00bb<\/span><\/a><\/p>\n","protected":false},"author":1,"featured_media":0,"parent":0,"menu_order":0,"comment_status":"closed","ping_status":"closed","template":"","meta":{"inspiro_hide_title":false,"footnotes":""},"class_list":["post-2326","page","type-page","status-publish","hentry"],"featured_media_urls":[],"_links":{"self":[{"href":"https:\/\/pedrocasiano.es\/index.php?rest_route=\/wp\/v2\/pages\/2326","targetHints":{"allow":["GET"]}}],"collection":[{"href":"https:\/\/pedrocasiano.es\/index.php?rest_route=\/wp\/v2\/pages"}],"about":[{"href":"https:\/\/pedrocasiano.es\/index.php?rest_route=\/wp\/v2\/types\/page"}],"author":[{"embeddable":true,"href":"https:\/\/pedrocasiano.es\/index.php?rest_route=\/wp\/v2\/users\/1"}],"replies":[{"embeddable":true,"href":"https:\/\/pedrocasiano.es\/index.php?rest_route=%2Fwp%2Fv2%2Fcomments&post=2326"}],"version-history":[{"count":1,"href":"https:\/\/pedrocasiano.es\/index.php?rest_route=\/wp\/v2\/pages\/2326\/revisions"}],"predecessor-version":[{"id":2328,"href":"https:\/\/pedrocasiano.es\/index.php?rest_route=\/wp\/v2\/pages\/2326\/revisions\/2328"}],"wp:attachment":[{"href":"https:\/\/pedrocasiano.es\/index.php?rest_route=%2Fwp%2Fv2%2Fmedia&parent=2326"}],"curies":[{"name":"wp","href":"https:\/\/api.w.org\/{rel}","templated":true}]}}