{"id":2323,"date":"2024-02-20T09:47:36","date_gmt":"2024-02-20T09:47:36","guid":{"rendered":"https:\/\/pedrocasiano.es\/?page_id=2323"},"modified":"2024-02-20T09:47:36","modified_gmt":"2024-02-20T09:47:36","slug":"los-tumores-malignos-de-cordoba","status":"publish","type":"page","link":"https:\/\/pedrocasiano.es\/?page_id=2323","title":{"rendered":"Los Tumores Malignos de C\u00f3rdoba"},"content":{"rendered":"\n<div class=\"wp-block-media-text is-stacked-on-mobile is-vertically-aligned-top\" style=\"grid-template-columns:35% auto\"><figure class=\"wp-block-media-text__media\"><img decoding=\"async\" width=\"1024\" height=\"680\" data-src=\"https:\/\/pedrocasiano.es\/wp-content\/uploads\/2024\/02\/image-98.jpeg\" alt=\"No hay ninguna descripci\u00f3n de la foto disponible.\" class=\"wp-image-2324 size-full lazyload\" src=\"data:image\/svg+xml;base64,PHN2ZyB3aWR0aD0iMSIgaGVpZ2h0PSIxIiB4bWxucz0iaHR0cDovL3d3dy53My5vcmcvMjAwMC9zdmciPjwvc3ZnPg==\" style=\"--smush-placeholder-width: 1024px; --smush-placeholder-aspect-ratio: 1024\/680;\" \/><\/figure><div class=\"wp-block-media-text__content\">\n<p>\u00bfQu\u00e9 puedo decir de nuevo?, \u00bfahondar en nuestro car\u00e1cter?, quiz\u00e1s, porque somos algo especial, y no lo digo en el buen sentido de <a><\/a>la palabra, sino en el de que lo es por simplemente serlo.<\/p>\n\n\n\n<p>Especiales, porque juntas a dos cordobeses en el velador de una terraza y ya tienes dos corrientes de pensamiento enfrentadas, diametralmente opuestas, y b\u00e1sicamente fundamentadas, \u00bfC\u00f3mo es posible eso?, muy f\u00e1cil, somos hijos, la mayor\u00eda, del destierro en nuestra propia tierra, aventureros de nuestra ciudad, y conocedores en propia carne, de la prepotencia y del escarnio, y simplemente nos enfrentamos, porque ha sido siempre la forma de defenderse de aquellos a los que la vida no le ha regalado nada.<\/p>\n\n\n\n<p>Una tierra donde, \u201ct\u00fa eres de los Gonz\u00e1lez\u2026. De tal\u201d, donde las diferencias sociales son abismales, donde solo se bautiza el que tiene padrino, hacen que una mayor\u00eda, cada vez menos, lo haya sufrido, y se haya rebelado, \u00bfC\u00f3mo?, como ha podido, pero desde luego no ablandando el car\u00e1cter.<\/p>\n\n\n\n<p>Esto mismo, y algunas consideraciones m\u00e1s, es la que nos lleva a ser agresivos, de una forma o de otra; claramente esta actitud en un concepto social evita que se produzcan grupos reales de presi\u00f3n, que es la \u00fanica forma de obtener poder, y convertirlo a fin de cuentas en un nuevo reino de Taifas, (m\u00e1s o menos en \u00e1rabe, es pelea a navajazos), donde la mas m\u00ednima diferencia crea abismos insondables de separaci\u00f3n, porque aqu\u00ed las diferencias se eternizan, que una afrenta no se perdona, tenemos la memoria de los elefantes para el agravio recibido, y la de un pez para los que hacemos a los dem\u00e1s.<\/p>\n\n\n\n<p>Principios como la solidaridad, la uni\u00f3n, el sacrificio colectivo, destacar lo que nos une antes de lo que nos separa, no son de uso com\u00fan en nuestras tierras, as\u00ed nos va.<\/p>\n\n\n\n<p>Esclavos de la capital de un reino de Taifas, olvidados de Despe\u00f1aperros hacia arriba, esperamos que alguien venga a sacarnos las casta\u00f1as del fuego, va a ser que no, que cada perrito se lama su\u2026,<\/p>\n\n\n\n<p>Rajamos de todo, que para sacarle punta a las cosas somos \u00fanicos, destruimos lo m\u00e1s s\u00f3lido, y sentados en la tranquilidad de un velador, damos m\u00e1gicas soluciones mientras gozamos del fresquito de la noche.<\/p>\n\n\n\n<p>Nos sacamos los ojos por nuestras ideas pol\u00edticas, tan generales como extra\u00f1as a nosotros, por ver a un tuerto somos capaces de sacarnos un ojo, y el cotilleo y la envidia son caldos que aderezan la comida de muchos.<\/p>\n\n\n\n<p>Lo m\u00e1s gracioso, es que si en la corte somos un cero a la izquierda, en la Junta, esclavos de tercera, cuando nos dan la oportunidad de que expresemos lo que queremos, los telepredicadores, los populistas que solo salen a la calle para eso, y los vendedores de m\u00e1gicos elixires, nos los roban, embotellados en recipientes de bellas formas, pero llenos de mentiras, y de decirte lo que te gustar\u00eda o\u00edr, y el que se escape de eso\u2026 no creo que haya ninguno.<\/p>\n\n\n\n<p>Y somos tan incapaces, tan lerdos, que pudiendo salvar a nuestra madre, veamos como agoniza desde siglos atr\u00e1s, y teniendo quiz\u00e1s la primera vez en tanto tiempo, la oportunidad de aliviarla, que no digo curarla, que eso llevar\u00eda mucho tiempo y esfuerzo, nos dejamos enga\u00f1ar a por los oportunistas de cada cuatro a\u00f1os, o menos algunas veces, que hacen c\u00e1lculos de matem\u00e1ticas de alto nivel para gobernar siendo en muchos casos los menos votados.<\/p>\n\n\n\n<p>Lo peor, sale el malo y entra el terrible, y por supuesto lo que ha hecho el que se marcha, es obra del diablo, destruy\u00e1moslo, y la gente que lo ha elaborado, aunque se la m\u00e1s v\u00e1lida, a la calle, al paro, a la mier\u2026, y lejos; arrasar y construir de nuevo cuando ni ladrillos hay, gastemos m\u00e1s de lo que tenemos que el siguiente se lo coma, por si salen otros.<\/p>\n\n\n\n<p>Muchos actos, caros por supuesto, pero para salir en noticias fuera del \u00e1mbito de C\u00f3rdoba, \u00bfQui\u00e9n los paga, cuando adem\u00e1s no tienen sentido ninguno?, los desgraciados hijos de la sultana, los cordobeses, esos mismos ilusos que los han votado, pero aun conscientes de ello, preg\u00fantales y te dir\u00e1n que es lo que quer\u00edan, aunque por dentro, en soledad, piensen \u201cmadre m\u00eda que poco conocimiento tienen\u201d, salvo aquellos a los que la palabra fan\u00e1tico se les queda corta, los que desean que todo se arrase, que se destruya, porque a ellos no les va bien, o no es lo que les gustar\u00eda, los contrarios a todo y a todos, los ultra del caos, que en todos los sitios hay, esos miedo me dan, y aqu\u00ed, hay, y muchos.<\/p>\n\n\n\n<p>A\u00f1adamos a eso los creyentes en la utop\u00eda, al final solo una, no hacer nada que no sea lo que le venga en gana, eso s\u00ed, subvencionados por los gobernantes.<\/p>\n\n\n\n<p>Porque no olvidemos, que aunque peque\u00f1a, la nuestra de Capitulares es una corte, en la cual hay artistas que no valen nada, pensadores vacuos, pero son palmeros del de turno, los de favores dados, con la victoria devueltos, las amistades peligrosas, y bufones como si los regalaran.<\/p>\n\n\n\n<p>Todos ellos de cabeza bien alta y pecho hacia fuera, aun sin haber hecho nada, consider\u00e1ndose victoriosos en una batalla que a\u00fan no ha empezado, la real la de enfrentarse a una buena gesti\u00f3n del poder otorgado.<\/p>\n\n\n\n<p>No, no va la cosa por ah\u00ed, muy al contrario, actos p\u00fablicos sin decoro, extra\u00f1as ideas pseudo modernas que parecen sacadas de una mente calenturienta, y casi todas sin usar el sexto sentido, el que m\u00e1s falta, el sentido com\u00fan.<\/p>\n\n\n\n<p>Porque si, yo cre\u00eda que solo hay una norma que seguir, seas del partido que seas, la del sentido com\u00fan, y comerte una buena idea aunque la haya planteado o realizado el contrario. Ni a so\u00f1ar que te eches, eso huele a los otros, fuera.<\/p>\n\n\n\n<p>Pero claro, el mayor problema, radica en el sitio al que miras, cuando los que nos gobiernan miran como halcones, no a su ciudad, su deber, sino a m\u00e1s altos puestos, porque por desgracia todos se creen destinados a ser prohombres o promujeres, aunque tengan el curr\u00edculo de una petaca de cemento, y el conocimiento atocinado, pero eso s\u00ed, h\u00e1biles en la manipulaci\u00f3n, el enga\u00f1o y la hipocres\u00eda.<\/p>\n\n\n\n<p>\u201cVamos a salvar C\u00f3rdoba\u201d, si de verdad lo quisieran, con renunciar basta, porque yo no quiero pol\u00edticos mentirosos, populistas, vagos hasta la saciedad, ladrones de todo, y hacedores de monstruosidades a su gloria, yo quiero gente eficiente, inteligente, no corderos, sino trabajadores que si miren por C\u00f3rdoba, no los quiero que abran la boca sino es para proponer lo mejor, y no cantar con el encanto de las sirenas y nos sometan, quiero gente callada y trabajadora, que sepa lo que hace, que sea responsable, y la premisa m\u00e1s importante, la ineludible, la definidora, que amen a C\u00f3rdoba como si fuera su madre.<\/p>\n\n\n\n<p>Estos son ideas generales, dignas de la peor conversaci\u00f3n en un bareto, porque soluciones no aporto casi ninguna, vacua referencia la que aqu\u00ed hago, bueno quiz\u00e1s diga algo, pensemos\u2026<\/p>\n\n\n\n<p>\u201cDesecha lo que nos separa, agranda lo que nos une, y a despecho de todos avancemos hacia un futuro mejor, convecino, conciudadano, cordob\u00e9s, cordobesa, al fin de al cabo, que nos duele lo mismo\u201d<\/p>\n\n\n\n<p>Espera, espera que estoy que me salgo, se me ha ocurrido otra, como estoy hoy.<\/p>\n\n\n\n<p>\u201cUn\u00e1monos, lejos de partidismos, hagamos lo mejor, no para nosotros, sino para nuestra amada C\u00f3rdoba, sino es por nosotros, por nuestros hijos\u201d, a partir de ah\u00ed, sacrificio, esfuerzo, sangre, sudor y l\u00e1grimas como dir\u00eda Churchill, pero all\u00ed en la lejan\u00eda nos espera un futuro brillante, como nuestra ciudad.<\/p>\n\n\n\n<p>Solo me resta una pregunta \u00bftendremos cojones de hacerlo?<\/p>\n\n\n\n<p>Ah\u00ed queda.<\/p>\n\n\n\n<p>Es solo mi opini\u00f3n, sea acertada o no, es lo que pienso. Nada m\u00e1s.<\/p>\n<\/div><\/div>\n","protected":false},"excerpt":{"rendered":"<p>\u00bfQu\u00e9 puedo decir de nuevo?, \u00bfahondar en nuestro car\u00e1cter?, quiz\u00e1s, porque somos algo especial, y no lo digo en el buen sentido de la palabra, sino en el de que lo es por simplemente serlo. Especiales, porque juntas a dos cordobeses en el velador de una terraza y ya tienes dos corrientes de pensamiento enfrentadas, &hellip; <\/p>\n<p class=\"link-more\"><a href=\"https:\/\/pedrocasiano.es\/?page_id=2323\" class=\"more-link\">Leer m\u00e1s<span class=\"screen-reader-text\"> \u00abLos Tumores Malignos de C\u00f3rdoba\u00bb<\/span><\/a><\/p>\n","protected":false},"author":1,"featured_media":0,"parent":0,"menu_order":0,"comment_status":"closed","ping_status":"closed","template":"","meta":{"inspiro_hide_title":false,"footnotes":""},"class_list":["post-2323","page","type-page","status-publish","hentry"],"featured_media_urls":[],"_links":{"self":[{"href":"https:\/\/pedrocasiano.es\/index.php?rest_route=\/wp\/v2\/pages\/2323","targetHints":{"allow":["GET"]}}],"collection":[{"href":"https:\/\/pedrocasiano.es\/index.php?rest_route=\/wp\/v2\/pages"}],"about":[{"href":"https:\/\/pedrocasiano.es\/index.php?rest_route=\/wp\/v2\/types\/page"}],"author":[{"embeddable":true,"href":"https:\/\/pedrocasiano.es\/index.php?rest_route=\/wp\/v2\/users\/1"}],"replies":[{"embeddable":true,"href":"https:\/\/pedrocasiano.es\/index.php?rest_route=%2Fwp%2Fv2%2Fcomments&post=2323"}],"version-history":[{"count":1,"href":"https:\/\/pedrocasiano.es\/index.php?rest_route=\/wp\/v2\/pages\/2323\/revisions"}],"predecessor-version":[{"id":2325,"href":"https:\/\/pedrocasiano.es\/index.php?rest_route=\/wp\/v2\/pages\/2323\/revisions\/2325"}],"wp:attachment":[{"href":"https:\/\/pedrocasiano.es\/index.php?rest_route=%2Fwp%2Fv2%2Fmedia&parent=2323"}],"curies":[{"name":"wp","href":"https:\/\/api.w.org\/{rel}","templated":true}]}}