{"id":2320,"date":"2024-02-20T09:45:33","date_gmt":"2024-02-20T09:45:33","guid":{"rendered":"https:\/\/pedrocasiano.es\/?page_id=2320"},"modified":"2024-02-20T09:45:33","modified_gmt":"2024-02-20T09:45:33","slug":"esta-cordoba-defiendo-porque-otra-no-querria","status":"publish","type":"page","link":"https:\/\/pedrocasiano.es\/?page_id=2320","title":{"rendered":"Esta C\u00f3rdoba Defiendo, porque Otra no Querr\u00eda"},"content":{"rendered":"\n<div class=\"wp-block-media-text is-stacked-on-mobile is-vertically-aligned-top\" style=\"grid-template-columns:30% auto\"><figure class=\"wp-block-media-text__media\"><img decoding=\"async\" width=\"1024\" height=\"680\" data-src=\"https:\/\/pedrocasiano.es\/wp-content\/uploads\/2024\/02\/image-97.jpeg\" alt=\"No hay ninguna descripci\u00f3n de la foto disponible.\" class=\"wp-image-2321 size-full lazyload\" src=\"data:image\/svg+xml;base64,PHN2ZyB3aWR0aD0iMSIgaGVpZ2h0PSIxIiB4bWxucz0iaHR0cDovL3d3dy53My5vcmcvMjAwMC9zdmciPjwvc3ZnPg==\" style=\"--smush-placeholder-width: 1024px; --smush-placeholder-aspect-ratio: 1024\/680;\" \/><\/figure><div class=\"wp-block-media-text__content\">\n<p>Una persona muy cercana a m\u00ed, al leer el ultimo de mis post, me coment\u00f3 \u201ccada vez tus escritos son m\u00e1s <a><\/a>deprimentes\u201d, lo pens\u00e9 bien, y descubr\u00ed que ten\u00eda m\u00e1s raz\u00f3n que un santo de los de encima de la chimenea, es un modo de ver C\u00f3rdoba, pero lo que si es cierto, es que he compartido solo una parte, no peque\u00f1a de lo que pienso de mi ciudad.<\/p>\n\n\n\n<p>Por otro lado no me gusta regalar los o\u00eddos, pues creo que todos sabemos lo que de bueno tiene esta C\u00f3rdoba, pero seg\u00fan parece, lo que transmito a fin de cuentas es desesperanza.<\/p>\n\n\n\n<p>Nada mas lejos de mi \u00e1nimo, pero lo que est\u00e1 bien, no necesita arreglo, por eso resalto lo que para m\u00ed es fundamental ponerle soluci\u00f3n. Siendo esto no suficiente como para que mis conciudadanos, aquellos pocos que me leen, se sientan mejor al leerlos.<\/p>\n\n\n\n<p>Venga, voy a regalaros los o\u00eddos\u2026<\/p>\n\n\n\n<p>\u00bfQui\u00e9n tiene en cualquier sitio del mundo, s\u00ed del mundo, ese atardecer, cuando el fresquito, despu\u00e9s de un t\u00f3rrido d\u00eda, en un velador, en la azotea de tu casa, comienza a recorrer las calles como si fuera el b\u00e1lsamo a\u00f1orado, cuando al atardecer el horizonte se difumina, y sientes el rumor de las fuentes, cuando C\u00f3rdoba, por una vez calla, y al o\u00eddo te susurra su serenidad, su paz?<\/p>\n\n\n\n<p>\u00bfQui\u00e9n puede presumir de dolor de ojos, de olfato cansado, cuando en la primavera, como si fuera un estallido, todo se llena de color, de aromas incre\u00edbles, y crees que el cielo baj\u00f3 a la tierra en forma de millones de espectaculares flores, de olores que empalagan al m\u00e1s torpe de los olfatos, cuando la m\u00e1s escondida calleja, guarda el regalo de las m\u00e1s bellas flores?<\/p>\n\n\n\n<p>\u00bfQui\u00e9n puede vivir esos patios, de diario, casi de continuo, bellos en invierno, esplendorosos en primavera, quien puede pasear, de maravilla en maravilla sin tenerse que esforzar, que tanto apabulla, que agachando la cabeza tienes que dejar de mirar?<\/p>\n\n\n\n<p>\u00bfQui\u00e9n ha vivido la radical explosi\u00f3n de los azahares llen\u00e1ndolo todo de su olor, impregnando la m\u00e1s nimia part\u00edcula de aire con su magnificencia?<\/p>\n\n\n\n<p>\u00bfQui\u00e9n ha disfrutado de la esencia del misticismo de las mil trescientas columnas de la Mezquita, del rumor de las fuentes del Patio de los Naranjos, de los colores exuberantes del Mihrab, de la belleza de los arcos, de almagra, de estuco, dorados, azules, arco iris en suma, que te hace, en apenas unos instantes creer que estas en otro mundo?<\/p>\n\n\n\n<p>\u00bfQui\u00e9n, cualquier d\u00eda, puede ir al Alc\u00e1zar, y creer que un pedazo del para\u00edso ha ca\u00eddo, y descubrir que existen mas colores de los que conoc\u00edas, mas aromas que los que puedes percibir, cuando las notas del agua al caer sobre las incontables fuentes, forman una melod\u00eda de infinitos tonos?<\/p>\n\n\n\n<p>\u00bfPasear por la Ciudad Brillante, imaginando como algo que ha podido ser tan incre\u00edble, pudiera salir de las manos y de las mentes de hombres como t\u00fa?<\/p>\n\n\n\n<p>Esas atardecidas, con los amigos, sobre los bancos de piedras, las columnas ca\u00eddas, en la Plaza de Jer\u00f3nimo P\u00e1ez, la charla animada, rodeado de miles de a\u00f1os de historia, y sentirse embrujado por la luna.<\/p>\n\n\n\n<p>Las lagartijas, esos boquerones en vinagre, salmorejo, gazpacho, y el pata negra, con queso a\u00f1ejo, acompa\u00f1ado por un Moriles, en la sociedad de Plateros, en sus patios con m\u00e1s historia que Roma, padres de historias y confidentes de grandes hechos.<\/p>\n\n\n\n<p>Pasear por los lugares que pisaron, el Gran Capit\u00e1n, Lucano, Osio, S\u00e9neca, G\u00f3ngora, Lagartijo, Guerrita, incontables cordobeses que han dejado su huella en el alma de nuestra ciudad, de nosotros mismos.<\/p>\n\n\n\n<p>Y los caracoles, motivo de risa de turistas inconscientes, y bocado delicioso donde los haya, porque aqu\u00ed en C\u00f3rdoba, no es alimento es pasi\u00f3n.<\/p>\n\n\n\n<p>Y las celos\u00edas, guardianes pacientes de los miles de patios escondidos, de las fuentes, de los geranios, de los claveles, maravillas encerradas, a recaudo de miradas ajenas tras encaladas y sobrias paredes.<\/p>\n\n\n\n<p>Esa Semana Santa, quiz\u00e1s a\u00fan pura, lejos del aullido de los ne\u00f3fitos, que a pesar de los intentos de matarla, de prostituirla, miles de cordobeses se dejan el alma, sabiendo que no es espect\u00e1culo, sino fruto de esa fe, que a pesar de todo, brilla m\u00e1s fuerte cuanto m\u00e1s quieren callarla.<\/p>\n\n\n\n<p>Esos mudos nazarenos, que impresionan por su fe, hombres y mujeres ahora, todos con el mismo sentir, y los m\u00e1s callados y creyentes, los costaleros, que brillando de sudor, con las espaldas cansadas, levantan a ese sagrado paso como si quisieran que llegara a tocar el cielo con su devoci\u00f3n.<\/p>\n\n\n\n<p>Esas iglesias calladas, elevadas hasta las nubes, como queriendo tocarlas, ajenas al paso del tiempo, donde resuenan los pasos, a pesar de los presentes, donde el olor del incienso te impregna como si fuera la promesa de elevar tu alma a Dios.<\/p>\n\n\n\n<p>Esas fuentes escondidas, recoletas y rumorosas, donde a la noche que llega, te posee el embrujo de una ciudad olvidada, que fue capital de un Reino.<\/p>\n\n\n\n<p>Aquellos rincones oscuros, de calles quebradas y vac\u00edas, donde robaste el beso, a tu primera ilusi\u00f3n, a tu primer amor\u00edo, donde le prometiste ese amor eterno que se fue de la memoria con el incontable paso de los d\u00edas.<\/p>\n\n\n\n<p>El paseo de la Ribera, el rumor del rio, la grandiosidad de monumentos, a despecho de incrustaciones modernistas, la figura del puente romano, el San Rafael presidiendo, sobre infinitas columnas, la entereza de los millones de piedras que aun soportando unas a otras, dan la belleza que tuvieron hace m\u00e1s de mil a\u00f1os.<\/p>\n\n\n\n<p>La esplendida Albolafia, olvidada, antes consentida, ahora paseo abandonado, excelencia de los Califas, y bella vista al gran rio que se pierde, dejando a C\u00f3rdoba olvidada.<\/p>\n\n\n\n<p>Me gustan las Avenidas, la comunicaci\u00f3n mejorada, los imponentes edificios, los modernismos con mesura, pero que Dios me perdone, que mil veces, prefiero esa C\u00f3rdoba callada, en sus callejas empedradas, de mil revueltas y una, iluminadas por la luna, al abrigo del gent\u00edo.<\/p>\n\n\n\n<p>Esas copitas tomadas en los sitios de costumbre, la ilusi\u00f3n de la exquisita tapa con una buena compa\u00f1\u00eda, esos veladores, que me dan a la Mezquita, esos restaurantes, lejos de las modas, del minimalismo reinante, donde te dan esos churrascos crujientes, alcauciles, berenjenas con miel, exquisita hasta su vista, esos paseos al fresquito, en la silente juder\u00eda, esos cines de verano, esas charlas animadas en vista de un medio fresquito, lo que quiz\u00e1s alg\u00fan d\u00eda, sea un recuerdo lejano, nada de esto quede, arrasados por el mundo moderno, y en ese mismo momento, nos demos cuenta de que languidece el alma de C\u00f3rdoba, olvidado su recuerdo, en pos de la monoton\u00eda.<\/p>\n\n\n\n<p>Es solo mi opini\u00f3n, sea acertada o no, es lo que pienso. Nada m\u00e1s.<\/p>\n<\/div><\/div>\n","protected":false},"excerpt":{"rendered":"<p>Una persona muy cercana a m\u00ed, al leer el ultimo de mis post, me coment\u00f3 \u201ccada vez tus escritos son m\u00e1s deprimentes\u201d, lo pens\u00e9 bien, y descubr\u00ed que ten\u00eda m\u00e1s raz\u00f3n que un santo de los de encima de la chimenea, es un modo de ver C\u00f3rdoba, pero lo que si es cierto, es que &hellip; <\/p>\n<p class=\"link-more\"><a href=\"https:\/\/pedrocasiano.es\/?page_id=2320\" class=\"more-link\">Leer m\u00e1s<span class=\"screen-reader-text\"> \u00abEsta C\u00f3rdoba Defiendo, porque Otra no Querr\u00eda\u00bb<\/span><\/a><\/p>\n","protected":false},"author":1,"featured_media":0,"parent":0,"menu_order":0,"comment_status":"closed","ping_status":"closed","template":"","meta":{"inspiro_hide_title":false,"footnotes":""},"class_list":["post-2320","page","type-page","status-publish","hentry"],"featured_media_urls":[],"_links":{"self":[{"href":"https:\/\/pedrocasiano.es\/index.php?rest_route=\/wp\/v2\/pages\/2320","targetHints":{"allow":["GET"]}}],"collection":[{"href":"https:\/\/pedrocasiano.es\/index.php?rest_route=\/wp\/v2\/pages"}],"about":[{"href":"https:\/\/pedrocasiano.es\/index.php?rest_route=\/wp\/v2\/types\/page"}],"author":[{"embeddable":true,"href":"https:\/\/pedrocasiano.es\/index.php?rest_route=\/wp\/v2\/users\/1"}],"replies":[{"embeddable":true,"href":"https:\/\/pedrocasiano.es\/index.php?rest_route=%2Fwp%2Fv2%2Fcomments&post=2320"}],"version-history":[{"count":1,"href":"https:\/\/pedrocasiano.es\/index.php?rest_route=\/wp\/v2\/pages\/2320\/revisions"}],"predecessor-version":[{"id":2322,"href":"https:\/\/pedrocasiano.es\/index.php?rest_route=\/wp\/v2\/pages\/2320\/revisions\/2322"}],"wp:attachment":[{"href":"https:\/\/pedrocasiano.es\/index.php?rest_route=%2Fwp%2Fv2%2Fmedia&parent=2320"}],"curies":[{"name":"wp","href":"https:\/\/api.w.org\/{rel}","templated":true}]}}