{"id":2317,"date":"2024-02-20T09:42:51","date_gmt":"2024-02-20T09:42:51","guid":{"rendered":"https:\/\/pedrocasiano.es\/?page_id=2317"},"modified":"2024-02-20T09:42:52","modified_gmt":"2024-02-20T09:42:52","slug":"las-ruinas-de-cordoba","status":"publish","type":"page","link":"https:\/\/pedrocasiano.es\/?page_id=2317","title":{"rendered":"Las \u00abRuinas de C\u00f3rdoba\u00bb"},"content":{"rendered":"\n<div class=\"wp-block-media-text is-stacked-on-mobile is-vertically-aligned-top\" style=\"grid-template-columns:38% auto\"><figure class=\"wp-block-media-text__media\"><img decoding=\"async\" width=\"1024\" height=\"680\" data-src=\"https:\/\/pedrocasiano.es\/wp-content\/uploads\/2024\/02\/image-96.jpeg\" alt=\"No hay ninguna descripci\u00f3n de la foto disponible.\" class=\"wp-image-2318 size-full lazyload\" src=\"data:image\/svg+xml;base64,PHN2ZyB3aWR0aD0iMSIgaGVpZ2h0PSIxIiB4bWxucz0iaHR0cDovL3d3dy53My5vcmcvMjAwMC9zdmciPjwvc3ZnPg==\" style=\"--smush-placeholder-width: 1024px; --smush-placeholder-aspect-ratio: 1024\/680;\" \/><\/figure><div class=\"wp-block-media-text__content\">\n<p>El otro d\u00eda, vi en uno de los grupos a los que pertenezco, tambi\u00e9n de C\u00f3rdoba como los m\u00edos, una publicaci\u00f3n de alguien, no digo nombres, que propon\u00eda la recogida de firmas para la restauraci\u00f3n de las puerta exteriores de la Mezquita, en general del exterior de la misma, no s\u00e9 si tal propuesta ha surgido por mi video acerca del deterioro de las mismas, eso no es interesante, ni viene al caso, salvo para decir que yo, personalmente, soy un enamorado de <a><\/a>su belleza, y como este se\u00f1or, desear\u00eda verlas restauradas en todo su esplendor.<\/p>\n\n\n\n<p>L\u00f3gicamente, muchos cordobeses de pro, y considero as\u00ed al que ama su belleza, aun no siendo ni estando aqu\u00ed, los que se unieron a tal propuesta, la cual es loable, justa y adem\u00e1s necesaria.<\/p>\n\n\n\n<p>Pero siempre hay alguien que difiere, eso es l\u00f3gico y normal, si no seriamos de otro lugar, y comentaba, que siendo el edificio, nadie sabe por qu\u00e9, de la iglesia, que la pagaran ellos, puesto que el beneficio que se obtiene y la propiedad en s\u00ed, son de los mismos.<\/p>\n\n\n\n<p>A priori, podemos pensar que su opini\u00f3n es negativa, pero no, tiene m\u00e1s raz\u00f3n que un santo, valga el santoral para ello. Lo que aduce, es totalmente cierto, que cada uno arregle lo suyo, no tenemos por qu\u00e9 pagar con nuestros impuestos un bien particular, sea de la iglesia o del sursum corda, que todo queda en casa.<\/p>\n\n\n\n<p>Hasta ah\u00ed todo claro, n\u00edtido, ambas opiniones tienen raz\u00f3n, no voy a entrar en disquisiciones acerca de la moralidad de la adquisici\u00f3n de la propiedad de muchos elementos por parte de la iglesia, que para eso hay cientos de personas con mucho m\u00e1s conocimiento que yo.<\/p>\n\n\n\n<p>Pero yo me hago, desde mis cortas entendederas, una pregunta, todo esto es cierto, \u00bfpero todo nuestro patrimonio cultural se est\u00e1 cayendo a trozos?, yo dir\u00eda que s\u00ed, soy persona detallista, y me fijo en muchas cosas que el turista, asombrado por la belleza de algunos edificios, obvia en su bondad.<\/p>\n\n\n\n<p>La Mezquita Catedral, el Alminar de San Juan, las fachadas de muchas de nuestras iglesias, lugares maravillosos cerrados a cal y canto para que el vulgo, entre el cual me incluyo, no profane la belleza de esos lugares, ensuci\u00e1ndola con su mediocre mirada, y puedo relatar durante horas, los apuntalamientos, los abandonos, la desidia, me da igual a quien est\u00e9n inscritos, y de quien figure como su propietario en el Registro.<\/p>\n\n\n\n<p>\u00bfPor qu\u00e9?, y baste una mediana inteligencia para deducirlo, la propiedad, real, el usufructo pleno, y el disfrute de los mismos corresponde a los cordobeses, y por supuesto el derecho a la contemplaci\u00f3n de los mismos a cualquiera, venga de donde venga.<\/p>\n\n\n\n<p>\u00bfQui\u00e9n se apropia de nuestros derechos a disfrutar, a que se mantenga y se embellezca lo \u00fanico que tenemos que puede ponerse en valor?, \u00bfqui\u00e9n es el miserable que nos lo niega?, me da igual, pero solo tiene un nombre, canalla, que seg\u00fan la RAE, es \u201cGente ruin, malvada o despreciable\u201d, pues se arrogan derechos que nadie les ha dado.<\/p>\n\n\n\n<p>Porque queramos o no queramos, C\u00f3rdoba languidece, se va muriendo como la bella a la que nadie se acerca por su belleza, y nosotros que vemos como sube el paro, como decrecemos, como nos convertimos en ciudad fantasma, pese a quien pese, nos dejamos hacer, y que la corriente nos lleve a donde quiera.<\/p>\n\n\n\n<p>Maldita sea nuestra estupidez, que nos merecemos lo que nos pase, he visto cientos de ciudades de calado hist\u00f3rico m\u00ednimo, que relucen como el sol, cuidadas como si fueran la hija \u00fanica en casa del rico, y nosotros, con uno de los patrimonios m\u00e1s grandes de la humanidad, \u00a1s\u00ed, de la humanidad!, imb\u00e9ciles, nos peleamos como tullidos en un cuadro de Goya.<\/p>\n\n\n\n<p>Por supuesto, se aprovecha lo que hay, que es mucho, con eso nos conformamos, as\u00ed nos va, \u00bfqu\u00e9 subimos en visitas?, bien, perfecto, te di treinta monedas de plata, \u00bfCu\u00e1ntas me devuelves?, \u00bfdos?, maldito seas, pues has dilapidado tu herencia. Eso pienso.<\/p>\n\n\n\n<p>No tenemos f\u00e1bricas, vivimos de los servicios y de la temporalidad de un clima cambiante, nuestros hijos se marchan fuera porque su madre est\u00e1 olvidada de todos, y los padres agarran la boina y dicen \u201clo que usted diga se\u00f1orito\u201d, y as\u00ed nos luce.<\/p>\n\n\n\n<p>Si C\u00d3RDOBA con may\u00fasculas, estuviera tan cuidada como cualquiera de las ciudades que he visto, posiblemente no habr\u00eda sitio ni para nosotros, porque la diversidad de aqu\u00ed, no la hay en ning\u00fan lugar del mundo, EN NINGUNO, cojones, que parecemos tontos.<\/p>\n\n\n\n<p>\u00bfY porque afirmo tal cosa?, recapitulemos, Ibera, Celta, Ciudad Patricia Romana, tierra de V\u00e1ndalos, de Visigodos, Emirato, Califato, Andalus\u00ed, Bereber, Almohade, Almor\u00e1vide, la ciudad de la Iglesias Fernandinas, Corte Castellana, tumba de Reyes Cristianos\u2026 \u00bfsigo?<\/p>\n\n\n\n<p>Y es una pena que digamos que algo con trescientos a\u00f1os no es antiguo, porque conservamos maravillas que se cuentan en decenas de siglos.<\/p>\n\n\n\n<p>Y esto es lo que pienso, si a alguien molesta lo siento, pero no voy a decir que lo escribo no sea cierto.<\/p>\n<\/div><\/div>\n","protected":false},"excerpt":{"rendered":"<p>El otro d\u00eda, vi en uno de los grupos a los que pertenezco, tambi\u00e9n de C\u00f3rdoba como los m\u00edos, una publicaci\u00f3n de alguien, no digo nombres, que propon\u00eda la recogida de firmas para la restauraci\u00f3n de las puerta exteriores de la Mezquita, en general del exterior de la misma, no s\u00e9 si tal propuesta ha &hellip; <\/p>\n<p class=\"link-more\"><a href=\"https:\/\/pedrocasiano.es\/?page_id=2317\" class=\"more-link\">Leer m\u00e1s<span class=\"screen-reader-text\"> \u00abLas \u00abRuinas de C\u00f3rdoba\u00bb\u00bb<\/span><\/a><\/p>\n","protected":false},"author":1,"featured_media":0,"parent":0,"menu_order":0,"comment_status":"closed","ping_status":"closed","template":"","meta":{"inspiro_hide_title":false,"footnotes":""},"class_list":["post-2317","page","type-page","status-publish","hentry"],"featured_media_urls":[],"_links":{"self":[{"href":"https:\/\/pedrocasiano.es\/index.php?rest_route=\/wp\/v2\/pages\/2317","targetHints":{"allow":["GET"]}}],"collection":[{"href":"https:\/\/pedrocasiano.es\/index.php?rest_route=\/wp\/v2\/pages"}],"about":[{"href":"https:\/\/pedrocasiano.es\/index.php?rest_route=\/wp\/v2\/types\/page"}],"author":[{"embeddable":true,"href":"https:\/\/pedrocasiano.es\/index.php?rest_route=\/wp\/v2\/users\/1"}],"replies":[{"embeddable":true,"href":"https:\/\/pedrocasiano.es\/index.php?rest_route=%2Fwp%2Fv2%2Fcomments&post=2317"}],"version-history":[{"count":1,"href":"https:\/\/pedrocasiano.es\/index.php?rest_route=\/wp\/v2\/pages\/2317\/revisions"}],"predecessor-version":[{"id":2319,"href":"https:\/\/pedrocasiano.es\/index.php?rest_route=\/wp\/v2\/pages\/2317\/revisions\/2319"}],"wp:attachment":[{"href":"https:\/\/pedrocasiano.es\/index.php?rest_route=%2Fwp%2Fv2%2Fmedia&parent=2317"}],"curies":[{"name":"wp","href":"https:\/\/api.w.org\/{rel}","templated":true}]}}