{"id":2314,"date":"2024-02-20T09:41:02","date_gmt":"2024-02-20T09:41:02","guid":{"rendered":"https:\/\/pedrocasiano.es\/?page_id=2314"},"modified":"2024-02-20T09:41:02","modified_gmt":"2024-02-20T09:41:02","slug":"sobre-el-emirato-cordobes-el-califato-cordobes-y-el-imperio-cordobes","status":"publish","type":"page","link":"https:\/\/pedrocasiano.es\/?page_id=2314","title":{"rendered":"Sobre el Emirato Cordob\u00e9s, el Califato Cordob\u00e9s y el Imperio Cordob\u00e9s"},"content":{"rendered":"\n<div class=\"wp-block-media-text is-stacked-on-mobile is-vertically-aligned-top\" style=\"grid-template-columns:37% auto\"><figure class=\"wp-block-media-text__media\"><img decoding=\"async\" width=\"1024\" height=\"680\" data-src=\"https:\/\/pedrocasiano.es\/wp-content\/uploads\/2024\/02\/image-95.jpeg\" alt=\"No hay ninguna descripci\u00f3n de la foto disponible.\" class=\"wp-image-2315 size-full lazyload\" src=\"data:image\/svg+xml;base64,PHN2ZyB3aWR0aD0iMSIgaGVpZ2h0PSIxIiB4bWxucz0iaHR0cDovL3d3dy53My5vcmcvMjAwMC9zdmciPjwvc3ZnPg==\" style=\"--smush-placeholder-width: 1024px; --smush-placeholder-aspect-ratio: 1024\/680;\" \/><\/figure><div class=\"wp-block-media-text__content\">\n<p>Yo en mis cortas entendederas, veo cosas que no me cuadran, y una de ellas, es la denominaci\u00f3n que otros imponen sobre la calificaci\u00f3n de un per\u00edodo que fue el de m\u00e1ximo esplendor de esta nuestra C\u00f3rdoba.<\/p>\n\n\n\n<p>Me refiero exactamente a la denominaci\u00f3n de las tres calificaciones que est\u00e1n como nombre de este art\u00edculo.<\/p>\n\n\n\n<p>Me explico, que me pierdo. Posiblemente existan en textos de aquellas \u00e9pocas, nomenclaturas acerca <a><\/a>de c\u00f3mo era denominado lo que fue nuestro imperio, pero en todas las traducidas al castellano en ninguna he visto referencia a un imperio Cordob\u00e9s.<\/p>\n\n\n\n<p>Soy corto de entendederas, por eso me gusta que me expliquen las cosas claras, y cuando me las explican y no las entiendo porque no tienen l\u00f3gica, me pongo a usar la m\u00eda, que es de andar por casa, pero de buena calidad, aunque parca.<\/p>\n\n\n\n<p>Imaginemos que estamos en la \u00e9poca del Emirato, del Califato Cordob\u00e9s, no vayamos m\u00e1s lejos, ya entraremos en eso. Pues bien, vamos a un se\u00f1or de Zaragoza, y le preguntamos, \u201coiga, se\u00f1or, usted de donde es, de que pa\u00eds, de que reino\u201d, y nosotros, mejor dicho otros, esperar\u00edan que respondieran \u201cAndalus\u00ed\u201d, t\u00f3catelos, de la tierra de los v\u00e1ndalos, del imperio andalus\u00ed, \u00bfeso existi\u00f3 en esos momentos?, creo que no, pero seguro que me lo discuten.<\/p>\n\n\n\n<p>Yo m\u00e1s bien creo que dir\u00eda \u201cSe\u00f1or m\u00edo, soy Cordob\u00e9s y a mucha honra\u201d, en \u00e1rabe por supuesto. Lo mismo que nos dir\u00eda un Toledano, un Valenciano, o un portugu\u00e9s, si, si, tambi\u00e9n un sevillano, as\u00ed son las cosas, porque por joder, hasta se nos han apropiado del nombre, que Sevilla, con todos mis respetos, ha sido siempre la madre de todo; pues no. Ahora seremos una provincia olvidada en este reinos de Taifas que es Andaluc\u00eda, denostada y menospreciada por los de m\u00e1s abajo del rio, pero se\u00f1ores, lo siento si molesta, el reino, mejor dicho el Califato, el Emirato, el Imperio, era cordob\u00e9s. Ni Andaluz, ni sevillano, ni leches, pobres, pero hijos de la capital de un Imperio, y que cualquier otro diga lo mismo de Despe\u00f1aperros para abajo.<\/p>\n\n\n\n<p>Yo podr\u00e9 tener el aspecto norte\u00f1o, mi piel clara y mi altura no corresponde al estereotipo de andaluz, como la mayor\u00eda de los cordobeses, que venimos de mil conquistas, y nos pueden decir lo que quieran, pero el hecho de nacer en la capital del imperio, de llevar su impronta, su naturaleza, si quieres el orgullo, eso no nos lo quita nadie, aunque ahora seamos un cero a la izquierda.<\/p>\n\n\n\n<p>\u00bfQu\u00e9 ahora somos la parte olvidada del reino Sevillano?, pues vale, \u00bfque tenemos un futuro triste?, quiz\u00e1s, \u00bfpero que si somos hijos de la capital de un imperio?, eso s\u00ed, del imperio cordob\u00e9s, del tuyo, del m\u00edo, de nuestra herencia, de nuestro ser y al que le joda que reviente.<\/p>\n\n\n\n<p>A cada uno lo suyo, lo bueno y lo malo, que cada uno somos de d\u00f3nde venimos, te guste o no. Y para m\u00ed el haber nacido en C\u00f3rdoba, en la Puerta Nueva, con m\u00e1s a\u00f1os que el surmsum corda, me llena de orgullo, y cuando digo que soy Cordob\u00e9s se me llena la boca, si alguno de mis conciudadanos se averg\u00fcenza de donde ha nacido, solo me da pena, y mucha.<\/p>\n\n\n\n<p>Esto es lo que pienso, esto es lo que siento, ser\u00e1 cierto o me equivoco, no lo s\u00e9.<\/p>\n<\/div><\/div>\n","protected":false},"excerpt":{"rendered":"<p>Yo en mis cortas entendederas, veo cosas que no me cuadran, y una de ellas, es la denominaci\u00f3n que otros imponen sobre la calificaci\u00f3n de un per\u00edodo que fue el de m\u00e1ximo esplendor de esta nuestra C\u00f3rdoba. Me refiero exactamente a la denominaci\u00f3n de las tres calificaciones que est\u00e1n como nombre de este art\u00edculo. Me &hellip; <\/p>\n<p class=\"link-more\"><a href=\"https:\/\/pedrocasiano.es\/?page_id=2314\" class=\"more-link\">Leer m\u00e1s<span class=\"screen-reader-text\"> \u00abSobre el Emirato Cordob\u00e9s, el Califato Cordob\u00e9s y el Imperio Cordob\u00e9s\u00bb<\/span><\/a><\/p>\n","protected":false},"author":1,"featured_media":0,"parent":0,"menu_order":0,"comment_status":"closed","ping_status":"closed","template":"","meta":{"inspiro_hide_title":false,"footnotes":""},"class_list":["post-2314","page","type-page","status-publish","hentry"],"featured_media_urls":[],"_links":{"self":[{"href":"https:\/\/pedrocasiano.es\/index.php?rest_route=\/wp\/v2\/pages\/2314","targetHints":{"allow":["GET"]}}],"collection":[{"href":"https:\/\/pedrocasiano.es\/index.php?rest_route=\/wp\/v2\/pages"}],"about":[{"href":"https:\/\/pedrocasiano.es\/index.php?rest_route=\/wp\/v2\/types\/page"}],"author":[{"embeddable":true,"href":"https:\/\/pedrocasiano.es\/index.php?rest_route=\/wp\/v2\/users\/1"}],"replies":[{"embeddable":true,"href":"https:\/\/pedrocasiano.es\/index.php?rest_route=%2Fwp%2Fv2%2Fcomments&post=2314"}],"version-history":[{"count":1,"href":"https:\/\/pedrocasiano.es\/index.php?rest_route=\/wp\/v2\/pages\/2314\/revisions"}],"predecessor-version":[{"id":2316,"href":"https:\/\/pedrocasiano.es\/index.php?rest_route=\/wp\/v2\/pages\/2314\/revisions\/2316"}],"wp:attachment":[{"href":"https:\/\/pedrocasiano.es\/index.php?rest_route=%2Fwp%2Fv2%2Fmedia&parent=2314"}],"curies":[{"name":"wp","href":"https:\/\/api.w.org\/{rel}","templated":true}]}}