{"id":2311,"date":"2024-02-20T09:38:10","date_gmt":"2024-02-20T09:38:10","guid":{"rendered":"https:\/\/pedrocasiano.es\/?page_id=2311"},"modified":"2024-02-20T09:38:10","modified_gmt":"2024-02-20T09:38:10","slug":"la-ruta-de-cordoba-a-toledo","status":"publish","type":"page","link":"https:\/\/pedrocasiano.es\/?page_id=2311","title":{"rendered":"La Ruta de C\u00f3rdoba a Toledo"},"content":{"rendered":"\n<div class=\"wp-block-media-text is-stacked-on-mobile is-vertically-aligned-top\" style=\"grid-template-columns:28% auto\"><figure class=\"wp-block-media-text__media\"><img decoding=\"async\" width=\"1024\" height=\"740\" data-src=\"https:\/\/pedrocasiano.es\/wp-content\/uploads\/2024\/02\/image-94-1024x740.jpeg\" alt=\"No hay ninguna descripci\u00f3n de la foto disponible.\" class=\"wp-image-2312 size-full lazyload\" src=\"data:image\/svg+xml;base64,PHN2ZyB3aWR0aD0iMSIgaGVpZ2h0PSIxIiB4bWxucz0iaHR0cDovL3d3dy53My5vcmcvMjAwMC9zdmciPjwvc3ZnPg==\" style=\"--smush-placeholder-width: 1024px; --smush-placeholder-aspect-ratio: 1024\/740;\" \/><\/figure><div class=\"wp-block-media-text__content\">\n<p>Hace d\u00edas, en una conversaci\u00f3n que nada ten\u00eda que ver con la historia, sali\u00f3 a tenor de un comentario, sobre el lugar de nacimiento <a><\/a>de uno de los contertulios, amante de su tierra, la idea de las ciudades de la sierra, m\u00e1s en concreto de las norte\u00f1as.<\/p>\n\n\n\n<p>Las ciudades, que no pueblos que conforman C\u00f3rdoba, que no todo es capital, son algo fascinante y olvidado, incluso por m\u00ed. Siempre empecinado como burro en noria con la capital, he dejado esa asignatura pendiente, aun sabiendo que es tan importante, sino m\u00e1s, que la de nuestra C\u00f3rdoba intramurallas.<\/p>\n\n\n\n<p>Y terminada la citada conversaci\u00f3n, me vino a la mente la meseta del norte, harto conocida por m\u00ed, y siempre mencionada en cualquier conversaci\u00f3n en la que mi vida sea explicada.<\/p>\n\n\n\n<p>Otra C\u00f3rdoba, pues C\u00f3rdobas hay muchas, y est\u00e1 en concreto es\u2026 como decirlo, la palabra en espa\u00f1ol carece de matices, los ingleses, aunque me pese, tienen una palabra que lo define mejor \u201cHighlanders\u201d, la gente de las tierra altas.<\/p>\n\n\n\n<p>Porque es C\u00f3rdoba, pero otra C\u00f3rdoba, la mesetaria, la que nos mira desde arriba, en sus alturas, donde apenas apures el coche en una cuesta interminable, descubres algo que no tiene nada que ver con lo que has dejado.<\/p>\n\n\n\n<p>Una tierra bella y dura, granito y frio, llana como un plato y agreste como el norte m\u00e1s norte\u00f1o. Gente dura, honrada y parca en palabras, al final m\u00e1s cordobeses que los de la capital, y lo s\u00e9, porque he bregado mucho con ellos, con los habitantes de esa C\u00f3rdoba m\u00e1s lejana, ausente y extra\u00f1a que la de la Vega.<\/p>\n\n\n\n<p>Y all\u00ed, entre chaparros y praderas verdes de invierno, transcurre la ruta de C\u00f3rdoba hacia Toledo, una de las v\u00edas comerciales m\u00e1s importantes de C\u00f3rdoba. Mucho m\u00e1s lo fue en tiempos de los \u00c1rabes, \u00bfPor qu\u00e9?, sencillo, cuando las invasiones vienen del sur, es un obst\u00e1culo, cuando son del norte, se convierte en un farall\u00f3n que protege la vega, toda C\u00f3rdoba en suma.<\/p>\n\n\n\n<p>Como siempre, si olvidados estamos en la capital, imaginaros aquella zona, en otros tiempos, lejanos, tierra de valor, hoy apenas si se sabe que existe.<\/p>\n\n\n\n<p>Sirva este art\u00edculo no para conocimiento de extranjeros despistados o nacionales amantes de las rutas secundarias, sino para los propios cordobeses, los que haciendo un peque\u00f1o esfuerzo, cada vez est\u00e1 m\u00e1s cerca, la visiten, la vivan, que solo con el aspecto culinario, van de sobra recompensados. Que sea de mayor provecho la visita, conociendo sus grandes extensiones, su arquitectura diferente de la nuestra, y por supuesto su historia, ahora olvidada, pero no por ello menos importante.<\/p>\n\n\n\n<p>Ci\u00f1\u00e9ndonos a la ruta de Toledo, y en concreto a la \u00e9poca del Imperio Cordob\u00e9s (si, si, Imperio). Esta ruta proteg\u00eda el paso obligado a una de las ciudades m\u00e1s importantes, Toledo, y desde all\u00ed a territorios m\u00e1s lejanos, Zaragoza, incluso Paris, pues en los tiempos que relato, Magerit (Madrid), era solo una peque\u00f1a poblaci\u00f3n.<\/p>\n\n\n\n<p>Sirva esto para definir lo que hoy es Hinojosa del Duque, Belalc\u00e1zar, el Viso, hasta Santa Eufemia, \u00bfy porque lo delimitamos?, porque aparte de sus restos paleol\u00edticos encontrados, (Hojas y lascas en el Epipaleol\u00edtico, en el calcol\u00edtico hachas pulimentadas, cer\u00e1micas pintadas de la edad del bronce\u2026) y dem\u00e1s, asuntos demasiado extensos para introducirnos en tan gran legado, nos encontramos con la fascinaci\u00f3n de un pasado digno de relatar.<\/p>\n\n\n\n<p>Sabemos que en tiempos romanos era la regi\u00f3n llamada Idias, de la que no se tiene circunscripci\u00f3n exacta, pero por orograf\u00eda, y l\u00f3gica, pues los romanos se asentaban en ella, deber\u00eda de ser la que describo.<\/p>\n\n\n\n<p>La ciudad de Baedro (Posiblemente el Viso), quiz\u00e1s tambi\u00e9n Sol\u00eda, posiblemente la propia Hinojosa, est\u00e1n plagadas de l\u00e1pidas, cer\u00e1micas y multitud de restos romanos, siendo ya zona importante en estos tiempos y en los tardoromanos, con gran influencia de la Iglesia.<\/p>\n\n\n\n<p>Pero lo m\u00e1s interesante, es que, yo mismo me asombr\u00e9 al descubrirlo, form\u00f3 su propia taifa en los tiempos de descomposici\u00f3n del Califato, teniendo como Reyes a Hodail I, Abdalmelic I, Hodail II, Abdalmelic II y Yahya, siendo la pen\u00faltima Taifa o Reino en ser conquistada por los almor\u00e1vides, casi nada. Pero retrocediendo un poco, nos encontramos que fueron en tiempos hispano\u00e1rabes ciudades importantes, localidades que controlaban la citada ruta.<\/p>\n\n\n\n<p>A fuer de una s\u00f3lida implantaci\u00f3n cristiana, el nombre castellano de las citadas ciudades nos hace olvidar su pasado musulm\u00e1n, siendo as\u00ed que ni los propios habitantes conocen la trascendencia de sus ciudades en aquellos tiempos.<\/p>\n\n\n\n<p>Veamos como ejemplo Belalc\u00e1zar, nombre castellano, castellano si afirmamos que alc\u00e1zar ya formaba parte del diccionario espa\u00f1ol, porque el citado nombre proviene del apocope de Bello Alc\u00e1zar.<\/p>\n\n\n\n<p>Al-Qasr es el nombre \u00e1rabe, que a su vez deriva del plural de la palabra latina castrum (campamento militar), castra, viniendo a significar castillo o palacio fortificado, resumiendo fortaleza, que a m\u00ed me gusta m\u00e1s llamarla Bella Fortaleza, as\u00ed queda mejor expuesta a mi gusto, sea hist\u00f3ricamente cierto o no. Si la castellanizamos completamente se hubiera llamado Belcastro, o Bellatorre, o cualquier otro nombre, pero no, es Belalc\u00e1zar.<\/p>\n\n\n\n<p>Un inciso, que me encanta. En tiempo de los \u00e1rabes, esa zona era llamada Fohs-al-Bolut y Fahs-al-Bolut, que significa en \u00e1rabe \u201cLlano de las Bellotas\u201d, pero no caigamos en el chiste f\u00e1cil, los \u00e1rabes gustaban de la bellota como manjar, calificando a las de esta zona entre la mejores por su calidad. El que la halla comido, como yo, sabe de lo que hablo, despojando el t\u00f3pico de \u201cpara los cerdos\u201d<\/p>\n\n\n\n<p>Pero se olvida que Belalc\u00e1zar no es su nombre, previamente hab\u00eda sido nombrada como Gahet, es decir no es un pueblo castellano, es previo de pasado \u00e1rabe, romano, y anterior celta, sin hablar \u00e9pocas anteriores.<\/p>\n\n\n\n<p>No olvidemos que la joya del pueblo, el castillo de los Sotomayor, no nace de la nada, recordemos siempre que la l\u00f3gica de defensa tiende a reconstruir bajo sus propios par\u00e1metros las fortalezas destruidas incluso. \u00bfPor qu\u00e9?<\/p>\n\n\n\n<p>Porque hasta la llegada de la artiller\u00eda en siglos posteriores, el tipo de construcci\u00f3n era similar, y porque el conquistador habr\u00eda sufrido para conquistarla, que el que la hizo no era tonto, sino versado en defender por medio de edificios s\u00f3lidos, y no olvidemos que por econom\u00eda de medios, se reutilizaba todo. S\u00ed quedaba algo en pie, ya ten\u00edan cimientos, y ahora v\u00edstela de nuevo y ya tenemos fortaleza.<\/p>\n\n\n\n<p>Y lo m\u00e1s importante, el primero que lleg\u00f3 con una espada, mir\u00f3 alrededor, y vio cual era el mejor sitio para impedir ser conquistado. All\u00ed, seguro que hubo una fortaleza, y sobre estas otras, \u00bfes posible que, por ejemplo, en Belalc\u00e1zar existan otras atalayas? (nombre \u00e1rabe hisp\u00e1nico a\u1e6d\u1e6dal\u00e1ya\u2018, y este del \u00e1rabe cl\u00e1sico \u1e6dal\u0101&#8217;i\u2018, o torre de vigilancia), miremos los mont\u00edculos en derredor, y quien sabe\u2026 o quiz\u00e1s en las cercan\u00edas existieran Qal&#8217;a (en plural Qila), que era otro tipo de fortificaci\u00f3n no urbana situada en una posici\u00f3n estrat\u00e9gica para dominar caminos y valles de r\u00edos de mucho tr\u00e1nsito, o siguiendo a la imaginaci\u00f3n, vayamos m\u00e1s lejos\u2026 o quiz\u00e1s Hisn, (plural Husun) recinto fortificado cuya principal funci\u00f3n era dar protecci\u00f3n al campesinado y su ganado en tiempos de guerra, as\u00ed como el control y la vigilancia de los caminos\u2026 \u00bflo han estudiado?&#8230;<\/p>\n\n\n\n<p>Otra pregunta me surge, \u00bfD\u00f3nde estaba la Mezquita en Belalc\u00e1zar, o en Hinojosa?, porque con n\u00facleos tan importantes de poblaci\u00f3n, teniendo reyes incluso, \u00bfno dispon\u00edan de lugares para adorar a su Dios?, dej\u00e9moslo ah\u00ed, que solo eso es motivo de otro art\u00edculo.<\/p>\n\n\n\n<p>Pero mira por donde, ya exist\u00eda una fortaleza romana, sobre la que despu\u00e9s se asent\u00f3 una musulmana, con torres albarranas, de forma similar a la de la Calahorra, y de la cual quedan s\u00f3lidos vestigios en la parte exterior, lo que es llamado militarmente primer per\u00edmetro de defensa. Adem\u00e1s de utilizar torres de base cuadrada en las esquinas y comedio de los costados, aparte planta cuadrada principal, siendo normales estos planteamientos en las fortificaciones hispano\u00e1rabes.<\/p>\n\n\n\n<p>Pero lo que m\u00e1s me sorprende, es que este pedazo de tierra nuestra, tiene algo en su historia por el que matar\u00edan los catalanes, \u00a1CINCO REYES!, casi nada, pedazo de historia que tiene este lugar del mundo que hemos tenido la suerte de que est\u00e9 en C\u00f3rdoba.<\/p>\n\n\n\n<p>Podr\u00eda seguir p\u00e1ginas y p\u00e1ginas, pues tiene una historia, que a pesar de desconocida es fascinante, si quer\u00e9is saber m\u00e1s, pedidlo, que no me cuesta trabajo, muy al contrario, intentar narrar el pasado de esta maravillosa tierra es un lujo.<\/p>\n<\/div><\/div>\n","protected":false},"excerpt":{"rendered":"<p>Hace d\u00edas, en una conversaci\u00f3n que nada ten\u00eda que ver con la historia, sali\u00f3 a tenor de un comentario, sobre el lugar de nacimiento de uno de los contertulios, amante de su tierra, la idea de las ciudades de la sierra, m\u00e1s en concreto de las norte\u00f1as. Las ciudades, que no pueblos que conforman C\u00f3rdoba, &hellip; <\/p>\n<p class=\"link-more\"><a href=\"https:\/\/pedrocasiano.es\/?page_id=2311\" class=\"more-link\">Leer m\u00e1s<span class=\"screen-reader-text\"> \u00abLa Ruta de C\u00f3rdoba a Toledo\u00bb<\/span><\/a><\/p>\n","protected":false},"author":1,"featured_media":0,"parent":0,"menu_order":0,"comment_status":"closed","ping_status":"closed","template":"","meta":{"inspiro_hide_title":false,"footnotes":""},"class_list":["post-2311","page","type-page","status-publish","hentry"],"featured_media_urls":[],"_links":{"self":[{"href":"https:\/\/pedrocasiano.es\/index.php?rest_route=\/wp\/v2\/pages\/2311","targetHints":{"allow":["GET"]}}],"collection":[{"href":"https:\/\/pedrocasiano.es\/index.php?rest_route=\/wp\/v2\/pages"}],"about":[{"href":"https:\/\/pedrocasiano.es\/index.php?rest_route=\/wp\/v2\/types\/page"}],"author":[{"embeddable":true,"href":"https:\/\/pedrocasiano.es\/index.php?rest_route=\/wp\/v2\/users\/1"}],"replies":[{"embeddable":true,"href":"https:\/\/pedrocasiano.es\/index.php?rest_route=%2Fwp%2Fv2%2Fcomments&post=2311"}],"version-history":[{"count":1,"href":"https:\/\/pedrocasiano.es\/index.php?rest_route=\/wp\/v2\/pages\/2311\/revisions"}],"predecessor-version":[{"id":2313,"href":"https:\/\/pedrocasiano.es\/index.php?rest_route=\/wp\/v2\/pages\/2311\/revisions\/2313"}],"wp:attachment":[{"href":"https:\/\/pedrocasiano.es\/index.php?rest_route=%2Fwp%2Fv2%2Fmedia&parent=2311"}],"curies":[{"name":"wp","href":"https:\/\/api.w.org\/{rel}","templated":true}]}}